{"id":13963,"date":"2022-10-06T14:59:59","date_gmt":"2022-10-06T15:05:52","guid":{"rendered":"https:\/\/factory.sale\/?post_type=product&#038;p=13963"},"modified":"2025-09-11T22:39:58","modified_gmt":"2025-09-11T19:39:58","slug":"harvia-senlog-cf9","status":"publish","type":"product","link":"https:\/\/factory.sale\/fi\/tuote\/harvia-senlog-cf9\/","title":{"rendered":"HARVIA SENLOG CF9"},"content":{"rendered":"<p>Harvia Senlog on yksinkertainen ohjauspaneeli s\u00e4hk\u00f6kiukaalle, jonka teho on jopa 9 kW. Ohjaa kiukaan ja saunan valaistusta. Asenna kuivaan paikkaan h\u00f6yrysaunan ulkopuolelle.<\/p>\n<p>&nbsp;<\/p>\n<ul>\n<li>Kiukaan maksimiteholle 9 kW<\/li>\n<li>Esiasetettava p\u00e4\u00e4llekytkent\u00e4aika: 0-6 h<\/li>\n<li>S\u00e4\u00e4dett\u00e4v\u00e4 l\u00e4mp\u00f6tila-alue: 40-110 \u00b0C<\/li>\n<li>Sy\u00f6tt\u00f6j\u00e4nnite: 400V 3N AC<\/li>\n<li>L\u00e4mmitin: U, V, W 3 kW\/vaihe<\/li>\n<li>Valon ohjauksen enimm\u00e4isteho: 100 W<\/li>\n<li>Paino: 0,6 kg<\/li>\n<li>Mitat: syvyys 5,8 cm, leveys 18,5 cm, korkeus 14,5 cm<\/li>\n<\/ul>\n<p>&nbsp;<\/p>\n<p><a href=\"https:\/\/factory.sale\/wp-content\/uploads\/2022\/10\/CF9C_ENDERU.pdf\">Manuaali<\/a><\/p>\n","protected":false},"excerpt":{"rendered":"<p>Harvia Senlog on yksinkertainen ohjauspaneeli s\u00e4hk\u00f6kiukaalle, jonka teho on jopa 9 kW.<\/p>\n","protected":false},"featured_media":19439,"comment_status":"open","ping_status":"closed","template":"","meta":{"_acf_changed":false},"factory":[],"free-shipment":[],"product_brand":[],"product_cat":[1421,2007,1121,1346],"product_tag":[878,1152,868,2106],"class_list":{"0":"post-13963","1":"product","2":"type-product","3":"status-publish","4":"has-post-thumbnail","6":"product_cat-harvia-fi","7":"product_cat-harvia-fi-2","8":"product_cat-saniteetti","9":"product_cat-ohjauspaneeli","10":"product_tag-control-unit-fi","11":"product_tag-harvia-fi","12":"product_tag-sanitary-ware-fi","13":"product_tag-sauna-fi","15":"first","16":"instock","17":"sale","18":"taxable","19":"shipping-taxable","20":"purchasable","21":"product-type-simple"},"acf":[],"_links":{"self":[{"href":"https:\/\/factory.sale\/fi\/wp-json\/wp\/v2\/product\/13963","targetHints":{"allow":["GET"]}}],"collection":[{"href":"https:\/\/factory.sale\/fi\/wp-json\/wp\/v2\/product"}],"about":[{"href":"https:\/\/factory.sale\/fi\/wp-json\/wp\/v2\/types\/product"}],"replies":[{"embeddable":true,"href":"https:\/\/factory.sale\/fi\/wp-json\/wp\/v2\/comments?post=13963"}],"wp:featuredmedia":[{"embeddable":true,"href":"https:\/\/factory.sale\/fi\/wp-json\/wp\/v2\/media\/19439"}],"wp:attachment":[{"href":"https:\/\/factory.sale\/fi\/wp-json\/wp\/v2\/media?parent=13963"}],"wp:term":[{"taxonomy":"factory","embeddable":true,"href":"https:\/\/factory.sale\/fi\/wp-json\/wp\/v2\/factory?post=13963"},{"taxonomy":"free-shipment","embeddable":true,"href":"https:\/\/factory.sale\/fi\/wp-json\/wp\/v2\/free-shipment?post=13963"},{"taxonomy":"product_brand","embeddable":true,"href":"https:\/\/factory.sale\/fi\/wp-json\/wp\/v2\/product_brand?post=13963"},{"taxonomy":"product_cat","embeddable":true,"href":"https:\/\/factory.sale\/fi\/wp-json\/wp\/v2\/product_cat?post=13963"},{"taxonomy":"product_tag","embeddable":true,"href":"https:\/\/factory.sale\/fi\/wp-json\/wp\/v2\/product_tag?post=13963"}],"curies":[{"name":"wp","href":"https:\/\/api.w.org\/{rel}","templated":true}]}}