{"id":13945,"date":"2022-10-06T14:42:55","date_gmt":"2022-10-06T14:46:58","guid":{"rendered":"https:\/\/factory.sale\/?post_type=product&#038;p=13945"},"modified":"2025-03-27T12:15:21","modified_gmt":"2025-03-27T09:15:21","slug":"harvia-xenio-cx110c-combi-wifi-cx1104cxw","status":"publish","type":"product","link":"https:\/\/factory.sale\/fi\/tuote\/harvia-xenio-cx110c-combi-wifi-cx1104cxw\/","title":{"rendered":"HARVIA XENIO CX110C COMBI WIFI, CX1104CXW"},"content":{"rendered":"<p>Harvia Xenio Combi CX110C WiFi on kosketusherk\u00e4n paneelin ohjauspaneeli h\u00f6yrytoiminnolla varustetulle s\u00e4hk\u00f6l\u00e4mmittimelle, jonka teho on enint\u00e4\u00e4n 11 \u200b\u200bkW, ja erilliselle h\u00f6yrystimelle, jonka teho on enint\u00e4\u00e4n 3,6 kW. MyHarvia-sovelluksella saunan toimintoja voi s\u00e4\u00e4t\u00e4\u00e4 langattomasti. Saunan toimintoja voidaan ohjata et\u00e4n\u00e4 sopivalla ovitunnistimella ja kiukaan turvavarusteilla. Kiukaan lis\u00e4ksi my\u00f6s saunan kosteustasoa sek\u00e4 valaistusta ja ilmanvaihtoa voidaan ohjata. Tyylik\u00e4s, pieni mutta k\u00e4tev\u00e4 paneeli on helppo asentaa saunaan tai pesutupaan, eteiseen tai olohuoneeseen. Virtal\u00e4hde asennetaan kuivaan paikkaan saunan ulkopuolelle.<\/p>\n<p>&nbsp;<\/p>\n<p><strong>Ohjauspaneeli<\/strong><\/p>\n<ul>\n<li>L\u00e4mp\u00f6tilan s\u00e4\u00e4t\u00f6alue: 40-110 \u00b0C<\/li>\n<li>Kosteuden s\u00e4\u00e4t\u00f6alue: 20-95 % suhteellinen kosteus<\/li>\n<li>Ty\u00f6aikas\u00e4\u00e4ntelyalue: perhesaunat 1-6 h, kerrostalojen yleiset saunat 1-12 h<\/li>\n<li>Esiviritysajan s\u00e4\u00e4t\u00f6alue: 0-12 h<\/li>\n<li>Valon ja tuulettimen ohjaus<\/li>\n<li>Mitat: 85mm x 24mm x 110mm<\/li>\n<li>MyHarvia-mobiilisovellus (GooglePlay ja AppStore)<\/li>\n<\/ul>\n<p><strong>Kontaktori laatikko<\/strong><\/p>\n<ul>\n<li>Sy\u00f6tt\u00f6j\u00e4nnite: 400 V 3-vaihe<\/li>\n<li>Suurin teho ohjauskeskuksesta l\u00e4mmittimeen: 11 kW<\/li>\n<li>Valonohjaus, maksimiteho: 100 W, 230 V yksivaiheinen<\/li>\n<li>Tuulettimen ohjaus, maksimiteho: 100 W, 230 V yksivaiheinen<\/li>\n<li>Mitat: 272mm x 70mm x 193mm<\/li>\n<\/ul>\n<p><strong>L\u00e4mp\u00f6tila- ja kosteusanturi 4 m kaapelilla<\/strong><\/p>\n<ul>\n<li>L\u00e4mp\u00f6tila-anturi on varustettu nollattavalla ylikuumenemissuojalla ja l\u00e4mp\u00f6tilaa mittaavalla NTC-termistorilla (22 k\u03a9\/T=25 \u00b0C).<\/li>\n<li>WX325-kosteusanturi mittaa l\u00e4mp\u00f6tilaa ja suhteellista kosteutta<\/li>\n<li>Paino: 175 g kaapeleiden kanssa (n. 4 m)<\/li>\n<li>Mitat: 51mm x 73mm x 27mm<\/li>\n<li>Datakaapeli 5 m, 10 m jatkojohdolla<\/li>\n<\/ul>\n<p>&nbsp;<\/p>\n<p><a href=\"https:\/\/factory.sale\/wp-content\/uploads\/2022\/10\/harvia-xenio-combi.pdf\">Manuaali<\/a><\/p>\n","protected":false},"excerpt":{"rendered":"<p>Tyylik\u00e4s, pieni mutta k\u00e4tev\u00e4 paneeli on helppo asentaa saunaan tai pesutupaan, eteiseen tai olohuoneeseen. Virtal\u00e4hde asennetaan kuivaan paikkaan saunan ulkopuolelle.<\/p>\n","protected":false},"featured_media":13879,"comment_status":"open","ping_status":"closed","template":"","meta":{"_acf_changed":false},"factory":[],"free-shipment":[],"product_brand":[],"product_cat":[2007,1121,1346],"product_tag":[878,2106],"class_list":{"0":"post-13945","1":"product","2":"type-product","3":"status-publish","4":"has-post-thumbnail","6":"product_cat-harvia-fi-2","7":"product_cat-saniteetti","8":"product_cat-ohjauspaneeli","9":"product_tag-control-unit-fi","10":"product_tag-sauna-fi","12":"first","13":"instock","14":"taxable","15":"shipping-taxable","16":"purchasable","17":"product-type-simple"},"acf":[],"_links":{"self":[{"href":"https:\/\/factory.sale\/fi\/wp-json\/wp\/v2\/product\/13945","targetHints":{"allow":["GET"]}}],"collection":[{"href":"https:\/\/factory.sale\/fi\/wp-json\/wp\/v2\/product"}],"about":[{"href":"https:\/\/factory.sale\/fi\/wp-json\/wp\/v2\/types\/product"}],"replies":[{"embeddable":true,"href":"https:\/\/factory.sale\/fi\/wp-json\/wp\/v2\/comments?post=13945"}],"wp:featuredmedia":[{"embeddable":true,"href":"https:\/\/factory.sale\/fi\/wp-json\/wp\/v2\/media\/13879"}],"wp:attachment":[{"href":"https:\/\/factory.sale\/fi\/wp-json\/wp\/v2\/media?parent=13945"}],"wp:term":[{"taxonomy":"factory","embeddable":true,"href":"https:\/\/factory.sale\/fi\/wp-json\/wp\/v2\/factory?post=13945"},{"taxonomy":"free-shipment","embeddable":true,"href":"https:\/\/factory.sale\/fi\/wp-json\/wp\/v2\/free-shipment?post=13945"},{"taxonomy":"product_brand","embeddable":true,"href":"https:\/\/factory.sale\/fi\/wp-json\/wp\/v2\/product_brand?post=13945"},{"taxonomy":"product_cat","embeddable":true,"href":"https:\/\/factory.sale\/fi\/wp-json\/wp\/v2\/product_cat?post=13945"},{"taxonomy":"product_tag","embeddable":true,"href":"https:\/\/factory.sale\/fi\/wp-json\/wp\/v2\/product_tag?post=13945"}],"curies":[{"name":"wp","href":"https:\/\/api.w.org\/{rel}","templated":true}]}}