{"id":13939,"date":"2022-10-06T14:35:04","date_gmt":"2022-10-06T14:37:13","guid":{"rendered":"https:\/\/factory.sale\/?post_type=product&#038;p=13939"},"modified":"2024-06-25T12:43:18","modified_gmt":"2024-06-25T12:43:18","slug":"harvia-xenio-cx170wifi","status":"publish","type":"product","link":"https:\/\/factory.sale\/fi\/tuote\/harvia-xenio-cx170wifi\/","title":{"rendered":"HARVIA XENIO CX170WIFI"},"content":{"rendered":"<p>Harvia Xenio on kosketuspaneelilla varustettu ohjauspaneeli s\u00e4hk\u00f6kiukaalle, jonka teho on enint\u00e4\u00e4n 17 kW. Kiukaan lis\u00e4ksi voit ohjata my\u00f6s saunan valaistusta ja ilmanvaihtoa. Sarja sis\u00e4lt\u00e4\u00e4 ohjauskeskuksen, virtal\u00e4hteen, l\u00e4mp\u00f6tila-anturin 4 m kaapelilla ja 5 m datakaapelilla. Jos ohjauspaneeli on varustettu lis\u00e4virtal\u00e4hteell\u00e4 LTY17, se voi ohjata l\u00e4mmittimi\u00e4, joiden teho on enint\u00e4\u00e4n 34 kW. MyHarvia-sovelluksella saunan toimintoja voi s\u00e4\u00e4t\u00e4\u00e4 langattomasti. Saunan toimintoja voidaan ohjata et\u00e4n\u00e4 sopivalla ovitunnistimella ja kiukaan turvavarusteilla.<br \/>\nTyylik\u00e4s, pieni mutta k\u00e4tev\u00e4 paneeli on helppo asentaa saunaan tai pesutupaan, eteiseen tai olohuoneeseen. Paneeli voidaan asentaa sek\u00e4 sein\u00e4\u00e4n ett\u00e4 upotettuna. Virtal\u00e4hde asennetaan kuivaan paikkaan saunan ulkopuolelle.<\/p>\n<p><strong>Ohjauspaneeli<\/strong><\/p>\n<ul>\n<li>L\u00e4mp\u00f6tilan s\u00e4\u00e4t\u00f6alue: 40-110 \u00b0C<\/li>\n<li>Ty\u00f6aikas\u00e4\u00e4ntelyalue: perhesaunat 1-6 h, kerrostalojen yleiset saunat 1-12 h<\/li>\n<li>Esiviritysajan s\u00e4\u00e4t\u00f6alue: 0-12 h<\/li>\n<li>Valon ja tuulettimen ohjaus<\/li>\n<li>Mitat: 85mm x 24mm x 110mm<\/li>\n<li>MyHarvia-mobiilisovellus (GooglePlay ja AppStore)<\/li>\n<\/ul>\n<p><strong>Kontaktorilaatikko<\/strong><\/p>\n<ul>\n<li>Sy\u00f6tt\u00f6j\u00e4nnite: 400 V 3-vaihe<\/li>\n<li>Suurin teho ohjauskeskuksesta l\u00e4mmittimeen: 17 kW<\/li>\n<li>Valonohjaus, maksimiteho: 100 W, 230 V yksivaiheinen<\/li>\n<li>Tuulettimen ohjaus, maksimiteho: 100 W, 230 V yksivaiheinen<\/li>\n<li>Mitat: 272mm x 70mm x 193mm<\/li>\n<\/ul>\n<p><strong>L\u00e4mp\u00f6tila-anturi 4 m kaapelilla<\/strong><\/p>\n<ul>\n<li>L\u00e4mp\u00f6tila-anturi on varustettu nollattavalla ylikuumenemissuojalla ja l\u00e4mp\u00f6tilaa mittaavalla NTC-termistorilla (22 k\u03a9\/T=25 \u00b0C).<\/li>\n<li>WX325-kosteusanturi mittaa l\u00e4mp\u00f6tilaa ja suhteellista kosteutta<\/li>\n<li>Paino: 175 g kaapeleiden kanssa (n. 4 m)<\/li>\n<li>Mitat: 51mm x 73mm x 27mm<\/li>\n<li>Datakaapeli 5 m, 10 m jatkojohdolla<\/li>\n<\/ul>\n<p>&nbsp;<\/p>\n<p><a href=\"https:\/\/factory.sale\/wp-content\/uploads\/2022\/10\/CX170_XENIO.pdf\">Manuaali<\/a><\/p>\n","protected":false},"excerpt":{"rendered":"<p>Tyylik\u00e4s, pieni mutta k\u00e4tev\u00e4 paneeli on helppo asentaa saunaan tai pesutupaan, eteiseen tai olohuoneeseen. Paneeli voidaan asentaa sek\u00e4 sein\u00e4\u00e4n ett\u00e4 upotettuna. Virtal\u00e4hde asennetaan kuivaan paikkaan saunan ulkopuolelle.<\/p>\n<p>&nbsp;<\/p>\n","protected":false},"featured_media":13879,"comment_status":"open","ping_status":"closed","template":"","meta":{"_acf_changed":false},"factory":[],"free-shipment":[],"product_brand":[],"product_cat":[2007,1121,1346],"product_tag":[2106],"class_list":{"0":"post-13939","1":"product","2":"type-product","3":"status-publish","4":"has-post-thumbnail","6":"product_cat-harvia-fi-2","7":"product_cat-saniteetti","8":"product_cat-ohjauspaneeli","9":"product_tag-sauna-fi","11":"first","12":"instock","13":"sale","14":"taxable","15":"shipping-taxable","16":"purchasable","17":"product-type-simple"},"acf":[],"_links":{"self":[{"href":"https:\/\/factory.sale\/fi\/wp-json\/wp\/v2\/product\/13939","targetHints":{"allow":["GET"]}}],"collection":[{"href":"https:\/\/factory.sale\/fi\/wp-json\/wp\/v2\/product"}],"about":[{"href":"https:\/\/factory.sale\/fi\/wp-json\/wp\/v2\/types\/product"}],"replies":[{"embeddable":true,"href":"https:\/\/factory.sale\/fi\/wp-json\/wp\/v2\/comments?post=13939"}],"wp:featuredmedia":[{"embeddable":true,"href":"https:\/\/factory.sale\/fi\/wp-json\/wp\/v2\/media\/13879"}],"wp:attachment":[{"href":"https:\/\/factory.sale\/fi\/wp-json\/wp\/v2\/media?parent=13939"}],"wp:term":[{"taxonomy":"factory","embeddable":true,"href":"https:\/\/factory.sale\/fi\/wp-json\/wp\/v2\/factory?post=13939"},{"taxonomy":"free-shipment","embeddable":true,"href":"https:\/\/factory.sale\/fi\/wp-json\/wp\/v2\/free-shipment?post=13939"},{"taxonomy":"product_brand","embeddable":true,"href":"https:\/\/factory.sale\/fi\/wp-json\/wp\/v2\/product_brand?post=13939"},{"taxonomy":"product_cat","embeddable":true,"href":"https:\/\/factory.sale\/fi\/wp-json\/wp\/v2\/product_cat?post=13939"},{"taxonomy":"product_tag","embeddable":true,"href":"https:\/\/factory.sale\/fi\/wp-json\/wp\/v2\/product_tag?post=13939"}],"curies":[{"name":"wp","href":"https:\/\/api.w.org\/{rel}","templated":true}]}}