{"id":13924,"date":"2022-10-05T10:40:10","date_gmt":"2022-10-05T10:42:28","guid":{"rendered":"https:\/\/factory.sale\/?post_type=product&#038;p=13924"},"modified":"2025-03-27T12:04:32","modified_gmt":"2025-03-27T09:04:32","slug":"harvia-xafir-cs110c","status":"publish","type":"product","link":"https:\/\/factory.sale\/fi\/tuote\/harvia-xafir-cs110c\/","title":{"rendered":"HARVIA XAFIR CS110C"},"content":{"rendered":"<p><strong>Ohjauspaneeli:<\/strong><\/p>\n<ul>\n<li>L\u00e4mp\u00f6tilan s\u00e4\u00e4t\u00f6alue: 40-110\u00b0C<\/li>\n<li>Kosteuden s\u00e4\u00e4t\u00f6alue: 20-95rH<\/li>\n<li>Kesto: perhesaunat 1-6 h, yleiset kerrostalojen saunat 1-12 h. Pidempi\u00e4 ty\u00f6aikoja varten ota yhteytt\u00e4 maahantuojaan\/valmistajaan.<\/li>\n<li>Viiveajan s\u00e4\u00e4t\u00f6alue: 0-18 h<\/li>\n<li>Valaistuksen ja tuulettimen ohjaus<\/li>\n<li>Datakaapelin pituus: 5 m (10 m jatkojohto saatavana, maksimipituus 30 m)<\/li>\n<\/ul>\n<p><strong>V<\/strong><strong>irtal\u00e4hde:<\/strong><\/p>\n<ul>\n<li>Sy\u00f6tt\u00f6j\u00e4nnite: 400 V 3N ~<\/li>\n<li>Valonohjaus, max. teho: 100 W, 230 V 1N ~<\/li>\n<li>Tuulettimen ohjaus, max. teho: 100W, 230V 1N ~<\/li>\n<li>Enimm\u00e4ism\u00e4\u00e4r\u00e4. kuorma kotelosta kaukos\u00e4\u00e4din, s\u00e4hk\u00f6l\u00e4mmitin 11kW<\/li>\n<li>Maksimikuormitus ohjauspaneelista h\u00f6yrystimeen 3 kW<\/li>\n<\/ul>\n<p><strong>Sensori:<\/strong><\/p>\n<ul>\n<li>L\u00e4mp\u00f6tila-anturi WX232 on varustettu kytkett\u00e4v\u00e4ll\u00e4 ylikuumenemissuojalla ja l\u00e4mp\u00f6tila-anturin NTC-termistorilla (22 k\u03a9 \/ T = 25 \u00b0C)<\/li>\n<\/ul>\n<p><strong>Tekniset tiedot:<\/strong><\/p>\n<ul>\n<li>Mitat: leveys (mm): 147<\/li>\n<li>Mitat: korkeus (mm): \u00a050<\/li>\n<li>Mitat: syvyys (mm) : 30<\/li>\n<li>Paino, (kg) : 1,9<\/li>\n<li>S\u00e4\u00e4dett\u00e4v\u00e4 l\u00e4mp\u00f6tila, min.-max. (\u00b0C): \u00a040 &#8211; 110 \u00b0C<\/li>\n<li>L\u00e4mmittimen teho, max. (kW) : 11<\/li>\n<li>L\u00e4mmitysaika, (h): \u00a012<\/li>\n<li>P\u00e4\u00e4llekytkent\u00e4ajan asettaminen, (h): \u00a00 &#8211; 18<\/li>\n<li>Suurin lukema, (\u00b0C) : 110<\/li>\n<li>Lis\u00e4tiedot: \u00a0400V 3N<\/li>\n<\/ul>\n<p>&nbsp;<\/p>\n<p><a href=\"https:\/\/factory.sale\/wp-content\/uploads\/2022\/10\/xafir-cs110.pdf\">Manuaali<\/a><\/p>\n","protected":false},"excerpt":{"rendered":"<p>HARVIA XAFIR CS110C saunan ohjauspaneeli.<\/p>\n","protected":false},"featured_media":19505,"comment_status":"open","ping_status":"closed","template":"","meta":{"_acf_changed":false},"factory":[],"free-shipment":[],"product_brand":[],"product_cat":[2007,1121,1346],"product_tag":[878,868,2106],"class_list":{"0":"post-13924","1":"product","2":"type-product","3":"status-publish","4":"has-post-thumbnail","6":"product_cat-harvia-fi-2","7":"product_cat-saniteetti","8":"product_cat-ohjauspaneeli","9":"product_tag-control-unit-fi","10":"product_tag-sanitary-ware-fi","11":"product_tag-sauna-fi","13":"first","14":"instock","15":"sale","16":"taxable","17":"shipping-taxable","18":"purchasable","19":"product-type-simple"},"acf":[],"_links":{"self":[{"href":"https:\/\/factory.sale\/fi\/wp-json\/wp\/v2\/product\/13924","targetHints":{"allow":["GET"]}}],"collection":[{"href":"https:\/\/factory.sale\/fi\/wp-json\/wp\/v2\/product"}],"about":[{"href":"https:\/\/factory.sale\/fi\/wp-json\/wp\/v2\/types\/product"}],"replies":[{"embeddable":true,"href":"https:\/\/factory.sale\/fi\/wp-json\/wp\/v2\/comments?post=13924"}],"wp:featuredmedia":[{"embeddable":true,"href":"https:\/\/factory.sale\/fi\/wp-json\/wp\/v2\/media\/19505"}],"wp:attachment":[{"href":"https:\/\/factory.sale\/fi\/wp-json\/wp\/v2\/media?parent=13924"}],"wp:term":[{"taxonomy":"factory","embeddable":true,"href":"https:\/\/factory.sale\/fi\/wp-json\/wp\/v2\/factory?post=13924"},{"taxonomy":"free-shipment","embeddable":true,"href":"https:\/\/factory.sale\/fi\/wp-json\/wp\/v2\/free-shipment?post=13924"},{"taxonomy":"product_brand","embeddable":true,"href":"https:\/\/factory.sale\/fi\/wp-json\/wp\/v2\/product_brand?post=13924"},{"taxonomy":"product_cat","embeddable":true,"href":"https:\/\/factory.sale\/fi\/wp-json\/wp\/v2\/product_cat?post=13924"},{"taxonomy":"product_tag","embeddable":true,"href":"https:\/\/factory.sale\/fi\/wp-json\/wp\/v2\/product_tag?post=13924"}],"curies":[{"name":"wp","href":"https:\/\/api.w.org\/{rel}","templated":true}]}}