{"id":13920,"date":"2022-10-05T10:25:33","date_gmt":"2022-10-05T10:29:47","guid":{"rendered":"https:\/\/factory.sale\/?post_type=product&#038;p=13920"},"modified":"2025-03-27T12:06:06","modified_gmt":"2025-03-27T09:06:06","slug":"harvia-xafir-cs170","status":"publish","type":"product","link":"https:\/\/factory.sale\/fi\/tuote\/harvia-xafir-cs170\/","title":{"rendered":"HARVIA XAFIR CS170"},"content":{"rendered":"<p>S\u00e4hk\u00f6l\u00e4mmittimien kaukos\u00e4\u00e4din. Setti sis\u00e4lt\u00e4\u00e4 kosketusohjauspaneelin ja virtal\u00e4hteen.<\/p>\n<ul>\n<li>K\u00e4ytt\u00f6l\u00e4mp\u00f6tila 40 &#8211; + 110 \u00b0C, tarkkuus 1 \u00b0C.<\/li>\n<li>S\u00e4\u00e4dett\u00e4v\u00e4 kesto 1-12 tuntia.<\/li>\n<li>S\u00e4\u00e4dett\u00e4v\u00e4 p\u00e4\u00e4llekytkent\u00e4viive 1-12 tuntia.<\/li>\n<li>Saunan kuivaustila.<\/li>\n<li>Valaistus- ja tuuletuspainikkeet.<\/li>\n<li>Valitun ja todellisen l\u00e4mp\u00f6tilan n\u00e4ytt\u00f6.<\/li>\n<li>Valitun ja j\u00e4ljell\u00e4 olevan ty\u00f6ajan n\u00e4ytt\u00f6.<\/li>\n<li>Valitun ja j\u00e4ljell\u00e4 olevan p\u00e4\u00e4llekytkent\u00e4viiveen n\u00e4ytt\u00f6.<\/li>\n<li>Itsetarkistus ja vikasignaali.<\/li>\n<li>Mahdollisuus vaihtaa lis\u00e4kosteusanturi.<\/li>\n<li>K\u00e4ytt\u00f6 &#8211; s\u00e4hk\u00f6l\u00e4mmittimille<\/li>\n<li>Kytkent\u00e4teho &#8211; 17 kW<\/li>\n<\/ul>\n<p>&nbsp;<\/p>\n<p>&nbsp;<\/p>\n<p><strong>Teknisten tietojen:<\/strong><\/p>\n<ul>\n<li>Mitat: leveys (mm) : 270<\/li>\n<li>Mitat: korkeus (mm) : 50<\/li>\n<li>Mitat: syvyys (mm) : 30<\/li>\n<li>Paino, (kg) : 1,8<\/li>\n<li>S\u00e4\u00e4dett\u00e4v\u00e4 l\u00e4mp\u00f6tila, min.-max. (\u00b0C) : 40 &#8211; 110 \u00b0C<\/li>\n<li>L\u00e4mmittimen teho, max. (kW): \u00a011<\/li>\n<li>L\u00e4mmitysaika, (h) : 12<\/li>\n<li>P\u00e4\u00e4llekytkent\u00e4ajan asettaminen, (h) : 0 &#8211; 12<\/li>\n<li>Suurin lukema, (\u00b0C): 110<\/li>\n<li>Lis\u00e4tiedot : 400V 3N<\/li>\n<\/ul>\n<p>&nbsp;<\/p>\n<p>&nbsp;<\/p>\n<p><a href=\"https:\/\/factory.sale\/wp-content\/uploads\/2022\/10\/xafir-cs110.pdf\">Manuaali<\/a><\/p>\n","protected":false},"excerpt":{"rendered":"<p>S\u00e4hk\u00f6l\u00e4mmittimien kaukos\u00e4\u00e4din. Setti sis\u00e4lt\u00e4\u00e4 kosketusohjauspaneelin ja virtal\u00e4hteen.<\/p>\n","protected":false},"featured_media":19505,"comment_status":"open","ping_status":"closed","template":"","meta":{"_acf_changed":false},"factory":[],"free-shipment":[],"product_brand":[],"product_cat":[2007,1121,1346],"product_tag":[878,2106],"class_list":{"0":"post-13920","1":"product","2":"type-product","3":"status-publish","4":"has-post-thumbnail","6":"product_cat-harvia-fi-2","7":"product_cat-saniteetti","8":"product_cat-ohjauspaneeli","9":"product_tag-control-unit-fi","10":"product_tag-sauna-fi","12":"first","13":"instock","14":"sale","15":"taxable","16":"shipping-taxable","17":"purchasable","18":"product-type-simple"},"acf":[],"_links":{"self":[{"href":"https:\/\/factory.sale\/fi\/wp-json\/wp\/v2\/product\/13920","targetHints":{"allow":["GET"]}}],"collection":[{"href":"https:\/\/factory.sale\/fi\/wp-json\/wp\/v2\/product"}],"about":[{"href":"https:\/\/factory.sale\/fi\/wp-json\/wp\/v2\/types\/product"}],"replies":[{"embeddable":true,"href":"https:\/\/factory.sale\/fi\/wp-json\/wp\/v2\/comments?post=13920"}],"wp:featuredmedia":[{"embeddable":true,"href":"https:\/\/factory.sale\/fi\/wp-json\/wp\/v2\/media\/19505"}],"wp:attachment":[{"href":"https:\/\/factory.sale\/fi\/wp-json\/wp\/v2\/media?parent=13920"}],"wp:term":[{"taxonomy":"factory","embeddable":true,"href":"https:\/\/factory.sale\/fi\/wp-json\/wp\/v2\/factory?post=13920"},{"taxonomy":"free-shipment","embeddable":true,"href":"https:\/\/factory.sale\/fi\/wp-json\/wp\/v2\/free-shipment?post=13920"},{"taxonomy":"product_brand","embeddable":true,"href":"https:\/\/factory.sale\/fi\/wp-json\/wp\/v2\/product_brand?post=13920"},{"taxonomy":"product_cat","embeddable":true,"href":"https:\/\/factory.sale\/fi\/wp-json\/wp\/v2\/product_cat?post=13920"},{"taxonomy":"product_tag","embeddable":true,"href":"https:\/\/factory.sale\/fi\/wp-json\/wp\/v2\/product_tag?post=13920"}],"curies":[{"name":"wp","href":"https:\/\/api.w.org\/{rel}","templated":true}]}}