{"id":13914,"date":"2022-10-05T10:18:03","date_gmt":"2022-10-05T10:21:51","guid":{"rendered":"https:\/\/factory.sale\/?post_type=product&#038;p=13914"},"modified":"2024-06-27T15:10:43","modified_gmt":"2024-06-27T15:10:43","slug":"harvia-xafir-cs110","status":"publish","type":"product","link":"https:\/\/factory.sale\/fi\/tuote\/harvia-xafir-cs110\/","title":{"rendered":"Harvia Xenio ohjauspaneeli CX110"},"content":{"rendered":"<p>Nykyaikaisesta Harvia Xenio digitaalisesta ohjauspaneelista kuljettaja voi ohjata s\u00e4hk\u00f6- ja yhdistelm\u00e4l\u00e4mmittimi\u00e4 tai infrapunapattereita. T\u00e4ss\u00e4 ohjauspaneelissa on k\u00e4tev\u00e4 k\u00e4ytt\u00f6liittym\u00e4 ja melko pienten mittojensa ansiosta se voidaan sijoittaa pinnalle eri tiloihin, kuten saunaan, pesutupaan, vaatekaappiin ja jopa olohuoneeseen. Ohjauspaneelista n\u00e4et milloin saunassa on tarpeeksi polttoainetta ja se on k\u00e4ytt\u00f6valmis.<br \/>\nHarvia Xenio CX110 -ohjauskeskus vastaa s\u00e4hk\u00f6kiukaan tehosta 2,3\u201311 kW.<\/p>\n<p>&nbsp;<\/p>\n<p><strong>Setti sis\u00e4lt\u00e4\u00e4:<\/strong><\/p>\n<ul>\n<li>Ohjauspaneeli<\/li>\n<li>L\u00e4mp\u00f6tilan s\u00e4\u00e4t\u00f6alue: 40-110 \u00b0C.<\/li>\n<li>Ty\u00f6aikas\u00e4\u00e4ntelyalue: perhesaunat 1-6 h, kerrostalojen yleiset saunat 1-12 h.<\/li>\n<li>Esiviritysajan s\u00e4\u00e4t\u00f6alue: 0-12 h.<\/li>\n<li>Valon ohjaus.<\/li>\n<li>Ohjauspaneeli voidaan kiinnitt\u00e4\u00e4 sein\u00e4\u00e4n tai haluttaessa my\u00f6s upottaa sein\u00e4\u00e4n<\/li>\n<li>Mitat: 85mm x 24mm x 110mm<\/li>\n<\/ul>\n<p>&nbsp;<\/p>\n<p><strong>Kontaktori laatikko<\/strong><\/p>\n<ul>\n<li>Sy\u00f6tt\u00f6j\u00e4nnite: 400 V 3-vaihe<\/li>\n<li>Kuormitus: max. 11 kW<\/li>\n<li>Valonohjaus, max. teho: 100 W, 230 V yksivaiheinen<\/li>\n<li>Mitat: 272mm x 70mm x 193mm<\/li>\n<\/ul>\n<p>&nbsp;<\/p>\n<p><strong>L\u00e4mp\u00f6tila-anturi 4 metrin kaapelilla<\/strong><\/p>\n<p>L\u00e4mp\u00f6tila-anturi on varustettu nollattavalla ylikuumenemissuojalla ja l\u00e4mp\u00f6tilaa mittaavalla NTC-termistorilla (22 k\u03a9\/T=25 \u00b0C).<br \/>\nPaino: 175 g kaapeleiden kanssa (n. 4 m)<br \/>\nMitat: 51mm x 73mm x 27mm<\/p>\n<p>Datakaapeli 5 m (valinnainen 10 m jatkojohto, max. kokonaispituus 30 m)<\/p>\n","protected":false},"excerpt":{"rendered":"<p>Nykyaikaisesta Harvia Xenio digitaalisesta ohjauspaneelista kuljettaja voi ohjata s\u00e4hk\u00f6- ja yhdistelm\u00e4l\u00e4mmittimi\u00e4 tai infrapunapattereita. T\u00e4ss\u00e4 ohjauspaneelissa on k\u00e4tev\u00e4 k\u00e4ytt\u00f6liittym\u00e4 ja melko pienten mittojensa ansiosta se voidaan sijoittaa pinnalle eri tiloihin, kuten saunaan, pesutupaan, vaatekaappiin ja jopa olohuoneeseen. Ohjauspaneelista n\u00e4et milloin saunassa on tarpeeksi polttoainetta ja se on k\u00e4ytt\u00f6valmis.<br \/>\nHarvia Xenio CX110 -ohjauskeskus vastaa s\u00e4hk\u00f6kiukaan tehosta 2,3\u201311 kW.<\/p>\n","protected":false},"featured_media":55203,"comment_status":"open","ping_status":"closed","template":"","meta":{"_acf_changed":false},"factory":[],"free-shipment":[],"product_brand":[],"product_cat":[2007,1121,1346],"product_tag":[878,2106],"class_list":{"0":"post-13914","1":"product","2":"type-product","3":"status-publish","4":"has-post-thumbnail","6":"product_cat-harvia-fi-2","7":"product_cat-saniteetti","8":"product_cat-ohjauspaneeli","9":"product_tag-control-unit-fi","10":"product_tag-sauna-fi","12":"first","13":"instock","14":"sale","15":"taxable","16":"shipping-taxable","17":"purchasable","18":"product-type-simple"},"acf":[],"_links":{"self":[{"href":"https:\/\/factory.sale\/fi\/wp-json\/wp\/v2\/product\/13914","targetHints":{"allow":["GET"]}}],"collection":[{"href":"https:\/\/factory.sale\/fi\/wp-json\/wp\/v2\/product"}],"about":[{"href":"https:\/\/factory.sale\/fi\/wp-json\/wp\/v2\/types\/product"}],"replies":[{"embeddable":true,"href":"https:\/\/factory.sale\/fi\/wp-json\/wp\/v2\/comments?post=13914"}],"wp:featuredmedia":[{"embeddable":true,"href":"https:\/\/factory.sale\/fi\/wp-json\/wp\/v2\/media\/55203"}],"wp:attachment":[{"href":"https:\/\/factory.sale\/fi\/wp-json\/wp\/v2\/media?parent=13914"}],"wp:term":[{"taxonomy":"factory","embeddable":true,"href":"https:\/\/factory.sale\/fi\/wp-json\/wp\/v2\/factory?post=13914"},{"taxonomy":"free-shipment","embeddable":true,"href":"https:\/\/factory.sale\/fi\/wp-json\/wp\/v2\/free-shipment?post=13914"},{"taxonomy":"product_brand","embeddable":true,"href":"https:\/\/factory.sale\/fi\/wp-json\/wp\/v2\/product_brand?post=13914"},{"taxonomy":"product_cat","embeddable":true,"href":"https:\/\/factory.sale\/fi\/wp-json\/wp\/v2\/product_cat?post=13914"},{"taxonomy":"product_tag","embeddable":true,"href":"https:\/\/factory.sale\/fi\/wp-json\/wp\/v2\/product_tag?post=13914"}],"curies":[{"name":"wp","href":"https:\/\/api.w.org\/{rel}","templated":true}]}}