{"id":13893,"date":"2022-10-05T09:53:40","date_gmt":"2022-10-05T10:06:02","guid":{"rendered":"https:\/\/factory.sale\/?post_type=product&#038;p=13893"},"modified":"2025-03-27T12:14:57","modified_gmt":"2025-03-27T09:14:57","slug":"harvia-xenio-cx110c-combi","status":"publish","type":"product","link":"https:\/\/factory.sale\/fi\/tuote\/harvia-xenio-cx110c-combi\/","title":{"rendered":"HARVIA XENIO CX110C COMBI"},"content":{"rendered":"<p>Harvia Xenio Combi on kosketusherk\u00e4ll\u00e4 paneelilla varustettu ohjauspaneeli yhdistetylle s\u00e4hk\u00f6l\u00e4mmittimelle, jonka teho on enint\u00e4\u00e4n 11 \u200b\u200bkW. Sopii Combi-l\u00e4mmittimelle (kiukaan ja h\u00f6yrystimen yhdistelm\u00e4), tavalliselle s\u00e4hk\u00f6l\u00e4mmittimelle ja erilliselle h\u00f6yrystimelle. Kiukaan lis\u00e4ksi voit ohjata my\u00f6s saunan valaistusta ja ilmanvaihtoa. Sarja sis\u00e4lt\u00e4\u00e4 ohjauskeskuksen, virtal\u00e4hteen, l\u00e4mp\u00f6tila-anturin 4 m kaapelilla ja 5 m datakaapelilla.<br \/>\nHarvia Xenio on kosketuspaneelilla varustettu ohjauspaneeli s\u00e4hk\u00f6kiukaalle, jonka teho on enint\u00e4\u00e4n 17 kW. Kiukaan lis\u00e4ksi voit ohjata my\u00f6s saunan valaistusta ja ilmanvaihtoa. Jos ohjauspaneeli on varustettu lis\u00e4virtal\u00e4hteell\u00e4 LTY17C, se voi ohjata l\u00e4mmittimi\u00e4, joiden teho on enint\u00e4\u00e4n 28 kW.<br \/>\nTyylikk\u00e4\u00e4sti pieni mutta k\u00e4tev\u00e4 paneeli on helppo asentaa saunaan tai pesutupaan, eteiseen tai olohuoneeseen. Paneeli voidaan asentaa sek\u00e4 sein\u00e4\u00e4n ett\u00e4 upotettuna. Virtal\u00e4hde asennetaan kuivaan paikkaan saunan ulkopuolelle.<br \/>\nL\u00e4mp\u00f6tila-anturi on varustettu ylikuumenemissuojalla ja NTC-termistorilla (22 k\u03a9\/T=25 \u00b0C).<\/p>\n<p>&nbsp;<\/p>\n<ul>\n<li>K\u00e4ytt\u00f6l\u00e4mp\u00f6tila-alue: 40-110 \u00b0C, tarkkuus 1 \u00b0C<\/li>\n<li>Kosteuden s\u00e4\u00e4t\u00f6alue: 20-80 rH<\/li>\n<li>S\u00e4\u00e4dett\u00e4v\u00e4 kesto: 1-6 h kotisaunassa, 1-12 h yhteisess\u00e4 saunassa<\/li>\n<li>S\u00e4\u00e4dett\u00e4v\u00e4 p\u00e4\u00e4llekytkent\u00e4viive: 0-12 h<\/li>\n<li>Valitun ja todellisen l\u00e4mp\u00f6tilan n\u00e4ytt\u00f6<\/li>\n<li>Valitun ja j\u00e4ljell\u00e4 olevan ty\u00f6ajan n\u00e4ytt\u00f6<\/li>\n<li>Valitun ja j\u00e4ljell\u00e4 olevan p\u00e4\u00e4llekytkent\u00e4viiveen n\u00e4ytt\u00f6<\/li>\n<li>Itsetarkistus ja vikasignaali<\/li>\n<li>Sy\u00f6tt\u00f6j\u00e4nnite: 400 V 3N~<\/li>\n<\/ul>\n<p>&nbsp;<\/p>\n<p>&nbsp;<\/p>\n<p><a href=\"https:\/\/factory.sale\/wp-content\/uploads\/2022\/10\/harvia-xenio-combi.pdf\">Manuaali<\/a><\/p>\n","protected":false},"excerpt":{"rendered":"<p>Harvia Xenio Combi on kosketusherk\u00e4ll\u00e4 paneelilla varustettu ohjauspaneeli yhdistetylle s\u00e4hk\u00f6l\u00e4mmittimelle, jonka teho on enint\u00e4\u00e4n 11 \u200b\u200bkW.<\/p>\n","protected":false},"featured_media":13879,"comment_status":"open","ping_status":"closed","template":"","meta":{"_acf_changed":false},"factory":[],"free-shipment":[],"product_brand":[],"product_cat":[2007,1121,1346],"product_tag":[878,868,2106],"class_list":{"0":"post-13893","1":"product","2":"type-product","3":"status-publish","4":"has-post-thumbnail","6":"product_cat-harvia-fi-2","7":"product_cat-saniteetti","8":"product_cat-ohjauspaneeli","9":"product_tag-control-unit-fi","10":"product_tag-sanitary-ware-fi","11":"product_tag-sauna-fi","13":"first","14":"instock","15":"sale","16":"taxable","17":"shipping-taxable","18":"purchasable","19":"product-type-simple"},"acf":[],"_links":{"self":[{"href":"https:\/\/factory.sale\/fi\/wp-json\/wp\/v2\/product\/13893","targetHints":{"allow":["GET"]}}],"collection":[{"href":"https:\/\/factory.sale\/fi\/wp-json\/wp\/v2\/product"}],"about":[{"href":"https:\/\/factory.sale\/fi\/wp-json\/wp\/v2\/types\/product"}],"replies":[{"embeddable":true,"href":"https:\/\/factory.sale\/fi\/wp-json\/wp\/v2\/comments?post=13893"}],"wp:featuredmedia":[{"embeddable":true,"href":"https:\/\/factory.sale\/fi\/wp-json\/wp\/v2\/media\/13879"}],"wp:attachment":[{"href":"https:\/\/factory.sale\/fi\/wp-json\/wp\/v2\/media?parent=13893"}],"wp:term":[{"taxonomy":"factory","embeddable":true,"href":"https:\/\/factory.sale\/fi\/wp-json\/wp\/v2\/factory?post=13893"},{"taxonomy":"free-shipment","embeddable":true,"href":"https:\/\/factory.sale\/fi\/wp-json\/wp\/v2\/free-shipment?post=13893"},{"taxonomy":"product_brand","embeddable":true,"href":"https:\/\/factory.sale\/fi\/wp-json\/wp\/v2\/product_brand?post=13893"},{"taxonomy":"product_cat","embeddable":true,"href":"https:\/\/factory.sale\/fi\/wp-json\/wp\/v2\/product_cat?post=13893"},{"taxonomy":"product_tag","embeddable":true,"href":"https:\/\/factory.sale\/fi\/wp-json\/wp\/v2\/product_tag?post=13893"}],"curies":[{"name":"wp","href":"https:\/\/api.w.org\/{rel}","templated":true}]}}