{"id":138736,"date":"2026-01-29T14:35:38","date_gmt":"2026-01-29T11:35:41","guid":{"rendered":"https:\/\/factory.sale\/?post_type=product&#038;p=138736"},"modified":"2026-01-30T21:43:23","modified_gmt":"2026-01-30T18:43:23","slug":"turvakaide-huum-core-wall-mini-combi-4-kiukalle","status":"publish","type":"product","link":"https:\/\/factory.sale\/fi\/tuote\/turvakaide-huum-core-wall-mini-combi-4-kiukalle\/","title":{"rendered":"Turvakaide HUUM CORE Wall Mini Combi 4 -kiukalle"},"content":{"rendered":"<h2><span style=\"font-size: 14pt;\">Turvakaide HUUM CORE Wall Mini Combi 4 -kiukalle<\/span><\/h2>\n<p>HUUM CORE Wall Mini Combi 4 -s\u00e4hk\u00f6kiukaille tarkoitettu suojakaide nostaa saunan turvallisuuden uudelle tasolle ja antaa kiukaalle elegantin ja viimeistellyn ilmeen. Kaide auttaa est\u00e4m\u00e4\u00e4n vahingossa tapahtuvan kosketuksen kuumaan kiukaaseen ja toimii samalla tyylikk\u00e4\u00e4n\u00e4 ja katseenvangitsevana design-elementtin\u00e4.<\/p>\n<p>Kaide on valmistettu vaaleasta puusta ja kiinnitysosat kest\u00e4v\u00e4st\u00e4 metallista. Turvakaiteen metalliset kiinnityskannattimet on hankittava erikseen.<\/p>\n<p>EAN: 4744103019458<br \/>\nMitat: 450 \u00d7 347 \u00d7 60 mm<\/p>\n<p>Tutustu samankaltaisiin tuotteisiin\u00a0<a href=\"https:\/\/factory.sale\/fi\/tuote-osasto\/saniteetti\/sauna-kiukaiden-tarvikkeet\/\">t\u00e4\u00e4ll\u00e4<\/a><\/p>\n","protected":false},"excerpt":{"rendered":"<p>HUUM CORE Wall Mini Combi 4 -s\u00e4hk\u00f6kiukaille tarkoitettu suojakaide nostaa saunan turvallisuuden uudelle tasolle ja antaa kiukaalle elegantin ja viimeistellyn ilmeen. Kaide auttaa est\u00e4m\u00e4\u00e4n vahingossa tapahtuvan kosketuksen kuumaan kiukaaseen ja toimii samalla tyylikk\u00e4\u00e4n\u00e4 ja katseenvangitsevana design-elementtin\u00e4.<\/p>\n","protected":false},"featured_media":138313,"comment_status":"open","ping_status":"closed","template":"","meta":{"_acf_changed":false},"factory":[],"free-shipment":[],"product_brand":[4433],"product_cat":[1121,4893],"product_tag":[859],"class_list":{"0":"post-138736","1":"product","2":"type-product","3":"status-publish","4":"has-post-thumbnail","6":"product_brand-huum-fi","7":"product_cat-saniteetti","8":"product_cat-sauna-kiukaiden-tarvikkeet","9":"product_tag-huum-fi","11":"first","12":"instock","13":"sale","14":"taxable","15":"shipping-taxable","16":"purchasable","17":"product-type-simple"},"acf":[],"_links":{"self":[{"href":"https:\/\/factory.sale\/fi\/wp-json\/wp\/v2\/product\/138736","targetHints":{"allow":["GET"]}}],"collection":[{"href":"https:\/\/factory.sale\/fi\/wp-json\/wp\/v2\/product"}],"about":[{"href":"https:\/\/factory.sale\/fi\/wp-json\/wp\/v2\/types\/product"}],"replies":[{"embeddable":true,"href":"https:\/\/factory.sale\/fi\/wp-json\/wp\/v2\/comments?post=138736"}],"wp:featuredmedia":[{"embeddable":true,"href":"https:\/\/factory.sale\/fi\/wp-json\/wp\/v2\/media\/138313"}],"wp:attachment":[{"href":"https:\/\/factory.sale\/fi\/wp-json\/wp\/v2\/media?parent=138736"}],"wp:term":[{"taxonomy":"factory","embeddable":true,"href":"https:\/\/factory.sale\/fi\/wp-json\/wp\/v2\/factory?post=138736"},{"taxonomy":"free-shipment","embeddable":true,"href":"https:\/\/factory.sale\/fi\/wp-json\/wp\/v2\/free-shipment?post=138736"},{"taxonomy":"product_brand","embeddable":true,"href":"https:\/\/factory.sale\/fi\/wp-json\/wp\/v2\/product_brand?post=138736"},{"taxonomy":"product_cat","embeddable":true,"href":"https:\/\/factory.sale\/fi\/wp-json\/wp\/v2\/product_cat?post=138736"},{"taxonomy":"product_tag","embeddable":true,"href":"https:\/\/factory.sale\/fi\/wp-json\/wp\/v2\/product_tag?post=138736"}],"curies":[{"name":"wp","href":"https:\/\/api.w.org\/{rel}","templated":true}]}}