{"id":13871,"date":"2022-08-15T08:19:29","date_gmt":"2022-10-05T09:28:59","guid":{"rendered":"https:\/\/factory.sale\/?post_type=product&#038;p=13871"},"modified":"2026-02-10T20:00:16","modified_gmt":"2026-02-10T17:00:16","slug":"drop-upotuslaippa","status":"publish","type":"product","link":"https:\/\/factory.sale\/fi\/tuote\/drop-upotuslaippa\/","title":{"rendered":"DROP upotuslaippa"},"content":{"rendered":"<h2><span style=\"font-size: 14pt;\">DROP -upotuslaippa HUUM DROP -kiukaisiin.<\/span><\/h2>\n<p>Jos haluat olla erilainen kuin naapurisi ja asentaa HUUM DROP -kiukaasi osittain saunalavan sis\u00e4\u00e4n, upotuslaippa kuluu. Se on valmistettu ruostumattomasta ter\u00e4ksest\u00e4 ja peitt\u00e4\u00e4 kiukaan ymp\u00e4rill\u00e4 olevat ep\u00e4tasaiset puureunat luoden puhtaan ja kauniin viimeistelyn.<\/p>\n<p><strong>Tekniset tiedot:<\/strong><\/p>\n<ul>\n<li>PAINO 1,5 kg<\/li>\n<li>EAN: 4744103019090<\/li>\n<\/ul>\n<p>&nbsp;<\/p>\n<div class=\"video-wrapper \"><iframe loading=\"lazy\" title=\"HUUM DROP embedding tutorial\" width=\"500\" height=\"281\" src=\"https:\/\/www.youtube.com\/embed\/ieF6C8pfW48?feature=oembed\" frameborder=\"0\" allow=\"accelerometer; autoplay; clipboard-write; encrypted-media; gyroscope; picture-in-picture; web-share\" referrerpolicy=\"strict-origin-when-cross-origin\" allowfullscreen><\/iframe><\/div>\n<p>&nbsp;<\/p>\n<p><a title=\"Avaa video uudessa v\u00e4lilehdess\u00e4\" href=\"https:\/\/www.youtube.com\/watch?v=ieF6C8pfW48\" target=\"_blank\" rel=\"noopener\">Avaa video uudessa v\u00e4lilehdess\u00e4<\/a><\/p>\n<p><a title=\"Tutustu samankaltaisiin tuotteisiin t\u00e4\u00e4ll\u00e4\" href=\"https:\/\/factory.sale\/fi\/tuote-osasto\/saniteetti\/sauna-kiukaiden-tarvikkeet\/\">Tutustu samankaltaisiin tuotteisiin t\u00e4\u00e4ll\u00e4<\/a><\/p>\n","protected":false},"excerpt":{"rendered":"<p><strong>Tulvakaulus HUUM DROP -kiukaalle.<\/strong><\/p>\n<ul>\n<li>Valmistettu ruostumattomasta ter\u00e4ksest\u00e4.<\/li>\n<li>Peitt\u00e4\u00e4 ep\u00e4tasaiset reunat.<\/li>\n<li>Luo kauniin ja puhtaan lopputuloksen.<\/li>\n<\/ul>\n<p>&nbsp;<\/p>\n<p>&nbsp;<\/p>\n","protected":false},"featured_media":100196,"comment_status":"open","ping_status":"closed","template":"","meta":{"_acf_changed":false},"factory":[],"free-shipment":[],"product_brand":[4433],"product_cat":[4893],"product_tag":[859,4971,2106],"class_list":{"0":"post-13871","1":"product","2":"type-product","3":"status-publish","4":"has-post-thumbnail","6":"product_brand-huum-fi","7":"product_cat-sauna-kiukaiden-tarvikkeet","8":"product_tag-huum-fi","9":"product_tag-huum-drop-fi","10":"product_tag-sauna-fi","12":"first","13":"instock","14":"sale","15":"taxable","16":"shipping-taxable","17":"purchasable","18":"product-type-simple"},"acf":[],"_links":{"self":[{"href":"https:\/\/factory.sale\/fi\/wp-json\/wp\/v2\/product\/13871","targetHints":{"allow":["GET"]}}],"collection":[{"href":"https:\/\/factory.sale\/fi\/wp-json\/wp\/v2\/product"}],"about":[{"href":"https:\/\/factory.sale\/fi\/wp-json\/wp\/v2\/types\/product"}],"replies":[{"embeddable":true,"href":"https:\/\/factory.sale\/fi\/wp-json\/wp\/v2\/comments?post=13871"}],"wp:featuredmedia":[{"embeddable":true,"href":"https:\/\/factory.sale\/fi\/wp-json\/wp\/v2\/media\/100196"}],"wp:attachment":[{"href":"https:\/\/factory.sale\/fi\/wp-json\/wp\/v2\/media?parent=13871"}],"wp:term":[{"taxonomy":"factory","embeddable":true,"href":"https:\/\/factory.sale\/fi\/wp-json\/wp\/v2\/factory?post=13871"},{"taxonomy":"free-shipment","embeddable":true,"href":"https:\/\/factory.sale\/fi\/wp-json\/wp\/v2\/free-shipment?post=13871"},{"taxonomy":"product_brand","embeddable":true,"href":"https:\/\/factory.sale\/fi\/wp-json\/wp\/v2\/product_brand?post=13871"},{"taxonomy":"product_cat","embeddable":true,"href":"https:\/\/factory.sale\/fi\/wp-json\/wp\/v2\/product_cat?post=13871"},{"taxonomy":"product_tag","embeddable":true,"href":"https:\/\/factory.sale\/fi\/wp-json\/wp\/v2\/product_tag?post=13871"}],"curies":[{"name":"wp","href":"https:\/\/api.w.org\/{rel}","templated":true}]}}