{"id":13865,"date":"2022-06-08T18:07:10","date_gmt":"2022-10-05T09:07:10","guid":{"rendered":"https:\/\/factory.sale\/?post_type=product&#038;p=13865"},"modified":"2024-06-26T14:45:52","modified_gmt":"2024-06-26T14:45:52","slug":"suihkukaappi-kristina","status":"publish","type":"product","link":"https:\/\/factory.sale\/fi\/tuote\/suihkukaappi-kristina\/","title":{"rendered":"Suihkukaappi KRISTINA"},"content":{"rendered":"<p>T\u00e4t\u00e4 suorakaiteen muotoista suihkukaappia on helppo asentaa ja k\u00e4ytt\u00e4\u00e4 . Kun koteloa ei k\u00e4ytet\u00e4, ovet voivat taipua sein\u00e4\u00e4n sis\u00e4\u00e4n- ja ulosp\u00e4in, jolloin kylpyhuone n\u00e4ytt\u00e4\u00e4 tilavammalta.<\/p>\n<ul>\n<li>Acrobat-malliston eksklusiivisuus \u2013 t\u00e4ysin k\u00e4\u00e4ntyv\u00e4t saranat. T\u00e4m\u00e4n tyyppisill\u00e4 saranoilla varustetut suihkuovet voidaan avata ja taittaa sein\u00e4\u00e4n, kun kylpyhuoneessa tarvitaan enemm\u00e4n tilaa.<\/li>\n<li>Hebe-allasmekanismi. Kun ovet nousevat ja laskeutuvat alas, kotelon pohja tiivistyy parhaimmillaan. Se on my\u00f6s eritt\u00e4in helppo pit\u00e4\u00e4 puhtaana.<\/li>\n<li>Mallisto &#8220;Acrobat&#8221; on luotettava ja hiljainen, koska ovissa ei ole laakerimekanismia ja ne on kiinnitetty tiukasti kylpyhuoneen sein\u00e4\u00e4n.<\/li>\n<li>Entire Collection n\u00e4ytt\u00e4\u00e4 tilavalta, koska se on suunniteltu kehyksett\u00f6m\u00e4ksi ja asennettu esteettisill\u00e4 profiileilla, jotka on kiinnitetty vain sein\u00e4\u00e4n.<\/li>\n<\/ul>\n<p><strong>FAST DROPS<\/strong> on uusi tekniikka, joka suojaa suihkukaapin lasit veden vaikutukselta. Sen tarjoamat lis\u00e4ominaisuudet: lasista tulee kest\u00e4v\u00e4mpi naarmuja vastaan \u200b\u200bja se on helppo puhdistaa. Vesi j\u00e4\u00e4 lasiin pintaj\u00e4nnitykseksi kutsutun molekyylivoiman vuoksi. Kun pinta on p\u00e4\u00e4llystetty Fast dropsilla, vesimolekyylien suora kosketus lasiin katoaa. Pisarat muuttuvat palloiksi ja virtaavat alas, koska ne ty\u00f6ntyv\u00e4t fyysisesti pinnalta.<\/p>\n<p>&nbsp;<\/p>\n<p><strong>MITAT:<\/strong><\/p>\n<table border=\"0\" width=\"386\" cellspacing=\"0\" cellpadding=\"0\">\n<colgroup>\n<col width=\"127\" \/>\n<col width=\"107\" \/>\n<col width=\"152\" \/><\/colgroup>\n<tbody>\n<tr>\n<td class=\"xl66\" width=\"127\" height=\"20\">&nbsp;<\/p>\n<p>80&#215;80 (779-788)<\/td>\n<td class=\"xl66\" width=\"107\">Korkeus<\/p>\n<p>2000<\/td>\n<td class=\"xl66\" width=\"152\">Lasi<\/p>\n<p>6mm, kirkas lasi<\/td>\n<\/tr>\n<tr>\n<td class=\"xl66\" height=\"20\">90&#215;90 (879-888)<\/td>\n<td class=\"xl66\">2000<\/td>\n<td class=\"xl66\">6mm, kirkas lasi<\/td>\n<\/tr>\n<tr>\n<td class=\"xl66\" height=\"20\">100&#215;100 (979-988)<\/td>\n<td class=\"xl66\">2000<\/td>\n<td class=\"xl66\">6mm, kirkas lasi<\/td>\n<\/tr>\n<tr>\n<td class=\"xl66\" height=\"20\">80&#215;80 (779-788)<\/td>\n<td class=\"xl66\">2000<\/td>\n<td class=\"xl66\">6mm, kirkas lasi<\/td>\n<\/tr>\n<tr>\n<td class=\"xl66\" height=\"20\">90&#215;90 (879-888)<\/td>\n<td class=\"xl66\">2000<\/td>\n<td class=\"xl66\">6mm, kirkas lasi<\/td>\n<\/tr>\n<tr>\n<td class=\"xl66\" height=\"20\">100&#215;100 (979-988)<\/td>\n<td class=\"xl66\">2000<\/td>\n<td class=\"xl66\">6mm, kirkas lasi<\/td>\n<\/tr>\n<tr>\n<td class=\"xl66\" height=\"20\">80&#215;80 (779-788)<\/td>\n<td class=\"xl66\">2000<\/td>\n<td class=\"xl66\">6mm, kirkas lasi<\/td>\n<\/tr>\n<tr>\n<td class=\"xl66\" height=\"20\">90&#215;90 (879-888)<\/td>\n<td class=\"xl66\">2000<\/td>\n<td class=\"xl66\">6mm, kirkas lasi<\/td>\n<\/tr>\n<tr>\n<td class=\"xl66\" height=\"20\">100&#215;100 (979-988)<\/td>\n<td class=\"xl66\">2000<\/td>\n<td class=\"xl66\">6mm, kirkas lasi<\/td>\n<\/tr>\n<\/tbody>\n<\/table>\n<p><b>\u00a0<\/b><\/p>\n<p><a href=\"http:\/\/www.baltijosbrasta.com\/system\/download\/Instruncion%20EN.pdf\" target=\"_blank\" rel=\"noopener\">Lasinhoito-ohje<\/a><\/p>\n<p>&nbsp;<\/p>\n<p>Pyyd\u00e4 henkil\u00f6kohtainen tarjous!<\/p>\n<p>&nbsp;<\/p>\n<p>&nbsp;<\/p>\n","protected":false},"excerpt":{"rendered":"<p><strong>Suihkukaappimallistosta ACROBAT<\/strong><\/p>\n<p>Kaunis ja moderni skandinaavistyylinen suihkukaappi, joka sopii t\u00e4ydellisesti mihin tahansa kylpyhuoneeseen.<\/p>\n<ul>\n<li>poikkeuksellista joustavuutta<\/li>\n<li>vahvuus<\/li>\n<li>ketteryytt\u00e4 ja tasapainoa<\/li>\n<li>kehykset\u00f6n rakenne<\/li>\n<li>helppo puhdistaa<\/li>\n<\/ul>\n","protected":false},"featured_media":8237,"comment_status":"open","ping_status":"closed","template":"","meta":{"_acf_changed":false},"factory":[],"free-shipment":[],"product_brand":[],"product_cat":[1121,1335],"product_tag":[],"class_list":{"0":"post-13865","1":"product","2":"type-product","3":"status-publish","4":"has-post-thumbnail","6":"product_cat-saniteetti","7":"product_cat-suihkukaapit","9":"first","10":"instock","11":"sale","12":"taxable","13":"shipping-taxable","14":"purchasable","15":"product-type-simple"},"acf":[],"_links":{"self":[{"href":"https:\/\/factory.sale\/fi\/wp-json\/wp\/v2\/product\/13865","targetHints":{"allow":["GET"]}}],"collection":[{"href":"https:\/\/factory.sale\/fi\/wp-json\/wp\/v2\/product"}],"about":[{"href":"https:\/\/factory.sale\/fi\/wp-json\/wp\/v2\/types\/product"}],"replies":[{"embeddable":true,"href":"https:\/\/factory.sale\/fi\/wp-json\/wp\/v2\/comments?post=13865"}],"wp:featuredmedia":[{"embeddable":true,"href":"https:\/\/factory.sale\/fi\/wp-json\/wp\/v2\/media\/8237"}],"wp:attachment":[{"href":"https:\/\/factory.sale\/fi\/wp-json\/wp\/v2\/media?parent=13865"}],"wp:term":[{"taxonomy":"factory","embeddable":true,"href":"https:\/\/factory.sale\/fi\/wp-json\/wp\/v2\/factory?post=13865"},{"taxonomy":"free-shipment","embeddable":true,"href":"https:\/\/factory.sale\/fi\/wp-json\/wp\/v2\/free-shipment?post=13865"},{"taxonomy":"product_brand","embeddable":true,"href":"https:\/\/factory.sale\/fi\/wp-json\/wp\/v2\/product_brand?post=13865"},{"taxonomy":"product_cat","embeddable":true,"href":"https:\/\/factory.sale\/fi\/wp-json\/wp\/v2\/product_cat?post=13865"},{"taxonomy":"product_tag","embeddable":true,"href":"https:\/\/factory.sale\/fi\/wp-json\/wp\/v2\/product_tag?post=13865"}],"curies":[{"name":"wp","href":"https:\/\/api.w.org\/{rel}","templated":true}]}}