{"id":13849,"date":"2022-08-16T07:00:37","date_gmt":"2022-10-02T21:31:53","guid":{"rendered":"https:\/\/factory.sale\/?post_type=product&#038;p=13849"},"modified":"2026-02-10T19:51:12","modified_gmt":"2026-02-10T16:51:12","slug":"turvakaide-huum-steel","status":"publish","type":"product","link":"https:\/\/factory.sale\/fi\/tuote\/turvakaide-huum-steel\/","title":{"rendered":"Turvakaide HUUM STEEL"},"content":{"rendered":"<h2><span style=\"font-size: 14pt;\">Turvakaide HUUM STEEL<\/span><\/h2>\n<p>HUUM STEEL -kiukaan turvakaide nostaa saunan turvallisuuden uudelle tasolle ja lis\u00e4\u00e4 tyyli\u00e4 kiukaaseesi.<\/p>\n<p>Turvakaide est\u00e4\u00e4 tahattoman kosketuksen kuumaan l\u00e4mmittimeen ja n\u00e4ytt\u00e4\u00e4 hyv\u00e4lt\u00e4.<\/p>\n<p><strong>Suojakaide on valmistettu vaaleasta puusta ja sopii seuraaviin STEEL-l\u00e4mmittimiin:<\/strong><\/p>\n<p>HUUM STEEL: 6kW<br \/>\nHUUM STEEL: 9kW<br \/>\nHUUM STEEL: 10,5 kW<\/p>\n<p><strong>Tekniset tiedot:<\/strong><\/p>\n<p>PAINO: 2 kg<br \/>\nPITUUS: 54,5 cm<br \/>\nLEVEYS: 54,5 cm<\/p>\n<p>EAN 4744103019243<\/p>\n<p>&nbsp;<\/p>\n<div class=\"video-wrapper \"><iframe loading=\"lazy\" title=\"HUUM STEEL safety railing\" src=\"https:\/\/player.vimeo.com\/video\/986264231?dnt=1&amp;app_id=122963\" width=\"500\" height=\"281\" frameborder=\"0\" allow=\"autoplay; fullscreen; picture-in-picture; clipboard-write; encrypted-media; web-share\" referrerpolicy=\"strict-origin-when-cross-origin\"><\/iframe><\/div>\n<p>&nbsp;<\/p>\n<p><a title=\"Avaa video uudessa v\u00e4lilehdess\u00e4\" href=\"https:\/\/vimeo.com\/986264231\" target=\"_blank\" rel=\"noopener\">Avaa video uudessa v\u00e4lilehdess\u00e4<\/a><\/p>\n<p><a title=\"Tutustu samankaltaisiin tuotteisiin t\u00e4\u00e4ll\u00e4\" href=\"https:\/\/factory.sale\/fi\/tuote-osasto\/saniteetti\/sauna-kiukaiden-tarvikkeet\/\">Tutustu samankaltaisiin tuotteisiin t\u00e4\u00e4ll\u00e4<\/a><\/p>\n","protected":false},"excerpt":{"rendered":"<ul>\n<li>Lis\u00e4\u00e4 turvallisuutta<\/li>\n<li>Tyylik\u00e4s<\/li>\n<li>Est\u00e4\u00e4 tahattoman kosketuksen kuumaan l\u00e4mmittimeen<\/li>\n<\/ul>\n<p>&nbsp;<\/p>\n","protected":false},"featured_media":100193,"comment_status":"open","ping_status":"closed","template":"","meta":{"_acf_changed":false},"factory":[],"free-shipment":[],"product_brand":[4433],"product_cat":[4893],"product_tag":[859,868,2106,865],"class_list":{"0":"post-13849","1":"product","2":"type-product","3":"status-publish","4":"has-post-thumbnail","6":"product_brand-huum-fi","7":"product_cat-sauna-kiukaiden-tarvikkeet","8":"product_tag-huum-fi","9":"product_tag-sanitary-ware-fi","10":"product_tag-sauna-fi","11":"product_tag-saunas-fi","13":"first","14":"instock","15":"sale","16":"taxable","17":"shipping-taxable","18":"purchasable","19":"product-type-simple"},"acf":[],"_links":{"self":[{"href":"https:\/\/factory.sale\/fi\/wp-json\/wp\/v2\/product\/13849","targetHints":{"allow":["GET"]}}],"collection":[{"href":"https:\/\/factory.sale\/fi\/wp-json\/wp\/v2\/product"}],"about":[{"href":"https:\/\/factory.sale\/fi\/wp-json\/wp\/v2\/types\/product"}],"replies":[{"embeddable":true,"href":"https:\/\/factory.sale\/fi\/wp-json\/wp\/v2\/comments?post=13849"}],"wp:featuredmedia":[{"embeddable":true,"href":"https:\/\/factory.sale\/fi\/wp-json\/wp\/v2\/media\/100193"}],"wp:attachment":[{"href":"https:\/\/factory.sale\/fi\/wp-json\/wp\/v2\/media?parent=13849"}],"wp:term":[{"taxonomy":"factory","embeddable":true,"href":"https:\/\/factory.sale\/fi\/wp-json\/wp\/v2\/factory?post=13849"},{"taxonomy":"free-shipment","embeddable":true,"href":"https:\/\/factory.sale\/fi\/wp-json\/wp\/v2\/free-shipment?post=13849"},{"taxonomy":"product_brand","embeddable":true,"href":"https:\/\/factory.sale\/fi\/wp-json\/wp\/v2\/product_brand?post=13849"},{"taxonomy":"product_cat","embeddable":true,"href":"https:\/\/factory.sale\/fi\/wp-json\/wp\/v2\/product_cat?post=13849"},{"taxonomy":"product_tag","embeddable":true,"href":"https:\/\/factory.sale\/fi\/wp-json\/wp\/v2\/product_tag?post=13849"}],"curies":[{"name":"wp","href":"https:\/\/api.w.org\/{rel}","templated":true}]}}