{"id":13847,"date":"2022-08-15T08:52:43","date_gmt":"2022-10-02T21:24:52","guid":{"rendered":"https:\/\/factory.sale\/?post_type=product&#038;p=13847"},"modified":"2026-01-25T11:53:00","modified_gmt":"2026-01-25T08:53:00","slug":"turvakaide-huum-drop-kiukaisiin","status":"publish","type":"product","link":"https:\/\/factory.sale\/fi\/tuote\/turvakaide-huum-drop-kiukaisiin\/","title":{"rendered":"Turvakaide HUUM DROP -kiukaisiin"},"content":{"rendered":"<h2><span style=\"font-size: 14pt;\">Turvakaide HUUM DROP -kiukaisiin<\/span><\/h2>\n<p>HUUM DROP -kiukaiden suojaava este nostaa saunan turvallisuuden uudelle tasolle ja tekee kiukaastasi entist\u00e4 tyylikk\u00e4\u00e4mm\u00e4n. Se est\u00e4\u00e4 tahattoman kosketuksen kuumaan l\u00e4mmittimeen ja n\u00e4ytt\u00e4\u00e4 eritt\u00e4in hyv\u00e4lt\u00e4.<\/p>\n<p>Suojakaiteen kaaret on valmistettu vaaleasta puusta.<\/p>\n<p>&nbsp;<\/p>\n<p><strong>Tekniset tiedot:<\/strong><\/p>\n<p>PAINO: 2 kg<\/p>\n<p>EAN 4744103019007<\/p>\n<p>&nbsp;<\/p>\n<div class=\"video-wrapper \"><iframe loading=\"lazy\" title=\"HUUM DROP safety railing\" src=\"https:\/\/player.vimeo.com\/video\/986298879?dnt=1&amp;app_id=122963\" width=\"500\" height=\"281\" frameborder=\"0\" allow=\"autoplay; fullscreen; picture-in-picture; clipboard-write; encrypted-media; web-share\" referrerpolicy=\"strict-origin-when-cross-origin\"><\/iframe><\/div>\n<p>Tutustu samankaltaisiin tuotteisiin\u00a0<a title=\"t\u00e4\u00e4ll\u00e4\" href=\"https:\/\/factory.sale\/fi\/tuote-osasto\/saniteetti\/sauna-kiukaiden-tarvikkeet\/\">t\u00e4\u00e4ll\u00e4<\/a><\/p>\n","protected":false},"excerpt":{"rendered":"<ul>\n<li>Lis\u00e4\u00e4 turvallisuutta<\/li>\n<li>Tyylik\u00e4s<\/li>\n<li>Est\u00e4\u00e4 tahattoman kosketuksen l\u00e4mmittimeen<\/li>\n<\/ul>\n","protected":false},"featured_media":100190,"comment_status":"open","ping_status":"closed","template":"","meta":{"_acf_changed":false},"factory":[],"free-shipment":[],"product_brand":[4433],"product_cat":[4893],"product_tag":[859,868,2106],"class_list":{"0":"post-13847","1":"product","2":"type-product","3":"status-publish","4":"has-post-thumbnail","6":"product_brand-huum-fi","7":"product_cat-sauna-kiukaiden-tarvikkeet","8":"product_tag-huum-fi","9":"product_tag-sanitary-ware-fi","10":"product_tag-sauna-fi","12":"first","13":"instock","14":"sale","15":"taxable","16":"shipping-taxable","17":"purchasable","18":"product-type-simple"},"acf":[],"_links":{"self":[{"href":"https:\/\/factory.sale\/fi\/wp-json\/wp\/v2\/product\/13847","targetHints":{"allow":["GET"]}}],"collection":[{"href":"https:\/\/factory.sale\/fi\/wp-json\/wp\/v2\/product"}],"about":[{"href":"https:\/\/factory.sale\/fi\/wp-json\/wp\/v2\/types\/product"}],"replies":[{"embeddable":true,"href":"https:\/\/factory.sale\/fi\/wp-json\/wp\/v2\/comments?post=13847"}],"wp:featuredmedia":[{"embeddable":true,"href":"https:\/\/factory.sale\/fi\/wp-json\/wp\/v2\/media\/100190"}],"wp:attachment":[{"href":"https:\/\/factory.sale\/fi\/wp-json\/wp\/v2\/media?parent=13847"}],"wp:term":[{"taxonomy":"factory","embeddable":true,"href":"https:\/\/factory.sale\/fi\/wp-json\/wp\/v2\/factory?post=13847"},{"taxonomy":"free-shipment","embeddable":true,"href":"https:\/\/factory.sale\/fi\/wp-json\/wp\/v2\/free-shipment?post=13847"},{"taxonomy":"product_brand","embeddable":true,"href":"https:\/\/factory.sale\/fi\/wp-json\/wp\/v2\/product_brand?post=13847"},{"taxonomy":"product_cat","embeddable":true,"href":"https:\/\/factory.sale\/fi\/wp-json\/wp\/v2\/product_cat?post=13847"},{"taxonomy":"product_tag","embeddable":true,"href":"https:\/\/factory.sale\/fi\/wp-json\/wp\/v2\/product_tag?post=13847"}],"curies":[{"name":"wp","href":"https:\/\/api.w.org\/{rel}","templated":true}]}}