{"id":13845,"date":"2022-08-16T10:23:24","date_gmt":"2022-10-02T21:22:41","guid":{"rendered":"https:\/\/factory.sale\/?post_type=product&#038;p=13845"},"modified":"2026-02-10T19:39:04","modified_gmt":"2026-02-10T16:39:04","slug":"heijastin-huum-steel","status":"publish","type":"product","link":"https:\/\/factory.sale\/fi\/tuote\/heijastin-huum-steel\/","title":{"rendered":"Heijastin HUUM STEEL"},"content":{"rendered":"<p>Asettamalla peilin HUUM STEEL -kiukaan p\u00e4\u00e4lle, on mahdollista saavuttaa puolet turvaet\u00e4isyyksist\u00e4 seiniin.<\/p>\n<p>Heijastin on valmistettu ruostumattomasta ter\u00e4ksest\u00e4 ja se on asennettu kiukaan sivulle tai sivuille.<\/p>\n<p>Sarja sis\u00e4lt\u00e4\u00e4 yhden peilin.<\/p>\n<p>EAN: 4744103019380<\/p>\n<p><strong>Peili sopii seuraaviin STEEL-l\u00e4mmittimiin:<\/strong><\/p>\n<ul>\n<li>HUUM TER\u00c4S 6kW<\/li>\n<li>HUUM TER\u00c4S 9kW<\/li>\n<li>HUUM TER\u00c4S 10,5 kW<\/li>\n<\/ul>\n<p><strong>Tekniset tiedot:<\/strong><\/p>\n<ul>\n<li>LEVEYS: 32 cm<\/li>\n<li>KORKEUS: 97,5 cm<\/li>\n<li>EAN 4744103019281<\/li>\n<\/ul>\n<p>&nbsp;<\/p>\n<div class=\"video-wrapper \"><iframe loading=\"lazy\" title=\"HUUM STEEL heat reflector\" src=\"https:\/\/player.vimeo.com\/video\/986256248?dnt=1&amp;app_id=122963\" width=\"500\" height=\"281\" frameborder=\"0\" allow=\"autoplay; fullscreen; picture-in-picture; clipboard-write; encrypted-media; web-share\" referrerpolicy=\"strict-origin-when-cross-origin\"><\/iframe><\/div>\n<p>&nbsp;<\/p>\n<p><a title=\"Avaa video uudessa v\u00e4lilehdess\u00e4\" href=\"https:\/\/vimeo.com\/986256248\" target=\"_blank\" rel=\"noopener\">Avaa video uudessa v\u00e4lilehdess\u00e4<\/a><\/p>\n<p><a title=\"Tutustu samankaltaisiin tuotteisiin t\u00e4\u00e4ll\u00e4\" href=\"https:\/\/factory.sale\/fi\/tuote-osasto\/saniteetti\/sauna-kiukaiden-tarvikkeet\/\">Tutustu samankaltaisiin tuotteisiin t\u00e4\u00e4ll\u00e4<\/a><\/p>\n","protected":false},"excerpt":{"rendered":"<p>Asettamalla peilin HUUM STEEL -kiukaan p\u00e4\u00e4lle, on mahdollista saavuttaa puolet turvaet\u00e4isyyksist\u00e4 seiniin.<\/p>\n<p>Heijastin on valmistettu ruostumattomasta ter\u00e4ksest\u00e4 ja se on asennettu kiukaan sivulle tai sivuille.<\/p>\n","protected":false},"featured_media":100187,"comment_status":"open","ping_status":"closed","template":"","meta":{"_acf_changed":false},"factory":[],"free-shipment":[],"product_brand":[4433],"product_cat":[4893],"product_tag":[859,1406,868,2106],"class_list":{"0":"post-13845","1":"product","2":"type-product","3":"status-publish","4":"has-post-thumbnail","6":"product_brand-huum-fi","7":"product_cat-sauna-kiukaiden-tarvikkeet","8":"product_tag-huum-fi","9":"product_tag-mirror-fi","10":"product_tag-sanitary-ware-fi","11":"product_tag-sauna-fi","13":"first","14":"instock","15":"sale","16":"taxable","17":"shipping-taxable","18":"purchasable","19":"product-type-simple"},"acf":[],"_links":{"self":[{"href":"https:\/\/factory.sale\/fi\/wp-json\/wp\/v2\/product\/13845","targetHints":{"allow":["GET"]}}],"collection":[{"href":"https:\/\/factory.sale\/fi\/wp-json\/wp\/v2\/product"}],"about":[{"href":"https:\/\/factory.sale\/fi\/wp-json\/wp\/v2\/types\/product"}],"replies":[{"embeddable":true,"href":"https:\/\/factory.sale\/fi\/wp-json\/wp\/v2\/comments?post=13845"}],"wp:featuredmedia":[{"embeddable":true,"href":"https:\/\/factory.sale\/fi\/wp-json\/wp\/v2\/media\/100187"}],"wp:attachment":[{"href":"https:\/\/factory.sale\/fi\/wp-json\/wp\/v2\/media?parent=13845"}],"wp:term":[{"taxonomy":"factory","embeddable":true,"href":"https:\/\/factory.sale\/fi\/wp-json\/wp\/v2\/factory?post=13845"},{"taxonomy":"free-shipment","embeddable":true,"href":"https:\/\/factory.sale\/fi\/wp-json\/wp\/v2\/free-shipment?post=13845"},{"taxonomy":"product_brand","embeddable":true,"href":"https:\/\/factory.sale\/fi\/wp-json\/wp\/v2\/product_brand?post=13845"},{"taxonomy":"product_cat","embeddable":true,"href":"https:\/\/factory.sale\/fi\/wp-json\/wp\/v2\/product_cat?post=13845"},{"taxonomy":"product_tag","embeddable":true,"href":"https:\/\/factory.sale\/fi\/wp-json\/wp\/v2\/product_tag?post=13845"}],"curies":[{"name":"wp","href":"https:\/\/api.w.org\/{rel}","templated":true}]}}