{"id":13843,"date":"2022-06-17T15:53:58","date_gmt":"2022-10-02T21:20:18","guid":{"rendered":"https:\/\/factory.sale\/?post_type=product&#038;p=13843"},"modified":"2026-03-05T15:36:16","modified_gmt":"2026-03-05T12:36:16","slug":"huum-saunaset-katon-lapi","status":"publish","type":"product","link":"https:\/\/factory.sale\/fi\/tuote\/huum-saunaset-katon-lapi\/","title":{"rendered":"HUUM Saunaset &#8211; katon l\u00e4pi"},"content":{"rendered":"<p><strong>SETTI SIS\u00c4LT\u00c4\u00c4:<\/strong><\/p>\n<ul>\n<li>Yksisein\u00e4inen 1 m putki<\/li>\n<li>Savupiipun pohja, hitsattu<\/li>\n<li>Kaksisein\u00e4inen savupiippu 0,5 m<\/li>\n<li>Katon peitelevy (2 osaa)<\/li>\n<li>Kattokiinnitys savupiippuun<\/li>\n<li>Kaksisein\u00e4inen suora putki 1 m<\/li>\n<li>Ilmastoitu katto, joka vilkkuu 0-20 astetta<\/li>\n<li>Sadekaulus<\/li>\n<li>Savupiipun korkki<\/li>\n<\/ul>\n<p><a href=\"https:\/\/factory.sale\/wp-content\/uploads\/2022\/06\/HUUM-Saunaset-katon-lapi.jpg\" target=\"_blank\" rel=\"noopener\">Tuotelehti l\u00f6ytyy t\u00e4\u00e4lt\u00e4<\/a><\/p>\n<p><strong>EAN:<\/strong> 4744103017157<\/p>\n","protected":false},"excerpt":{"rendered":"<p>T\u00e4m\u00e4 savupiippusarja on suunniteltu ulottumaan suoraan kattoon ja se on yhteensopiva HUUMin puul\u00e4mmitteisten kiukaiden kanssa.<\/p>\n","protected":false},"featured_media":94448,"comment_status":"open","ping_status":"closed","template":"","meta":{"_acf_changed":false},"factory":[],"free-shipment":[],"product_brand":[],"product_cat":[4161,1334],"product_tag":[859,2106],"class_list":{"0":"post-13843","1":"product","2":"type-product","3":"status-publish","4":"has-post-thumbnail","6":"product_cat-piippusetit","7":"product_cat-saunatarvikkeet","8":"product_tag-huum-fi","9":"product_tag-sauna-fi","11":"first","12":"instock","13":"sale","14":"taxable","15":"shipping-taxable","16":"purchasable","17":"product-type-simple"},"acf":[],"_links":{"self":[{"href":"https:\/\/factory.sale\/fi\/wp-json\/wp\/v2\/product\/13843","targetHints":{"allow":["GET"]}}],"collection":[{"href":"https:\/\/factory.sale\/fi\/wp-json\/wp\/v2\/product"}],"about":[{"href":"https:\/\/factory.sale\/fi\/wp-json\/wp\/v2\/types\/product"}],"replies":[{"embeddable":true,"href":"https:\/\/factory.sale\/fi\/wp-json\/wp\/v2\/comments?post=13843"}],"wp:featuredmedia":[{"embeddable":true,"href":"https:\/\/factory.sale\/fi\/wp-json\/wp\/v2\/media\/94448"}],"wp:attachment":[{"href":"https:\/\/factory.sale\/fi\/wp-json\/wp\/v2\/media?parent=13843"}],"wp:term":[{"taxonomy":"factory","embeddable":true,"href":"https:\/\/factory.sale\/fi\/wp-json\/wp\/v2\/factory?post=13843"},{"taxonomy":"free-shipment","embeddable":true,"href":"https:\/\/factory.sale\/fi\/wp-json\/wp\/v2\/free-shipment?post=13843"},{"taxonomy":"product_brand","embeddable":true,"href":"https:\/\/factory.sale\/fi\/wp-json\/wp\/v2\/product_brand?post=13843"},{"taxonomy":"product_cat","embeddable":true,"href":"https:\/\/factory.sale\/fi\/wp-json\/wp\/v2\/product_cat?post=13843"},{"taxonomy":"product_tag","embeddable":true,"href":"https:\/\/factory.sale\/fi\/wp-json\/wp\/v2\/product_tag?post=13843"}],"curies":[{"name":"wp","href":"https:\/\/api.w.org\/{rel}","templated":true}]}}