{"id":13841,"date":"2025-06-17T20:49:48","date_gmt":"2022-10-02T21:17:01","guid":{"rendered":"https:\/\/factory.sale\/?post_type=product&#038;p=13841"},"modified":"2026-03-05T16:46:25","modified_gmt":"2026-03-05T13:46:25","slug":"puukiuas-huum-hive-wood-17kw-ls","status":"publish","type":"product","link":"https:\/\/factory.sale\/fi\/tuote\/puukiuas-huum-hive-wood-17kw-ls\/","title":{"rendered":"Puukiuas HUUM HIVE Wood 17kW LS"},"content":{"rendered":"<h2><span style=\"font-size: 14pt;\">Puukiuas HUUM HIVE Wood 17kW LS<\/span><\/h2>\n<p>HUUM HIVE Wood -puukiuas on varma ja tyylik\u00e4s valinta, kun arvostat perinteisen saunan yksinkertaisuutta tai saunahuoneessasi ei ole s\u00e4hk\u00f6kytkent\u00e4\u00e4. Kiukaan pohjoismainen, rauhallinen muotoilu korostaa kivien luonnollista kauneutta. HIVE Wood on sek\u00e4 tehokas ett\u00e4 kest\u00e4v\u00e4. Suuri kivim\u00e4\u00e4r\u00e4 takaa pitk\u00e4\u00e4n kest\u00e4v\u00e4n ja lempe\u00e4n l\u00f6ylyn. Tuli on voimakasta ja palaminen tehokasta. Tulipes\u00e4n liekkileikkuri, joka joutuu kovimmalle kuumuudelle, on valmistettu 5 mm paksusta ter\u00e4ksest\u00e4 ja on eritt\u00e4in kest\u00e4v\u00e4. Saunaveden l\u00e4mmitt\u00e4mist\u00e4 varten kivien alle voidaan asentaa l\u00e4mm\u00f6nvaihdin. El\u00e4v\u00e4 tuli ja puun r\u00e4tin\u00e4 pes\u00e4ss\u00e4 luovat viihtyis\u00e4n tunnelman ja auttavat sinua irtautumaan arjen kiireist\u00e4.<\/p>\n<p>HIVE Wood LS mahdollistaa saunan l\u00e4mmitt\u00e4misen viereisest\u00e4 huoneesta.<\/p>\n<p>Suosittelemme asentamaan kiukaaseen suojakaiteen!<\/p>\n<p>Oikean kokoinen kiuas = t\u00e4ydellinen sauna! K\u00e4yt\u00e4 <a href=\"https:\/\/huum.eu\/calculator\/\" target=\"_blank\" rel=\"noopener\">saunalaskuriamme<\/a> l\u00f6yt\u00e4\u00e4ksesi ihanteellisen tehon.<\/p>\n<p>&nbsp;<\/p>\n<p><strong>Pakkaus sis\u00e4lt\u00e4\u00e4:<\/strong><\/p>\n<ul>\n<li>puul\u00e4mmitteinen kiuas<\/li>\n<\/ul>\n<p><strong>Kiuas tarvitsee lis\u00e4ksi:<\/strong><\/p>\n<ul>\n<li>135 kg <a href=\"https:\/\/factory.sale\/fi\/tuote\/lammittimen-kivet\/\" target=\"_blank\" rel=\"noopener\">kiuaskivi\u00e4<\/a> (5-10 cm)<\/li>\n<li>Liit\u00e4nt\u00e4 savupiippuun<\/li>\n<\/ul>\n<p><strong>Tekniset tiedot:<\/strong><\/p>\n<ul>\n<li>teho: 17 kW<\/li>\n<li>l\u00e4mmitetty huone min.: 8 m\u00b3<\/li>\n<li>l\u00e4mmitetty huone max.: 16 m\u00b3<\/li>\n<li>kivien kapasiteetti: ~135 kg<\/li>\n<li>paino: 77 kg<\/li>\n<li>korkeus: 750 mm<\/li>\n<li>leveys: 555 mm<\/li>\n<li>syvyys: 740 mm<\/li>\n<li>polttopuun pituus: 400 mm<\/li>\n<li>savuhormin kalkaisija: 115 mm<\/li>\n<\/ul>\n<p><strong>Puul\u00e4mmittimen turvaet\u00e4isyydet:<\/strong><\/p>\n<ul>\n<li>A: 500 mm<\/li>\n<li>B: 500 mm<\/li>\n<li>C: 1000 mm<\/li>\n<li>D: 460 mm<\/li>\n<li>E: 185 mm<\/li>\n<li>F: 740 mm<\/li>\n<li>G: 300 mm<\/li>\n<li>\u00d8: 555 mm<\/li>\n<\/ul>\n<p><strong data-start=\"78\" data-end=\"88\">Takuu:<\/strong><\/p>\n<ul>\n<li>kotik\u00e4ytt\u00f6 \u2013 3 vuotta<\/li>\n<li>ammattik\u00e4ytt\u00f6 \u2013 1 vuosi<\/li>\n<\/ul>\n<p>Tarvitsetko varaosia t\u00e4lle kiukaalle? \u2013 L\u00e4het\u00e4 meille s\u00e4hk\u00f6postia. Kaikki muut lis\u00e4varusteet l\u00f6ytyv\u00e4t <a href=\"https:\/\/factory.sale\/fi\/tuote-osasto\/saniteetti\/saunatarvikkeet\/huum-fi-3\/\" target=\"_blank\" rel=\"noopener\">t\u00e4\u00e4lt\u00e4<\/a>.<\/p>\n<p>HUOM! Savupiippusarjat voi ostaa erikseen &#8211; <a href=\"https:\/\/factory.sale\/fi\/tuote-osasto\/saniteetti\/saunatarvikkeet\/piippusetit\/\" target=\"_blank\" rel=\"noopener\">l\u00f6yd\u00e4t ne t\u00e4\u00e4lt\u00e4<\/a><\/p>\n<p><strong>EAN: 4744103015276<\/strong><\/p>\n<p>&nbsp;<\/p>\n<h2>HUUM HIVE HEAT WOOD KIVIEN SIJOITUS<\/h2>\n<div class=\"video-wrapper \"><iframe loading=\"lazy\" title=\"HUUM HIVE Wood and Heat stone placement\" width=\"500\" height=\"281\" src=\"https:\/\/www.youtube.com\/embed\/6TlsxBdrBZw?feature=oembed\" frameborder=\"0\" allow=\"accelerometer; autoplay; clipboard-write; encrypted-media; gyroscope; picture-in-picture; web-share\" referrerpolicy=\"strict-origin-when-cross-origin\" allowfullscreen><\/iframe><\/div>\n<h2>HUUM SAUNA<\/h2>\n<div class=\"video-wrapper \"><iframe loading=\"lazy\" title=\"HUUM Sauna\" width=\"500\" height=\"281\" src=\"https:\/\/www.youtube.com\/embed\/iwtstDYE1Do?feature=oembed\" frameborder=\"0\" allow=\"accelerometer; autoplay; clipboard-write; encrypted-media; gyroscope; picture-in-picture; web-share\" referrerpolicy=\"strict-origin-when-cross-origin\" allowfullscreen><\/iframe><\/div>\n<h2>MIKSI HUUM?<\/h2>\n<div class=\"video-wrapper \"><iframe loading=\"lazy\" title=\"Why HUUM heaters?\" width=\"500\" height=\"281\" src=\"https:\/\/www.youtube.com\/embed\/mstEnCX5Ehs?feature=oembed\" frameborder=\"0\" allow=\"accelerometer; autoplay; clipboard-write; encrypted-media; gyroscope; picture-in-picture; web-share\" referrerpolicy=\"strict-origin-when-cross-origin\" allowfullscreen><\/iframe><\/div>\n","protected":false},"excerpt":{"rendered":"<p>HUUM HIVE Wood on vienyt kiukaiden rakentamisen muinaisen viisauden uudelle tasolle. Puul\u00e4mmitteisen kiukaan herkin komponentti, liekkisuoja on valmistettu 5 mm paksusta ruostumattomasta ter\u00e4ksest\u00e4 ja on siksi poikkeuksellisen kest\u00e4v\u00e4.<\/p>\n<ul>\n<li>ruostumaton ter\u00e4s<\/li>\n<li>korkea kivikapasiteetti<\/li>\n<\/ul>\n<p>&nbsp;<\/p>\n","protected":false},"featured_media":99731,"comment_status":"open","ping_status":"closed","template":"","meta":{"_acf_changed":false},"factory":[],"free-shipment":[5019],"product_brand":[4433],"product_cat":[858,1121],"product_tag":[4384,868],"class_list":{"0":"post-13841","1":"product","2":"type-product","3":"status-publish","4":"has-post-thumbnail","6":"free-shipment-ilmainen-toimitus","7":"product_brand-huum-fi","8":"product_cat-huum-fi","9":"product_cat-saniteetti","10":"product_tag-heater-fi","11":"product_tag-sanitary-ware-fi","13":"first","14":"instock","15":"sale","16":"taxable","17":"shipping-taxable","18":"purchasable","19":"product-type-simple"},"acf":[],"_links":{"self":[{"href":"https:\/\/factory.sale\/fi\/wp-json\/wp\/v2\/product\/13841","targetHints":{"allow":["GET"]}}],"collection":[{"href":"https:\/\/factory.sale\/fi\/wp-json\/wp\/v2\/product"}],"about":[{"href":"https:\/\/factory.sale\/fi\/wp-json\/wp\/v2\/types\/product"}],"replies":[{"embeddable":true,"href":"https:\/\/factory.sale\/fi\/wp-json\/wp\/v2\/comments?post=13841"}],"wp:featuredmedia":[{"embeddable":true,"href":"https:\/\/factory.sale\/fi\/wp-json\/wp\/v2\/media\/99731"}],"wp:attachment":[{"href":"https:\/\/factory.sale\/fi\/wp-json\/wp\/v2\/media?parent=13841"}],"wp:term":[{"taxonomy":"factory","embeddable":true,"href":"https:\/\/factory.sale\/fi\/wp-json\/wp\/v2\/factory?post=13841"},{"taxonomy":"free-shipment","embeddable":true,"href":"https:\/\/factory.sale\/fi\/wp-json\/wp\/v2\/free-shipment?post=13841"},{"taxonomy":"product_brand","embeddable":true,"href":"https:\/\/factory.sale\/fi\/wp-json\/wp\/v2\/product_brand?post=13841"},{"taxonomy":"product_cat","embeddable":true,"href":"https:\/\/factory.sale\/fi\/wp-json\/wp\/v2\/product_cat?post=13841"},{"taxonomy":"product_tag","embeddable":true,"href":"https:\/\/factory.sale\/fi\/wp-json\/wp\/v2\/product_tag?post=13841"}],"curies":[{"name":"wp","href":"https:\/\/api.w.org\/{rel}","templated":true}]}}