{"id":13837,"date":"2022-08-18T10:01:36","date_gmt":"2022-10-02T21:06:13","guid":{"rendered":"https:\/\/factory.sale\/?post_type=product&#038;p=13837"},"modified":"2026-03-05T16:45:43","modified_gmt":"2026-03-05T13:45:43","slug":"sahkokiuas-huum-hive-mini-9kw","status":"publish","type":"product","link":"https:\/\/factory.sale\/fi\/tuote\/sahkokiuas-huum-hive-mini-9kw\/","title":{"rendered":"S\u00e4hk\u00f6kiuas HUUM HIVE Mini 9kW"},"content":{"rendered":"<p>HUUM HIVE Mini -s\u00e4hk\u00f6kiuas on ohuempi versio majesteettisesta HIVE-kiukaasta ja se on suunniteltu sopimaan hieman pienempiin saunoihin. Kuten isoveljens\u00e4, my\u00f6s HIVE Mini on saanut inspiraationsa mehil\u00e4ispes\u00e4st\u00e4. Sen kauniit kaaret ja py\u00f6re\u00e4 muoto korostavat kivien luonnollista kauneutta ja tekev\u00e4t kiukaasta n\u00e4ytt\u00e4v\u00e4n joka saunan keskipisteen. Kiukaan selke\u00e4 ja pelkistetty muotoilu antaa saunalle pohjoismaisen rauhallisen ilmeen. Kest\u00e4v\u00e4st\u00e4 ruostumattomasta ter\u00e4ksest\u00e4 valmistettuun runkoon mahtuu jopa 150 kg kivi\u00e4 mik\u00e4 takaa pehme\u00e4n ja runsaan l\u00f6ylyn. HIVE Mini mahdollistaa pitk\u00e4n ja rentouttavan saunael\u00e4myksen ilman, ett\u00e4 tarvitaan suurikokoinen kiuas.<\/p>\n<p>Vuodesta 2025 alkaen ilmakanava sis\u00e4ltyy kaikkiin HIVE Mini -malleihin vakiovarusteena.<\/p>\n<p>Suosittelemme asentamaan kiukaaseen suojakaiteen \u2013 joko HUUMin suojakaiteen tai mittatilausty\u00f6n\u00e4 valmistetun suojakaiteen, jotta saunassa olisi enemm\u00e4n turvallisuutta ja mukavuutta.<\/p>\n<p>Oikean kokoinen kiuas = t\u00e4ydellinen sauna! K\u00e4yt\u00e4 <a href=\"https:\/\/huum.eu\/calculator\/\" target=\"_blank\" rel=\"noopener\">saunalaskuriamme<\/a> l\u00f6yt\u00e4\u00e4ksesi ihanteellisen tehon.<\/p>\n<p><strong>Setti sis\u00e4lt\u00e4\u00e4:<\/strong><\/p>\n<ul>\n<li>s\u00e4hk\u00f6kiuas<\/li>\n<li>s\u00e4\u00e4dett\u00e4v\u00e4t jalat (nostavat l\u00e4mmitint\u00e4 jopa 7 cm).<\/li>\n<\/ul>\n<p><strong>Kiuas tarvitsee lis\u00e4ksi:<\/strong><\/p>\n<ul>\n<li>150 kg <a href=\"https:\/\/factory.sale\/fi\/tuote\/lammittimen-kivet\/\" target=\"_blank\" rel=\"noopener\">kiuaskivi\u00e4<\/a> (5-10 cm)<\/li>\n<li><a href=\"https:\/\/factory.sale\/fi\/tuote-osasto\/saniteetti\/ohjauspaneeli\/huum-fi-2\/\" target=\"_blank\" rel=\"noopener\">ohjauspaneelin<\/a><\/li>\n<li>l\u00e4mm\u00f6nkest\u00e4v\u00e4n virtajohdon<\/li>\n<\/ul>\n<p><strong>Tekniset tiedot:<\/strong><\/p>\n<ul>\n<li>teho: 9 kW<\/li>\n<li>l\u00e4mmitetty huone min.: 8 m\u00b3<\/li>\n<li>l\u00e4mmitetty huone max.: 13 m\u00b3<\/li>\n<li>kivien kapasiteetti: 150 kg<\/li>\n<li>paino: 16 kg<\/li>\n<li>korkeus: 750 mm<\/li>\n<li>halkaisija: 460 mm<\/li>\n<\/ul>\n<p><strong>Turvaet\u00e4isyydet:<\/strong><\/p>\n<ul>\n<li>A: 90 mm<\/li>\n<li>B: 640 mm<\/li>\n<li>C: 400 mm<\/li>\n<li>H: 750 mm<\/li>\n<\/ul>\n<p><strong data-start=\"78\" data-end=\"88\">Takuu:<\/strong><\/p>\n<ul>\n<li>kotik\u00e4ytt\u00f6 \u2013 3 vuotta<\/li>\n<li>ammattik\u00e4ytt\u00f6 \u2013 1 vuosi<\/li>\n<\/ul>\n<p>Tarvitsetko varaosia t\u00e4lle kiukaalle? \u2013 L\u00e4het\u00e4 meille s\u00e4hk\u00f6postia. Kaikki muut lis\u00e4varusteet l\u00f6ytyv\u00e4t <a href=\"https:\/\/factory.sale\/fi\/tuote-osasto\/saniteetti\/saunatarvikkeet\/huum-fi-3\/\" target=\"_blank\" rel=\"noopener\">t\u00e4\u00e4lt\u00e4<\/a>.<\/p>\n<p><strong>EAN: 4744103010196<\/strong><\/p>\n<p><a href=\"https:\/\/factory.sale\/wp-content\/uploads\/2021\/03\/huum-hive-paigaldus-ja-kasutusjuhend-2021.pdf\" target=\"_blank\" rel=\"noopener noreferrer\">K\u00e4ytt\u00f6ohjeet<\/a><\/p>\n<p>&nbsp;<\/p>\n<h2>HUUM HIVE MINI KIVIEN SIJOITUS<\/h2>\n<div class=\"video-wrapper \"><iframe loading=\"lazy\" title=\"HUUM HIVE stone placement with air tunnel\" width=\"500\" height=\"281\" src=\"https:\/\/www.youtube.com\/embed\/KGpDOv_lg4M?feature=oembed\" frameborder=\"0\" allow=\"accelerometer; autoplay; clipboard-write; encrypted-media; gyroscope; picture-in-picture; web-share\" referrerpolicy=\"strict-origin-when-cross-origin\" allowfullscreen><\/iframe><\/div>\n<h2>HUUM HIVE MINI ASENNUS<\/h2>\n<div class=\"video-wrapper \"><iframe loading=\"lazy\" title=\"HUUM HIVE Mini installation for EU\" width=\"500\" height=\"281\" src=\"https:\/\/www.youtube.com\/embed\/_IW_3BZ3Etc?feature=oembed\" frameborder=\"0\" allow=\"accelerometer; autoplay; clipboard-write; encrypted-media; gyroscope; picture-in-picture; web-share\" referrerpolicy=\"strict-origin-when-cross-origin\" allowfullscreen><\/iframe><\/div>\n<h2>HUUM SAUNA<\/h2>\n<div class=\"video-wrapper \"><iframe loading=\"lazy\" title=\"Sauna inspiration \u2502 HUUM HIVE Wood \u2502 wood-burning stove\" width=\"500\" height=\"281\" src=\"https:\/\/www.youtube.com\/embed\/s5SwqfqFP9Y?feature=oembed\" frameborder=\"0\" allow=\"accelerometer; autoplay; clipboard-write; encrypted-media; gyroscope; picture-in-picture; web-share\" referrerpolicy=\"strict-origin-when-cross-origin\" allowfullscreen><\/iframe><\/div>\n<h2>MIKSI HUUM?<\/h2>\n<div class=\"video-wrapper \"><iframe loading=\"lazy\" title=\"Why HUUM heaters?\" width=\"500\" height=\"281\" src=\"https:\/\/www.youtube.com\/embed\/mstEnCX5Ehs?feature=oembed\" frameborder=\"0\" allow=\"accelerometer; autoplay; clipboard-write; encrypted-media; gyroscope; picture-in-picture; web-share\" referrerpolicy=\"strict-origin-when-cross-origin\" allowfullscreen><\/iframe><\/div>\n","protected":false},"excerpt":{"rendered":"<p>S\u00e4hk\u00f6kiuas HUUM HIVE Mini 9kW on ohuempi versio suositusta HIVE-kiukaasta. Se on ihanteellinen pienempiin ja keskikokoisiin (8-13 m\u00b3) kotisaunoihin.<\/p>\n","protected":false},"featured_media":133239,"comment_status":"open","ping_status":"closed","template":"","meta":{"_acf_changed":false},"factory":[],"free-shipment":[5019],"product_brand":[4433],"product_cat":[858,1121],"product_tag":[866,859,4974,2106],"class_list":{"0":"post-13837","1":"product","2":"type-product","3":"status-publish","4":"has-post-thumbnail","6":"free-shipment-ilmainen-toimitus","7":"product_brand-huum-fi","8":"product_cat-huum-fi","9":"product_cat-saniteetti","10":"product_tag-electric-sauna-heater-fi","11":"product_tag-huum-fi","12":"product_tag-huum-hive-fi","13":"product_tag-sauna-fi","15":"first","16":"instock","17":"sale","18":"taxable","19":"shipping-taxable","20":"purchasable","21":"product-type-simple"},"acf":[],"_links":{"self":[{"href":"https:\/\/factory.sale\/fi\/wp-json\/wp\/v2\/product\/13837","targetHints":{"allow":["GET"]}}],"collection":[{"href":"https:\/\/factory.sale\/fi\/wp-json\/wp\/v2\/product"}],"about":[{"href":"https:\/\/factory.sale\/fi\/wp-json\/wp\/v2\/types\/product"}],"replies":[{"embeddable":true,"href":"https:\/\/factory.sale\/fi\/wp-json\/wp\/v2\/comments?post=13837"}],"wp:featuredmedia":[{"embeddable":true,"href":"https:\/\/factory.sale\/fi\/wp-json\/wp\/v2\/media\/133239"}],"wp:attachment":[{"href":"https:\/\/factory.sale\/fi\/wp-json\/wp\/v2\/media?parent=13837"}],"wp:term":[{"taxonomy":"factory","embeddable":true,"href":"https:\/\/factory.sale\/fi\/wp-json\/wp\/v2\/factory?post=13837"},{"taxonomy":"free-shipment","embeddable":true,"href":"https:\/\/factory.sale\/fi\/wp-json\/wp\/v2\/free-shipment?post=13837"},{"taxonomy":"product_brand","embeddable":true,"href":"https:\/\/factory.sale\/fi\/wp-json\/wp\/v2\/product_brand?post=13837"},{"taxonomy":"product_cat","embeddable":true,"href":"https:\/\/factory.sale\/fi\/wp-json\/wp\/v2\/product_cat?post=13837"},{"taxonomy":"product_tag","embeddable":true,"href":"https:\/\/factory.sale\/fi\/wp-json\/wp\/v2\/product_tag?post=13837"}],"curies":[{"name":"wp","href":"https:\/\/api.w.org\/{rel}","templated":true}]}}