{"id":138273,"date":"2026-01-26T12:02:17","date_gmt":"2026-01-26T09:02:20","guid":{"rendered":"https:\/\/factory.sale\/?post_type=product&#038;p=138273"},"modified":"2026-03-05T16:50:28","modified_gmt":"2026-03-05T13:50:28","slug":"sahkokiuas-huum-core-wall-combi-7-musta-75kw","status":"publish","type":"product","link":"https:\/\/factory.sale\/fi\/tuote\/sahkokiuas-huum-core-wall-combi-7-musta-75kw\/","title":{"rendered":"S\u00e4hk\u00f6kiuas HUUM CORE Wall Combi 7 musta 7,5kW"},"content":{"rendered":"<h2><span style=\"font-size: 14pt;\">S\u00e4hk\u00f6kiuas HUUM CORE Wall Combi 7 musta 7,5kW<\/span><\/h2>\n<p>HUUM CORE Wall Combi -s\u00e4hk\u00f6kiuas on palkitun CORE-sarjan uusin lis\u00e4ys. CORE-kiuas on jo saanut kansainv\u00e4list\u00e4 tunnustusta muotoilustaan ja suorituskyvyst\u00e4\u00e4n, ja nyt samat arvot on siirretty uuteen, sein\u00e4\u00e4n asennettavaan HUUM CORE Wall -sarjaan.<\/p>\n<p>Kiukaan minimalistinen muoto ja hienostunut viimeistely tekev\u00e4t siit\u00e4 n\u00e4ytt\u00e4v\u00e4n yksityiskohdan saunaan, samalla kun se vapauttaa arvokasta lattiatilaa.<\/p>\n<p>HUUM CORE Wall Combi ja CORE Wall Mini Combi laajentavat CORE-sarjaa integroidulla h\u00f6yrytoiminnolla ja tarjoavat entist\u00e4 monipuolisemman saunakokemuksen. Perinteisen kuivan l\u00e4mm\u00f6n lis\u00e4ksi kiukaissa on sis\u00e4\u00e4nrakennettu 3\u20135 litran vesis\u00e4ili\u00f6, joka tuottaa pehme\u00e4\u00e4 ja kosteaa h\u00f6yry\u00e4 jopa kahden tunnin ajan.<\/p>\n<p>Aromikulho mahdollistaa saunatuokioiden rikastamisen luonnollisilla tuoksuilla ja tuo saunomiseen kevyen kylpyl\u00e4henkisen vivahteen.<\/p>\n<p>Kiukaaseen mahtuu jopa 20 kg kiuaskivi\u00e4, mik\u00e4 takaa runsaat l\u00f6ylyt ja luonnollisen pehme\u00e4n saunael\u00e4myksen.<\/p>\n<p>Sein\u00e4\u00e4n asennettavien mallien ja Combi-vaihtoehtojen my\u00f6t\u00e4 HUUM avaa uusia mahdollisuuksia erilaisten saunaratkaisujen toteuttamiseen \u2013 aina tilaa s\u00e4\u00e4st\u00e4vist\u00e4 ratkaisuista kompakteihin saunoihin ja selke\u00e4sti muotoiluun keskittyviin saunakokonaisuuksiin.<\/p>\n<p>Oikean tehoinen kiuas = parempi sauna!<br \/>\nK\u00e4yt\u00e4 <a href=\"https:\/\/huum.eu\/calculator\/\" target=\"_blank\" rel=\"noopener\">saunalaskuriamme<\/a> l\u00f6yt\u00e4\u00e4ksesi ihanteellisen tehon.<\/p>\n<p><strong>Tekniset tiedot:<\/strong><\/p>\n<ul>\n<li>Teho: 7,5 kW<\/li>\n<li>H\u00f6yrystimen teho: 2,0 kW<\/li>\n<li>Suositeltu l\u00f6ylyhuoneen koko: 7-11 m\u00b3<\/li>\n<li>Kivim\u00e4\u00e4r\u00e4: 20 kg<\/li>\n<li>Paino: 19 kg<\/li>\n<li>Korkeus: 551 mm<\/li>\n<li>Leveys: 400 mm<\/li>\n<li>Syvyys: 400 mm<\/li>\n<li>Sy\u00f6tt\u00f6j\u00e4nnite: 3\/N~400 V<\/li>\n<li>Suositeltu sulake: 16 A<\/li>\n<li>Virtakaapeli: 7 \u00d7 2,5 mm\u00b2<\/li>\n<li>H\u00f6yryk\u00e4yt\u00f6n suositeltu l\u00e4mp\u00f6tila: 40\u201370 \u00b0C<\/li>\n<li>Kuivak\u00e4yt\u00f6n suositeltu l\u00e4mp\u00f6tila: 70\u2013100 \u00b0C<\/li>\n<li>V\u00e4ri: musta<\/li>\n<li>EAN: 4744103010660<\/li>\n<\/ul>\n<p><strong>Liit\u00e4nt\u00e4 ja asennus:<\/strong><\/p>\n<ul>\n<li>Kiuas on suunniteltu kolmivaiheliit\u00e4nt\u00e4\u00e4n 3\/N~400 V.<\/li>\n<li>Tarvittaessa on mahdollista k\u00e4ytt\u00e4\u00e4 my\u00f6s 230 V 1N -liit\u00e4nt\u00e4\u00e4, kun johdotus tehd\u00e4\u00e4n ohjeiden mukaisesti ja l\u00e4mmityspiirit jaetaan ennen sulaketta.<\/li>\n<li>Asennus ja s\u00e4hk\u00f6kytkenn\u00e4t tulee suorittaa p\u00e4tev\u00e4n s\u00e4hk\u00f6asentajan toimesta paikallisten m\u00e4\u00e4r\u00e4ysten mukaisesti.<\/li>\n<li>K\u00e4yt\u00e4 aina l\u00e4mm\u00f6nkest\u00e4v\u00e4\u00e4 virtakaapelia, joka vastaa liit\u00e4nt\u00e4tapaa ja sulaketta.<\/li>\n<\/ul>\n<p><strong>Turvaet\u00e4isyydet:<\/strong><\/p>\n<p>Asennuksessa on noudatettava seuraavia v\u00e4himm\u00e4isturvaet\u00e4isyyksi\u00e4 palavista materiaaleista ja saunan pinnoista:<\/p>\n<ul>\n<li>A: 40 mm<\/li>\n<li>B: 480 mm<\/li>\n<li>C: 440 mm<\/li>\n<li>D: 80 mm<\/li>\n<li>E: 175 mm<\/li>\n<\/ul>\n<p><strong>Toimitussis\u00e4lt\u00f6:<\/strong><\/p>\n<ul>\n<li>s\u00e4hk\u00f6kiuas<\/li>\n<li>kiukaan kiinnityslevy<\/li>\n<li>h\u00f6yrystimen suojakansi<\/li>\n<li>vastuksen v\u00e4likappale<\/li>\n<li>vastuksen pidike<\/li>\n<li>tippakaukalo rungolla<\/li>\n<\/ul>\n<p><strong>Kiuas tarvitsee lis\u00e4ksi:<\/strong><\/p>\n<ul>\n<li>20 kg <a href=\"https:\/\/factory.sale\/fi\/tuote\/lammittimen-kivet\/\" target=\"_blank\" rel=\"noopener\">kiuaskivi\u00e4<\/a> (5-10 cm)<\/li>\n<li><a href=\"https:\/\/factory.sale\/fi\/tuote-osasto\/saniteetti\/ohjauspaneeli\/huum-fi-2\/\" target=\"_blank\" rel=\"noopener\">ohjauspaneelin<\/a><\/li>\n<li>l\u00e4mm\u00f6nkest\u00e4v\u00e4n virtajohdon<\/li>\n<\/ul>\n<p><strong>Muotoilu ja ominaisuudet:<\/strong><\/p>\n<ul>\n<li>Sein\u00e4\u00e4n asennettava, tilaa s\u00e4\u00e4st\u00e4v\u00e4 ratkaisu \u2013 erityisen sopiva pienempiin l\u00f6ylyhuoneisiin<\/li>\n<li>Minimalistinen ja ajaton pohjoismainen muotoilu<\/li>\n<li>H\u00f6yrytoiminto tuottaa pehme\u00e4t ja kosteat l\u00f6ylyt<\/li>\n<li>Suuri kivim\u00e4\u00e4r\u00e4 takaa runsaat ja pitk\u00e4kestoiset l\u00f6ylyt<\/li>\n<li>Yhteensopiva UKU-ohjauspaneelin kanssa tarkkaa ja helppoa ohjausta varten<\/li>\n<\/ul>\n<p><strong>Takuu:<\/strong><\/p>\n<ul>\n<li>kotik\u00e4ytt\u00f6 \u2013 3 vuotta<\/li>\n<li>ammattik\u00e4ytt\u00f6 \u2013 1 vuosi<\/li>\n<\/ul>\n<p>Tarvitsetko varaosia t\u00e4lle kiukaalle? \u2013 L\u00e4het\u00e4 meille s\u00e4hk\u00f6postia. Kaikki muut lis\u00e4varusteet l\u00f6ytyv\u00e4t <a href=\"https:\/\/factory.sale\/fi\/tuote-osasto\/saniteetti\/saunatarvikkeet\/huum-fi-3\/\" target=\"_blank\" rel=\"noopener\">t\u00e4\u00e4lt\u00e4<\/a>.<\/p>\n<p>&nbsp;<\/p>\n<h2>HUUM SAUNA<\/h2>\n<div class=\"video-wrapper \"><iframe loading=\"lazy\" title=\"Sauna inspiration \u2502 HUUM HIVE Wood \u2502 wood-burning stove\" width=\"500\" height=\"281\" src=\"https:\/\/www.youtube.com\/embed\/s5SwqfqFP9Y?feature=oembed\" frameborder=\"0\" allow=\"accelerometer; autoplay; clipboard-write; encrypted-media; gyroscope; picture-in-picture; web-share\" referrerpolicy=\"strict-origin-when-cross-origin\" allowfullscreen><\/iframe><\/div>\n<h2><\/h2>\n<h2>MIKSI HUUM?<\/h2>\n<div class=\"video-wrapper \"><iframe loading=\"lazy\" title=\"Why HUUM heaters?\" width=\"500\" height=\"281\" src=\"https:\/\/www.youtube.com\/embed\/mstEnCX5Ehs?feature=oembed\" frameborder=\"0\" allow=\"accelerometer; autoplay; clipboard-write; encrypted-media; gyroscope; picture-in-picture; web-share\" referrerpolicy=\"strict-origin-when-cross-origin\" allowfullscreen><\/iframe><\/div>\n","protected":false},"excerpt":{"rendered":"<p>HUUM CORE Wall Combi 7 on sein\u00e4\u00e4n asennettava s\u00e4hk\u00f6kiuas, jossa on integroitu h\u00f6yrytoiminto. Se tarjoaa sek\u00e4 perinteist\u00e4 kuivaa l\u00e4mp\u00f6\u00e4 ett\u00e4 pehmeit\u00e4, kosteita l\u00f6ylyj\u00e4. Kiuas s\u00e4\u00e4st\u00e4\u00e4 lattiatilaa ja sen minimalistinen pohjoismainen muotoilu luo rauhallisen sauna-ilmapiirin, joka sopii hyvin p\u00e4ivitt\u00e4iseen rentoutumiseen ja monipuolisiin saunakokemuksiin.<\/p>\n","protected":false},"featured_media":137200,"comment_status":"open","ping_status":"closed","template":"","meta":{"_acf_changed":false},"factory":[],"free-shipment":[5019],"product_brand":[4433],"product_cat":[858,1121,484],"product_tag":[3162,859,2106],"class_list":{"0":"post-138273","1":"product","2":"type-product","3":"status-publish","4":"has-post-thumbnail","6":"free-shipment-ilmainen-toimitus","7":"product_brand-huum-fi","8":"product_cat-huum-fi","9":"product_cat-saniteetti","10":"product_cat-saunan-kiukaat","11":"product_tag-electric-heater-fi","12":"product_tag-huum-fi","13":"product_tag-sauna-fi","15":"first","16":"instock","17":"sale","18":"taxable","19":"shipping-taxable","20":"purchasable","21":"product-type-simple"},"acf":[],"_links":{"self":[{"href":"https:\/\/factory.sale\/fi\/wp-json\/wp\/v2\/product\/138273","targetHints":{"allow":["GET"]}}],"collection":[{"href":"https:\/\/factory.sale\/fi\/wp-json\/wp\/v2\/product"}],"about":[{"href":"https:\/\/factory.sale\/fi\/wp-json\/wp\/v2\/types\/product"}],"replies":[{"embeddable":true,"href":"https:\/\/factory.sale\/fi\/wp-json\/wp\/v2\/comments?post=138273"}],"wp:featuredmedia":[{"embeddable":true,"href":"https:\/\/factory.sale\/fi\/wp-json\/wp\/v2\/media\/137200"}],"wp:attachment":[{"href":"https:\/\/factory.sale\/fi\/wp-json\/wp\/v2\/media?parent=138273"}],"wp:term":[{"taxonomy":"factory","embeddable":true,"href":"https:\/\/factory.sale\/fi\/wp-json\/wp\/v2\/factory?post=138273"},{"taxonomy":"free-shipment","embeddable":true,"href":"https:\/\/factory.sale\/fi\/wp-json\/wp\/v2\/free-shipment?post=138273"},{"taxonomy":"product_brand","embeddable":true,"href":"https:\/\/factory.sale\/fi\/wp-json\/wp\/v2\/product_brand?post=138273"},{"taxonomy":"product_cat","embeddable":true,"href":"https:\/\/factory.sale\/fi\/wp-json\/wp\/v2\/product_cat?post=138273"},{"taxonomy":"product_tag","embeddable":true,"href":"https:\/\/factory.sale\/fi\/wp-json\/wp\/v2\/product_tag?post=138273"}],"curies":[{"name":"wp","href":"https:\/\/api.w.org\/{rel}","templated":true}]}}