{"id":13823,"date":"2022-08-18T08:43:02","date_gmt":"2022-10-02T20:09:19","guid":{"rendered":"https:\/\/factory.sale\/?post_type=product&#038;p=13823"},"modified":"2026-03-05T16:45:44","modified_gmt":"2026-03-05T13:45:44","slug":"hive-puu-lampokivi-hakki","status":"publish","type":"product","link":"https:\/\/factory.sale\/fi\/tuote\/hive-puu-lampokivi-hakki\/","title":{"rendered":"HIVE puu\/l\u00e4mp\u00f6kivi h\u00e4kki"},"content":{"rendered":"<h2><span style=\"font-size: 14pt;\">HIVE puu\/l\u00e4mp\u00f6kivi h\u00e4kki<\/span><\/h2>\n<p>Kivih\u00e4kki asennetaan suoraan kiukaalle hormin ymp\u00e4rille ja t\u00e4ytet\u00e4\u00e4n kiuaskivill\u00e4. Lis\u00e4ttyjen kivien ansiosta veden kaatopinta kasvaa merkitt\u00e4v\u00e4sti, mik\u00e4 tarkoittaa v\u00e4hemm\u00e4n kuumia metallipintoja, joita haluamme pit\u00e4\u00e4 saunassa mahdollisimman v\u00e4h\u00e4n. Kiuaskivill\u00e4 t\u00e4ytetty kivih\u00e4kki on my\u00f6s kiukaan kanssa sopiva koriste-elementti. Kivih\u00e4kit voidaan asentaa p\u00e4\u00e4llekk\u00e4in.<\/p>\n<p>&nbsp;<\/p>\n<table class=\"woocommerce-product-attributes shop_attributes\" style=\"height: 468px;\" width=\"649\">\n<tbody>\n<tr class=\"woocommerce-product-attributes-item woocommerce-product-attributes-item--weight\">\n<th class=\"woocommerce-product-attributes-item__label\"><strong>Tekniset tiedot:<\/strong><\/th>\n<td class=\"woocommerce-product-attributes-item__value\"><\/td>\n<\/tr>\n<tr class=\"woocommerce-product-attributes-item woocommerce-product-attributes-item--attribute_pa_korgus\">\n<th class=\"woocommerce-product-attributes-item__label\">KORKEUS<\/th>\n<td class=\"woocommerce-product-attributes-item__value\">43 cm<\/td>\n<\/tr>\n<tr class=\"woocommerce-product-attributes-item woocommerce-product-attributes-item--attribute_pa_laius\">\n<th class=\"woocommerce-product-attributes-item__label\">HALKAISIJA<\/th>\n<td class=\"woocommerce-product-attributes-item__value\">30 cm<\/td>\n<\/tr>\n<tr class=\"woocommerce-product-attributes-item woocommerce-product-attributes-item--attribute_pa_sugavus\">\n<th class=\"woocommerce-product-attributes-item__label\">KIVIEN KAPASITEETTI<\/th>\n<td class=\"woocommerce-product-attributes-item__value\">35-40 kg<\/td>\n<\/tr>\n<tr class=\"woocommerce-product-attributes-item woocommerce-product-attributes-item--attribute_pa_koetav-ruumala-vahemik\">\n<th class=\"woocommerce-product-attributes-item__label\">SOVELTUVUUS<\/th>\n<td class=\"woocommerce-product-attributes-item__value\">Kaikille HUUM puul\u00e4mmittimille<\/td>\n<\/tr>\n<tr class=\"woocommerce-product-attributes-item woocommerce-product-attributes-item--attribute_pa_voimsus\">\n<th class=\"woocommerce-product-attributes-item__label\">MATERIAALI<\/th>\n<td class=\"woocommerce-product-attributes-item__value\">ruostumaton ter\u00e4s<\/td>\n<\/tr>\n<tr class=\"woocommerce-product-attributes-item woocommerce-product-attributes-item--attribute_pa_kivide-mahutatavus\">\n<th class=\"woocommerce-product-attributes-item__label\">EAN<\/th>\n<td class=\"woocommerce-product-attributes-item__value\">4744103019502<\/td>\n<\/tr>\n<tr class=\"woocommerce-product-attributes-item woocommerce-product-attributes-item--attribute_pa_garantii\">\n<th class=\"woocommerce-product-attributes-item__label\"><\/th>\n<td class=\"woocommerce-product-attributes-item__value\"><\/td>\n<\/tr>\n<\/tbody>\n<\/table>\n<p>&nbsp;<\/p>\n<p>Tutustu samankaltaisiin tuotteisiin\u00a0<a href=\"https:\/\/factory.sale\/fi\/tuote-osasto\/saniteetti\/sauna-kiukaiden-tarvikkeet\/\">t\u00e4\u00e4ll\u00e4<\/a><\/p>\n","protected":false},"excerpt":{"rendered":"<p>Lis\u00e4ttyjen kivien ansiosta veden kaatopinta kasvaa merkitt\u00e4v\u00e4sti. T\u00e4m\u00e4 tarkoittaa v\u00e4hemm\u00e4n kuumia metallipintoja joita haluamme pit\u00e4\u00e4 saunassa mahdollisimman v\u00e4h\u00e4n.<\/p>\n<p>Kiuaskivill\u00e4 t\u00e4ytetty kivih\u00e4kki on my\u00f6s kiukaan kanssa sopiva koriste-elementti.<\/p>\n","protected":false},"featured_media":100014,"comment_status":"open","ping_status":"closed","template":"","meta":{"_acf_changed":false},"factory":[],"free-shipment":[5019],"product_brand":[],"product_cat":[858,4893],"product_tag":[871,859,868],"class_list":{"0":"post-13823","1":"product","2":"type-product","3":"status-publish","4":"has-post-thumbnail","6":"free-shipment-ilmainen-toimitus","7":"product_cat-huum-fi","8":"product_cat-sauna-kiukaiden-tarvikkeet","9":"product_tag-hive-wood-fi","10":"product_tag-huum-fi","11":"product_tag-sanitary-ware-fi","13":"first","14":"instock","15":"sale","16":"taxable","17":"shipping-taxable","18":"purchasable","19":"product-type-simple"},"acf":[],"_links":{"self":[{"href":"https:\/\/factory.sale\/fi\/wp-json\/wp\/v2\/product\/13823","targetHints":{"allow":["GET"]}}],"collection":[{"href":"https:\/\/factory.sale\/fi\/wp-json\/wp\/v2\/product"}],"about":[{"href":"https:\/\/factory.sale\/fi\/wp-json\/wp\/v2\/types\/product"}],"replies":[{"embeddable":true,"href":"https:\/\/factory.sale\/fi\/wp-json\/wp\/v2\/comments?post=13823"}],"wp:featuredmedia":[{"embeddable":true,"href":"https:\/\/factory.sale\/fi\/wp-json\/wp\/v2\/media\/100014"}],"wp:attachment":[{"href":"https:\/\/factory.sale\/fi\/wp-json\/wp\/v2\/media?parent=13823"}],"wp:term":[{"taxonomy":"factory","embeddable":true,"href":"https:\/\/factory.sale\/fi\/wp-json\/wp\/v2\/factory?post=13823"},{"taxonomy":"free-shipment","embeddable":true,"href":"https:\/\/factory.sale\/fi\/wp-json\/wp\/v2\/free-shipment?post=13823"},{"taxonomy":"product_brand","embeddable":true,"href":"https:\/\/factory.sale\/fi\/wp-json\/wp\/v2\/product_brand?post=13823"},{"taxonomy":"product_cat","embeddable":true,"href":"https:\/\/factory.sale\/fi\/wp-json\/wp\/v2\/product_cat?post=13823"},{"taxonomy":"product_tag","embeddable":true,"href":"https:\/\/factory.sale\/fi\/wp-json\/wp\/v2\/product_tag?post=13823"}],"curies":[{"name":"wp","href":"https:\/\/api.w.org\/{rel}","templated":true}]}}