{"id":13821,"date":"2022-08-18T08:29:49","date_gmt":"2022-10-02T19:52:04","guid":{"rendered":"https:\/\/factory.sale\/?post_type=product&#038;p=13821"},"modified":"2026-01-30T13:30:33","modified_gmt":"2026-01-30T10:30:33","slug":"hive-wood-veden-lammonvaihdin","status":"publish","type":"product","link":"https:\/\/factory.sale\/fi\/tuote\/hive-wood-veden-lammonvaihdin\/","title":{"rendered":"HIVE Wood veden l\u00e4mm\u00f6nvaihdin"},"content":{"rendered":"<h2><span style=\"font-size: 14pt;\">HIVE Wood veden l\u00e4mm\u00f6nvaihdin<\/span><\/h2>\n<p>L\u00e4mm\u00f6nvaihdin l\u00e4mmitt\u00e4\u00e4 vett\u00e4 saunan l\u00e4mmetess\u00e4. L\u00e4mm\u00f6nvaihdin on valmistettu 4 mm ter\u00e4ksest\u00e4 ja pinnoitettu l\u00e4mm\u00f6nkest\u00e4v\u00e4ll\u00e4 maalilla. L\u00e4mm\u00f6nvaihtimessa on \u00be\u2033 urosputket sen liitt\u00e4miseksi vesis\u00e4ili\u00f6\u00f6n. L\u00e4mm\u00f6nvaihdin voidaan sijoittaa takareunaan tai sivuille.<\/p>\n<p>Yhteensopiva kaikkien HUUMin puul\u00e4mmitteisten uunien kanssa.<\/p>\n<p>EAN 4744103019519<\/p>\n<p>Tutustu samankaltaisiin tuotteisiin <a href=\"https:\/\/factory.sale\/fi\/tuote-osasto\/saniteetti\/sauna-kiukaiden-tarvikkeet\/\">t\u00e4\u00e4ll\u00e4<\/a><\/p>\n<p>&nbsp;<\/p>\n","protected":false},"excerpt":{"rendered":"<p>T\u00e4ll\u00e4 l\u00e4mm\u00f6nvaihtimella voit l\u00e4mmitt\u00e4\u00e4 vett\u00e4 samalla kun l\u00e4mmit\u00e4t saunaa. N\u00e4in varmistat, ett\u00e4 sinulla on kuumaa vett\u00e4 pesun j\u00e4lkeen.<\/p>\n","protected":false},"featured_media":100169,"comment_status":"open","ping_status":"closed","template":"","meta":{"_acf_changed":false},"factory":[],"free-shipment":[],"product_brand":[],"product_cat":[4893],"product_tag":[871,859,868],"class_list":{"0":"post-13821","1":"product","2":"type-product","3":"status-publish","4":"has-post-thumbnail","6":"product_cat-sauna-kiukaiden-tarvikkeet","7":"product_tag-hive-wood-fi","8":"product_tag-huum-fi","9":"product_tag-sanitary-ware-fi","11":"first","12":"instock","13":"sale","14":"taxable","15":"shipping-taxable","16":"purchasable","17":"product-type-simple"},"acf":[],"_links":{"self":[{"href":"https:\/\/factory.sale\/fi\/wp-json\/wp\/v2\/product\/13821","targetHints":{"allow":["GET"]}}],"collection":[{"href":"https:\/\/factory.sale\/fi\/wp-json\/wp\/v2\/product"}],"about":[{"href":"https:\/\/factory.sale\/fi\/wp-json\/wp\/v2\/types\/product"}],"replies":[{"embeddable":true,"href":"https:\/\/factory.sale\/fi\/wp-json\/wp\/v2\/comments?post=13821"}],"wp:featuredmedia":[{"embeddable":true,"href":"https:\/\/factory.sale\/fi\/wp-json\/wp\/v2\/media\/100169"}],"wp:attachment":[{"href":"https:\/\/factory.sale\/fi\/wp-json\/wp\/v2\/media?parent=13821"}],"wp:term":[{"taxonomy":"factory","embeddable":true,"href":"https:\/\/factory.sale\/fi\/wp-json\/wp\/v2\/factory?post=13821"},{"taxonomy":"free-shipment","embeddable":true,"href":"https:\/\/factory.sale\/fi\/wp-json\/wp\/v2\/free-shipment?post=13821"},{"taxonomy":"product_brand","embeddable":true,"href":"https:\/\/factory.sale\/fi\/wp-json\/wp\/v2\/product_brand?post=13821"},{"taxonomy":"product_cat","embeddable":true,"href":"https:\/\/factory.sale\/fi\/wp-json\/wp\/v2\/product_cat?post=13821"},{"taxonomy":"product_tag","embeddable":true,"href":"https:\/\/factory.sale\/fi\/wp-json\/wp\/v2\/product_tag?post=13821"}],"curies":[{"name":"wp","href":"https:\/\/api.w.org\/{rel}","templated":true}]}}