{"id":13819,"date":"2022-08-17T21:13:30","date_gmt":"2022-10-02T19:50:36","guid":{"rendered":"https:\/\/factory.sale\/?post_type=product&#038;p=13819"},"modified":"2026-02-10T19:18:41","modified_gmt":"2026-02-10T16:18:41","slug":"hive-puiset-suojaavat-vuodevaatteet-l","status":"publish","type":"product","link":"https:\/\/factory.sale\/fi\/tuote\/hive-puiset-suojaavat-vuodevaatteet-l\/","title":{"rendered":"HIVE-puiset suojaavat vuodevaatteet L"},"content":{"rendered":"<h2><span style=\"font-size: 14pt;\">HIVE-puiset suojaavat vuodevaatteet L<\/span><\/h2>\n<p>L on tarkoitettu k\u00e4ytett\u00e4v\u00e4ksi h\u00f6yryhuoneissa, joissa HUUM HIVE -h\u00f6yrystin asennetaan puulattialle tai muulle palavasta materiaalista tehdylle lattialle. Lis\u00e4ksi suosittelemme sen k\u00e4ytt\u00f6\u00e4 my\u00f6s, jos lattiassa (kiukaan alla) on vesilattial\u00e4mmitysputki. L\u00e4mp\u00f6matto suojaa sek\u00e4 palavaa materiaalia olevaa lattiaa ett\u00e4 putkistoa.<\/p>\n<p>L\u00e4mmitystyynyss\u00e4 on s\u00e4\u00e4dett\u00e4v\u00e4t jalat ja sen maksimikantavuus on 300 kiloa.<\/p>\n<p>L\u00e4mmitysjalusta L sopii HUUM HIVE Wood 17kW puukiukaalle.<\/p>\n<p>HUOM! L\u00e4mmitysjalusta L ei sovellu HUUM HIVE Wood 17kW LS pidennetyll\u00e4 tulisijalla varustetulle puukiukaalle!<\/p>\n<p>&nbsp;<\/p>\n<p><strong>Tekniset tiedot:<\/strong><\/p>\n<ul>\n<li>PITUUS: 65 cm<\/li>\n<li>LEVEYS: 55 cm<\/li>\n<li>EAN 4744103019533<\/li>\n<\/ul>\n<p>&nbsp;<\/p>\n<div class=\"video-wrapper \"><iframe loading=\"lazy\" title=\"HUUM Sauna\" width=\"500\" height=\"281\" src=\"https:\/\/www.youtube.com\/embed\/iwtstDYE1Do?feature=oembed\" frameborder=\"0\" allow=\"accelerometer; autoplay; clipboard-write; encrypted-media; gyroscope; picture-in-picture; web-share\" referrerpolicy=\"strict-origin-when-cross-origin\" allowfullscreen><\/iframe><\/div>\n<p>&nbsp;<\/p>\n<p><a title=\"Avaa video uudessa v\u00e4lilehdess\u00e4\" href=\"https:\/\/www.youtube.com\/watch?v=iwtstDYE1Do\" target=\"_blank\" rel=\"noopener\">Avaa video uudessa v\u00e4lilehdess\u00e4<\/a><\/p>\n<p><a title=\"Tutustu samankaltaisiin tuotteisiin t\u00e4\u00e4ll\u00e4\" href=\"https:\/\/factory.sale\/fi\/tuote-osasto\/saniteetti\/sauna-kiukaiden-tarvikkeet\/\">Tutustu samankaltaisiin tuotteisiin t\u00e4\u00e4ll\u00e4<\/a><\/p>\n","protected":false},"excerpt":{"rendered":"<p>L\u00e4mmitysjalusta L on tarkoitettu k\u00e4ytett\u00e4v\u00e4ksi h\u00f6yryhuoneissa, joissa HUUM HIVE -h\u00f6yrystin asennetaan puulattialle tai muulle palavasta materiaalista tehdylle lattialle.<\/p>\n","protected":false},"featured_media":100184,"comment_status":"open","ping_status":"closed","template":"","meta":{"_acf_changed":false},"factory":[],"free-shipment":[],"product_brand":[4433],"product_cat":[4893],"product_tag":[564,859,868,2106],"class_list":{"0":"post-13819","1":"product","2":"type-product","3":"status-publish","4":"has-post-thumbnail","6":"product_brand-huum-fi","7":"product_cat-sauna-kiukaiden-tarvikkeet","8":"product_tag-floor-protection-fi","9":"product_tag-huum-fi","10":"product_tag-sanitary-ware-fi","11":"product_tag-sauna-fi","13":"first","14":"instock","15":"sale","16":"taxable","17":"shipping-taxable","18":"purchasable","19":"product-type-simple"},"acf":[],"_links":{"self":[{"href":"https:\/\/factory.sale\/fi\/wp-json\/wp\/v2\/product\/13819","targetHints":{"allow":["GET"]}}],"collection":[{"href":"https:\/\/factory.sale\/fi\/wp-json\/wp\/v2\/product"}],"about":[{"href":"https:\/\/factory.sale\/fi\/wp-json\/wp\/v2\/types\/product"}],"replies":[{"embeddable":true,"href":"https:\/\/factory.sale\/fi\/wp-json\/wp\/v2\/comments?post=13819"}],"wp:featuredmedia":[{"embeddable":true,"href":"https:\/\/factory.sale\/fi\/wp-json\/wp\/v2\/media\/100184"}],"wp:attachment":[{"href":"https:\/\/factory.sale\/fi\/wp-json\/wp\/v2\/media?parent=13819"}],"wp:term":[{"taxonomy":"factory","embeddable":true,"href":"https:\/\/factory.sale\/fi\/wp-json\/wp\/v2\/factory?post=13819"},{"taxonomy":"free-shipment","embeddable":true,"href":"https:\/\/factory.sale\/fi\/wp-json\/wp\/v2\/free-shipment?post=13819"},{"taxonomy":"product_brand","embeddable":true,"href":"https:\/\/factory.sale\/fi\/wp-json\/wp\/v2\/product_brand?post=13819"},{"taxonomy":"product_cat","embeddable":true,"href":"https:\/\/factory.sale\/fi\/wp-json\/wp\/v2\/product_cat?post=13819"},{"taxonomy":"product_tag","embeddable":true,"href":"https:\/\/factory.sale\/fi\/wp-json\/wp\/v2\/product_tag?post=13819"}],"curies":[{"name":"wp","href":"https:\/\/api.w.org\/{rel}","templated":true}]}}