{"id":13813,"date":"2022-08-17T11:10:36","date_gmt":"2022-10-02T19:46:42","guid":{"rendered":"https:\/\/factory.sale\/?post_type=product&#038;p=13813"},"modified":"2026-01-23T12:21:20","modified_gmt":"2026-01-23T09:21:20","slug":"lammittimen-kivet","status":"publish","type":"product","link":"https:\/\/factory.sale\/fi\/tuote\/lammittimen-kivet\/","title":{"rendered":"HUUM kiuaskivet"},"content":{"rendered":"<p>HUUM-kiukaissa suosittelemme py\u00f6reit\u00e4 kivi\u00e4, jotka t\u00e4ydent\u00e4v\u00e4t kiukaan muotoilua ja tarjoavat miedomman h\u00f6yryn.<\/p>\n<p>Tuotevalikoimaan kuuluu py\u00f6reit\u00e4 oliviinidiabaasikivi\u00e4 kahdessa eri kokoluokassa: 3-5 cm ja 5-10 cm.<\/p>\n<p>Kivet ovat kest\u00e4vi\u00e4 ja niill\u00e4 on korkea l\u00e4mp\u00f6kapasiteetti. HUUM-keloissa voidaan k\u00e4ytt\u00e4\u00e4 muita kivi\u00e4 paitsi koristekivi\u00e4, koska ne menev\u00e4t helposti rikki.<\/p>\n<p>&nbsp;<\/p>\n<p><strong>Oliviinidiabaasi:<\/strong><\/p>\n<ul>\n<li>halkaisija 3-5 cm \u2013 15 kg laatikko<\/li>\n<li>halkaisija 5-10 cm &#8211; 15 kg laatikko<\/li>\n<\/ul>\n<p><strong>Valitse kivet viisaasti!<\/strong><\/p>\n<p>Saunan l\u00e4mp\u00f6\u00e4 ja h\u00f6yry\u00e4 voi s\u00e4\u00e4t\u00e4\u00e4 heitt\u00e4m\u00e4ll\u00e4 vett\u00e4 kuumien kivien p\u00e4\u00e4lle. Kivien muoto, koko, koostumus ja sijoittelu vaikuttavat siis eritt\u00e4in voimakkaasti h\u00f6yryyn. Suosittelemme k\u00e4ytt\u00e4m\u00e4\u00e4n kiukaan py\u00f6reit\u00e4 kivi\u00e4, koska ne tarjoavat miedomman h\u00f6yryn. Kivien py\u00f6ristetyn muodon ansiosta vesi voi liikkua kivikerrosten v\u00e4lill\u00e4 ja haihtua v\u00e4hitellen sen sijaan, ett\u00e4 se haihtuisi kerralla pintakerroksesta. Koska kivet n\u00e4kyv\u00e4t HUUM-kierreiss\u00e4 hyvin, tarvitaan sek\u00e4 pieni\u00e4 ett\u00e4 suuria kivi\u00e4, jotta kivien v\u00e4liin ei j\u00e4\u00e4 huomattavia suuria rakoja. Lis\u00e4ksi suosittelemme pienempien kivien asettamista tiiviisti pintakerrokseen, jotta sinne ker\u00e4\u00e4ntyy enemm\u00e4n l\u00e4mp\u00f6\u00e4.<\/p>\n<p>&nbsp;<\/p>\n<p>Kiuaskivet on tarkoitettu ensisijaisesti ostettaviksi yhdess\u00e4 kiukaan tai sauna\u00adkiukaan kanssa ja ne myyd\u00e4\u00e4n tukkutuotteena. Erillistilauksissa on voimassa v\u00e4himm\u00e4istilausm\u00e4\u00e4r\u00e4 (lava).<\/p>\n","protected":false},"excerpt":{"rendered":"<p>Kivet ovat kest\u00e4vi\u00e4 ja niill\u00e4 on korkea l\u00e4mp\u00f6kapasiteetti.<\/p>\n<p>Py\u00f6re\u00e4t kivet tarjoavat my\u00f6s miedomman h\u00f6yryn.<\/p>\n","protected":false},"featured_media":11650,"comment_status":"open","ping_status":"closed","template":"","meta":{"_acf_changed":false},"factory":[],"free-shipment":[],"product_brand":[],"product_cat":[1629],"product_tag":[859,868,2106],"class_list":{"0":"post-13813","1":"product","2":"type-product","3":"status-publish","4":"has-post-thumbnail","6":"product_cat-kiuaskivet","7":"product_tag-huum-fi","8":"product_tag-sanitary-ware-fi","9":"product_tag-sauna-fi","11":"first","12":"outofstock","13":"sale","14":"taxable","15":"shipping-taxable","16":"purchasable","17":"product-type-simple"},"acf":[],"_links":{"self":[{"href":"https:\/\/factory.sale\/fi\/wp-json\/wp\/v2\/product\/13813","targetHints":{"allow":["GET"]}}],"collection":[{"href":"https:\/\/factory.sale\/fi\/wp-json\/wp\/v2\/product"}],"about":[{"href":"https:\/\/factory.sale\/fi\/wp-json\/wp\/v2\/types\/product"}],"replies":[{"embeddable":true,"href":"https:\/\/factory.sale\/fi\/wp-json\/wp\/v2\/comments?post=13813"}],"wp:featuredmedia":[{"embeddable":true,"href":"https:\/\/factory.sale\/fi\/wp-json\/wp\/v2\/media\/11650"}],"wp:attachment":[{"href":"https:\/\/factory.sale\/fi\/wp-json\/wp\/v2\/media?parent=13813"}],"wp:term":[{"taxonomy":"factory","embeddable":true,"href":"https:\/\/factory.sale\/fi\/wp-json\/wp\/v2\/factory?post=13813"},{"taxonomy":"free-shipment","embeddable":true,"href":"https:\/\/factory.sale\/fi\/wp-json\/wp\/v2\/free-shipment?post=13813"},{"taxonomy":"product_brand","embeddable":true,"href":"https:\/\/factory.sale\/fi\/wp-json\/wp\/v2\/product_brand?post=13813"},{"taxonomy":"product_cat","embeddable":true,"href":"https:\/\/factory.sale\/fi\/wp-json\/wp\/v2\/product_cat?post=13813"},{"taxonomy":"product_tag","embeddable":true,"href":"https:\/\/factory.sale\/fi\/wp-json\/wp\/v2\/product_tag?post=13813"}],"curies":[{"name":"wp","href":"https:\/\/api.w.org\/{rel}","templated":true}]}}