{"id":13811,"date":"2022-08-02T14:41:36","date_gmt":"2022-10-02T19:45:02","guid":{"rendered":"https:\/\/factory.sale\/?post_type=product&#038;p=13811"},"modified":"2024-06-26T14:56:56","modified_gmt":"2024-06-26T14:56:56","slug":"harvia-vega-bc80sahkokaytto","status":"publish","type":"product","link":"https:\/\/factory.sale\/fi\/tuote\/harvia-vega-bc80sahkokaytto\/","title":{"rendered":"HARVIA VEGA BC80,S\u00c4HK\u00d6K\u00c4YTT\u00d6"},"content":{"rendered":"<p>Kompakti Harvia Vega BC80 on tyylik\u00e4s ja helppok\u00e4ytt\u00f6inen s\u00e4hk\u00f6kiuas. Vega BC80:t\u00e4 ohjataan kiinteill\u00e4 kytkimill\u00e4, jotka on ergonomisesti sijoitettu kiukaan p\u00e4\u00e4lle. Kiuas on siksi helppo ja mukava k\u00e4ytt\u00e4\u00e4 ilman turhaa kyykky\u00e4 ja kumartumista. Vega BC80 s\u00e4hk\u00f6kiuas soveltuu 7-12 m\u00b3:n saunoihin. Kest\u00e4v\u00e4ll\u00e4 ruostumattomasta ter\u00e4ksest\u00e4 valmistetulla ulkokuorella t\u00e4m\u00e4 kiuas tuo saunaasi raikasta modernia ilmaa.<\/p>\n<p>Vega BC80 s\u00e4hk\u00f6kiuas asennetaan erilliseen sein\u00e4kiinnikkeeseen ja kiukaan symmetrinen muoto mahdollistaa k\u00e4tevyyden valitsemisen tarpeidesi mukaan. S\u00e4hk\u00f6liit\u00e4nn\u00e4t on tehty kiukaan sivulta, mik\u00e4 helpottaa asennusta entisest\u00e4\u00e4n. Vega voidaan asentaa my\u00f6s erityisen matalalle, jolloin l\u00e4mp\u00f6\u00e4 on saatavilla my\u00f6s alemmille kattoille ja l\u00e4mp\u00f6 jakautuu tasaisemmin koko saunaan.<\/p>\n<p>&nbsp;<\/p>\n<p><strong>Tuotteen mitat:<\/strong><\/p>\n<ul>\n<li>Korkeus (mm): 540<\/li>\n<li>Leveys (mm): 480<\/li>\n<li>Syvyys (mm): 310<\/li>\n<li>Tuotteen paino (kg): 11<\/li>\n<\/ul>\n<p>&nbsp;<\/p>\n<p><strong>Tuotteen ominaisuudet:<\/strong><\/p>\n<ul>\n<li>V\u00e4ri: Ter\u00e4s<\/li>\n<li>Materiaali: Ter\u00e4s<\/li>\n<li>Materiaalitiedot: Ruostumaton ter\u00e4s<\/li>\n<li>Ohjauspaneeli: kiinte\u00e4 ohjaus<\/li>\n<li>Saunakiven m\u00e4\u00e4r\u00e4, max. (kg): 20<\/li>\n<li>Takuuaika: 2 vuotta kotik\u00e4ytt\u00f6\u00f6n, 1 vuosi yhteisk\u00e4ytt\u00f6\u00f6n<\/li>\n<li>Kytkimet uunin yl\u00e4osassa<\/li>\n<li>Asennus: erilliseen sein\u00e4telineeseen, valittavissa k\u00e4densija<\/li>\n<li>Saunan minimikorkeus: 190 cm<\/li>\n<li>Suositeltu kiuaskiven koko: \u00d8 5-10 cm<\/li>\n<li>K\u00e4ytt\u00f6j\u00e4nnite 3-vaihe: 400 V 3 N (liit\u00e4nt\u00e4kaapeli 5&#215;2,5 mm\u00b2, sulake 3&#215;16 A)<\/li>\n<li>Saunakivet eiv\u00e4t sis\u00e4lly hintaan (tilattava erikseen)<\/li>\n<li>Tuotekoodi: 8260808<\/li>\n<\/ul>\n<p>&nbsp;<\/p>\n<p><strong>Tuotteen asennus ja k\u00e4ytt\u00f6:<\/strong><\/p>\n<ul>\n<li>Asennuspaikka: sein\u00e4<\/li>\n<li>Saunan tilavuus, min. (m\u00b3): 7<\/li>\n<li>Saunan tilavuus max. (m\u00b3): 12<\/li>\n<li>Turvaet\u00e4isyys kattoon (mm): 1 100<\/li>\n<li>Turvaet\u00e4isyys sivuun (mm): 100<\/li>\n<li>Pakkauksen mitat ja paino:<\/li>\n<li>Pakkauksen leveys (mm): 310,00<\/li>\n<li>Pakkauskorkeus (mm): 470,00<\/li>\n<li>Pakkaussyvyys (mm): 500,00<\/li>\n<li>Rahdin paino (kg): 12,80<\/li>\n<\/ul>\n<p>&nbsp;<\/p>\n","protected":false},"excerpt":{"rendered":"<p>Harvia Vega on maailman suurimman kiuasvalmistajan moderni ja helppok\u00e4ytt\u00f6inen kiuas.<\/p>\n","protected":false},"featured_media":11129,"comment_status":"open","ping_status":"closed","template":"","meta":{"_acf_changed":false},"factory":[],"free-shipment":[],"product_brand":[],"product_cat":[1121,484],"product_tag":[866,868],"class_list":{"0":"post-13811","1":"product","2":"type-product","3":"status-publish","4":"has-post-thumbnail","6":"product_cat-saniteetti","7":"product_cat-saunan-kiukaat","8":"product_tag-electric-sauna-heater-fi","9":"product_tag-sanitary-ware-fi","11":"first","12":"instock","13":"sale","14":"taxable","15":"shipping-taxable","16":"purchasable","17":"product-type-simple"},"acf":[],"_links":{"self":[{"href":"https:\/\/factory.sale\/fi\/wp-json\/wp\/v2\/product\/13811","targetHints":{"allow":["GET"]}}],"collection":[{"href":"https:\/\/factory.sale\/fi\/wp-json\/wp\/v2\/product"}],"about":[{"href":"https:\/\/factory.sale\/fi\/wp-json\/wp\/v2\/types\/product"}],"replies":[{"embeddable":true,"href":"https:\/\/factory.sale\/fi\/wp-json\/wp\/v2\/comments?post=13811"}],"wp:featuredmedia":[{"embeddable":true,"href":"https:\/\/factory.sale\/fi\/wp-json\/wp\/v2\/media\/11129"}],"wp:attachment":[{"href":"https:\/\/factory.sale\/fi\/wp-json\/wp\/v2\/media?parent=13811"}],"wp:term":[{"taxonomy":"factory","embeddable":true,"href":"https:\/\/factory.sale\/fi\/wp-json\/wp\/v2\/factory?post=13811"},{"taxonomy":"free-shipment","embeddable":true,"href":"https:\/\/factory.sale\/fi\/wp-json\/wp\/v2\/free-shipment?post=13811"},{"taxonomy":"product_brand","embeddable":true,"href":"https:\/\/factory.sale\/fi\/wp-json\/wp\/v2\/product_brand?post=13811"},{"taxonomy":"product_cat","embeddable":true,"href":"https:\/\/factory.sale\/fi\/wp-json\/wp\/v2\/product_cat?post=13811"},{"taxonomy":"product_tag","embeddable":true,"href":"https:\/\/factory.sale\/fi\/wp-json\/wp\/v2\/product_tag?post=13811"}],"curies":[{"name":"wp","href":"https:\/\/api.w.org\/{rel}","templated":true}]}}