{"id":13809,"date":"2022-07-18T13:53:23","date_gmt":"2022-10-02T19:42:21","guid":{"rendered":"https:\/\/factory.sale\/?post_type=product&#038;p=13809"},"modified":"2024-06-25T11:47:09","modified_gmt":"2024-06-25T11:47:09","slug":"harvia-vega-bc60sahkokiuas","status":"publish","type":"product","link":"https:\/\/factory.sale\/fi\/tuote\/harvia-vega-bc60sahkokiuas\/","title":{"rendered":"S\u00c4HK\u00d6INEN SEIN\u00c4KIUAS HARVIA VEGA BC60"},"content":{"rendered":"<p>Harvia Vega on tyylik\u00e4s kiuas, jota on helppo k\u00e4ytt\u00e4\u00e4. Vegan ruostumattomasta ter\u00e4ksest\u00e4 valmistettu ulkokuori on kest\u00e4v\u00e4 ja luo saunaasi modernin ilmeen.<\/p>\n<p>Vega on helppo asentaa erilliseen telineeseen. Symmetrisen rakenteen ansiosta l\u00e4mmittimen k\u00e4denmukaisuutta ei tarvitse muuttaa &#8211; se on yksinkertaisesti valittu. K\u00e4ytt\u00f6kytkimet on sijoitettu ergonomisesti yl\u00e4osaan ja kiukaan symmetrisen muodon ansiosta kytkimet voidaan sijoittaa molemmille puolille.<\/p>\n<p>Vegan rakenne mahdollistaa kiukaan asentamisen matalalle saunan sein\u00e4lle. T\u00e4m\u00e4 mahdollistaa l\u00e4mm\u00f6n levi\u00e4misen tasaisesti koko saunaan, mik\u00e4 varmistaa, ett\u00e4 my\u00f6s alemmat lauteet nauttivat runsaasti l\u00e4mp\u00f6\u00e4 ja h\u00f6yry\u00e4.<\/p>\n<p>Ei tarvitse erillist\u00e4 ohjausyksikk\u00f6\u00e4.<\/p>\n<p>Lue lis\u00e4\u00e4 k\u00e4ytt\u00f6ohjeesta. Ei sis\u00e4ll\u00e4 saunakivi\u00e4<\/p>\n<p>&nbsp;<\/p>\n<p><strong>S\u00e4hk\u00f6l\u00e4mmittimen tekniset tiedot:<\/strong><\/p>\n<p>Tuotekoodi:\u00a0 \u00a0 \u00a0 \u00a0 \u00a0 \u00a0 \u00a0 \u00a0 \u00a0 \u00a0 \u00a0 \u00a0 \u00a0 \u00a0 \u00a0 \u00a0 \u00a0HCB600400S<br \/>\nTeho:\u00a0 \u00a0 \u00a0 \u00a0 \u00a0 \u00a0 \u00a0 \u00a0 \u00a0 \u00a0 \u00a0 \u00a0 \u00a0 \u00a0 \u00a0 \u00a0 \u00a0 \u00a0 \u00a0 \u00a0 \u00a0 \u00a0 kW 6<br \/>\nSaunahuone min &#8211; max koko:\u00a0 \u00a0 \u00a0 \u00a0m3 5-8<br \/>\nMitat (KxLxS):\u00a0 \u00a0 \u00a0 \u00a0 \u00a0 \u00a0mm 540 x 480 x 310<br \/>\nPaino kg:\u00a0 \u00a0 \u00a0 \u00a0 \u00a0 \u00a0 \u00a0 \u00a0 \u00a0 \u00a0 \u00a0 \u00a0 \u00a0 \u00a0 \u00a0 \u00a0 \u00a0 \u00a0 \u00a0 \u00a0 11<br \/>\nKiven kantavuus max kg:\u00a0 \u00a0 \u00a0 \u00a0 \u00a0 \u00a0 \u00a0 \u00a0 20<br \/>\nV\u00e4himm\u00e4isturvaet\u00e4isyydet (katto \/ sivut):\u00a0 \u00a0 \u00a01100 mm \/ 50 mm<br \/>\nSy\u00f6tt\u00f6j\u00e4nnite, vaihe:\u00a0 \u00a0 \u00a0 \u00a0 \u00a0 \u00a0 \u00a0 \u00a0 \u00a0400 V 3N~ \/ 230 V 1N~<br \/>\nSulake A:\u00a0 \u00a0 \u00a0 \u00a0 \u00a0 \u00a0 \u00a0 \u00a0 \u00a0 \u00a0 \u00a0 \u00a0 \u00a0 \u00a0 \u00a0 \u00a0 \u00a0 \u00a0 \u00a0 \u00a0 \u00a0 \u00a0 3 x 10 \/ 1 x 35<br \/>\nLiit\u00e4nt\u00e4kaapeli, mm2:\u00a0 \u00a0 \u00a0 \u00a0 \u00a0 \u00a0 \u00a05 x 1,5 \/ 3 x 2,5<br \/>\nOhjausyksikk\u00f6:\u00a0 \u00a0 \u00a0 \u00a0 \u00a0 \u00a0 \u00a0 \u00a0 \u00a0 \u00a0 \u00a0 \u00a0 \u00a0 \u00a0 \u00a0 \u00a0 \u00a0 Sis\u00e4\u00e4nrakennettu<br \/>\nVesis\u00e4ili\u00f6n tilavuus, l:\u00a0 \u00a0 \u00a0 \u00a0 \u00a0 \u00a0 \u00a0 \u00a0 \u00a0&#8211;<br \/>\nKivet:\u00a0 \u00a0 \u00a0 \u00a0 \u00a0 \u00a0 \u00a0 \u00a0 \u00a0 \u00a0 \u00a0 \u00a0 \u00a0 \u00a0 \u00a0 \u00a0 \u00a0 \u00a0 \u00a0 \u00a0 \u00a0 \u00a0 \u00a0 Kivet eiv\u00e4t sis\u00e4lly<\/p>\n<p>&nbsp;<\/p>\n","protected":false},"excerpt":{"rendered":"<p>Harvia Vega on maailman suurimman kiuasvalmistajan moderni ja helppok\u00e4ytt\u00f6inen kiuas<\/p>\n","protected":false},"featured_media":10616,"comment_status":"open","ping_status":"closed","template":"","meta":{"_acf_changed":false},"factory":[],"free-shipment":[],"product_brand":[],"product_cat":[1421,1121,484],"product_tag":[866],"class_list":{"0":"post-13809","1":"product","2":"type-product","3":"status-publish","4":"has-post-thumbnail","6":"product_cat-harvia-fi","7":"product_cat-saniteetti","8":"product_cat-saunan-kiukaat","9":"product_tag-electric-sauna-heater-fi","11":"first","12":"instock","13":"sale","14":"taxable","15":"shipping-taxable","16":"purchasable","17":"product-type-simple"},"acf":[],"_links":{"self":[{"href":"https:\/\/factory.sale\/fi\/wp-json\/wp\/v2\/product\/13809","targetHints":{"allow":["GET"]}}],"collection":[{"href":"https:\/\/factory.sale\/fi\/wp-json\/wp\/v2\/product"}],"about":[{"href":"https:\/\/factory.sale\/fi\/wp-json\/wp\/v2\/types\/product"}],"replies":[{"embeddable":true,"href":"https:\/\/factory.sale\/fi\/wp-json\/wp\/v2\/comments?post=13809"}],"wp:featuredmedia":[{"embeddable":true,"href":"https:\/\/factory.sale\/fi\/wp-json\/wp\/v2\/media\/10616"}],"wp:attachment":[{"href":"https:\/\/factory.sale\/fi\/wp-json\/wp\/v2\/media?parent=13809"}],"wp:term":[{"taxonomy":"factory","embeddable":true,"href":"https:\/\/factory.sale\/fi\/wp-json\/wp\/v2\/factory?post=13809"},{"taxonomy":"free-shipment","embeddable":true,"href":"https:\/\/factory.sale\/fi\/wp-json\/wp\/v2\/free-shipment?post=13809"},{"taxonomy":"product_brand","embeddable":true,"href":"https:\/\/factory.sale\/fi\/wp-json\/wp\/v2\/product_brand?post=13809"},{"taxonomy":"product_cat","embeddable":true,"href":"https:\/\/factory.sale\/fi\/wp-json\/wp\/v2\/product_cat?post=13809"},{"taxonomy":"product_tag","embeddable":true,"href":"https:\/\/factory.sale\/fi\/wp-json\/wp\/v2\/product_tag?post=13809"}],"curies":[{"name":"wp","href":"https:\/\/api.w.org\/{rel}","templated":true}]}}