{"id":13805,"date":"2022-08-11T09:57:09","date_gmt":"2022-10-02T19:38:21","guid":{"rendered":"https:\/\/factory.sale\/?post_type=product&#038;p=13805"},"modified":"2024-06-26T12:19:09","modified_gmt":"2024-06-26T12:19:09","slug":"harvia-heater-harvia-legend-po11-11-kw","status":"publish","type":"product","link":"https:\/\/factory.sale\/fi\/tuote\/harvia-heater-harvia-legend-po11-11-kw\/","title":{"rendered":"HARVIA LEGEND PO11 11 KW"},"content":{"rendered":"<p>T\u00e4m\u00e4 suuri kiuas vie saunat siihen aikaan, jolloin kiuas syntyi \u2013 se on kiuas aidoimmillaan. Legendin patinoitu ter\u00e4srunko sis\u00e4lt\u00e4\u00e4 suuren m\u00e4\u00e4r\u00e4n kivi\u00e4, jotka l\u00e4mmitettyn\u00e4 tuottavat loistavaa l\u00f6yly\u00e4 isommassakin saunassa. Kivihuoneen avoimen rakenteen ansiosta kiukaan koko ulkopinta on saunan k\u00e4yt\u00f6ss\u00e4 h\u00f6yrytykseen. Suureen kivim\u00e4\u00e4r\u00e4\u00e4n varastoitunut l\u00e4mp\u00f6 mahdollistaa my\u00f6s reilumman l\u00f6ylytyksen my\u00f6s alhaisissa l\u00e4mp\u00f6tiloissa &#8211; saunaan saadaan miellytt\u00e4v\u00e4n kosteat slatterit.<\/p>\n<p>Harvia Legend -kiukaan py\u00f6re\u00e4n muodon ansiosta kiuas voidaan asentaa esimerkiksi saunan keskelle ja upottaa lautaratkaisuun. Kiukaa ohjaa erillinen ohjauskeskus, joka on tilattava erikseen. Valitse avattavasta valikosta sinulle parhaiten sopiva ohjauskeskus.<\/p>\n<p>&nbsp;<\/p>\n<p><strong>Tuotetiedot:<\/strong><\/p>\n<ul>\n<li>Tuotekoodi:\u00a08261100<\/li>\n<li>Lattiamalli Py\u00f6re\u00e4 kiuas suurella kivim\u00e4\u00e4r\u00e4ll\u00e4, 9-20m3 saunaan.<\/li>\n<li>Teho: 11 kW<\/li>\n<li>Ohjausmenetelm\u00e4: Erillinen ohjauskeskus<\/li>\n<li>V\u00e4ri musta<\/li>\n<li>Mitat: 530 x 530 x 740 mm<\/li>\n<li>Suojaet\u00e4isyys: 100 mm sivuille<\/li>\n<li>Kivet: 40 kg (\u00d8 5-10 cm) + 80 kg (\u00d8 10-15 cm)<\/li>\n<\/ul>\n<p>&nbsp;<\/p>\n<p>&nbsp;<\/p>\n<p>&nbsp;<\/p>\n<p><a href=\"https:\/\/factory.sale\/wp-content\/uploads\/2022\/08\/PO11.pdf\">Ohjeet<\/a><\/p>\n","protected":false},"excerpt":{"rendered":"<p>Harvia Legend PO11 tarjoaa saunojalle vertaansa vailla olevan saunael\u00e4myksen.<\/p>\n","protected":false},"featured_media":11313,"comment_status":"open","ping_status":"closed","template":"","meta":{"_acf_changed":false},"factory":[],"free-shipment":[],"product_brand":[],"product_cat":[1421,1121,484],"product_tag":[3162,866,1152,868],"class_list":{"0":"post-13805","1":"product","2":"type-product","3":"status-publish","4":"has-post-thumbnail","6":"product_cat-harvia-fi","7":"product_cat-saniteetti","8":"product_cat-saunan-kiukaat","9":"product_tag-electric-heater-fi","10":"product_tag-electric-sauna-heater-fi","11":"product_tag-harvia-fi","12":"product_tag-sanitary-ware-fi","14":"first","15":"instock","16":"sale","17":"taxable","18":"shipping-taxable","19":"purchasable","20":"product-type-simple"},"acf":[],"_links":{"self":[{"href":"https:\/\/factory.sale\/fi\/wp-json\/wp\/v2\/product\/13805","targetHints":{"allow":["GET"]}}],"collection":[{"href":"https:\/\/factory.sale\/fi\/wp-json\/wp\/v2\/product"}],"about":[{"href":"https:\/\/factory.sale\/fi\/wp-json\/wp\/v2\/types\/product"}],"replies":[{"embeddable":true,"href":"https:\/\/factory.sale\/fi\/wp-json\/wp\/v2\/comments?post=13805"}],"wp:featuredmedia":[{"embeddable":true,"href":"https:\/\/factory.sale\/fi\/wp-json\/wp\/v2\/media\/11313"}],"wp:attachment":[{"href":"https:\/\/factory.sale\/fi\/wp-json\/wp\/v2\/media?parent=13805"}],"wp:term":[{"taxonomy":"factory","embeddable":true,"href":"https:\/\/factory.sale\/fi\/wp-json\/wp\/v2\/factory?post=13805"},{"taxonomy":"free-shipment","embeddable":true,"href":"https:\/\/factory.sale\/fi\/wp-json\/wp\/v2\/free-shipment?post=13805"},{"taxonomy":"product_brand","embeddable":true,"href":"https:\/\/factory.sale\/fi\/wp-json\/wp\/v2\/product_brand?post=13805"},{"taxonomy":"product_cat","embeddable":true,"href":"https:\/\/factory.sale\/fi\/wp-json\/wp\/v2\/product_cat?post=13805"},{"taxonomy":"product_tag","embeddable":true,"href":"https:\/\/factory.sale\/fi\/wp-json\/wp\/v2\/product_tag?post=13805"}],"curies":[{"name":"wp","href":"https:\/\/api.w.org\/{rel}","templated":true}]}}