{"id":13803,"date":"2022-06-08T18:07:10","date_gmt":"2022-10-02T19:24:46","guid":{"rendered":"https:\/\/factory.sale\/?post_type=product&#038;p=13803"},"modified":"2024-06-27T18:28:56","modified_gmt":"2024-06-27T18:28:56","slug":"kehykseton-suihkuseina-dija","status":"publish","type":"product","link":"https:\/\/factory.sale\/fi\/tuote\/kehykseton-suihkuseina-dija\/","title":{"rendered":"Kehykset\u00f6n suihkusein\u00e4 DIJA"},"content":{"rendered":"<p>Minimalistinen ja helppohoitoinen sein\u00e4. Profiili sulautuu melkein lasiin ja on minimaalisesti havaittavissa, helppo puhdistaa. N\u00e4kyvi\u00e4 kiinnikkeit\u00e4 ja lian ker\u00e4\u00e4ntymispaikkoja ei ole.<\/p>\n<p>&nbsp;<\/p>\n<p><strong>Suihkusein\u00e4n vakiomitat ja hinnat<\/strong><\/p>\n<p>&nbsp;<\/p>\n<table border=\"1\" cellspacing=\"0\" cellpadding=\"5\">\n<tbody>\n<tr>\n<td rowspan=\"2\"><b>Sein\u00e4<\/b><\/td>\n<td rowspan=\"2\">&nbsp;<\/p>\n<p><strong>A (mm)<\/strong><\/td>\n<td rowspan=\"2\"><strong>Lasin paksuus(mm)<\/strong><\/td>\n<td colspan=\"3\"><strong>Karkaistu 6 mm turvalasi<\/strong><\/td>\n<\/tr>\n<tr>\n<td>Kirkas lasi<\/td>\n<td>S\u00e4vytetty (harmaa \/ ruskea)<\/td>\n<td>Kuviollinen, sinert\u00e4v\u00e4, vihert\u00e4v\u00e4, mattapintainen<\/td>\n<\/tr>\n<tr>\n<td>80<\/td>\n<td>795-801<\/td>\n<td>6<\/td>\n<td><strong>286 \u20ac<\/strong><\/td>\n<td><strong>309 \u20ac<\/strong><\/td>\n<td><strong>332 \u20ac<\/strong><\/td>\n<\/tr>\n<tr>\n<td>90<\/td>\n<td>895-901<\/td>\n<td>6<\/td>\n<td><strong>298 \u20ac<\/strong><\/td>\n<td><strong>321 \u20ac<\/strong><\/td>\n<td><strong>344 \u20ac<\/strong><\/td>\n<\/tr>\n<tr>\n<td>100<\/td>\n<td>995-1001<\/td>\n<td>6<\/td>\n<td><strong>309 \u20ac<\/strong><\/td>\n<td><strong>332 \u20ac<\/strong><\/td>\n<td><strong>355 \u20ac<\/strong><\/td>\n<\/tr>\n<tr>\n<td>110<\/td>\n<td>1095-1101<\/td>\n<td>6<\/td>\n<td><strong>367 \u20ac<\/strong><\/td>\n<td><strong>390 \u20ac<\/strong><\/td>\n<td><strong>413 \u20ac<\/strong><\/td>\n<\/tr>\n<tr>\n<td>120<\/td>\n<td>1195-1201<\/td>\n<td>8<\/td>\n<td><strong>378 \u20ac<\/strong><\/td>\n<td><strong>401 \u20ac<\/strong><\/td>\n<td><strong>424 \u20ac<\/strong><\/td>\n<\/tr>\n<tr>\n<td>130<\/td>\n<td>1295-1301<\/td>\n<td>8<\/td>\n<td><strong>390 \u20ac<\/strong><\/td>\n<td><strong>413 \u20ac<\/strong><\/td>\n<td><strong>447 \u20ac<\/strong><\/td>\n<\/tr>\n<tr>\n<td>140<\/td>\n<td>1395-1401<\/td>\n<td>8<\/td>\n<td><strong>401 \u20ac<\/strong><\/td>\n<td><strong>424 \u20ac<\/strong><\/td>\n<td><strong>459 \u20ac<\/strong><\/td>\n<\/tr>\n<tr>\n<td colspan=\"2\">Muut koot v\u00e4lill\u00e4 600 &#8211; 1100 mm<\/td>\n<td>6<\/td>\n<td><strong>390 \u20ac<\/strong><\/td>\n<td><strong>413 \u20ac<\/strong><\/td>\n<td><strong>447 \u20ac<\/strong><\/td>\n<\/tr>\n<tr>\n<td colspan=\"2\">Muut koot v\u00e4lill\u00e4 1101 &#8211; 1400 mm<\/td>\n<td>8<\/td>\n<td><strong>482 \u20ac<\/strong><\/td>\n<td><strong>505 \u20ac<\/strong><\/td>\n<td><strong>528 \u20ac<\/strong><\/td>\n<\/tr>\n<tr>\n<td colspan=\"2\">Muut koot v\u00e4lill\u00e4 1401 &#8211; 1600 mm<\/td>\n<td>8<\/td>\n<td><strong>505 \u20ac<\/strong><\/td>\n<td><strong>528 \u20ac<\/strong><\/td>\n<td><strong>551 \u20ac<\/strong><\/td>\n<\/tr>\n<\/tbody>\n<\/table>\n<p>&nbsp;<\/p>\n<ul>\n<li>Tavallisten suihkuseinien DORA, EMA ja DIJA korkeus &#8211; 2000 mm.<\/li>\n<li>Korkeutta muuttamalla lis\u00e4t\u00e4\u00e4n 15 % alennus.<\/li>\n<li>Suurin korkeus 2250 mm.<\/li>\n<li>1100 mm leve\u00e4t sein\u00e4t on valmistettu 6 mm:st\u00e4 paksusta turvakarkaistusta lasista, leve\u00e4mpi &#8211; 8 mm paksu lasi.<\/li>\n<li>Muuttamalla korkeutta 100&#215;2250 mm asti, sein\u00e4t valmistetaan 6 mm paksusta lasista. 15 % alennus lis\u00e4t\u00e4\u00e4n.<\/li>\n<li>Muuttamalla korkeutta 110&#215;2250 mm asti, sein\u00e4t valmistetaan 6 mm paksusta lasista. 25% lis\u00e4maksu lis\u00e4t\u00e4\u00e4n.<\/li>\n<li>Jos haluat vakiomittaiset ja leve\u00e4t sein\u00e4t 8 mm paksusta lasista, lis\u00e4t\u00e4\u00e4n 15 % lis\u00e4maksu.<\/li>\n<li>Settiin sis\u00e4ltyv\u00e4n yl\u00e4pidikkeen pituus on 1000 mm.<\/li>\n<li>Jos tarvitset toisen pituuden, kirjoita se tilaukseen.<\/li>\n<\/ul>\n<p><strong>HUOMIO!<\/strong><br \/>\nKaikki sein\u00e4t voidaan kiinnitt\u00e4\u00e4 kulmakiinnikkeell\u00e4, kuten t\u00e4ss\u00e4 kuvassa n\u00e4kyy. Sein\u00e4t eroavat toisistaan \u200b\u200b\u200b\u200btavalla, jolla ne on kiinnitetty sein\u00e4\u00e4n.<\/p>\n<p>&nbsp;<\/p>\n<p><a href=\"http:\/\/www.baltijosbrasta.com\/system\/download\/Instruncion%20EN.pdf\" target=\"_blank\" rel=\"noopener\"><b>Lasinhoito-ohjeet<\/b><\/a><\/p>\n","protected":false},"excerpt":{"rendered":"<ul>\n<li>Helppo rakentaminen<\/li>\n<li>Vahva avoimien ovien kiinnitys<\/li>\n<li>Suljettujen ovien vahva kiinnitys<\/li>\n<li>Vahva ja vakaa rakenne<\/li>\n<li>Moderni pehme\u00e4 muotoilu<\/li>\n<li>Tarjolla minimalistisia ja kaupunkiratkaisuja<\/li>\n<li>Helppo huolto<\/li>\n<li>Kehykset\u00f6n<\/li>\n<li>Mukava kylpe\u00e4 ja optisesti mukava korkeus<\/li>\n<li>Tarkista eri mittahinnat!<\/li>\n<\/ul>\n<p>&nbsp;<\/p>\n","protected":false},"featured_media":8294,"comment_status":"open","ping_status":"closed","template":"","meta":{"_acf_changed":false},"factory":[],"free-shipment":[],"product_brand":[],"product_cat":[1121,1335],"product_tag":[],"class_list":{"0":"post-13803","1":"product","2":"type-product","3":"status-publish","4":"has-post-thumbnail","6":"product_cat-saniteetti","7":"product_cat-suihkukaapit","9":"first","10":"instock","11":"sale","12":"taxable","13":"shipping-taxable","14":"purchasable","15":"product-type-simple"},"acf":[],"_links":{"self":[{"href":"https:\/\/factory.sale\/fi\/wp-json\/wp\/v2\/product\/13803","targetHints":{"allow":["GET"]}}],"collection":[{"href":"https:\/\/factory.sale\/fi\/wp-json\/wp\/v2\/product"}],"about":[{"href":"https:\/\/factory.sale\/fi\/wp-json\/wp\/v2\/types\/product"}],"replies":[{"embeddable":true,"href":"https:\/\/factory.sale\/fi\/wp-json\/wp\/v2\/comments?post=13803"}],"wp:featuredmedia":[{"embeddable":true,"href":"https:\/\/factory.sale\/fi\/wp-json\/wp\/v2\/media\/8294"}],"wp:attachment":[{"href":"https:\/\/factory.sale\/fi\/wp-json\/wp\/v2\/media?parent=13803"}],"wp:term":[{"taxonomy":"factory","embeddable":true,"href":"https:\/\/factory.sale\/fi\/wp-json\/wp\/v2\/factory?post=13803"},{"taxonomy":"free-shipment","embeddable":true,"href":"https:\/\/factory.sale\/fi\/wp-json\/wp\/v2\/free-shipment?post=13803"},{"taxonomy":"product_brand","embeddable":true,"href":"https:\/\/factory.sale\/fi\/wp-json\/wp\/v2\/product_brand?post=13803"},{"taxonomy":"product_cat","embeddable":true,"href":"https:\/\/factory.sale\/fi\/wp-json\/wp\/v2\/product_cat?post=13803"},{"taxonomy":"product_tag","embeddable":true,"href":"https:\/\/factory.sale\/fi\/wp-json\/wp\/v2\/product_tag?post=13803"}],"curies":[{"name":"wp","href":"https:\/\/api.w.org\/{rel}","templated":true}]}}