{"id":13799,"date":"2022-08-03T13:52:36","date_gmt":"2022-10-02T19:17:50","guid":{"rendered":"https:\/\/factory.sale\/?post_type=product&#038;p=13799"},"modified":"2024-06-25T11:22:56","modified_gmt":"2024-06-25T11:22:56","slug":"sahkoinen-seinakiuas-harvia-vega-bc45","status":"publish","type":"product","link":"https:\/\/factory.sale\/fi\/tuote\/sahkoinen-seinakiuas-harvia-vega-bc45\/","title":{"rendered":"S\u00c4HK\u00d6INEN SEIN\u00c4KIUAS HARVIA VEGA BC45"},"content":{"rendered":"<p>Harvia Vega on tyylik\u00e4s kiuas, jota on helppo k\u00e4ytt\u00e4\u00e4. Kiukaan ruostumattomasta ter\u00e4ksest\u00e4 valmistettu ulkopinta on kest\u00e4v\u00e4 ja antaa saunallesi modernin ilmeen. Pienelle saunalle sopivan tehopaketin k\u00e4ytt\u00f6kytkimet on sijoitettu kiukaan yl\u00e4osaan, mik\u00e4 tekee k\u00e4yt\u00f6st\u00e4 ergonomista.<\/p>\n<p>Vega on helppo asentaa yhdell\u00e4 ruuvilla erilliseen sein\u00e4telineeseen. Kiukaan symmetrisen muodon ansiosta k\u00e4tevyytt\u00e4 ei tarvitse muuttaa, vaan se valitaan. Asennusta helpottavat my\u00f6s kiukaan sivulta tehdyt s\u00e4hk\u00f6liit\u00e4nn\u00e4t.<\/p>\n<p>Vegan muotoilu mahdollistaa kiukaan asentamisen erityisen matalalle saunan sein\u00e4lle, jolloin h\u00f6yry\u00e4 riitt\u00e4\u00e4 my\u00f6s alemmille kerroksille ja l\u00e4mp\u00f6 jakautuu saunassa tasaisemmin, joten my\u00f6s alemmilla kerroksilla olevat voivat nauttia l\u00f6ylyst\u00e4 yl\u00f6s. varpailleen.<\/p>\n<p>&nbsp;<\/p>\n<p><strong>Tuotetiedot:<\/strong><\/p>\n<ul>\n<li>Tuotekoodi:\u00a08260804<\/li>\n<li>Harvia Vega BC45 4,5 kW ter\u00e4st\u00e4<\/li>\n<li>Teho: 4,5 kW<\/li>\n<li>Ohjaustapa: Mekaaninen ohjaus<\/li>\n<li>V\u00e4ri: ter\u00e4s<\/li>\n<li>Mitat: 480 x 310 x 540 mm<\/li>\n<li>Suojaet\u00e4isyys: 35 mm sivuille, 20 mm eteen<\/li>\n<li>Kivet: 20 kg (\u00d8 5-10 cm, AC3000)<\/li>\n<\/ul>\n<p>&nbsp;<\/p>\n<p><a href=\"https:\/\/factory.sale\/wp-content\/uploads\/2022\/07\/BC_FISVENDERUETLVLTFRNLPLCSESBG_Y05-0114_24012022.pdf\">Ohjeet<\/a><\/p>\n","protected":false},"excerpt":{"rendered":"<p>Harvia Vega on tyylik\u00e4s kiuas, joka on helppok\u00e4ytt\u00f6inen 3-6m3 saunaan.<\/p>\n","protected":false},"featured_media":11193,"comment_status":"open","ping_status":"closed","template":"","meta":{"_acf_changed":false},"factory":[],"free-shipment":[],"product_brand":[],"product_cat":[1421,1121,484],"product_tag":[866,1152,868,2106],"class_list":{"0":"post-13799","1":"product","2":"type-product","3":"status-publish","4":"has-post-thumbnail","6":"product_cat-harvia-fi","7":"product_cat-saniteetti","8":"product_cat-saunan-kiukaat","9":"product_tag-electric-sauna-heater-fi","10":"product_tag-harvia-fi","11":"product_tag-sanitary-ware-fi","12":"product_tag-sauna-fi","14":"first","15":"instock","16":"sale","17":"taxable","18":"shipping-taxable","19":"purchasable","20":"product-type-simple"},"acf":[],"_links":{"self":[{"href":"https:\/\/factory.sale\/fi\/wp-json\/wp\/v2\/product\/13799","targetHints":{"allow":["GET"]}}],"collection":[{"href":"https:\/\/factory.sale\/fi\/wp-json\/wp\/v2\/product"}],"about":[{"href":"https:\/\/factory.sale\/fi\/wp-json\/wp\/v2\/types\/product"}],"replies":[{"embeddable":true,"href":"https:\/\/factory.sale\/fi\/wp-json\/wp\/v2\/comments?post=13799"}],"wp:featuredmedia":[{"embeddable":true,"href":"https:\/\/factory.sale\/fi\/wp-json\/wp\/v2\/media\/11193"}],"wp:attachment":[{"href":"https:\/\/factory.sale\/fi\/wp-json\/wp\/v2\/media?parent=13799"}],"wp:term":[{"taxonomy":"factory","embeddable":true,"href":"https:\/\/factory.sale\/fi\/wp-json\/wp\/v2\/factory?post=13799"},{"taxonomy":"free-shipment","embeddable":true,"href":"https:\/\/factory.sale\/fi\/wp-json\/wp\/v2\/free-shipment?post=13799"},{"taxonomy":"product_brand","embeddable":true,"href":"https:\/\/factory.sale\/fi\/wp-json\/wp\/v2\/product_brand?post=13799"},{"taxonomy":"product_cat","embeddable":true,"href":"https:\/\/factory.sale\/fi\/wp-json\/wp\/v2\/product_cat?post=13799"},{"taxonomy":"product_tag","embeddable":true,"href":"https:\/\/factory.sale\/fi\/wp-json\/wp\/v2\/product_tag?post=13799"}],"curies":[{"name":"wp","href":"https:\/\/api.w.org\/{rel}","templated":true}]}}