{"id":13797,"date":"2022-08-04T14:18:14","date_gmt":"2022-10-02T19:08:44","guid":{"rendered":"https:\/\/factory.sale\/?post_type=product&#038;p=13797"},"modified":"2025-03-21T20:20:05","modified_gmt":"2025-03-21T17:20:05","slug":"sahkokiukas-vega-compact-bc35","status":"publish","type":"product","link":"https:\/\/factory.sale\/fi\/tuote\/sahkokiukas-vega-compact-bc35\/","title":{"rendered":"S\u00c4HK\u00d6KIUKAS VEGA COMPACT BC35"},"content":{"rendered":"<p>Harvia Vega Compact on tehokas paketti pieneen saunaan. Vega Compact on helppok\u00e4ytt\u00f6inen, koska k\u00e4ytt\u00f6kytkimet on sijoitettu ergonomisesti kiukaan yl\u00e4osaan. Kiuas voidaan asentaa hyvin matalalle saunan sein\u00e4lle, joten se l\u00e4mmitt\u00e4\u00e4 my\u00f6s alemmat lauteet. Vega Compact on helppo asentaa.<\/p>\n<p>&nbsp;<\/p>\n<p><strong>Tuotetiedot<\/strong>:<\/p>\n<ul>\n<li>Tuotekoodi: 8260835<\/li>\n<li>Teho: 3,5 kW<\/li>\n<li>Saunatila min &#8211; max koko: 2 &#8211; 4,5 m3<\/li>\n<li>Mitat (KxLxS: 505 x 280 x 295 mm<\/li>\n<li>Paino: 7 kg<\/li>\n<li>Kiven kantavuus max: 12 kg<\/li>\n<li>V\u00e4himm\u00e4isturvaet\u00e4isyydet (katto \/ sivut): 900 mm \/ 20 mm<\/li>\n<li>Sy\u00f6tt\u00f6j\u00e4nnite, vaihe : 400 V 2N \/ 230 V 1N<\/li>\n<li>Sulake: A 2&#215;10 \/ 1&#215;16<\/li>\n<li>Liit\u00e4nt\u00e4kaapeli, mm2: 4 x 1,5 \/ 3 x 2,5<\/li>\n<li>Ohjausyksikk\u00f6: Sis\u00e4\u00e4nrakennettu<\/li>\n<\/ul>\n<p>&nbsp;<\/p>\n<p><a href=\"https:\/\/factory.sale\/wp-content\/uploads\/2022\/08\/Harvia-manual.pdf\" target=\"_blank\" rel=\"noopener noreferrer\">Ohjeet<\/a><\/p>\n","protected":false},"excerpt":{"rendered":"<ul>\n<li>Kompakti<\/li>\n<li>Voimakas<\/li>\n<li>Helppok\u00e4ytt\u00f6inen<\/li>\n<\/ul>\n<p>&nbsp;<\/p>\n","protected":false},"featured_media":11274,"comment_status":"open","ping_status":"closed","template":"","meta":{"_acf_changed":false},"factory":[],"free-shipment":[],"product_brand":[],"product_cat":[1421,1121,484],"product_tag":[866,1152,2106],"class_list":{"0":"post-13797","1":"product","2":"type-product","3":"status-publish","4":"has-post-thumbnail","6":"product_cat-harvia-fi","7":"product_cat-saniteetti","8":"product_cat-saunan-kiukaat","9":"product_tag-electric-sauna-heater-fi","10":"product_tag-harvia-fi","11":"product_tag-sauna-fi","13":"first","14":"instock","15":"sale","16":"taxable","17":"shipping-taxable","18":"purchasable","19":"product-type-simple"},"acf":[],"_links":{"self":[{"href":"https:\/\/factory.sale\/fi\/wp-json\/wp\/v2\/product\/13797","targetHints":{"allow":["GET"]}}],"collection":[{"href":"https:\/\/factory.sale\/fi\/wp-json\/wp\/v2\/product"}],"about":[{"href":"https:\/\/factory.sale\/fi\/wp-json\/wp\/v2\/types\/product"}],"replies":[{"embeddable":true,"href":"https:\/\/factory.sale\/fi\/wp-json\/wp\/v2\/comments?post=13797"}],"wp:featuredmedia":[{"embeddable":true,"href":"https:\/\/factory.sale\/fi\/wp-json\/wp\/v2\/media\/11274"}],"wp:attachment":[{"href":"https:\/\/factory.sale\/fi\/wp-json\/wp\/v2\/media?parent=13797"}],"wp:term":[{"taxonomy":"factory","embeddable":true,"href":"https:\/\/factory.sale\/fi\/wp-json\/wp\/v2\/factory?post=13797"},{"taxonomy":"free-shipment","embeddable":true,"href":"https:\/\/factory.sale\/fi\/wp-json\/wp\/v2\/free-shipment?post=13797"},{"taxonomy":"product_brand","embeddable":true,"href":"https:\/\/factory.sale\/fi\/wp-json\/wp\/v2\/product_brand?post=13797"},{"taxonomy":"product_cat","embeddable":true,"href":"https:\/\/factory.sale\/fi\/wp-json\/wp\/v2\/product_cat?post=13797"},{"taxonomy":"product_tag","embeddable":true,"href":"https:\/\/factory.sale\/fi\/wp-json\/wp\/v2\/product_tag?post=13797"}],"curies":[{"name":"wp","href":"https:\/\/api.w.org\/{rel}","templated":true}]}}