{"id":13795,"date":"2022-09-24T14:00:12","date_gmt":"2022-10-02T19:05:27","guid":{"rendered":"https:\/\/factory.sale\/?post_type=product&#038;p=13795"},"modified":"2024-06-25T17:44:07","modified_gmt":"2024-06-25T17:44:07","slug":"sahkokiukas-harvia-vega-bc90e","status":"publish","type":"product","link":"https:\/\/factory.sale\/fi\/tuote\/sahkokiukas-harvia-vega-bc90e\/","title":{"rendered":"S\u00c4HK\u00d6KIUAS HARVIA VEGA BC90E"},"content":{"rendered":"<p>Harvia Vega on tyylik\u00e4s kiuas, joka on helppok\u00e4ytt\u00f6inen. Kiukaan ruostumattomasta ter\u00e4ksest\u00e4 valmistettu ulkokuori antaa saunallesi modernin ilmeen.<br \/>\nVega on helppo asentaa erilliseen telineeseen. Symmetrisen rakenteen ansiosta l\u00e4mmittimen k\u00e4denmukaisuutta ei tarvitse muuttaa &#8211; se on yksinkertaisesti valittu. S\u00e4hk\u00f6liit\u00e4nn\u00e4t on tehty kiukaan sivulta, mik\u00e4 helpottaa asennusta.<br \/>\nVegan rakenne mahdollistaa kiukaan asentamisen matalalle saunan sein\u00e4lle. T\u00e4m\u00e4 mahdollistaa l\u00e4mm\u00f6n levi\u00e4misen tasaisesti koko saunaan, mik\u00e4 varmistaa, ett\u00e4 my\u00f6s alemmat lauteet nauttivat l\u00e4mm\u00f6st\u00e4.<br \/>\nMalleja BC45E, BC60E, BC80E ja BC90E ohjataan erillisell\u00e4 ohjausyksik\u00f6ll\u00e4.<\/p>\n<p><strong>Lis\u00e4informaatio:<\/strong><\/p>\n<ul>\n<li>Tuotekoodi: HCBE900400S<\/li>\n<li>Teho, kW: 9,0<\/li>\n<li>Saunahuone min &#8211; max koko: m3 8-14<\/li>\n<li>Mitat (KxLxS), mm: 540 x 480 x 310<\/li>\n<li>Paino, kg: 11<\/li>\n<li>Kiven kantavuus max, kg: 20<\/li>\n<li>V\u00e4himm\u00e4isturvaet\u00e4isyydet (katto \/ sivut): 1100 mm \/ 120 mm<\/li>\n<li>Sy\u00f6tt\u00f6j\u00e4nnite, vaihe: 400 V 3N~ \/ 230 V 1N~<\/li>\n<li>Sulake A: 3 x 16 \/ 1 x 50<\/li>\n<li>Liit\u00e4nt\u00e4kaapeli, mm2: 5 x 2,5 \/ 3 x 10<\/li>\n<li>Ohjausyksikk\u00f6: Vaatii erillisen ohjausyksik\u00f6n<\/li>\n<li>Vesis\u00e4ili\u00f6n tilavuus, l &#8211;<\/li>\n<li>Kivet: Ei sis\u00e4lly hintaan (osta kivi\u00e4 t\u00e4\u00e4lt\u00e4)<\/li>\n<\/ul>\n<p>&nbsp;<\/p>\n<p>&nbsp;<\/p>\n<p><a href=\"https:\/\/factory.sale\/wp-content\/uploads\/2022\/09\/Manual_Harvia_Electric_Heater_Vega_ENG.pdf\" target=\"_blank\" rel=\"noopener noreferrer\">Manuaalinen<\/a><\/p>\n","protected":false},"excerpt":{"rendered":"<p><strong>HUIPPULUOKAN PERUSKIUAS!<\/strong><\/p>\n<p>Harvia Vega on tyylik\u00e4s kiuas, joka on helppok\u00e4ytt\u00f6inen. Kiukaan ruostumattomasta ter\u00e4ksest\u00e4 valmistettu ulkokuori antaa saunallesi modernin ilmeen.<\/p>\n","protected":false},"featured_media":10616,"comment_status":"open","ping_status":"closed","template":"","meta":{"_acf_changed":false},"factory":[],"free-shipment":[],"product_brand":[],"product_cat":[1421,1121,484],"product_tag":[3162,866,1152,868,2106],"class_list":{"0":"post-13795","1":"product","2":"type-product","3":"status-publish","4":"has-post-thumbnail","6":"product_cat-harvia-fi","7":"product_cat-saniteetti","8":"product_cat-saunan-kiukaat","9":"product_tag-electric-heater-fi","10":"product_tag-electric-sauna-heater-fi","11":"product_tag-harvia-fi","12":"product_tag-sanitary-ware-fi","13":"product_tag-sauna-fi","15":"first","16":"instock","17":"sale","18":"taxable","19":"shipping-taxable","20":"purchasable","21":"product-type-simple"},"acf":[],"_links":{"self":[{"href":"https:\/\/factory.sale\/fi\/wp-json\/wp\/v2\/product\/13795","targetHints":{"allow":["GET"]}}],"collection":[{"href":"https:\/\/factory.sale\/fi\/wp-json\/wp\/v2\/product"}],"about":[{"href":"https:\/\/factory.sale\/fi\/wp-json\/wp\/v2\/types\/product"}],"replies":[{"embeddable":true,"href":"https:\/\/factory.sale\/fi\/wp-json\/wp\/v2\/comments?post=13795"}],"wp:featuredmedia":[{"embeddable":true,"href":"https:\/\/factory.sale\/fi\/wp-json\/wp\/v2\/media\/10616"}],"wp:attachment":[{"href":"https:\/\/factory.sale\/fi\/wp-json\/wp\/v2\/media?parent=13795"}],"wp:term":[{"taxonomy":"factory","embeddable":true,"href":"https:\/\/factory.sale\/fi\/wp-json\/wp\/v2\/factory?post=13795"},{"taxonomy":"free-shipment","embeddable":true,"href":"https:\/\/factory.sale\/fi\/wp-json\/wp\/v2\/free-shipment?post=13795"},{"taxonomy":"product_brand","embeddable":true,"href":"https:\/\/factory.sale\/fi\/wp-json\/wp\/v2\/product_brand?post=13795"},{"taxonomy":"product_cat","embeddable":true,"href":"https:\/\/factory.sale\/fi\/wp-json\/wp\/v2\/product_cat?post=13795"},{"taxonomy":"product_tag","embeddable":true,"href":"https:\/\/factory.sale\/fi\/wp-json\/wp\/v2\/product_tag?post=13795"}],"curies":[{"name":"wp","href":"https:\/\/api.w.org\/{rel}","templated":true}]}}