{"id":13791,"date":"2022-08-08T12:56:05","date_gmt":"2022-10-02T18:55:34","guid":{"rendered":"https:\/\/factory.sale\/?post_type=product&#038;p=13791"},"modified":"2024-06-25T16:51:14","modified_gmt":"2024-06-25T16:51:14","slug":"sahkokiukas-harvia-legend-po165-165-kw","status":"publish","type":"product","link":"https:\/\/factory.sale\/fi\/tuote\/sahkokiukas-harvia-legend-po165-165-kw\/","title":{"rendered":"S\u00c4HK\u00d6KIUKAS HARVIA LEGEND PO165, 16,5 KW"},"content":{"rendered":"<p>Harvia Legend tarjoaa sinulle \u00e4\u00e4rimm\u00e4isen saunael\u00e4myksen. T\u00e4m\u00e4 suuri kiuas vie sinut takaisin alkuperille \u2013 se sis\u00e4lt\u00e4\u00e4 saunan olemuksen. Patinoidussa ter\u00e4srungossa on 220 kg kivi\u00e4 ja niiden l\u00e4mmetess\u00e4 isompikin sauna saa upean saunan. Kivitilan avoimen rakenteen ansiosta voit heitt\u00e4\u00e4 vett\u00e4 koko kiukaan ulkopinnalle. Suureen kivim\u00e4\u00e4r\u00e4\u00e4n ladattu l\u00e4mp\u00f6 antaa mahdollisuuden heitt\u00e4\u00e4 enemm\u00e4n vett\u00e4 my\u00f6s alhaisemmassa l\u00e4mp\u00f6tilassa \u2013 saat ihastuttavan kostea kylpykokemus. Py\u00f6re\u00e4n muodon ansiosta Harvia Legend -kiuas voidaan asentaa saunan keskelle tai upottaa lauteille.<\/p>\n<p>&nbsp;<\/p>\n<p><strong>Tuotetiedot:<\/strong><\/p>\n<ul>\n<li>Tuotekoodi:\u00a08266217<\/li>\n<li>Lattiamalli Py\u00f6re\u00e4 kiuas suurella kivim\u00e4\u00e4r\u00e4ll\u00e4, 16-35m3 saunaan<\/li>\n<li>Teho: 16,5 kW<\/li>\n<li>Ohjausmenetelm\u00e4: Erillinen ohjauskeskus<\/li>\n<li>V\u00e4ri musta<\/li>\n<li>Mitat: 600 x 600 x 830 mm<\/li>\n<li>Suojaet\u00e4isyys: 150 mm sivuille<\/li>\n<li>Kivet: 220 kg (\u00d8 10-15 cm)<\/li>\n<\/ul>\n<p>&nbsp;<\/p>\n<p><a href=\"https:\/\/factory.sale\/wp-content\/uploads\/2022\/08\/PO11.pdf\" target=\"_blank\" rel=\"noopener noreferrer\"><em>Ohjeet<\/em><\/a><\/p>\n","protected":false},"excerpt":{"rendered":"<p>Harvia Legend PO165 16,5 kW &#8211; s\u00e4hk\u00f6kiuas, jossa on erityisen paljon kivi\u00e4, joka antaa paljon h\u00f6yry\u00e4 ja ker\u00e4\u00e4 hyvin l\u00e4mp\u00f6\u00e4.<\/p>\n<p>Suunniteltu julkiseen k\u00e4ytt\u00f6\u00f6n ja suuriin yksityisiin saunoihin.<\/p>\n<p>&nbsp;<\/p>\n","protected":false},"featured_media":11313,"comment_status":"open","ping_status":"closed","template":"","meta":{"_acf_changed":false},"factory":[],"free-shipment":[],"product_brand":[],"product_cat":[1421,1121,484],"product_tag":[866,1152,868],"class_list":{"0":"post-13791","1":"product","2":"type-product","3":"status-publish","4":"has-post-thumbnail","6":"product_cat-harvia-fi","7":"product_cat-saniteetti","8":"product_cat-saunan-kiukaat","9":"product_tag-electric-sauna-heater-fi","10":"product_tag-harvia-fi","11":"product_tag-sanitary-ware-fi","13":"first","14":"instock","15":"sale","16":"taxable","17":"shipping-taxable","18":"purchasable","19":"product-type-simple"},"acf":[],"_links":{"self":[{"href":"https:\/\/factory.sale\/fi\/wp-json\/wp\/v2\/product\/13791","targetHints":{"allow":["GET"]}}],"collection":[{"href":"https:\/\/factory.sale\/fi\/wp-json\/wp\/v2\/product"}],"about":[{"href":"https:\/\/factory.sale\/fi\/wp-json\/wp\/v2\/types\/product"}],"replies":[{"embeddable":true,"href":"https:\/\/factory.sale\/fi\/wp-json\/wp\/v2\/comments?post=13791"}],"wp:featuredmedia":[{"embeddable":true,"href":"https:\/\/factory.sale\/fi\/wp-json\/wp\/v2\/media\/11313"}],"wp:attachment":[{"href":"https:\/\/factory.sale\/fi\/wp-json\/wp\/v2\/media?parent=13791"}],"wp:term":[{"taxonomy":"factory","embeddable":true,"href":"https:\/\/factory.sale\/fi\/wp-json\/wp\/v2\/factory?post=13791"},{"taxonomy":"free-shipment","embeddable":true,"href":"https:\/\/factory.sale\/fi\/wp-json\/wp\/v2\/free-shipment?post=13791"},{"taxonomy":"product_brand","embeddable":true,"href":"https:\/\/factory.sale\/fi\/wp-json\/wp\/v2\/product_brand?post=13791"},{"taxonomy":"product_cat","embeddable":true,"href":"https:\/\/factory.sale\/fi\/wp-json\/wp\/v2\/product_cat?post=13791"},{"taxonomy":"product_tag","embeddable":true,"href":"https:\/\/factory.sale\/fi\/wp-json\/wp\/v2\/product_tag?post=13791"}],"curies":[{"name":"wp","href":"https:\/\/api.w.org\/{rel}","templated":true}]}}