{"id":13783,"date":"2022-08-18T10:53:22","date_gmt":"2022-10-02T18:02:41","guid":{"rendered":"https:\/\/factory.sale\/?post_type=product&#038;p=13783"},"modified":"2026-03-05T16:45:39","modified_gmt":"2026-03-05T13:45:39","slug":"sahkokiuas-huum-hive-12kw","status":"publish","type":"product","link":"https:\/\/factory.sale\/fi\/tuote\/sahkokiuas-huum-hive-12kw\/","title":{"rendered":"S\u00e4hk\u00f6kiuas HUUM HIVE 12kW"},"content":{"rendered":"<p>HUUM HIVE Mini -s\u00e4hk\u00f6kiuas on hoikempi versio majesteettisesta HIVE-kiukaasta ja suunniteltu sopimaan hieman pienempiin l\u00f6ylyhuoneisiin. Kuten isoveljens\u00e4, my\u00f6s HIVE Mini on saanut inspiraationsa mehil\u00e4ispes\u00e4st\u00e4. Sen kauniit kaaret ja py\u00f6re\u00e4 muoto korostavat kivien luonnollista kauneutta ja tekev\u00e4t kiukaasta n\u00e4ytt\u00e4v\u00e4n keskipisteen jokaisessa saunassa. Kiukaan selke\u00e4 ja pelkistetty muotoilu antaa saunalle pohjoismaisen rauhallisen ilmeen. Kest\u00e4v\u00e4st\u00e4 ruostumattomasta ter\u00e4ksest\u00e4 valmistettu runko vet\u00e4\u00e4 jopa 150 kg kivi\u00e4 ja takaa pehme\u00e4t ja runsaat l\u00f6ylyt. HIVE Mini mahdollistaa pitk\u00e4n ja rentouttavan saunael\u00e4myksen ilman, ett\u00e4 tarvitaan suurikokoinen kiuas.<\/p>\n<p>Vuodesta 2025 alkaen ilmakanava sis\u00e4ltyy kaikkiin HIVE Mini -malleihin vakiovarusteena.<\/p>\n<p>Suosittelemme asentamaan kiukaaseen suojakaiteen \u2013 joko HUUMin suojakaiteen tai mittatilausty\u00f6n\u00e4 valmistetun suojakaiteen, jotta saunassa olisi enemm\u00e4n turvallisuutta ja mukavuutta.<\/p>\n<p>Oikean kokoinen kiuas = t\u00e4ydellinen sauna! K\u00e4yt\u00e4 <a href=\"https:\/\/huum.eu\/calculator\/\" target=\"_blank\" rel=\"noopener\">saunalaskuriamme<\/a> l\u00f6yt\u00e4\u00e4ksesi ihanteellisen tehon.<\/p>\n<p><strong>Setti sis\u00e4lt\u00e4\u00e4:<\/strong><\/p>\n<ul>\n<li>s\u00e4hk\u00f6kiuas<\/li>\n<li>s\u00e4\u00e4dett\u00e4v\u00e4t jalat (nostavat l\u00e4mmitint\u00e4 jopa 7 cm).<\/li>\n<\/ul>\n<p><strong>Kiuas tarvitsee lis\u00e4ksi:<\/strong><\/p>\n<ul>\n<li>250 kg <a href=\"https:\/\/factory.sale\/fi\/tuote\/lammittimen-kivet\/\" target=\"_blank\" rel=\"noopener\">kiuaskivi\u00e4<\/a> (5-10 cm)<\/li>\n<li><a href=\"https:\/\/factory.sale\/fi\/tuote-osasto\/saniteetti\/ohjauspaneeli\/huum-fi-2\/\" target=\"_blank\" rel=\"noopener\">ohjauspaneelin<\/a><\/li>\n<li>l\u00e4mm\u00f6nkest\u00e4v\u00e4n virtajohdon<\/li>\n<\/ul>\n<p><strong>Tekniset tiedot:<\/strong><\/p>\n<ul>\n<li>teho: 12 kW<\/li>\n<li>l\u00e4mmitetty huone min.: 12 m\u00b3<\/li>\n<li>l\u00e4mmitetty huone max.: 18 m\u00b3<\/li>\n<li>kivien kapasiteetti: 250 kg<\/li>\n<li>paino: 20 kg<\/li>\n<li>korkeus: 750 mm<\/li>\n<li>halkaisija: 560 mm<\/li>\n<\/ul>\n<p><strong>Turvaet\u00e4isyydet:<\/strong><\/p>\n<ul>\n<li>A: 120 mm<\/li>\n<li>B: 800 mm<\/li>\n<li>C: 400 mm<\/li>\n<li>H: 750 mm<\/li>\n<\/ul>\n<p><strong data-start=\"78\" data-end=\"88\">Takuu:<\/strong><\/p>\n<ul>\n<li>kotik\u00e4ytt\u00f6 \u2013 3 vuotta<\/li>\n<li>ammattik\u00e4ytt\u00f6 \u2013 1 vuosi<\/li>\n<\/ul>\n<p>Tarvitsetko varaosia t\u00e4lle kiukaalle? \u2013 L\u00e4het\u00e4 meille s\u00e4hk\u00f6postia. Kaikki muut lis\u00e4varusteet l\u00f6ytyv\u00e4t <a href=\"https:\/\/factory.sale\/fi\/tuote-osasto\/saniteetti\/saunatarvikkeet\/huum-fi-3\/\" target=\"_blank\" rel=\"noopener\">t\u00e4\u00e4lt\u00e4<\/a>.<\/p>\n<p><strong>EAN: 4744103011124<\/strong><\/p>\n<p>&nbsp;<\/p>\n<h2>HUUM HIVE KIVIEN SIJOITUS<\/h2>\n<div class=\"video-wrapper \"><iframe loading=\"lazy\" title=\"HUUM HIVE stone placement with air tunnel\" width=\"500\" height=\"281\" src=\"https:\/\/www.youtube.com\/embed\/KGpDOv_lg4M?feature=oembed\" frameborder=\"0\" allow=\"accelerometer; autoplay; clipboard-write; encrypted-media; gyroscope; picture-in-picture; web-share\" referrerpolicy=\"strict-origin-when-cross-origin\" allowfullscreen><\/iframe><\/div>\n<h2>HUUM SAUNA<\/h2>\n<div class=\"video-wrapper \"><iframe loading=\"lazy\" title=\"Sauna inspiration \u2502 HUUM HIVE Wood \u2502 wood-burning stove\" width=\"500\" height=\"281\" src=\"https:\/\/www.youtube.com\/embed\/s5SwqfqFP9Y?feature=oembed\" frameborder=\"0\" allow=\"accelerometer; autoplay; clipboard-write; encrypted-media; gyroscope; picture-in-picture; web-share\" referrerpolicy=\"strict-origin-when-cross-origin\" allowfullscreen><\/iframe><\/div>\n<h2>MIKSI HUUM?<\/h2>\n<div class=\"video-wrapper \"><iframe loading=\"lazy\" title=\"Why HUUM heaters?\" width=\"500\" height=\"281\" src=\"https:\/\/www.youtube.com\/embed\/mstEnCX5Ehs?feature=oembed\" frameborder=\"0\" allow=\"accelerometer; autoplay; clipboard-write; encrypted-media; gyroscope; picture-in-picture; web-share\" referrerpolicy=\"strict-origin-when-cross-origin\" allowfullscreen><\/iframe><\/div>\n","protected":false},"excerpt":{"rendered":"<p>S\u00e4hk\u00f6kiuas HUUM HIVE 12kW on tyylik\u00e4s ratkaisu keskikokoisiin ja suurempiin (12-18 m\u00b3) saunoihin. T\u00e4ydellinen koteihin, kylpyl\u00f6ihin ja liikuntatiloihin.<\/p>\n","protected":false},"featured_media":133236,"comment_status":"open","ping_status":"closed","template":"","meta":{"_acf_changed":false},"factory":[],"free-shipment":[5019],"product_brand":[4433],"product_cat":[858,1121,484],"product_tag":[3162,866,859,4974,868,2106],"class_list":{"0":"post-13783","1":"product","2":"type-product","3":"status-publish","4":"has-post-thumbnail","6":"free-shipment-ilmainen-toimitus","7":"product_brand-huum-fi","8":"product_cat-huum-fi","9":"product_cat-saniteetti","10":"product_cat-saunan-kiukaat","11":"product_tag-electric-heater-fi","12":"product_tag-electric-sauna-heater-fi","13":"product_tag-huum-fi","14":"product_tag-huum-hive-fi","15":"product_tag-sanitary-ware-fi","16":"product_tag-sauna-fi","18":"first","19":"instock","20":"sale","21":"taxable","22":"shipping-taxable","23":"purchasable","24":"product-type-simple"},"acf":[],"_links":{"self":[{"href":"https:\/\/factory.sale\/fi\/wp-json\/wp\/v2\/product\/13783","targetHints":{"allow":["GET"]}}],"collection":[{"href":"https:\/\/factory.sale\/fi\/wp-json\/wp\/v2\/product"}],"about":[{"href":"https:\/\/factory.sale\/fi\/wp-json\/wp\/v2\/types\/product"}],"replies":[{"embeddable":true,"href":"https:\/\/factory.sale\/fi\/wp-json\/wp\/v2\/comments?post=13783"}],"wp:featuredmedia":[{"embeddable":true,"href":"https:\/\/factory.sale\/fi\/wp-json\/wp\/v2\/media\/133236"}],"wp:attachment":[{"href":"https:\/\/factory.sale\/fi\/wp-json\/wp\/v2\/media?parent=13783"}],"wp:term":[{"taxonomy":"factory","embeddable":true,"href":"https:\/\/factory.sale\/fi\/wp-json\/wp\/v2\/factory?post=13783"},{"taxonomy":"free-shipment","embeddable":true,"href":"https:\/\/factory.sale\/fi\/wp-json\/wp\/v2\/free-shipment?post=13783"},{"taxonomy":"product_brand","embeddable":true,"href":"https:\/\/factory.sale\/fi\/wp-json\/wp\/v2\/product_brand?post=13783"},{"taxonomy":"product_cat","embeddable":true,"href":"https:\/\/factory.sale\/fi\/wp-json\/wp\/v2\/product_cat?post=13783"},{"taxonomy":"product_tag","embeddable":true,"href":"https:\/\/factory.sale\/fi\/wp-json\/wp\/v2\/product_tag?post=13783"}],"curies":[{"name":"wp","href":"https:\/\/api.w.org\/{rel}","templated":true}]}}