{"id":13781,"date":"2022-08-04T11:57:06","date_gmt":"2022-10-02T18:00:42","guid":{"rendered":"https:\/\/factory.sale\/?post_type=product&#038;p=13781"},"modified":"2024-06-27T08:24:02","modified_gmt":"2024-06-27T08:24:02","slug":"sahkolammitin-harvia-senator-t9-t105","status":"publish","type":"product","link":"https:\/\/factory.sale\/fi\/tuote\/sahkolammitin-harvia-senator-t9-t105\/","title":{"rendered":"S\u00c4HK\u00d6L\u00c4MMITIN HARVIA SENATOR T9\/T10,5"},"content":{"rendered":"<p>Harvia Senator on lattiaan asennettava s\u00e4hk\u00f6kiuas, joka on suunniteltu erityisesti saunasta nauttiville. Suuri kivitila ja kuusi l\u00e4mmityselementti\u00e4 l\u00e4mmitt\u00e4v\u00e4t saunan tasaisesti ja tehokkaasti. Vakiol\u00e4mp\u00f6tila ja pehme\u00e4 h\u00f6yry ovat ihanteellisia pitkiin uimiseen.<\/p>\n<p>Senator on valmistettu l\u00e4hes kokonaan ruostumattomasta ter\u00e4ksest\u00e4. Se soveltuu hyvin esimerkiksi hotellien pienempiin kaupallisiin saunoihin sek\u00e4 perhesaunoihin. Senator-kiukaista ohjataan erillisell\u00e4 ohjausyksik\u00f6ll\u00e4.<\/p>\n<p>&nbsp;<\/p>\n<p>&nbsp;<\/p>\n<p>&nbsp;<\/p>\n<p><strong>Saatavilla 2 mallia:<\/strong><\/p>\n<p><strong>Harvia Senaattori T9<\/strong><\/p>\n<ul>\n<li>Tuotekoodi: 8261009<\/li>\n<li>Teho: 9,0 kW<\/li>\n<li>Saunatila min:8 m\u00b3<\/li>\n<li>Saunahuone max: 14 m\u00b3<\/li>\n<li>Saunahuoneen korkeus min: 1900 mm<\/li>\n<li>Liit\u00e4nt\u00e4kaapeli: 5 x 2,5 mm2<\/li>\n<li>Sulake: 3 x 16 A<\/li>\n<li>Sy\u00f6tt\u00f6j\u00e4nnite, vaihe: 400V 3N~<\/li>\n<li>Leveys: 465 mm<\/li>\n<li>Korkeus: 660 mm<\/li>\n<li>Syvyys: 345 mm<\/li>\n<li>Paino: 25 kg<\/li>\n<li>Kiven kantavuus max: 40 kg<\/li>\n<\/ul>\n<p><strong>Harvia Senator \u00a0T10,5<\/strong><\/p>\n<ul>\n<li>Tuotekoodi: 8261010<\/li>\n<li>Teho:\u00a010,5 kW<\/li>\n<li>Saunatila min:9 m\u00b3<\/li>\n<li>Saunahuone max: 15 m\u00b3<\/li>\n<li>Saunahuoneen korkeus min: 1900 mm<\/li>\n<li>Liit\u00e4nt\u00e4kaapeli: 5 x 2,5 mm2<\/li>\n<li>Sulake: 3 x 16 A<\/li>\n<li>Sy\u00f6tt\u00f6j\u00e4nnite, vaihe: 400V 3N~<\/li>\n<li>Leveys: 465 mm<\/li>\n<li>Korkeus: 660 mm<\/li>\n<li>Syvyys: 345 mm<\/li>\n<li>Paino: 25 kg<\/li>\n<li>Kiven kantavuus max,:40 kg<\/li>\n<\/ul>\n<p>&nbsp;<\/p>\n<p>&nbsp;<\/p>\n<p><a href=\"https:\/\/factory.sale\/wp-content\/uploads\/2022\/08\/K11G-manual.pdf\" target=\"_blank\" rel=\"noopener noreferrer\"><em>Ohjeet<\/em><\/a><\/p>\n","protected":false},"excerpt":{"rendered":"<p>Kiuas Harvia Senator on muotoilultaan klassinen. Suositeltu saunatilan koko 8 m\u00b3\u00a0&#8211; 15 m\u00b3.<\/p>\n","protected":false},"featured_media":11267,"comment_status":"open","ping_status":"closed","template":"","meta":{"_acf_changed":false},"factory":[],"free-shipment":[],"product_brand":[],"product_cat":[1421,1121,484],"product_tag":[866,1152,2106],"class_list":{"0":"post-13781","1":"product","2":"type-product","3":"status-publish","4":"has-post-thumbnail","6":"product_cat-harvia-fi","7":"product_cat-saniteetti","8":"product_cat-saunan-kiukaat","9":"product_tag-electric-sauna-heater-fi","10":"product_tag-harvia-fi","11":"product_tag-sauna-fi","13":"first","14":"instock","15":"sale","16":"taxable","17":"shipping-taxable","18":"purchasable","19":"product-type-simple"},"acf":[],"_links":{"self":[{"href":"https:\/\/factory.sale\/fi\/wp-json\/wp\/v2\/product\/13781","targetHints":{"allow":["GET"]}}],"collection":[{"href":"https:\/\/factory.sale\/fi\/wp-json\/wp\/v2\/product"}],"about":[{"href":"https:\/\/factory.sale\/fi\/wp-json\/wp\/v2\/types\/product"}],"replies":[{"embeddable":true,"href":"https:\/\/factory.sale\/fi\/wp-json\/wp\/v2\/comments?post=13781"}],"wp:featuredmedia":[{"embeddable":true,"href":"https:\/\/factory.sale\/fi\/wp-json\/wp\/v2\/media\/11267"}],"wp:attachment":[{"href":"https:\/\/factory.sale\/fi\/wp-json\/wp\/v2\/media?parent=13781"}],"wp:term":[{"taxonomy":"factory","embeddable":true,"href":"https:\/\/factory.sale\/fi\/wp-json\/wp\/v2\/factory?post=13781"},{"taxonomy":"free-shipment","embeddable":true,"href":"https:\/\/factory.sale\/fi\/wp-json\/wp\/v2\/free-shipment?post=13781"},{"taxonomy":"product_brand","embeddable":true,"href":"https:\/\/factory.sale\/fi\/wp-json\/wp\/v2\/product_brand?post=13781"},{"taxonomy":"product_cat","embeddable":true,"href":"https:\/\/factory.sale\/fi\/wp-json\/wp\/v2\/product_cat?post=13781"},{"taxonomy":"product_tag","embeddable":true,"href":"https:\/\/factory.sale\/fi\/wp-json\/wp\/v2\/product_tag?post=13781"}],"curies":[{"name":"wp","href":"https:\/\/api.w.org\/{rel}","templated":true}]}}