{"id":13779,"date":"2022-08-03T11:53:25","date_gmt":"2022-10-02T17:56:14","guid":{"rendered":"https:\/\/factory.sale\/?post_type=product&#038;p=13779"},"modified":"2024-06-26T12:08:34","modified_gmt":"2024-06-26T12:08:34","slug":"sahkolammitin-harvia-cilindro-pc70-7-kw","status":"publish","type":"product","link":"https:\/\/factory.sale\/fi\/tuote\/sahkolammitin-harvia-cilindro-pc70-7-kw\/","title":{"rendered":"S\u00e4hk\u00f6kiuas HARVIA CILINDRO PC70 7 KW"},"content":{"rendered":"<p>Harvia Cilindron s\u00e4hk\u00f6kiukaan valtava kivim\u00e4\u00e4r\u00e4 tarjoaa nautinnollisen saunael\u00e4myksen. Voit valita kolmesta eri Cilindro-uunimallista. N\u00e4iss\u00e4 lattiamaisissa l\u00e4mmittimiss\u00e4 on my\u00f6s erinomainen hinta-laatusuhde.<\/p>\n<p>&nbsp;<\/p>\n<p>&nbsp;<\/p>\n<p><strong>Tuotetiedot:<\/strong><\/p>\n<ul>\n<li>Tuotekoodi:\u00a08261006<\/li>\n<li>teho: 7 kW<\/li>\n<li>ohjausmenetelm\u00e4: mekaaninen ohjaus<\/li>\n<li>v\u00e4ri: ter\u00e4s<\/li>\n<li>mitat: 320 x 320 x 930 mm<\/li>\n<li>suojaet\u00e4isyys: 100 mm sivuille<\/li>\n<li>kivet: 80 kg (\u00d8 5-10 cm AC3000)<\/li>\n<\/ul>\n<p>&nbsp;<\/p>\n<p>&nbsp;<\/p>\n<p><a href=\"https:\/\/factory.sale\/wp-content\/uploads\/2022\/08\/4671849.pdf\" target=\"_blank\" rel=\"noopener noreferrer\"><em>Ohjeet<\/em><\/a><\/p>\n","protected":false},"excerpt":{"rendered":"<p>Harvia Cilindro PC70 on iso kivimassainen lattiakiuas 6 &#8211; 10 m3 saunoihin.<\/p>\n","protected":false},"featured_media":11154,"comment_status":"open","ping_status":"closed","template":"","meta":{"_acf_changed":false},"factory":[],"free-shipment":[],"product_brand":[],"product_cat":[1421,1121,484],"product_tag":[866,1152,868,2106],"class_list":{"0":"post-13779","1":"product","2":"type-product","3":"status-publish","4":"has-post-thumbnail","6":"product_cat-harvia-fi","7":"product_cat-saniteetti","8":"product_cat-saunan-kiukaat","9":"product_tag-electric-sauna-heater-fi","10":"product_tag-harvia-fi","11":"product_tag-sanitary-ware-fi","12":"product_tag-sauna-fi","14":"first","15":"instock","16":"sale","17":"taxable","18":"shipping-taxable","19":"purchasable","20":"product-type-simple"},"acf":[],"_links":{"self":[{"href":"https:\/\/factory.sale\/fi\/wp-json\/wp\/v2\/product\/13779","targetHints":{"allow":["GET"]}}],"collection":[{"href":"https:\/\/factory.sale\/fi\/wp-json\/wp\/v2\/product"}],"about":[{"href":"https:\/\/factory.sale\/fi\/wp-json\/wp\/v2\/types\/product"}],"replies":[{"embeddable":true,"href":"https:\/\/factory.sale\/fi\/wp-json\/wp\/v2\/comments?post=13779"}],"wp:featuredmedia":[{"embeddable":true,"href":"https:\/\/factory.sale\/fi\/wp-json\/wp\/v2\/media\/11154"}],"wp:attachment":[{"href":"https:\/\/factory.sale\/fi\/wp-json\/wp\/v2\/media?parent=13779"}],"wp:term":[{"taxonomy":"factory","embeddable":true,"href":"https:\/\/factory.sale\/fi\/wp-json\/wp\/v2\/factory?post=13779"},{"taxonomy":"free-shipment","embeddable":true,"href":"https:\/\/factory.sale\/fi\/wp-json\/wp\/v2\/free-shipment?post=13779"},{"taxonomy":"product_brand","embeddable":true,"href":"https:\/\/factory.sale\/fi\/wp-json\/wp\/v2\/product_brand?post=13779"},{"taxonomy":"product_cat","embeddable":true,"href":"https:\/\/factory.sale\/fi\/wp-json\/wp\/v2\/product_cat?post=13779"},{"taxonomy":"product_tag","embeddable":true,"href":"https:\/\/factory.sale\/fi\/wp-json\/wp\/v2\/product_tag?post=13779"}],"curies":[{"name":"wp","href":"https:\/\/api.w.org\/{rel}","templated":true}]}}