{"id":13775,"date":"2022-08-03T13:11:53","date_gmt":"2022-10-02T17:54:34","guid":{"rendered":"https:\/\/factory.sale\/?post_type=product&#038;p=13775"},"modified":"2024-06-25T11:31:09","modified_gmt":"2024-06-25T11:31:09","slug":"sahkoinen-lattiakiuas-harvia-club-k135g","status":"publish","type":"product","link":"https:\/\/factory.sale\/fi\/tuote\/sahkoinen-lattiakiuas-harvia-club-k135g\/","title":{"rendered":"S\u00c4HK\u00d6INEN LATTIAKIUAS HARVIA CLUB K13,5G"},"content":{"rendered":"<p>Harvia Club on kovaan k\u00e4ytt\u00f6\u00f6n suunniteltu kiuas. Tehokas kiuas voi l\u00e4mmitt\u00e4\u00e4 h\u00f6yrysaunan monille k\u00e4ytt\u00e4jille ja varmistaa halutun l\u00e4mp\u00f6tilan aamusta iltaan. Siksi Harvia Club on hyv\u00e4 valinta kylpyl\u00f6ihin, uima-altaisiin, hotelleihin ja muihin paikkoihin, joissa saunaa k\u00e4ytet\u00e4\u00e4n tavallista raskaammalla kuormituksella.<\/p>\n<p>S\u00e4hk\u00f6kiuasta ohjataan digitaalisella ohjauspaneelilla, joka asennetaan erilleen l\u00e4mmittimest\u00e4. Ohjauspaneeli C150 mahdollistaa l\u00e4mp\u00f6tilan asettamisen v\u00e4lill\u00e4 40 &#8211; 110 astetta. Ohjauspaneeli voidaan lis\u00e4t\u00e4 sarjaan alla olevasta valinnasta.<\/p>\n<p>&nbsp;<\/p>\n<p><strong>Tuotetiedot:<\/strong><\/p>\n<ul>\n<li>Tuotekoodi:\u00a08260713<\/li>\n<li>teho: 13,5 kW<\/li>\n<li>sauna koko: 11 &#8211; 20 m\u00b3<\/li>\n<li>ohjauspaneeli: erillinen ohjauskeskus<\/li>\n<li>suojaet\u00e4isyys: 50 mm sivuvillaa<\/li>\n<li>materiaali: ruostumaton ter\u00e4s<\/li>\n<li>kivi: 60 kg<\/li>\n<li>mitat: 505 x 430 x 700 mm.<\/li>\n<\/ul>\n<p>&nbsp;<\/p>\n","protected":false},"excerpt":{"rendered":"<p>Harvia Club K13,5G on iso lattiamallinen sauna, joka sopii jatkuvassa k\u00e4yt\u00f6ss\u00e4 oleviin saunoihin, mm. kerrostalot, loma- ja kuntokeskukset sek\u00e4 uima-altaat. Vedenkeittimess\u00e4 on erillinen ohjauskeskus ja se on valmistettu ruostumattomasta ter\u00e4ksest\u00e4.<\/p>\n","protected":false},"featured_media":11186,"comment_status":"open","ping_status":"closed","template":"","meta":{"_acf_changed":false},"factory":[],"free-shipment":[],"product_brand":[],"product_cat":[1421,1121,484],"product_tag":[866,1152,868,2106],"class_list":{"0":"post-13775","1":"product","2":"type-product","3":"status-publish","4":"has-post-thumbnail","6":"product_cat-harvia-fi","7":"product_cat-saniteetti","8":"product_cat-saunan-kiukaat","9":"product_tag-electric-sauna-heater-fi","10":"product_tag-harvia-fi","11":"product_tag-sanitary-ware-fi","12":"product_tag-sauna-fi","14":"first","15":"instock","16":"sale","17":"taxable","18":"shipping-taxable","19":"purchasable","20":"product-type-simple"},"acf":[],"_links":{"self":[{"href":"https:\/\/factory.sale\/fi\/wp-json\/wp\/v2\/product\/13775","targetHints":{"allow":["GET"]}}],"collection":[{"href":"https:\/\/factory.sale\/fi\/wp-json\/wp\/v2\/product"}],"about":[{"href":"https:\/\/factory.sale\/fi\/wp-json\/wp\/v2\/types\/product"}],"replies":[{"embeddable":true,"href":"https:\/\/factory.sale\/fi\/wp-json\/wp\/v2\/comments?post=13775"}],"wp:featuredmedia":[{"embeddable":true,"href":"https:\/\/factory.sale\/fi\/wp-json\/wp\/v2\/media\/11186"}],"wp:attachment":[{"href":"https:\/\/factory.sale\/fi\/wp-json\/wp\/v2\/media?parent=13775"}],"wp:term":[{"taxonomy":"factory","embeddable":true,"href":"https:\/\/factory.sale\/fi\/wp-json\/wp\/v2\/factory?post=13775"},{"taxonomy":"free-shipment","embeddable":true,"href":"https:\/\/factory.sale\/fi\/wp-json\/wp\/v2\/free-shipment?post=13775"},{"taxonomy":"product_brand","embeddable":true,"href":"https:\/\/factory.sale\/fi\/wp-json\/wp\/v2\/product_brand?post=13775"},{"taxonomy":"product_cat","embeddable":true,"href":"https:\/\/factory.sale\/fi\/wp-json\/wp\/v2\/product_cat?post=13775"},{"taxonomy":"product_tag","embeddable":true,"href":"https:\/\/factory.sale\/fi\/wp-json\/wp\/v2\/product_tag?post=13775"}],"curies":[{"name":"wp","href":"https:\/\/api.w.org\/{rel}","templated":true}]}}