{"id":13771,"date":"2022-08-16T10:41:24","date_gmt":"2022-10-02T17:14:47","guid":{"rendered":"https:\/\/factory.sale\/?post_type=product&#038;p=13771"},"modified":"2026-02-10T19:31:06","modified_gmt":"2026-02-10T16:31:06","slug":"cliff-steel-upotuslaippa","status":"publish","type":"product","link":"https:\/\/factory.sale\/fi\/tuote\/cliff-steel-upotuslaippa\/","title":{"rendered":"CLIFF\/STEEL upotuslaippa"},"content":{"rendered":"<h2><span style=\"font-size: 14pt;\">CLIFF\/STEEL upotuslaippa<\/span><\/h2>\n<p>Jos haluat olla erilainen kuin naapurisi ja asentaa HUUM CLIFF- tai HUUM STEEL -kiukaasi osittain saunalavan sis\u00e4\u00e4n, uppokaulus kuluu.<\/p>\n<p>Se on valmistettu ruostumattomasta ter\u00e4ksest\u00e4 ja peitt\u00e4\u00e4 kiukaan ymp\u00e4rill\u00e4 olevat ep\u00e4tasaiset puureunat luoden puhtaan ja kauniin viimeistelyn.<\/p>\n<p><strong>Uppopanta sopii seuraaviin l\u00e4mmittimiin:<\/strong><\/p>\n<ul>\n<li>HUUM CLIFF 6kW<\/li>\n<li>HUUM CLIFF 9kW<\/li>\n<li>HUUM CLIFF 10,5kW<\/li>\n<li>HUUM TER\u00c4S 6kW<\/li>\n<li>HUUM TER\u00c4S 9kW<\/li>\n<li>HUUM TER\u00c4S 10,5 kW<\/li>\n<\/ul>\n<p><strong>Tekniset tiedot:<\/strong><\/p>\n<ul>\n<li>PAINO: 1,5 kg<\/li>\n<li>PITUUS: 42,5 cm<\/li>\n<li>LEVEYS: 42,5 cm<\/li>\n<li>EAN 4744103019274<\/li>\n<\/ul>\n<p>&nbsp;<\/p>\n<div class=\"video-wrapper \"><iframe loading=\"lazy\" title=\"HUUM CLIFF and STEEL embedding\" src=\"https:\/\/player.vimeo.com\/video\/986252554?dnt=1&amp;app_id=122963\" width=\"500\" height=\"281\" frameborder=\"0\" allow=\"autoplay; fullscreen; picture-in-picture; clipboard-write; encrypted-media; web-share\" referrerpolicy=\"strict-origin-when-cross-origin\"><\/iframe><\/div>\n<p>&nbsp;<\/p>\n<p><a title=\"Avaa video uudessa v\u00e4lilehdess\u00e4\" href=\"https:\/\/vimeo.com\/986252554\" target=\"_blank\" rel=\"noopener\">Avaa video uudessa v\u00e4lilehdess\u00e4<\/a><\/p>\n<p><a title=\"Tutustu samankaltaisiin tuotteisiin t\u00e4\u00e4ll\u00e4\" href=\"https:\/\/factory.sale\/fi\/tuote-osasto\/saniteetti\/sauna-kiukaiden-tarvikkeet\/\">Tutustu samankaltaisiin tuotteisiin t\u00e4\u00e4ll\u00e4<\/a><\/p>\n","protected":false},"excerpt":{"rendered":"<p>CLIFF\/STEEL upotuslaippa<\/p>\n<ul>\n<li>Valmistettu ruostumattomasta ter\u00e4ksest\u00e4<\/li>\n<li>Tyylik\u00e4s<\/li>\n<li>Peitt\u00e4\u00e4 ep\u00e4tasaiset reunat<\/li>\n<\/ul>\n","protected":false},"featured_media":131143,"comment_status":"open","ping_status":"closed","template":"","meta":{"_acf_changed":false},"factory":[],"free-shipment":[],"product_brand":[4433],"product_cat":[4893],"product_tag":[859,868,2106],"class_list":{"0":"post-13771","1":"product","2":"type-product","3":"status-publish","4":"has-post-thumbnail","6":"product_brand-huum-fi","7":"product_cat-sauna-kiukaiden-tarvikkeet","8":"product_tag-huum-fi","9":"product_tag-sanitary-ware-fi","10":"product_tag-sauna-fi","12":"first","13":"instock","14":"sale","15":"taxable","16":"shipping-taxable","17":"purchasable","18":"product-type-simple"},"acf":[],"_links":{"self":[{"href":"https:\/\/factory.sale\/fi\/wp-json\/wp\/v2\/product\/13771","targetHints":{"allow":["GET"]}}],"collection":[{"href":"https:\/\/factory.sale\/fi\/wp-json\/wp\/v2\/product"}],"about":[{"href":"https:\/\/factory.sale\/fi\/wp-json\/wp\/v2\/types\/product"}],"replies":[{"embeddable":true,"href":"https:\/\/factory.sale\/fi\/wp-json\/wp\/v2\/comments?post=13771"}],"wp:featuredmedia":[{"embeddable":true,"href":"https:\/\/factory.sale\/fi\/wp-json\/wp\/v2\/media\/131143"}],"wp:attachment":[{"href":"https:\/\/factory.sale\/fi\/wp-json\/wp\/v2\/media?parent=13771"}],"wp:term":[{"taxonomy":"factory","embeddable":true,"href":"https:\/\/factory.sale\/fi\/wp-json\/wp\/v2\/factory?post=13771"},{"taxonomy":"free-shipment","embeddable":true,"href":"https:\/\/factory.sale\/fi\/wp-json\/wp\/v2\/free-shipment?post=13771"},{"taxonomy":"product_brand","embeddable":true,"href":"https:\/\/factory.sale\/fi\/wp-json\/wp\/v2\/product_brand?post=13771"},{"taxonomy":"product_cat","embeddable":true,"href":"https:\/\/factory.sale\/fi\/wp-json\/wp\/v2\/product_cat?post=13771"},{"taxonomy":"product_tag","embeddable":true,"href":"https:\/\/factory.sale\/fi\/wp-json\/wp\/v2\/product_tag?post=13771"}],"curies":[{"name":"wp","href":"https:\/\/api.w.org\/{rel}","templated":true}]}}