{"id":13769,"date":"2022-07-04T13:39:44","date_gmt":"2022-10-02T17:11:26","guid":{"rendered":"https:\/\/factory.sale\/?post_type=product&#038;p=13769"},"modified":"2024-06-26T12:36:04","modified_gmt":"2024-06-26T12:36:04","slug":"brasta-industrial-tyyliset-suihkukaapit","status":"publish","type":"product","link":"https:\/\/factory.sale\/fi\/tuote\/brasta-industrial-tyyliset-suihkukaapit\/","title":{"rendered":"Brasta Industrial-tyyliset suihkukaapit"},"content":{"rendered":"<p>Uusi suihkukaappimallisto Industrial style &#8211; se on kuin protesti j\u00e4rjet\u00f6nt\u00e4 kulutuskulttuuria vastaan. Se, mik\u00e4 on tarpeellista, on arvostettua ja pyrkii t\u00e4ydelliseen toimivuuteen.<\/p>\n<p>Voittavia mekaanisia ja teknisi\u00e4 ratkaisuja. Katse 1800-luvulle, teollisen vallankumouksen alkuun, jonka ensisijaisena tavoitteena oli t\u00e4ydellinen toimivuus esineiden valmistuksessa. Jolloin metallia ja pitk\u00e4ik\u00e4ist\u00e4 materiaalia, lasia, k\u00e4ytettiin laajasti tuotteiden valmistuksessa. Etusijalle asetettiin tavaroiden laatu, tuotteiden valmistukseen valittiin huolellisesti kest\u00e4vimm\u00e4t materiaalit, etsittiin parhaita ratkaisuja yksinkertaisuuteen ja kest\u00e4vyyteen pyrkien.<\/p>\n<p>Baltijos Brasta on ylpe\u00e4 yhdest\u00e4 mestariteoksestaan \u200b\u200b- teollisuustyylisten suihkukaappien kokoelmasta. Tuotevision toteuttamiseen k\u00e4ytettiin Acrobat-j\u00e4rjestelm\u00e4\u00e4.<\/p>\n<p><strong>TOIMINNALLINEN<\/strong><\/p>\n<p>N\u00e4m\u00e4 ovat tarkoin harkittuja tuotteita. Mallista riippuen ovet voidaan avata sek\u00e4 sis\u00e4\u00e4n- ett\u00e4 ulosp\u00e4in ja ovensulkimella voit s\u00e4\u00e4t\u00e4\u00e4 niiden avautumiskulmaa.<br \/>\nAvattaessa ovi nousee yl\u00f6s, suljettaessa se sopii kylpyhuoneen lattiaan.<br \/>\nMetallirakenteen avulla voit yksinkertaisesti ja helposti sovittaa suihkukaapin ja sein\u00e4t seinien ja lattioiden ep\u00e4tasaisuuksiin.<br \/>\nSeinien sis\u00e4puoli on p\u00e4\u00e4llystetty QUICK DRIP -pinnoitteella, joka v\u00e4hent\u00e4\u00e4 lasien likaantumista ja helpottaa niiden puhdistamista.<\/p>\n<p>Saatavana eri malleja ja mittoja.<\/p>\n<p><em>Hinta riippuu mitoista, kysy henkil\u00f6kohtainen tarjous!<\/em><\/p>\n","protected":false},"excerpt":{"rendered":"<p>Uusi suihkukaappimallisto teolliseen tyyliin.<\/p>\n","protected":false},"featured_media":9542,"comment_status":"open","ping_status":"closed","template":"","meta":{"_acf_changed":false},"factory":[],"free-shipment":[],"product_brand":[],"product_cat":[767,1121,1011,1335],"product_tag":[807,868],"class_list":{"0":"post-13769","1":"product","2":"type-product","3":"status-publish","4":"has-post-thumbnail","6":"product_cat-sanitary-ware","7":"product_cat-saniteetti","8":"product_cat-shower-enclosures","9":"product_cat-suihkukaapit","10":"product_tag-sanitary-ware","11":"product_tag-sanitary-ware-fi","13":"first","14":"instock","15":"sale","16":"taxable","17":"shipping-taxable","18":"purchasable","19":"product-type-simple"},"acf":[],"_links":{"self":[{"href":"https:\/\/factory.sale\/fi\/wp-json\/wp\/v2\/product\/13769","targetHints":{"allow":["GET"]}}],"collection":[{"href":"https:\/\/factory.sale\/fi\/wp-json\/wp\/v2\/product"}],"about":[{"href":"https:\/\/factory.sale\/fi\/wp-json\/wp\/v2\/types\/product"}],"replies":[{"embeddable":true,"href":"https:\/\/factory.sale\/fi\/wp-json\/wp\/v2\/comments?post=13769"}],"wp:featuredmedia":[{"embeddable":true,"href":"https:\/\/factory.sale\/fi\/wp-json\/wp\/v2\/media\/9542"}],"wp:attachment":[{"href":"https:\/\/factory.sale\/fi\/wp-json\/wp\/v2\/media?parent=13769"}],"wp:term":[{"taxonomy":"factory","embeddable":true,"href":"https:\/\/factory.sale\/fi\/wp-json\/wp\/v2\/factory?post=13769"},{"taxonomy":"free-shipment","embeddable":true,"href":"https:\/\/factory.sale\/fi\/wp-json\/wp\/v2\/free-shipment?post=13769"},{"taxonomy":"product_brand","embeddable":true,"href":"https:\/\/factory.sale\/fi\/wp-json\/wp\/v2\/product_brand?post=13769"},{"taxonomy":"product_cat","embeddable":true,"href":"https:\/\/factory.sale\/fi\/wp-json\/wp\/v2\/product_cat?post=13769"},{"taxonomy":"product_tag","embeddable":true,"href":"https:\/\/factory.sale\/fi\/wp-json\/wp\/v2\/product_tag?post=13769"}],"curies":[{"name":"wp","href":"https:\/\/api.w.org\/{rel}","templated":true}]}}