{"id":13752,"date":"2022-09-24T13:16:32","date_gmt":"2022-10-01T21:28:06","guid":{"rendered":"https:\/\/factory.sale\/?post_type=product&#038;p=13752"},"modified":"2024-06-25T12:38:04","modified_gmt":"2024-06-25T12:38:04","slug":"ohjausyksikko-harvia-xenio-cx170","status":"publish","type":"product","link":"https:\/\/factory.sale\/fi\/tuote\/ohjausyksikko-harvia-xenio-cx170\/","title":{"rendered":"Ohjausyksikk\u00f6 Harvia Xenio CX170"},"content":{"rendered":"<p>Harvia Xenio on kosketusohjauspaneelilla varustettu ohjausyksikk\u00f6. Xenio tarjoaa modernin ja hienovaraisen tyylikk\u00e4\u00e4n k\u00e4ytt\u00f6liittym\u00e4n saunan syd\u00e4men, kiukaan, ohjaamiseen. Tyylik\u00e4s, pieni mutta selke\u00e4 kosketusohjauspaneeli on helppo asentaa haluamaasi paikkaan: saunaan, pesuhuoneeseen, pukuhuoneeseen tai vaikka olohuoneeseen. Ohjauspaneelista n\u00e4et helposti milloin saunassa on sinulle sopiva l\u00e4mp\u00f6tila.<\/p>\n<ul>\n<li>S\u00e4hk\u00f6l\u00e4mmittimen ohjaukseen<\/li>\n<li>L\u00e4mp\u00f6tilan s\u00e4\u00e4t\u00f6alue 40-110 \u02daC<\/li>\n<li>K\u00e4ytt\u00f6ajan s\u00e4\u00e4t\u00f6alue: perhesauna 1-6 h, kaupallinen sauna 1-12 h<\/li>\n<li>Esiasetusajan s\u00e4\u00e4t\u00f6alue 0-12 h<\/li>\n<li>Valaistuksen ja tuulettimen ohjaus<\/li>\n<li>Maksimiteho 17 kW (voidaan laajentaa 34 kW:iin LTY17 teholaajennusyksik\u00f6ll\u00e4)<\/li>\n<li>Tehoyksik\u00f6n sy\u00f6tt\u00f6j\u00e4nnite 400 V 3N~<\/li>\n<li>V\u00e4ri: musta<\/li>\n<\/ul>\n<p>&nbsp;<\/p>\n<p>&nbsp;<\/p>\n<p><a href=\"https:\/\/factory.sale\/wp-content\/uploads\/2022\/09\/harvia_manual_2.pdf\">Manuaali<\/a><\/p>\n","protected":false},"excerpt":{"rendered":"<p>Harvia Xenio on kosketusohjauspaneelilla varustettu ohjausyksikk\u00f6. Xenio tarjoaa modernin ja hienovaraisen tyylikk\u00e4\u00e4n k\u00e4ytt\u00f6liittym\u00e4n saunan syd\u00e4men, kiukaan, ohjaamiseen.<\/p>\n","protected":false},"featured_media":13444,"comment_status":"open","ping_status":"closed","template":"","meta":{"_acf_changed":false},"factory":[],"free-shipment":[],"product_brand":[],"product_cat":[2007,1121,1346],"product_tag":[878,1152,2106],"class_list":{"0":"post-13752","1":"product","2":"type-product","3":"status-publish","4":"has-post-thumbnail","6":"product_cat-harvia-fi-2","7":"product_cat-saniteetti","8":"product_cat-ohjauspaneeli","9":"product_tag-control-unit-fi","10":"product_tag-harvia-fi","11":"product_tag-sauna-fi","13":"first","14":"instock","15":"sale","16":"taxable","17":"shipping-taxable","18":"purchasable","19":"product-type-simple"},"acf":[],"_links":{"self":[{"href":"https:\/\/factory.sale\/fi\/wp-json\/wp\/v2\/product\/13752","targetHints":{"allow":["GET"]}}],"collection":[{"href":"https:\/\/factory.sale\/fi\/wp-json\/wp\/v2\/product"}],"about":[{"href":"https:\/\/factory.sale\/fi\/wp-json\/wp\/v2\/types\/product"}],"replies":[{"embeddable":true,"href":"https:\/\/factory.sale\/fi\/wp-json\/wp\/v2\/comments?post=13752"}],"wp:featuredmedia":[{"embeddable":true,"href":"https:\/\/factory.sale\/fi\/wp-json\/wp\/v2\/media\/13444"}],"wp:attachment":[{"href":"https:\/\/factory.sale\/fi\/wp-json\/wp\/v2\/media?parent=13752"}],"wp:term":[{"taxonomy":"factory","embeddable":true,"href":"https:\/\/factory.sale\/fi\/wp-json\/wp\/v2\/factory?post=13752"},{"taxonomy":"free-shipment","embeddable":true,"href":"https:\/\/factory.sale\/fi\/wp-json\/wp\/v2\/free-shipment?post=13752"},{"taxonomy":"product_brand","embeddable":true,"href":"https:\/\/factory.sale\/fi\/wp-json\/wp\/v2\/product_brand?post=13752"},{"taxonomy":"product_cat","embeddable":true,"href":"https:\/\/factory.sale\/fi\/wp-json\/wp\/v2\/product_cat?post=13752"},{"taxonomy":"product_tag","embeddable":true,"href":"https:\/\/factory.sale\/fi\/wp-json\/wp\/v2\/product_tag?post=13752"}],"curies":[{"name":"wp","href":"https:\/\/api.w.org\/{rel}","templated":true}]}}