{"id":13750,"date":"2022-09-26T15:14:30","date_gmt":"2022-10-01T21:24:50","guid":{"rendered":"https:\/\/factory.sale\/?post_type=product&#038;p=13750"},"modified":"2026-03-05T16:54:55","modified_gmt":"2026-03-05T13:54:55","slug":"ohjauspaneeli-uku-wifi-glass","status":"publish","type":"product","link":"https:\/\/factory.sale\/fi\/tuote\/ohjauspaneeli-uku-wifi-glass\/","title":{"rendered":"Ohjauspaneeli UKU 4.2 Wifi Glass"},"content":{"rendered":"<h2><span style=\"font-size: 14pt;\">Ohjauspaneeli UKU 4.2 Wifi Glass<\/span><\/h2>\n<p>Ohjainpaneelin tyylik\u00e4s musta lasin\u00e4ytt\u00f6 sek\u00e4 et\u00e4k\u00e4ytt\u00f6mahdollisuus matkapuhelinsovelluksella ovat vertaansa vailla olevan yhdistelm\u00e4.<\/p>\n<p>Matkapuhelinsovelluksella voit laittaa saunan p\u00e4\u00e4lle et\u00e4n\u00e4 esimerkiksi pitk\u00e4n ty\u00f6p\u00e4iv\u00e4n j\u00e4lkeen, harjoitusten p\u00e4\u00e4tteeksi tai vaikka lenkkipolulta. Muutamalla painalluksella sauna l\u00e4mpenem\u00e4\u00e4n ja kotiin saapuessasi p\u00e4\u00e4set suoraan lauteille nauttimaan kiukaan l\u00f6ylyist\u00e4. Matkapuhelinsovelluksesta voit asettaa l\u00e4mmityksen alku- ja loppuajan, valita l\u00e4mp\u00f6tilan tai halutessasi katsoa saunan l\u00e4mp\u00f6tilak\u00e4yr\u00e4\u00e4 reaaliajassa.<\/p>\n<p>UKU Glass Wi-Fi saunan ohjauspaneelin avulla on sauna l\u00e4mmitt\u00e4minen helppoa ja k\u00e4tev\u00e4\u00e4. Ohjauskeskus mahdollistaa saunan l\u00e4mmitt\u00e4misen perinteisesti ohjauspaneelista tai et\u00e4n\u00e4 matkapuhelinsovelluksen avulla. Sovelluksen k\u00e4ytt\u00e4miseen on ohjauspaneeli yhdistett\u00e4v\u00e4 Wi-Fi-verkkoon.<\/p>\n<p>Ohjainpaneelin voi uppo- tai pinta-asentaa. Pinta-asennusta varten ohjainpaneeli tarvitsee erillisen <strong>pinta-asennuskehyksen<\/strong> (ei sis\u00e4lly ohjauskeskuksen toimitukseen).<\/p>\n<p>Ohjainpaneelin ja tehoyksik\u00f6n v\u00e4liseksi johdoksi soveltuu 4-napainen silikonikaapeli.<\/p>\n<p>Ohjauspaneeli:<\/p>\n<ul>\n<li>L\u00e4mp\u00f6tila: 40-110 \u00baC<\/li>\n<li>L\u00e4mmittimille 18 kW asti<\/li>\n<li>Sy\u00f6tt\u00f6j\u00e4nnite: 400 V 3N; 230 V 1N<\/li>\n<li>L\u00e4mmitysaika: 3h\/ 6h\/ 12h\/18h<\/li>\n<li>EAN:4744103013333<\/li>\n<\/ul>\n<p>T\u00e4rkeimm\u00e4t ominaisuudet:<\/p>\n<ul>\n<li>Sopii s\u00e4hk\u00f6kiukaille, joiden teho on enint\u00e4\u00e4n 18 kW<\/li>\n<li>Yhteensopiva eri valmistajien kiukaiden kanssa<\/li>\n<li>Tavoitel\u00e4mp\u00f6tila v\u00e4lill\u00e4 40\u2013110 \u00b0C<\/li>\n<li>Ajastin l\u00e4mmityksen aloitusajan ja keston s\u00e4\u00e4t\u00e4miseen<\/li>\n<li>Liitett\u00e4viss\u00e4 valaistukseen, ilmanvaihtoon ja h\u00f6yrystimeen<\/li>\n<li>Ylikuumenemissuoja<\/li>\n<li>Lapsilukko<\/li>\n<li>Oven anturi<\/li>\n<li>Tyylikk\u00e4iden ohjauspaneelien valikoima<\/li>\n<li>Hallittavissa sein\u00e4\u00e4n kiinnitett\u00e4v\u00e4st\u00e4 ohjauspaneelista<\/li>\n<li>Hallittavissa mobiilisovelluksen kautta<\/li>\n<li>Yhdistett\u00e4viss\u00e4 Wi-Fi-verkkoon<\/li>\n<\/ul>\n<p>Setti sis\u00e4lt\u00e4\u00e4:<\/p>\n<ul>\n<li>ohjauspaneeli (130 x 90 x 22 mm)<\/li>\n<li>ohjauspaneelin kaapeli (3 m; 4 x 0,34 mm\u00b2)<\/li>\n<li>p\u00e4\u00e4moduuli (245 x 90 x 58 mm)<\/li>\n<li>l\u00e4mp\u00f6anturi<\/li>\n<li>oven anturi<\/li>\n<li>l\u00e4mp\u00f6-\/ovianturin kaapeli (5 + 5m; 2 x 0,22 mm\u00b2)<\/li>\n<\/ul>\n<p>Ohjausj\u00e4rjestelm\u00e4n pakettiin kuuluu GLASS Black -kaukos\u00e4\u00e4din. Jos haluat eriv\u00e4risen kaukos\u00e4\u00e4timen, voit ostaa sen erikseen.<\/p>\n<p><span style=\"font-size: 18pt;\">HUUM UKU APP<\/span><\/p>\n<div class=\"video-wrapper \"><iframe loading=\"lazy\" title=\"Using HUUM UKU app\" width=\"500\" height=\"281\" src=\"https:\/\/www.youtube.com\/embed\/8Dh3EN1gn2g?feature=oembed\" frameborder=\"0\" allow=\"accelerometer; autoplay; clipboard-write; encrypted-media; gyroscope; picture-in-picture; web-share\" referrerpolicy=\"strict-origin-when-cross-origin\" allowfullscreen><\/iframe><\/div>\n<p><span style=\"font-size: 18pt;\">HUUM UKU Glass<\/span><\/p>\n<div class=\"video-wrapper \"><iframe loading=\"lazy\" title=\"UKU Glass sauna controller\" width=\"500\" height=\"281\" src=\"https:\/\/www.youtube.com\/embed\/RcKgv7myvLM?feature=oembed\" frameborder=\"0\" allow=\"accelerometer; autoplay; clipboard-write; encrypted-media; gyroscope; picture-in-picture; web-share\" referrerpolicy=\"strict-origin-when-cross-origin\" allowfullscreen><\/iframe><\/div>\n<p><a title=\"Avaa video uudessa v\u00e4lilehdess\u00e4\" href=\"https:\/\/www.youtube.com\/watch?v=RcKgv7myvLM\" target=\"_blank\" rel=\"noopener\">Avaa video uudessa v\u00e4lilehdess\u00e4<\/a><\/p>\n","protected":false},"excerpt":{"rendered":"<p>Ohjauspaneeli UKU Glass on HUUMin uusin s\u00e4hk\u00f6kiukaan ohjauslaite. Sen upea muotoilu sopii t\u00e4ydellisesti mink\u00e4 tahansa saunan sisustukseen. T\u00e4m\u00e4 tyylik\u00e4s mustakantinen kaukos\u00e4\u00e4din on jokaisen sisustussuunnittelijan ja saunanomistajan unelma.<\/p>\n","protected":false},"featured_media":98859,"comment_status":"open","ping_status":"closed","template":"","meta":{"_acf_changed":false},"factory":[],"free-shipment":[5019],"product_brand":[4433],"product_cat":[2008,1121,1346],"product_tag":[859,2106],"class_list":{"0":"post-13750","1":"product","2":"type-product","3":"status-publish","4":"has-post-thumbnail","6":"free-shipment-ilmainen-toimitus","7":"product_brand-huum-fi","8":"product_cat-huum-fi-2","9":"product_cat-saniteetti","10":"product_cat-ohjauspaneeli","11":"product_tag-huum-fi","12":"product_tag-sauna-fi","14":"first","15":"instock","16":"sale","17":"taxable","18":"shipping-taxable","19":"purchasable","20":"product-type-simple"},"acf":[],"_links":{"self":[{"href":"https:\/\/factory.sale\/fi\/wp-json\/wp\/v2\/product\/13750","targetHints":{"allow":["GET"]}}],"collection":[{"href":"https:\/\/factory.sale\/fi\/wp-json\/wp\/v2\/product"}],"about":[{"href":"https:\/\/factory.sale\/fi\/wp-json\/wp\/v2\/types\/product"}],"replies":[{"embeddable":true,"href":"https:\/\/factory.sale\/fi\/wp-json\/wp\/v2\/comments?post=13750"}],"wp:featuredmedia":[{"embeddable":true,"href":"https:\/\/factory.sale\/fi\/wp-json\/wp\/v2\/media\/98859"}],"wp:attachment":[{"href":"https:\/\/factory.sale\/fi\/wp-json\/wp\/v2\/media?parent=13750"}],"wp:term":[{"taxonomy":"factory","embeddable":true,"href":"https:\/\/factory.sale\/fi\/wp-json\/wp\/v2\/factory?post=13750"},{"taxonomy":"free-shipment","embeddable":true,"href":"https:\/\/factory.sale\/fi\/wp-json\/wp\/v2\/free-shipment?post=13750"},{"taxonomy":"product_brand","embeddable":true,"href":"https:\/\/factory.sale\/fi\/wp-json\/wp\/v2\/product_brand?post=13750"},{"taxonomy":"product_cat","embeddable":true,"href":"https:\/\/factory.sale\/fi\/wp-json\/wp\/v2\/product_cat?post=13750"},{"taxonomy":"product_tag","embeddable":true,"href":"https:\/\/factory.sale\/fi\/wp-json\/wp\/v2\/product_tag?post=13750"}],"curies":[{"name":"wp","href":"https:\/\/api.w.org\/{rel}","templated":true}]}}