{"id":137144,"date":"2026-01-22T18:50:43","date_gmt":"2026-01-22T15:50:45","guid":{"rendered":"https:\/\/factory.sale\/?post_type=product&#038;p=137144"},"modified":"2026-03-05T16:50:35","modified_gmt":"2026-03-05T13:50:35","slug":"sahkokiuas-huum-core-wall-mini-3-musta-3kw","status":"publish","type":"product","link":"https:\/\/factory.sale\/fi\/tuote\/sahkokiuas-huum-core-wall-mini-3-musta-3kw\/","title":{"rendered":"S\u00e4hk\u00f6kiuas HUUM CORE Wall Mini 3 musta 3kW"},"content":{"rendered":"<h2><span style=\"font-size: 14pt;\">S\u00e4hk\u00f6kiuas HUUM CORE Wall Mini 3 musta 3kW<\/span><\/h2>\n<p>HUUM CORE Wall Mini -s\u00e4hk\u00f6kiuas on palkitun CORE-sarjan uusin sein\u00e4\u00e4n asennettava malli. CORE-kiuas on saanut kansainv\u00e4list\u00e4 tunnustusta muotoilustaan ja suorituskyvyst\u00e4\u00e4n, ja nyt samat arvot on tuotu uuteen, sein\u00e4kiinnitteiseen CORE Wall -sarjaan.<\/p>\n<p>Minimalistinen muoto ja huolellinen viimeistely tekev\u00e4t kiukaasta n\u00e4ytt\u00e4v\u00e4n yksityiskohdan saunaan. Samalla se vapauttaa arvokasta lattiatilaa. Sein\u00e4\u00e4n asennettava rakenne sopii erityisesti kompakteihin l\u00f6ylyhuoneisiin, joissa jokaisella senttimetrill\u00e4 on merkityst\u00e4.<\/p>\n<p>Kiukaaseen mahtuu jopa 15 kg kiuaskivi\u00e4, mik\u00e4 takaa runsaat l\u00f6ylyt ja miellytt\u00e4v\u00e4n, pehme\u00e4n saunakokemuksen. Kivim\u00e4\u00e4r\u00e4 auttaa varaamaan l\u00e4mp\u00f6\u00e4 tasaisesti ja luomaan perinteisen, pitk\u00e4\u00e4n kest\u00e4v\u00e4n l\u00f6ylyn.<\/p>\n<p>CORE Wall -sarjan sein\u00e4mallit ja Combi-vaihtoehdot avaavat uusia mahdollisuuksia erilaisten saunaratkaisujen toteuttamiseen \u2013 aina tilaa s\u00e4\u00e4st\u00e4vist\u00e4 ratkaisuista selke\u00e4sti muotoiluun painottuviin saunoihin.<\/p>\n<p>Oikean tehoinen kiuas = parempi sauna!<br \/>\nK\u00e4yt\u00e4 <a href=\"https:\/\/huum.eu\/calculator\/\" target=\"_blank\" rel=\"noopener\">saunalaskuriamme<\/a> l\u00f6yt\u00e4\u00e4ksesi ihanteellisen tehon.<\/p>\n<p><strong>Tekniset tiedot:<\/strong><\/p>\n<ul>\n<li>Teho: 3 kW<\/li>\n<li>Suositeltu l\u00f6ylyhuoneen koko: 2-4 m\u00b3<\/li>\n<li>Kivim\u00e4\u00e4r\u00e4: 15 kg<\/li>\n<li>Paino: 11 kg<\/li>\n<li>Korkeus: 586 mm<\/li>\n<li>Leveys: 350 mm<\/li>\n<li>Syvyys: 265 mm<\/li>\n<li>Sy\u00f6tt\u00f6j\u00e4nnite: 2\/N~400 V<\/li>\n<li>Suositeltu sulake: 10 A<\/li>\n<li>Virtakaapeli: 5 \u00d7 1,5 mm\u00b2<\/li>\n<li>K\u00e4ytt\u00f6l\u00e4mp\u00f6tila: 70\u2013100 \u00b0C<\/li>\n<li>V\u00e4ri: musta<\/li>\n<li>EAN: 4744103010820<\/li>\n<\/ul>\n<p><strong>Liit\u00e4nt\u00e4 ja asennus:<\/strong><\/p>\n<ul>\n<li>Kiuas on suunniteltu kolmivaiheliit\u00e4nt\u00e4\u00e4n 2\/N~400 V.<\/li>\n<li>Tarvittaessa on mahdollista k\u00e4ytt\u00e4\u00e4 my\u00f6s 230 V 1N -liit\u00e4nt\u00e4\u00e4, kun johdotus tehd\u00e4\u00e4n ohjeiden mukaisesti ja l\u00e4mmityspiirit jaetaan ennen sulaketta.<\/li>\n<li>Asennus ja s\u00e4hk\u00f6kytkenn\u00e4t tulee suorittaa p\u00e4tev\u00e4n s\u00e4hk\u00f6asentajan toimesta paikallisten m\u00e4\u00e4r\u00e4ysten mukaisesti.<\/li>\n<li>K\u00e4yt\u00e4 aina l\u00e4mm\u00f6nkest\u00e4v\u00e4\u00e4 virtakaapelia, joka vastaa liit\u00e4nt\u00e4tapaa ja sulaketta.<\/li>\n<\/ul>\n<p><strong>Turvaet\u00e4isyydet:<\/strong><\/p>\n<p>Asennuksessa on noudatettava seuraavia v\u00e4himm\u00e4isturvaet\u00e4isyyksi\u00e4 palavista materiaaleista ja saunan pinnoista:<\/p>\n<ul>\n<li>A: 40 mm<\/li>\n<li>B: 430 mm<\/li>\n<li>C: 305 mm<\/li>\n<li>D: 55 mm<\/li>\n<li>E: 164 mm<\/li>\n<\/ul>\n<p><strong>Toimitussis\u00e4lt\u00f6:<\/strong><\/p>\n<ul>\n<li>s\u00e4hk\u00f6kiuas<\/li>\n<li>kiukaan kiinnityslevy<\/li>\n<li>l\u00e4mm\u00f6nohjain<\/li>\n<li>vastuksen v\u00e4likappale<\/li>\n<li>vastuksen pidike<\/li>\n<li>tiputusallas rungolla<\/li>\n<\/ul>\n<p><strong>Kiuas tarvitsee lis\u00e4ksi:<\/strong><\/p>\n<ul>\n<li>20 kg <a href=\"https:\/\/factory.sale\/fi\/tuote\/lammittimen-kivet\/\" target=\"_blank\" rel=\"noopener\">kiuaskivi\u00e4<\/a> (5-10 cm)<\/li>\n<li><a href=\"https:\/\/factory.sale\/fi\/tuote-osasto\/saniteetti\/ohjauspaneeli\/huum-fi-2\/\" target=\"_blank\" rel=\"noopener\">ohjauspaneelin<\/a><\/li>\n<li>l\u00e4mm\u00f6nkest\u00e4v\u00e4n virtajohdon<\/li>\n<\/ul>\n<p><strong>Muotoilu ja ominaisuudet:<\/strong><\/p>\n<ul>\n<li>Sein\u00e4\u00e4n asennettava, tilaa s\u00e4\u00e4st\u00e4v\u00e4 ratkaisu<\/li>\n<li>Ajaton ja minimalistinen pohjoismainen muotoilu<\/li>\n<li>Suuri kivim\u00e4\u00e4r\u00e4 takaa pehme\u00e4t ja pitk\u00e4kestoiset l\u00f6ylyt<\/li>\n<li>Yhteensopiva UKU-ohjauspaneelin kanssa tarkkaa ja helppoa ohjausta varten<\/li>\n<\/ul>\n<p><strong>Takuu:<\/strong><\/p>\n<ul>\n<li>kotik\u00e4ytt\u00f6 \u2013 3 vuotta<\/li>\n<li>ammattik\u00e4ytt\u00f6 \u2013 1 vuosi<\/li>\n<\/ul>\n<p>Tarvitsetko varaosia t\u00e4lle kiukaalle? \u2013 L\u00e4het\u00e4 meille s\u00e4hk\u00f6postia. Kaikki muut lis\u00e4varusteet l\u00f6ytyv\u00e4t <a href=\"https:\/\/factory.sale\/fi\/tuote-osasto\/saniteetti\/saunatarvikkeet\/huum-fi-3\/\" target=\"_blank\" rel=\"noopener\">t\u00e4\u00e4lt\u00e4<\/a>.<\/p>\n<p>&nbsp;<\/p>\n<h2>HUUM SAUNA<\/h2>\n<div class=\"video-wrapper \"><iframe loading=\"lazy\" title=\"Sauna inspiration \u2502 HUUM HIVE Wood \u2502 wood-burning stove\" width=\"500\" height=\"281\" src=\"https:\/\/www.youtube.com\/embed\/s5SwqfqFP9Y?feature=oembed\" frameborder=\"0\" allow=\"accelerometer; autoplay; clipboard-write; encrypted-media; gyroscope; picture-in-picture; web-share\" referrerpolicy=\"strict-origin-when-cross-origin\" allowfullscreen><\/iframe><\/div>\n<h2><\/h2>\n<h2>MIKSI HUUM?<\/h2>\n<div class=\"video-wrapper \"><iframe loading=\"lazy\" title=\"Why HUUM heaters?\" width=\"500\" height=\"281\" src=\"https:\/\/www.youtube.com\/embed\/mstEnCX5Ehs?feature=oembed\" frameborder=\"0\" allow=\"accelerometer; autoplay; clipboard-write; encrypted-media; gyroscope; picture-in-picture; web-share\" referrerpolicy=\"strict-origin-when-cross-origin\" allowfullscreen><\/iframe><\/div>\n","protected":false},"excerpt":{"rendered":"<p>HUUM CORE Wall Mini 3 on sein\u00e4lle asennettava s\u00e4hk\u00f6kiuas, joka on suunniteltu tuomaan pehme\u00e4t ja miellytt\u00e4v\u00e4t l\u00f6ylyt pienempiin saunatiloihin. Sen reilu kivitilavuus luo tasaisen ja lempe\u00e4n l\u00e4mm\u00f6n, ja minimalistinen pohjoismainen muotoilu pit\u00e4\u00e4 saunan sis\u00e4tilat visuaalisesti valoisina ja tasapainoisina. T\u00e4ydellinen valinta niille, jotka arvostavat rauhallista saunakokemusta ja harkittua tilank\u00e4ytt\u00f6\u00e4.<\/p>\n","protected":false},"featured_media":137150,"comment_status":"open","ping_status":"closed","template":"","meta":{"_acf_changed":false},"factory":[],"free-shipment":[5019],"product_brand":[4433],"product_cat":[858,1121,484],"product_tag":[3162,859,2106],"class_list":{"0":"post-137144","1":"product","2":"type-product","3":"status-publish","4":"has-post-thumbnail","6":"free-shipment-ilmainen-toimitus","7":"product_brand-huum-fi","8":"product_cat-huum-fi","9":"product_cat-saniteetti","10":"product_cat-saunan-kiukaat","11":"product_tag-electric-heater-fi","12":"product_tag-huum-fi","13":"product_tag-sauna-fi","15":"first","16":"instock","17":"sale","18":"taxable","19":"shipping-taxable","20":"purchasable","21":"product-type-simple"},"acf":[],"_links":{"self":[{"href":"https:\/\/factory.sale\/fi\/wp-json\/wp\/v2\/product\/137144","targetHints":{"allow":["GET"]}}],"collection":[{"href":"https:\/\/factory.sale\/fi\/wp-json\/wp\/v2\/product"}],"about":[{"href":"https:\/\/factory.sale\/fi\/wp-json\/wp\/v2\/types\/product"}],"replies":[{"embeddable":true,"href":"https:\/\/factory.sale\/fi\/wp-json\/wp\/v2\/comments?post=137144"}],"wp:featuredmedia":[{"embeddable":true,"href":"https:\/\/factory.sale\/fi\/wp-json\/wp\/v2\/media\/137150"}],"wp:attachment":[{"href":"https:\/\/factory.sale\/fi\/wp-json\/wp\/v2\/media?parent=137144"}],"wp:term":[{"taxonomy":"factory","embeddable":true,"href":"https:\/\/factory.sale\/fi\/wp-json\/wp\/v2\/factory?post=137144"},{"taxonomy":"free-shipment","embeddable":true,"href":"https:\/\/factory.sale\/fi\/wp-json\/wp\/v2\/free-shipment?post=137144"},{"taxonomy":"product_brand","embeddable":true,"href":"https:\/\/factory.sale\/fi\/wp-json\/wp\/v2\/product_brand?post=137144"},{"taxonomy":"product_cat","embeddable":true,"href":"https:\/\/factory.sale\/fi\/wp-json\/wp\/v2\/product_cat?post=137144"},{"taxonomy":"product_tag","embeddable":true,"href":"https:\/\/factory.sale\/fi\/wp-json\/wp\/v2\/product_tag?post=137144"}],"curies":[{"name":"wp","href":"https:\/\/api.w.org\/{rel}","templated":true}]}}