{"id":137105,"date":"2026-01-22T00:52:14","date_gmt":"2026-01-21T22:11:24","guid":{"rendered":"https:\/\/factory.sale\/?post_type=product&#038;p=137105"},"modified":"2026-01-23T17:02:59","modified_gmt":"2026-01-23T14:02:59","slug":"2-4m-kuru-panoraama-kuutiosauna-terassilla-4-hlo","status":"publish","type":"product","link":"https:\/\/factory.sale\/fi\/tuote\/2-4m-kuru-panoraama-kuutiosauna-terassilla-4-hlo\/","title":{"rendered":"Panoraama kuutiosauna Kuru 2,4m \u2013 Nauti l\u00f6ylyist\u00e4 upeissa maisemissa"},"content":{"rendered":"<p><strong>L\u00e4pin\u00e4kyvyys, joka yhdist\u00e4\u00e4 sinut luontoon<\/strong><\/p>\n<p>Kuvittele istuvasi panoraama saunassa ulkona, ymp\u00e4r\u00f6iv\u00e4 luonto ja sis\u00e4ll\u00e4 miellytt\u00e4v\u00e4 l\u00e4mp\u00f6. Laajat sauna lasisein\u00e4t ja suuret saunan ikkunat luovat saumattoman yhteyden sis\u00e4- ja ulkotilan v\u00e4lille, jolloin raja kodikkuuden ja luonnon v\u00e4lill\u00e4 h\u00e4lvenee.<br \/>\nToisin kuin perinteinen puusauna, ulkosauna lasisein\u00e4ll\u00e4 tai tynnyrisauna panoraamaikkunat tarjoaa avaran ja ilmavan tunnelman ilman, ett\u00e4 yksityisyys k\u00e4rsii. Jokainen sauna lasiovi lis\u00e4\u00e4 keveyden ja l\u00e4pin\u00e4kyvyyden tuntua, heijastaen sek\u00e4 valoa ett\u00e4 maisemaa.<br \/>\nIllan h\u00e4m\u00e4rtyess\u00e4 voit sytytt\u00e4\u00e4 ulkovalaistuksen ja t\u00e4ll\u00f6in sauna lasisein\u00e4ll\u00e4 muuttuu hohtavaksi keitaaksi t\u00e4htien alla, kun taas tynnyrisaunan lasisein\u00e4 paljastaa vaikuttavan varjojen ja heijastusten leikin.<\/p>\n<p><img loading=\"lazy\" decoding=\"async\" class=\"alignnone wp-image-137108\" src=\"https:\/\/factory.sale\/wp-content\/uploads\/2026\/01\/Kuru-2.4m-1-300x170.webp\" alt=\"\" width=\"611\" height=\"346\" srcset=\"https:\/\/factory.sale\/wp-content\/uploads\/2026\/01\/Kuru-2.4m-1-300x170.webp 300w, https:\/\/factory.sale\/wp-content\/uploads\/2026\/01\/Kuru-2.4m-1-150x85.webp 150w, https:\/\/factory.sale\/wp-content\/uploads\/2026\/01\/Kuru-2.4m-1.webp 555w\" sizes=\"auto, (max-width: 611px) 100vw, 611px\" \/><\/p>\n<p><strong>Moderni, laadukas ja ajaton<\/strong><\/p>\n<p>Meid\u00e4n moderni ulkosauna lasiovella, valmistettu korkealaatuisesta puusta, edustaa nykyaikaista k\u00e4sity\u00f6taitoa parhaimmillaan. Tyylikk\u00e4\u00e4t sauna lasisein\u00e4t heijastavat luonnonvaloa ja tuovat tilaan avaruutta, mutta s\u00e4ilytt\u00e4v\u00e4t samalla l\u00e4mpim\u00e4n ja rauhoittavan tunnelman.<br \/>\nTynnyrisauna panoraamaikkunat tarjoaa ainutlaatuisen maisemat ja n\u00e4kym\u00e4t, yhdist\u00e4en perinteisen puusaunan toiminnallisuuden ja lasiarkkitehtuurin eleganssin.<br \/>\nJokainen sauna lasiovi ja paneeli valmistetaan kest\u00e4v\u00e4st\u00e4 karkaistusta lasista saunaan, mik\u00e4 takaa turvallisuuden, kauneuden ja pitk\u00e4ik\u00e4isyyden vuosiksi eteenp\u00e4in.<\/p>\n<p>&nbsp;<\/p>\n<p><strong>Uudista ulkona tapahtuva hyvinvointikokemuksesi<\/strong><\/p>\n<p>Nosta rentoutumishetkesi uudelle tasolle ulkosaunalla lasisein\u00e4ll\u00e4, joka sulautuu luonnollisesti mihin tahansa maisemaan. Jokainen malli on suunniteltu heille, jotka arvostavat sek\u00e4 mukavuutta ett\u00e4 esteettisyytt\u00e4.<br \/>\nMinimalistinen rakenne yhdistyy luontoon vaivatta, kun taas sauna lasisein\u00e4t p\u00e4\u00e4st\u00e4v\u00e4t p\u00e4iv\u00e4nvalon sis\u00e4\u00e4n ja luovat tunteen avoimuudesta ja vapaudesta.<br \/>\nT\u00e4m\u00e4 panoraamisauna sopii koko perheelle ja tarjoaa kodikkaan heng\u00e4hdyspaikan kaikkina vuodenaikoina. Nauti l\u00e4mm\u00f6st\u00e4 ja mukavuudesta talvella, kev\u00e4\u00e4n raikkaudesta, kes\u00e4n ilta-auringosta sek\u00e4 syksyn v\u00e4rikirjosta &#8211; oma lasisauna tuo ymp\u00e4rivuotista rentoutumista ja ainutlaatuisen yhteyden luontoon.<\/p>\n<p>&nbsp;<\/p>\n<p><strong>Vahvuutta ja laatua jokaisessa yksityiskohdassa<\/strong><\/p>\n<p>Meid\u00e4n sauna lasiovet ja saunan ikkunat valmistetaan korkealuokkaisesta karkaistusta lasista saunaan, joka kest\u00e4\u00e4 erinomaisesti l\u00e4mp\u00f6\u00e4 ja aikaa. Puinen sis\u00e4kahva est\u00e4\u00e4 ylikuumenemisen, kun taas ulkopuolen ruostumattoman ter\u00e4ksen yksityiskohdat takaavat pitk\u00e4ik\u00e4isyyden ja k\u00e4yt\u00e4nn\u00f6llisyyden. Jokainen rakenne on suunniteltu olemaan vakaa ja luotettava. Jokainen osa heijastaa laatua, turvallisuutta ja viimeistelty\u00e4, ajatonta muotoilua.<\/p>\n<p><img loading=\"lazy\" decoding=\"async\" class=\"alignnone wp-image-137112\" src=\"https:\/\/factory.sale\/wp-content\/uploads\/2026\/01\/Kuru-2.4m-2-300x141.webp\" alt=\"\" width=\"651\" height=\"306\" srcset=\"https:\/\/factory.sale\/wp-content\/uploads\/2026\/01\/Kuru-2.4m-2-300x141.webp 300w, https:\/\/factory.sale\/wp-content\/uploads\/2026\/01\/Kuru-2.4m-2-1024x480.webp 1024w, https:\/\/factory.sale\/wp-content\/uploads\/2026\/01\/Kuru-2.4m-2-150x70.webp 150w, https:\/\/factory.sale\/wp-content\/uploads\/2026\/01\/Kuru-2.4m-2-768x360.webp 768w, https:\/\/factory.sale\/wp-content\/uploads\/2026\/01\/Kuru-2.4m-2-1536x719.webp 1536w, https:\/\/factory.sale\/wp-content\/uploads\/2026\/01\/Kuru-2.4m-2-2048x959.webp 2048w, https:\/\/factory.sale\/wp-content\/uploads\/2026\/01\/Kuru-2.4m-2-600x281.webp 600w\" sizes=\"auto, (max-width: 651px) 100vw, 651px\" \/><\/p>\n<p>&nbsp;<\/p>\n<p><strong>Hinta sis\u00e4lt\u00e4\u00e4:<\/strong><\/p>\n<ul>\n<li>Koottu sauna kuusesta 2,2m halkaisijalla<\/li>\n<li>Mustaksi maalattu Remmers HK-Lasurilla (tuotenro 3615)<\/li>\n<li>Saunan runko, sein\u00e4n paksuus 40 mm<\/li>\n<li>Lepp\u00e4- ja l\u00e4mp\u00f6puusta lauteet<\/li>\n<li>Lasisein\u00e4 ja -ovi (etusein\u00e4)<\/li>\n<li>Py\u00f6re\u00e4 puoli-panoraamaikkuna (takasein\u00e4)<\/li>\n<li>Puinen lattiaritil\u00e4<\/li>\n<li>Katto: Musta huopakatto<\/li>\n<li>Ruostumattomasta ter\u00e4ksest\u00e4 valmistetut kiristysvanteet<\/li>\n<\/ul>\n<p>&nbsp;<\/p>\n<p><strong><em>Hinta ei sis\u00e4ll\u00e4 kiuasta!<\/em><\/strong><\/p>\n<p><strong><em>L\u00e4mp\u00f6puusta sauna +495 EUR<\/em><\/strong><\/p>\n<p>&nbsp;<\/p>\n<p>&nbsp;<\/p>\n<p><strong>Tuotetiedot:<\/strong><\/p>\n<div class=\"TyagGW_tableContainer\">\n<div class=\"group TyagGW_tableWrapper flex w-fit flex-col-reverse\" tabindex=\"-1\">\n<table class=\"w-fit min-w-(--thread-content-width)\" style=\"height: 311px;\" width=\"529\" data-start=\"35\" data-end=\"418\">\n<thead data-start=\"35\" data-end=\"82\">\n<tr data-start=\"35\" data-end=\"82\">\n<th data-start=\"35\" data-end=\"60\" data-col-size=\"sm\"><\/th>\n<th data-start=\"60\" data-end=\"82\" data-col-size=\"sm\"><\/th>\n<\/tr>\n<\/thead>\n<tbody data-start=\"131\" data-end=\"418\">\n<tr data-start=\"131\" data-end=\"178\">\n<td data-start=\"131\" data-end=\"156\" data-col-size=\"sm\">Koko (P \u00d7 L \u00d7 K)<\/td>\n<td data-col-size=\"sm\" data-start=\"156\" data-end=\"178\">240 \u00d7 220 \u00d7 230 cm<\/td>\n<\/tr>\n<tr data-start=\"179\" data-end=\"226\">\n<td data-start=\"179\" data-end=\"204\" data-col-size=\"sm\">Paino<\/td>\n<td data-col-size=\"sm\" data-start=\"204\" data-end=\"226\">~1000 kg<\/td>\n<\/tr>\n<tr data-start=\"227\" data-end=\"274\">\n<td data-start=\"227\" data-end=\"252\" data-col-size=\"sm\">Saunan koko<\/td>\n<td data-col-size=\"sm\" data-start=\"252\" data-end=\"274\">185 cm<\/td>\n<\/tr>\n<tr data-start=\"275\" data-end=\"322\">\n<td data-start=\"275\" data-end=\"300\" data-col-size=\"sm\">Saunan kapasiteetti<\/td>\n<td data-col-size=\"sm\" data-start=\"300\" data-end=\"322\">~4 henkil\u00f6\u00e4<\/td>\n<\/tr>\n<tr data-start=\"323\" data-end=\"370\">\n<td data-start=\"323\" data-end=\"348\" data-col-size=\"sm\">Saunan tilavuus<\/td>\n<td data-col-size=\"sm\" data-start=\"348\" data-end=\"370\">6,7 m\u00b3<\/td>\n<\/tr>\n<tr data-start=\"371\" data-end=\"418\">\n<td data-start=\"371\" data-end=\"396\" data-col-size=\"sm\">L\u00e4mmitysaika<\/td>\n<td data-col-size=\"sm\" data-start=\"396\" data-end=\"418\">~1 h<\/td>\n<\/tr>\n<\/tbody>\n<\/table>\n<p>&nbsp;<\/p>\n<\/div>\n<p>&nbsp;<\/p>\n<\/div>\n<p><strong>Puukiuas valikoima:<\/strong><\/p>\n<p><img loading=\"lazy\" decoding=\"async\" class=\"alignnone wp-image-137088\" src=\"https:\/\/factory.sale\/wp-content\/uploads\/2026\/01\/Wooden-heaters-options-300x64.png\" alt=\"\" width=\"741\" height=\"158\" srcset=\"https:\/\/factory.sale\/wp-content\/uploads\/2026\/01\/Wooden-heaters-options-300x64.png 300w, https:\/\/factory.sale\/wp-content\/uploads\/2026\/01\/Wooden-heaters-options-1024x218.png 1024w, https:\/\/factory.sale\/wp-content\/uploads\/2026\/01\/Wooden-heaters-options-150x32.png 150w, https:\/\/factory.sale\/wp-content\/uploads\/2026\/01\/Wooden-heaters-options-768x163.png 768w, https:\/\/factory.sale\/wp-content\/uploads\/2026\/01\/Wooden-heaters-options-600x127.png 600w, https:\/\/factory.sale\/wp-content\/uploads\/2026\/01\/Wooden-heaters-options.png 1139w\" sizes=\"auto, (max-width: 741px) 100vw, 741px\" \/><\/p>\n<p>&nbsp;<\/p>\n<p><strong>S\u00e4hk\u00f6kiuas valikoima:<\/strong><\/p>\n<p><img loading=\"lazy\" decoding=\"async\" class=\"alignnone wp-image-137085\" src=\"https:\/\/factory.sale\/wp-content\/uploads\/2026\/01\/Electric-heater-options-300x82.png\" alt=\"\" width=\"743\" height=\"203\" srcset=\"https:\/\/factory.sale\/wp-content\/uploads\/2026\/01\/Electric-heater-options-300x82.png 300w, https:\/\/factory.sale\/wp-content\/uploads\/2026\/01\/Electric-heater-options-150x41.png 150w, https:\/\/factory.sale\/wp-content\/uploads\/2026\/01\/Electric-heater-options-768x210.png 768w, https:\/\/factory.sale\/wp-content\/uploads\/2026\/01\/Electric-heater-options-600x164.png 600w, https:\/\/factory.sale\/wp-content\/uploads\/2026\/01\/Electric-heater-options.png 906w\" sizes=\"auto, (max-width: 743px) 100vw, 743px\" \/><\/p>\n<p>&nbsp;<\/p>\n<p>* S\u00e4hk\u00f6kiuasta ei ole asennettu, eik\u00e4 liit\u00e4nt\u00e4kaapeli sis\u00e4lly toimitukseen.<\/p>\n","protected":false},"excerpt":{"rendered":"<p>Koe ensiluokkainen l\u00f6ylyel\u00e4mys <b data-path-to-node=\"13\" data-index-in-node=\"31\">Kuru-panoraama kuutiosaunassa<\/b>. T\u00e4m\u00e4 2,4 metri\u00e4 pitk\u00e4 moderni pihasauna 4-henkil\u00f6lle on suunniteltu tarjoamaan t\u00e4ydellinen tasapaino tyylin ja k\u00e4yt\u00e4nn\u00f6llisyyden v\u00e4lill\u00e4. Suuri panoraamaikkuna tuo ymp\u00e4r\u00f6iv\u00e4n luonnon osaksi saunomista, luoden rauhoittavan ja avaran tunnelman.<\/p>\n","protected":false},"featured_media":137091,"comment_status":"open","ping_status":"closed","template":"","meta":{"_acf_changed":false},"factory":[],"free-shipment":[],"product_brand":[],"product_cat":[2258,1644],"product_tag":[1651,2106],"class_list":{"0":"post-137105","1":"product","2":"type-product","3":"status-publish","4":"has-post-thumbnail","6":"product_cat-saunakuutiot","7":"product_cat-tynnyrisauna","8":"product_tag-barrel-sauna-fi","9":"product_tag-sauna-fi","11":"first","12":"instock","13":"sale","14":"taxable","15":"shipping-taxable","16":"purchasable","17":"product-type-simple"},"acf":[],"_links":{"self":[{"href":"https:\/\/factory.sale\/fi\/wp-json\/wp\/v2\/product\/137105","targetHints":{"allow":["GET"]}}],"collection":[{"href":"https:\/\/factory.sale\/fi\/wp-json\/wp\/v2\/product"}],"about":[{"href":"https:\/\/factory.sale\/fi\/wp-json\/wp\/v2\/types\/product"}],"replies":[{"embeddable":true,"href":"https:\/\/factory.sale\/fi\/wp-json\/wp\/v2\/comments?post=137105"}],"wp:featuredmedia":[{"embeddable":true,"href":"https:\/\/factory.sale\/fi\/wp-json\/wp\/v2\/media\/137091"}],"wp:attachment":[{"href":"https:\/\/factory.sale\/fi\/wp-json\/wp\/v2\/media?parent=137105"}],"wp:term":[{"taxonomy":"factory","embeddable":true,"href":"https:\/\/factory.sale\/fi\/wp-json\/wp\/v2\/factory?post=137105"},{"taxonomy":"free-shipment","embeddable":true,"href":"https:\/\/factory.sale\/fi\/wp-json\/wp\/v2\/free-shipment?post=137105"},{"taxonomy":"product_brand","embeddable":true,"href":"https:\/\/factory.sale\/fi\/wp-json\/wp\/v2\/product_brand?post=137105"},{"taxonomy":"product_cat","embeddable":true,"href":"https:\/\/factory.sale\/fi\/wp-json\/wp\/v2\/product_cat?post=137105"},{"taxonomy":"product_tag","embeddable":true,"href":"https:\/\/factory.sale\/fi\/wp-json\/wp\/v2\/product_tag?post=137105"}],"curies":[{"name":"wp","href":"https:\/\/api.w.org\/{rel}","templated":true}]}}