{"id":137079,"date":"2026-01-22T00:12:00","date_gmt":"2026-01-21T21:23:57","guid":{"rendered":"https:\/\/factory.sale\/?post_type=product&#038;p=137079"},"modified":"2026-01-22T00:23:58","modified_gmt":"2026-01-21T21:23:58","slug":"misa-erm-laitoskiuas-408-kw","status":"publish","type":"product","link":"https:\/\/factory.sale\/fi\/tuote\/misa-erm-laitoskiuas-408-kw\/","title":{"rendered":"Misa Erm laitoskiuas 40,8 kW"},"content":{"rendered":"<p>Misa ERM Laitoss\u00e4hk\u00f6kiukaat ovat ylivoimaisia ykk\u00f6si\u00e4 Suomen uimahallien, kylpyl\u00f6iden ja laitosten saunoissa.<\/p>\n<p>Suomessa valmistettu avainlipputuote &#8211; Misa ERM laitoss\u00e4hk\u00f6kiuas<br \/>\nMisa ERM kiukaat on valmistettu p\u00e4\u00e4osin haponkest\u00e4v\u00e4st\u00e4 ter\u00e4ksest\u00e4 ja niiss\u00e4 k\u00e4ytet\u00e4\u00e4n ns. tulenkest\u00e4vi\u00e4 vastuksia.<\/p>\n<p>Misa ERM laitoss\u00e4hk\u00f6kiukaiden takuu on 36 kk ja vastuksien takuu 36 kk. Takuiden edellytyksen\u00e4 on k\u00e4ytt\u00f6\u00f6nottohuollon sek\u00e4 vuosihuoltojen suorittaminen. Kiukaissa tulee k\u00e4ytt\u00e4\u00e4 Kerkes-kivi\u00e4, sek\u00e4 Misa ERM Logi ohjauskeskusta.<\/p>\n<p>&nbsp;<\/p>\n<p>&nbsp;<\/p>\n<p><strong>Tuotetiedot:<\/strong><\/p>\n<div class=\"TyagGW_tableContainer\">\n<div class=\"group TyagGW_tableWrapper flex w-fit flex-col-reverse\" tabindex=\"-1\">\n<table class=\"w-fit min-w-(--thread-content-width)\" style=\"height: 381px;\" width=\"434\" data-start=\"35\" data-end=\"414\">\n<thead data-start=\"35\" data-end=\"72\">\n<tr data-start=\"35\" data-end=\"72\">\n<th data-start=\"35\" data-end=\"57\" data-col-size=\"sm\">Tuote nr<\/th>\n<th data-start=\"57\" data-end=\"72\" data-col-size=\"sm\">12840<\/th>\n<\/tr>\n<\/thead>\n<tbody data-start=\"111\" data-end=\"414\">\n<tr data-start=\"111\" data-end=\"148\">\n<td data-start=\"111\" data-end=\"133\" data-col-size=\"sm\">Teho<\/td>\n<td data-col-size=\"sm\" data-start=\"133\" data-end=\"148\">40,8 kW<\/td>\n<\/tr>\n<tr data-start=\"149\" data-end=\"186\">\n<td data-start=\"149\" data-end=\"171\" data-col-size=\"sm\">Saunan koko<\/td>\n<td data-col-size=\"sm\" data-start=\"171\" data-end=\"186\">35\u201348 m\u00b3<\/td>\n<\/tr>\n<tr data-start=\"187\" data-end=\"224\">\n<td data-start=\"187\" data-end=\"209\" data-col-size=\"sm\">Kiukaan leveys<\/td>\n<td data-col-size=\"sm\" data-start=\"209\" data-end=\"224\">1320 mm<\/td>\n<\/tr>\n<tr data-start=\"225\" data-end=\"262\">\n<td data-start=\"225\" data-end=\"247\" data-col-size=\"sm\">Kiukaan syvyys<\/td>\n<td data-col-size=\"sm\" data-start=\"247\" data-end=\"262\">520 mm<\/td>\n<\/tr>\n<tr data-start=\"263\" data-end=\"300\">\n<td data-start=\"263\" data-end=\"285\" data-col-size=\"sm\">Kiukaan korkeus<\/td>\n<td data-col-size=\"sm\" data-start=\"285\" data-end=\"300\">810 mm<\/td>\n<\/tr>\n<tr data-start=\"301\" data-end=\"338\">\n<td data-start=\"301\" data-end=\"323\" data-col-size=\"sm\">Kiukaan paino<\/td>\n<td data-col-size=\"sm\" data-start=\"323\" data-end=\"338\">91 kg<\/td>\n<\/tr>\n<tr data-start=\"339\" data-end=\"376\">\n<td data-start=\"339\" data-end=\"361\" data-col-size=\"sm\">Kivien m\u00e4\u00e4r\u00e4<\/td>\n<td data-col-size=\"sm\" data-start=\"361\" data-end=\"376\">140 kg<\/td>\n<\/tr>\n<tr data-start=\"377\" data-end=\"414\">\n<td data-start=\"377\" data-end=\"399\" data-col-size=\"sm\">Vastusten lukum\u00e4\u00e4r\u00e4<\/td>\n<td data-col-size=\"sm\" data-start=\"399\" data-end=\"414\">24 kpl<\/td>\n<\/tr>\n<\/tbody>\n<\/table>\n<\/div>\n<\/div>\n<p>&nbsp;<\/p>\n<p>&nbsp;<\/p>\n<p>&nbsp;<\/p>\n<p><a href=\"https:\/\/factory.sale\/wp-content\/uploads\/2024\/12\/Misa_Laitoskiukaat_Esite_2024.pdf\" target=\"_blank\" rel=\"noopener\">Lataa tuotesivu \u2192 Misa ERM teollisuuss\u00e4hk\u00f6kiuas<\/a><\/p>\n<p><a href=\"https:\/\/factory.sale\/wp-content\/uploads\/2024\/12\/RT-103637.pdf\" target=\"_blank\" rel=\"noopener\">Lataa PDF t\u00e4st\u00e4<\/a><\/p>\n<p>&nbsp;<\/p>\n","protected":false},"excerpt":{"rendered":"<p>Tutustu Misa ERM -teolliseen s\u00e4hk\u00f6kiukaaseen 40,8 kW, joka on suunniteltu ammattik\u00e4ytt\u00f6\u00f6n uimaloiden, kylpyl\u00f6iden ja laitosten saunoihin. Kest\u00e4v\u00e4 suomalainen k\u00e4sity\u00f6 36 kuukauden takuulla, sopii saunoihin, joiden koko on 35\u201348 m\u00b3. T\u00e4ydellinen valinta korkeaan suorituskykyyn ja luotettavaan saunakokemukseen.<\/p>\n<p><img loading=\"lazy\" decoding=\"async\" class=\"alignnone size-medium wp-image-95781\" src=\"https:\/\/factory.sale\/wp-content\/uploads\/2024\/12\/finland-quality-factory.sale_-300x236.webp\" alt=\"\" width=\"300\" height=\"236\" srcset=\"https:\/\/factory.sale\/wp-content\/uploads\/2024\/12\/finland-quality-factory.sale_-300x236.webp 300w, https:\/\/factory.sale\/wp-content\/uploads\/2024\/12\/finland-quality-factory.sale_-150x118.webp 150w, https:\/\/factory.sale\/wp-content\/uploads\/2024\/12\/finland-quality-factory.sale_.webp 594w\" sizes=\"auto, (max-width: 300px) 100vw, 300px\" \/><\/p>\n","protected":false},"featured_media":95764,"comment_status":"open","ping_status":"closed","template":"","meta":{"_acf_changed":false},"factory":[],"free-shipment":[],"product_brand":[],"product_cat":[3429,484],"product_tag":[],"class_list":{"0":"post-137079","1":"product","2":"type-product","3":"status-publish","4":"has-post-thumbnail","6":"product_cat-misa-fi","7":"product_cat-saunan-kiukaat","9":"first","10":"instock","11":"sale","12":"taxable","13":"shipping-taxable","14":"purchasable","15":"product-type-simple"},"acf":[],"_links":{"self":[{"href":"https:\/\/factory.sale\/fi\/wp-json\/wp\/v2\/product\/137079","targetHints":{"allow":["GET"]}}],"collection":[{"href":"https:\/\/factory.sale\/fi\/wp-json\/wp\/v2\/product"}],"about":[{"href":"https:\/\/factory.sale\/fi\/wp-json\/wp\/v2\/types\/product"}],"replies":[{"embeddable":true,"href":"https:\/\/factory.sale\/fi\/wp-json\/wp\/v2\/comments?post=137079"}],"wp:featuredmedia":[{"embeddable":true,"href":"https:\/\/factory.sale\/fi\/wp-json\/wp\/v2\/media\/95764"}],"wp:attachment":[{"href":"https:\/\/factory.sale\/fi\/wp-json\/wp\/v2\/media?parent=137079"}],"wp:term":[{"taxonomy":"factory","embeddable":true,"href":"https:\/\/factory.sale\/fi\/wp-json\/wp\/v2\/factory?post=137079"},{"taxonomy":"free-shipment","embeddable":true,"href":"https:\/\/factory.sale\/fi\/wp-json\/wp\/v2\/free-shipment?post=137079"},{"taxonomy":"product_brand","embeddable":true,"href":"https:\/\/factory.sale\/fi\/wp-json\/wp\/v2\/product_brand?post=137079"},{"taxonomy":"product_cat","embeddable":true,"href":"https:\/\/factory.sale\/fi\/wp-json\/wp\/v2\/product_cat?post=137079"},{"taxonomy":"product_tag","embeddable":true,"href":"https:\/\/factory.sale\/fi\/wp-json\/wp\/v2\/product_tag?post=137079"}],"curies":[{"name":"wp","href":"https:\/\/api.w.org\/{rel}","templated":true}]}}