{"id":135654,"date":"2026-01-05T00:29:52","date_gmt":"2026-01-04T22:31:57","guid":{"rendered":"https:\/\/factory.sale\/?post_type=product&#038;p=135654"},"modified":"2026-01-07T15:18:04","modified_gmt":"2026-01-07T12:18:04","slug":"23-x-23-m-clt-paneelisauna-jopa-4-hlo","status":"publish","type":"product","link":"https:\/\/factory.sale\/fi\/tuote\/23-x-23-m-clt-paneelisauna-jopa-4-hlo\/","title":{"rendered":"2,3 x 2,3 m CLT-paneelisauna jopa 4 hl\u00f6"},"content":{"rendered":"<p><strong>CLT-paneelisaunat<\/strong><\/p>\n<p>Viemme innovaation ja kest\u00e4v\u00e4n kehityksen uudelle tasolle saunoilla, jotka on valmistettu CLT-paneeleista (ristiinliimatusta puusta). CLT on vallankumouksellinen rakennusmateriaali, joka tunnetaan lujuudestaan, vakaudestaan ja ymp\u00e4rist\u00f6yst\u00e4v\u00e4llisyydest\u00e4\u00e4n \u2013 t\u00e4ydellinen valinta kest\u00e4vien ja energiatehokkaiden saunojen rakentamiseen.<\/p>\n<p>CLT-paneelisaunamme yhdist\u00e4v\u00e4t modernin insin\u00f6\u00f6ritekniikan ja luonnollisen kauneuden. Ristiinliimausprosessi takaa erinomaisen rakenteellisen j\u00e4ykkyyden ja l\u00e4mm\u00f6neristyksen, jolloin sauna s\u00e4ilytt\u00e4\u00e4 l\u00e4mm\u00f6n tehokkaasti ja tarjoaa samalla vahvan ja pitk\u00e4ik\u00e4isen rakenteen.<\/p>\n<p><img loading=\"lazy\" decoding=\"async\" class=\"alignnone wp-image-135164\" src=\"https:\/\/factory.sale\/wp-content\/uploads\/2025\/12\/CLT-M-sauna-description-factory-sale-8-300x85.png\" sizes=\"auto, (max-width: 547px) 100vw, 547px\" srcset=\"https:\/\/factory.sale\/wp-content\/uploads\/2025\/12\/CLT-M-sauna-description-factory-sale-8-300x85.png 300w, https:\/\/factory.sale\/wp-content\/uploads\/2025\/12\/CLT-M-sauna-description-factory-sale-8-1024x291.png 1024w, https:\/\/factory.sale\/wp-content\/uploads\/2025\/12\/CLT-M-sauna-description-factory-sale-8-150x43.png 150w, https:\/\/factory.sale\/wp-content\/uploads\/2025\/12\/CLT-M-sauna-description-factory-sale-8-768x218.png 768w, https:\/\/factory.sale\/wp-content\/uploads\/2025\/12\/CLT-M-sauna-description-factory-sale-8-600x171.png 600w, https:\/\/factory.sale\/wp-content\/uploads\/2025\/12\/CLT-M-sauna-description-factory-sale-8.png 1182w\" alt=\"\" width=\"586\" height=\"166\" \/><\/p>\n<p>Sek\u00e4 estetiikkaa ett\u00e4 toiminnallisuutta silm\u00e4ll\u00e4 pit\u00e4en suunnitellut CLT-saunat tarjoavat ainutlaatuisen el\u00e4myksen, jossa yhdistyv\u00e4t puun luonnollinen l\u00e4mp\u00f6 ja nykyaikaisen teknologian tarkkuus. Olipa kyseess\u00e4 yksityinen tai kaupallinen k\u00e4ytt\u00f6, Factory.Sale CLT-paneelisauna on investointi laatuun, kest\u00e4vyyteen ja rentoutumiseen.<\/p>\n<p>&nbsp;<\/p>\n<p><strong>CLT-teknologia<\/strong><\/p>\n<p>CLT (ristiinliimattu puu) on monoliittinen paneelirakenne, joka koostuu useista 90 asteen kulmassa toisiinsa liimatuista puukerroksista. Tehtaallamme valmistetut CLT-paneelit ylitt\u00e4v\u00e4t alan laatuvaatimukset ja sis\u00e4lt\u00e4v\u00e4t useita ominaisuuksia, jotka erottavat ne kilpailijoista.<\/p>\n<p>&nbsp;<\/p>\n<p><strong>Kilpailijat<\/strong><\/p>\n<p><img loading=\"lazy\" decoding=\"async\" class=\"alignnone size-medium wp-image-135158\" src=\"https:\/\/factory.sale\/wp-content\/uploads\/2025\/12\/CLT-M-sauna-description-factory-sale-1-300x247.png\" alt=\"\" width=\"300\" height=\"247\" srcset=\"https:\/\/factory.sale\/wp-content\/uploads\/2025\/12\/CLT-M-sauna-description-factory-sale-1-300x247.png 300w, https:\/\/factory.sale\/wp-content\/uploads\/2025\/12\/CLT-M-sauna-description-factory-sale-1-150x124.png 150w, https:\/\/factory.sale\/wp-content\/uploads\/2025\/12\/CLT-M-sauna-description-factory-sale-1.png 490w\" sizes=\"auto, (max-width: 300px) 100vw, 300px\" \/><\/p>\n<p>&nbsp;<\/p>\n<p><strong>CLT-teknologia<\/strong><\/p>\n<p><img loading=\"lazy\" decoding=\"async\" class=\"alignnone size-medium wp-image-135161\" src=\"https:\/\/factory.sale\/wp-content\/uploads\/2025\/12\/CLT-M-sauna-description-factory-sale-2-300x241.png\" alt=\"\" width=\"300\" height=\"241\" srcset=\"https:\/\/factory.sale\/wp-content\/uploads\/2025\/12\/CLT-M-sauna-description-factory-sale-2-300x241.png 300w, https:\/\/factory.sale\/wp-content\/uploads\/2025\/12\/CLT-M-sauna-description-factory-sale-2-150x121.png 150w, https:\/\/factory.sale\/wp-content\/uploads\/2025\/12\/CLT-M-sauna-description-factory-sale-2.png 492w\" sizes=\"auto, (max-width: 300px) 100vw, 300px\" \/><\/p>\n<p>&nbsp;<\/p>\n<p>&nbsp;<\/p>\n<p><strong>CLT-paneelien t\u00e4rkeimm\u00e4t edut<\/strong><\/p>\n<p>CLT-paneeleista valmistettu sauna on kaikilta teknisilt\u00e4 ja toiminnallisilta ominaisuuksiltaan parempi kuin tynnyrisauna tai perinteinen runkorakenteinen sauna.<\/p>\n<ol>\n<li>Rakenteellinen j\u00e4ykkyys \u2013 CLT-paneelien monikerroksinen puurakenne ei v\u00e4\u00e4nny eik\u00e4 turpoa kosteudesta ja s\u00e4ilytt\u00e4\u00e4 muotonsa koko k\u00e4ytt\u00f6i\u00e4n ajan.<\/li>\n<li>Poikkeuksellinen lujuus \u2013 kest\u00e4\u00e4 jopa 15 % suuremmat lumi- ja tuulikuormat (edellytt\u00e4en, ett\u00e4 asennus t\u00e4ytt\u00e4\u00e4 voimassa olevat m\u00e4\u00e4r\u00e4ykset) verrattuna tavanomaiseen runkorakenteeseen.<\/li>\n<li>Pitk\u00e4 k\u00e4ytt\u00f6ik\u00e4 \u2013 CLT-paneelisauna kest\u00e4\u00e4 l\u00e4hes kaksi kertaa pidemp\u00e4\u00e4n kuin perinteinen runkorakenteinen sauna.<\/li>\n<li>Paloturvallisuus \u2013 CLT-paneelien kerroksellinen rakenne takaa eritt\u00e4in alhaisen palamisnopeuden (0,67 mm\/min), mik\u00e4 ylitt\u00e4\u00e4 tavallisten runkorakenteiden paloturvallisuustason.<\/li>\n<li>Ymp\u00e4rist\u00f6yst\u00e4v\u00e4llisyys \u2013 sauna on t\u00e4ysin ekologinen.<\/li>\n<li>Kevyt kokonaispaino \u2013 ei vaadi syv\u00e4\u00e4 perustusta.<\/li>\n<li>Moderni muotoilu ja huolellisesti suunniteltu tilojen ergonomia.<\/li>\n<li>Tehdasvalmisteinen, korkealaatuinen sis\u00e4- ja ulkoviimeistely.<\/li>\n<li>Joustavuus \u2013 sauna toimitetaan joko tehtaalla koottuna ja k\u00e4ytt\u00f6valmiina tai DIY-pakettina paikan p\u00e4\u00e4ll\u00e4 koottavaksi.<\/li>\n<\/ol>\n<p>DIY-paketti sis\u00e4lt\u00e4\u00e4 kaikki tarvittavat materiaalit ja asennusohjeet. Asennuspalvelusta voit pyyt\u00e4\u00e4 erillisen tarjouksen.<\/p>\n<p>&nbsp;<\/p>\n<p><strong>Hintaan sis\u00e4ltyy:<\/strong><\/p>\n<p>\u25cf Panoraamallinen karkaistu ja s\u00e4vytetty lasi-ikkuna<br \/>\n\u25cf Kaksitasoiset lauteet ja selk\u00e4nojan suojat tervalep\u00e4st\u00e4 (l\u00f6ylyhuoneessa)<br \/>\n\u25cf Integroitu LED-valaistus<br \/>\n\u25cf Asennettu tulo- ja poistoilmanvaihto s\u00e4hk\u00f6moottorilla<br \/>\n\u25cf Kaikki saunan pinnat on suojattu kahdella kerroksella kosteutta kest\u00e4v\u00e4\u00e4 erikoismaalia<br \/>\n\u25cf Ulkosein\u00e4t pohjamaalattu ja maalattu kahdella kerroksella korkealaatuista julkisivumaalia<br \/>\n\u25cf Kattorakenne: 2-kerroksinen bitumikermill\u00e4 toteutettu tasakattoj\u00e4rjestelm\u00e4<br \/>\n\u25cf Kaikki tarvikkeet johtavilta eurooppalaisilta valmistajilta<br \/>\n\u25cf Asiakkaan toiveiden mukaiset lis\u00e4varusteet ja design-muutokset mahdollisia<br \/>\n\u25cf Saunalla on 2 vuoden takuu<\/p>\n<p>&nbsp;<\/p>\n<p><strong>Tekniset tiedot:<\/strong><\/p>\n<div class=\"TyagGW_tableContainer\">\n<div class=\"group TyagGW_tableWrapper flex w-fit flex-col-reverse\" tabindex=\"-1\">\n<div class=\"TyagGW_tableContainer\">\n<div class=\"group TyagGW_tableWrapper flex w-fit flex-col-reverse\" tabindex=\"-1\">\n<table class=\"w-fit min-w-(--thread-content-width)\" style=\"height: 270px;\" width=\"436\" data-start=\"82\" data-end=\"490\">\n<thead data-start=\"82\" data-end=\"133\">\n<tr data-start=\"82\" data-end=\"133\">\n<th data-start=\"82\" data-end=\"106\" data-col-size=\"sm\"><\/th>\n<th data-start=\"106\" data-end=\"133\" data-col-size=\"sm\"><\/th>\n<\/tr>\n<\/thead>\n<tbody data-start=\"185\" data-end=\"490\">\n<tr data-start=\"185\" data-end=\"235\">\n<td data-start=\"185\" data-end=\"208\" data-col-size=\"sm\">Kokonaispituus<\/td>\n<td data-col-size=\"sm\" data-start=\"208\" data-end=\"235\">2,3 m \/ 6\u20196\u201d<\/td>\n<\/tr>\n<tr data-start=\"236\" data-end=\"286\">\n<td data-start=\"236\" data-end=\"259\" data-col-size=\"sm\">Kokonaisleveys<\/td>\n<td data-col-size=\"sm\" data-start=\"259\" data-end=\"286\">2,3 m \/ 6\u20196\u201d<\/td>\n<\/tr>\n<tr data-start=\"287\" data-end=\"337\">\n<td data-start=\"287\" data-end=\"310\" data-col-size=\"sm\">Huonekorkeus<\/td>\n<td data-col-size=\"sm\" data-start=\"310\" data-end=\"337\">2,1 m \/ 6\u20199\u201d<\/td>\n<\/tr>\n<tr data-start=\"338\" data-end=\"388\">\n<td data-start=\"338\" data-end=\"361\" data-col-size=\"sm\">Kokonaispinta-ala<\/td>\n<td data-col-size=\"sm\" data-start=\"361\" data-end=\"388\">5,3 m\u00b2 \/ 57 sq ft<\/td>\n<\/tr>\n<tr data-start=\"389\" data-end=\"439\">\n<td data-start=\"389\" data-end=\"412\" data-col-size=\"sm\">Moduulin paino<\/td>\n<td data-col-size=\"sm\" data-start=\"412\" data-end=\"439\">1,15 t \/ 2535 lbs<\/td>\n<\/tr>\n<tr data-start=\"440\" data-end=\"490\">\n<td data-start=\"440\" data-end=\"463\" data-col-size=\"sm\">Kapasiteetti (hl\u00f6\u00e4)<\/td>\n<td data-col-size=\"sm\" data-start=\"463\" data-end=\"490\">4<\/td>\n<\/tr>\n<\/tbody>\n<\/table>\n<\/div>\n<\/div>\n<\/div>\n<\/div>\n<p>&nbsp;<\/p>\n<p><img loading=\"lazy\" decoding=\"async\" class=\"alignnone wp-image-135640\" src=\"https:\/\/factory.sale\/wp-content\/uploads\/2026\/01\/Model-S-sauna-CLT-300x207.png\" alt=\"\" width=\"368\" height=\"254\" srcset=\"https:\/\/factory.sale\/wp-content\/uploads\/2026\/01\/Model-S-sauna-CLT-300x207.png 300w, https:\/\/factory.sale\/wp-content\/uploads\/2026\/01\/Model-S-sauna-CLT-150x104.png 150w, https:\/\/factory.sale\/wp-content\/uploads\/2026\/01\/Model-S-sauna-CLT-600x415.png 600w, https:\/\/factory.sale\/wp-content\/uploads\/2026\/01\/Model-S-sauna-CLT.png 648w\" sizes=\"auto, (max-width: 368px) 100vw, 368px\" \/><\/p>\n<p>&nbsp;<\/p>\n<p><strong>T\u00e4rke\u00e4t asennusvaatimukset:<\/strong><\/p>\n<p>\u25cf Sauna on k\u00e4ytt\u00f6valmis heti asennuksen j\u00e4lkeen<br \/>\n\u25cf Asennus vaatii vain tasatun alustan<br \/>\n\u25cf S\u00e4hk\u00f6kiukaalla varustettu sauna vaatii 3-vaiheisen s\u00e4hk\u00f6liit\u00e4nn\u00e4n (tehontarve riippuu kiuasmallista)<\/p>\n<p>&nbsp;<\/p>\n<p><strong>Kiuasvaihtoehdot (hinnat ALV 0%):<\/strong><\/p>\n<p><strong>1. Harvia Cilindro PC90 9 kW \u2013 690 \u20ac (sis\u00e4lt\u00e4\u00e4 kiuaskivet ja asennuksen)<\/strong><\/p>\n<p>Harvia Cilindro -s\u00e4hk\u00f6kiuas sis\u00e4lt\u00e4\u00e4 suuren m\u00e4\u00e4r\u00e4n kivi\u00e4. Verkkomainen ulkokuori mahdollistaa l\u00f6ylyn luonteen s\u00e4\u00e4t\u00e4misen: pehme\u00e4 l\u00f6yly, kun vett\u00e4 heitet\u00e4\u00e4n kiukaan sivuille, ja voimakkaampi l\u00f6yly, kun vett\u00e4 heitet\u00e4\u00e4n suoraan kivipylv\u00e4\u00e4n p\u00e4\u00e4lle.<\/p>\n<p><img loading=\"lazy\" decoding=\"async\" class=\"alignnone size-medium wp-image-135170\" src=\"https:\/\/factory.sale\/wp-content\/uploads\/2025\/12\/CLT-M-sauna-description-factory-sale-4-196x300.png\" alt=\"\" width=\"196\" height=\"300\" srcset=\"https:\/\/factory.sale\/wp-content\/uploads\/2025\/12\/CLT-M-sauna-description-factory-sale-4-196x300.png 196w, https:\/\/factory.sale\/wp-content\/uploads\/2025\/12\/CLT-M-sauna-description-factory-sale-4-98x150.png 98w, https:\/\/factory.sale\/wp-content\/uploads\/2025\/12\/CLT-M-sauna-description-factory-sale-4.png 292w\" sizes=\"auto, (max-width: 196px) 100vw, 196px\" \/><\/p>\n<p><strong>2. Harvia Cilindro PC1100XE 11 kW WiFi-moduulilla \u2013 1 161,50 \u20ac (sis\u00e4lt\u00e4\u00e4 kiuaskivet)<\/strong><\/p>\n<p>Harvia XE -sarjan kiukaissa on integroitu ohjausyksikk\u00f6 ja niit\u00e4 ohjataan Harvia Xenio -ohjauspaneelilla. Paneelin avulla voidaan hallita kiuasta, valaistusta ja turvalaitteita. Et\u00e4k\u00e4ytt\u00f6 edellytt\u00e4\u00e4 erillist\u00e4 Xenio WiFi -ohjaussarjaa ja MyHarvia-sovellusta.<\/p>\n<p><img loading=\"lazy\" decoding=\"async\" class=\"alignnone size-medium wp-image-135173\" src=\"https:\/\/factory.sale\/wp-content\/uploads\/2025\/12\/CLT-M-sauna-description-factory-sale-5-183x300.png\" alt=\"\" width=\"183\" height=\"300\" srcset=\"https:\/\/factory.sale\/wp-content\/uploads\/2025\/12\/CLT-M-sauna-description-factory-sale-5-183x300.png 183w, https:\/\/factory.sale\/wp-content\/uploads\/2025\/12\/CLT-M-sauna-description-factory-sale-5-91x150.png 91w, https:\/\/factory.sale\/wp-content\/uploads\/2025\/12\/CLT-M-sauna-description-factory-sale-5.png 314w\" sizes=\"auto, (max-width: 183px) 100vw, 183px\" \/><\/p>\n<p><strong>3. HUUM STEEL 11 kW UKU WiFi -moduulilla \u2013 2 104,50 \u20ac (sis\u00e4lt\u00e4\u00e4 kiuaskivet)<\/strong><\/p>\n<p>Tyylik\u00e4s ja tehokas s\u00e4hk\u00f6kiuas moderniin saunaan. Kompakti muotoilu ja pienet turvaet\u00e4isyydet tekev\u00e4t siit\u00e4 erinomaisen valinnan pienempiin l\u00f6ylyhuoneisiin.<\/p>\n<p><img loading=\"lazy\" decoding=\"async\" class=\"alignnone size-medium wp-image-135176\" src=\"https:\/\/factory.sale\/wp-content\/uploads\/2025\/12\/CLT-M-sauna-description-factory-sale-6-176x300.png\" alt=\"\" width=\"176\" height=\"300\" srcset=\"https:\/\/factory.sale\/wp-content\/uploads\/2025\/12\/CLT-M-sauna-description-factory-sale-6-176x300.png 176w, https:\/\/factory.sale\/wp-content\/uploads\/2025\/12\/CLT-M-sauna-description-factory-sale-6-88x150.png 88w, https:\/\/factory.sale\/wp-content\/uploads\/2025\/12\/CLT-M-sauna-description-factory-sale-6.png 334w\" sizes=\"auto, (max-width: 176px) 100vw, 176px\" \/><\/p>\n<p><strong>4. Harvia Linear 16 puukiuas savupiipulla \u2013 1 012 \u20ac (sis\u00e4lt\u00e4\u00e4 kiuaskivet)<\/strong><\/p>\n<p>Harvia-puukiukaiden tulipes\u00e4 ja palamisilman kanavat on suunniteltu nopeaan l\u00e4mmitykseen ja puhtaampaan palamiseen. Kiuas t\u00e4ytt\u00e4\u00e4 CE-merkinn\u00e4n vaatimukset. Suositeltu l\u00f6ylyhuoneen koko on 6\u201316 m\u00b3 ja kivien enimm\u00e4ism\u00e4\u00e4r\u00e4 36 kg.<\/p>\n<p><img loading=\"lazy\" decoding=\"async\" class=\"alignnone size-medium wp-image-135179\" src=\"https:\/\/factory.sale\/wp-content\/uploads\/2025\/12\/CLT-M-sauna-description-factory-sale-7-241x300.png\" alt=\"\" width=\"241\" height=\"300\" srcset=\"https:\/\/factory.sale\/wp-content\/uploads\/2025\/12\/CLT-M-sauna-description-factory-sale-7-241x300.png 241w, https:\/\/factory.sale\/wp-content\/uploads\/2025\/12\/CLT-M-sauna-description-factory-sale-7-120x150.png 120w, https:\/\/factory.sale\/wp-content\/uploads\/2025\/12\/CLT-M-sauna-description-factory-sale-7.png 430w\" sizes=\"auto, (max-width: 241px) 100vw, 241px\" \/><\/p>\n","protected":false},"excerpt":{"rendered":"<p>CLT-paneeleista valmistettu sauna ylitt\u00e4\u00e4 kaikilta teknisilt\u00e4 ja k\u00e4ytt\u00f6ominaisuuksiltaan sek\u00e4 tynnyrisaunan ett\u00e4 perinteisen runkorakenteisen saunan. CLT-teknologia \u2013 ristiinliimattu puu.<\/p>\n","protected":false},"featured_media":135643,"comment_status":"open","ping_status":"closed","template":"","meta":{"_acf_changed":false},"factory":[],"free-shipment":[],"product_brand":[],"product_cat":[1317,2258],"product_tag":[2106],"class_list":{"0":"post-135654","1":"product","2":"type-product","3":"status-publish","4":"has-post-thumbnail","6":"product_cat-sauna-fi","7":"product_cat-saunakuutiot","8":"product_tag-sauna-fi","10":"first","11":"instock","12":"sale","13":"taxable","14":"shipping-taxable","15":"purchasable","16":"product-type-simple"},"acf":[],"_links":{"self":[{"href":"https:\/\/factory.sale\/fi\/wp-json\/wp\/v2\/product\/135654","targetHints":{"allow":["GET"]}}],"collection":[{"href":"https:\/\/factory.sale\/fi\/wp-json\/wp\/v2\/product"}],"about":[{"href":"https:\/\/factory.sale\/fi\/wp-json\/wp\/v2\/types\/product"}],"replies":[{"embeddable":true,"href":"https:\/\/factory.sale\/fi\/wp-json\/wp\/v2\/comments?post=135654"}],"wp:featuredmedia":[{"embeddable":true,"href":"https:\/\/factory.sale\/fi\/wp-json\/wp\/v2\/media\/135643"}],"wp:attachment":[{"href":"https:\/\/factory.sale\/fi\/wp-json\/wp\/v2\/media?parent=135654"}],"wp:term":[{"taxonomy":"factory","embeddable":true,"href":"https:\/\/factory.sale\/fi\/wp-json\/wp\/v2\/factory?post=135654"},{"taxonomy":"free-shipment","embeddable":true,"href":"https:\/\/factory.sale\/fi\/wp-json\/wp\/v2\/free-shipment?post=135654"},{"taxonomy":"product_brand","embeddable":true,"href":"https:\/\/factory.sale\/fi\/wp-json\/wp\/v2\/product_brand?post=135654"},{"taxonomy":"product_cat","embeddable":true,"href":"https:\/\/factory.sale\/fi\/wp-json\/wp\/v2\/product_cat?post=135654"},{"taxonomy":"product_tag","embeddable":true,"href":"https:\/\/factory.sale\/fi\/wp-json\/wp\/v2\/product_tag?post=135654"}],"curies":[{"name":"wp","href":"https:\/\/api.w.org\/{rel}","templated":true}]}}