{"id":135188,"date":"2025-12-28T17:08:49","date_gmt":"2025-12-28T14:08:51","guid":{"rendered":"https:\/\/factory.sale\/?post_type=product&#038;p=135188"},"modified":"2026-01-16T17:41:43","modified_gmt":"2026-01-16T14:41:43","slug":"saunum-pro-experience-sahkokiuas-sisailmalaiteella-12-kw","status":"publish","type":"product","link":"https:\/\/factory.sale\/fi\/tuote\/saunum-pro-experience-sahkokiuas-sisailmalaiteella-12-kw\/","title":{"rendered":"Saunum Pro Experience \u2013 s\u00e4hk\u00f6kiuas sis\u00e4ilmalaitteella 12 kW"},"content":{"rendered":"<p>Saunum Pro Experience -s\u00e4hk\u00f6kiuas 9 kW on edistyksellinen kiuas ja sis\u00e4ilmalaite yhdess\u00e4, joka on kehitetty erityisesti julkisiin saunoihin, kylpyl\u00f6ihin, hyvinvointikeskuksiin sek\u00e4 suurempiin yksityisiin saunoihin, joissa k\u00e4ytt\u00f6 on intensiivist\u00e4. Toisin kuin perinteiset kiukaat, Saunum Pro Experience hy\u00f6dynt\u00e4\u00e4 patentoitua ilmansekoitusj\u00e4rjestelm\u00e4\u00e4, joka ker\u00e4\u00e4 katon alle nousevan kuumimman h\u00f6yryn, sekoittaa sen lattian tasolta tulevaan viile\u00e4mp\u00e4\u00e4n ilmaan ja ohjaa pehmennetyn l\u00f6ylyn tasaisesti takaisin koko l\u00f6ylyhuoneeseen.<\/p>\n<p>Suuren kivim\u00e4\u00e4r\u00e4n ja \u00e4lykk\u00e4\u00e4n ilmankierron ansiosta l\u00f6yly on pehme\u00e4mp\u00e4\u00e4, kosteampaa ja pitk\u00e4kestoisempaa. Happirikas l\u00f6yly parantaa hengitysmukavuutta, tasaa l\u00e4mp\u00f6tilaeroja koko saunassa ja mahdollistaa pidemm\u00e4t saunomiskerrat ilman v\u00e4symyst\u00e4 tai p\u00e4\u00e4ns\u00e4rky\u00e4.<\/p>\n<p>Kun Himalajan suolapallot asetetaan sis\u00e4ilmalaitteeseen, kiert\u00e4v\u00e4\u00e4n ilmaan vapautuu luonnollisia suolaioneja. Ne kulkeutuvat h\u00f6yryn mukana iholle ja hengitysteihin, luoden rauhoittavan ja spa-henkisen saunaolosuhteen. Aromilis\u00e4varusteiden avulla Saunum Pro Experiencea voidaan k\u00e4ytt\u00e4\u00e4 my\u00f6s aromisaunana, joka on terveellisempi vaihtoehto eteeristen \u00f6ljyjen polttamiselle suoraan kuumilla kivill\u00e4.<\/p>\n<p>Saunum Pro Experience on saatavana kahdella kivikorivaihtoehdolla.<br \/>\nAvoin kivikori mahdollistaa veden heitt\u00e4misen suoraan kiville ja tarjoaa klassisen pohjoismaisen l\u00f6ylyel\u00e4myksen kevyell\u00e4 ja modernilla ulkon\u00e4\u00f6ll\u00e4.<br \/>\nSuljettu (covered) kivikori antaa minimalistisemman ja suljetumman ilmeen s\u00e4ilytt\u00e4en kuitenkin saman kehittyneen ilmansekoitusteknologian ja l\u00f6ylyn laadun.<\/p>\n<p>Yhdess\u00e4 Saunum Leil -ohjauspaneelin tai Saunum Leil -mobiilisovelluksen kanssa kiukaan k\u00e4ytt\u00f6 on helppoa ja tarjolla on useita esiasetettuja saunatiloja. T\u00e4m\u00e4 muuttaa perinteisen saunan monipuoliseksi 5-in-1 spa-ratkaisuksi, johon kuuluvat klassinen pohjoismainen sauna, kostea h\u00f6yrysauna, lempe\u00e4 rentoutumissauna, suolaioneilla rikastettu sauna sek\u00e4 aromisauna.<\/p>\n<p><strong>Tekniset tiedot:<\/strong><\/p>\n<ul>\n<li>Kiukaan teho: 12 kW<\/li>\n<li>Suositeltu l\u00f6ylyhuoneen tilavuus: 12\u201316 m\u00b3<\/li>\n<li>L\u00f6ylyhuoneen v\u00e4himm\u00e4iskorkeus: 1850 mm<\/li>\n<li>Leveys: 470 mm<\/li>\n<li>Syvyys: 455 mm<\/li>\n<li>S\u00e4\u00e4dett\u00e4v\u00e4 korkeus: 1850\u20132400 mm<\/li>\n<li>Paino: 48,5 kg<\/li>\n<li>V\u00e4ri: musta<\/li>\n<\/ul>\n<p><strong>Saunakivet:<\/strong><\/p>\n<ul>\n<li>Avoin kivikori: saunakivet \u00d8 5\u201310 cm, noin 85 kg<\/li>\n<li>Suljettu kivikori: saunakivet \u00d8 5\u201310 cm, noin 80 kg<\/li>\n<\/ul>\n<p><strong>S\u00e4hk\u00f6tiedot:<\/strong><\/p>\n<ul>\n<li>Sulake (3-vaihe): C20<\/li>\n<li>Sy\u00f6tt\u00f6kaapeli (kiuas): 5 \u00d7 4 mm\u00b2, 3-vaiheinen<\/li>\n<li>Sy\u00f6tt\u00f6kaapeli (sis\u00e4ilmalaite): 5 \u00d7 1,5 mm\u00b2, 1-vaiheinen (Saunum Leil -ohjauspaneelin kanssa)<\/li>\n<\/ul>\n<p><strong>Sis\u00e4ilmalaite:<\/strong><\/p>\n<ul>\n<li>3 nopeustasoa<\/li>\n<li>S\u00e4\u00e4dett\u00e4v\u00e4 ilmaventtiili<\/li>\n<\/ul>\n<p><strong>Turvaet\u00e4isyydet:<\/strong><\/p>\n<p>Avoin kivikori:<\/p>\n<ul>\n<li>Kiukaan sivuilta: 203 mm<\/li>\n<li>Edest\u00e4: 250 mm<\/li>\n<li>Kivist\u00e4 kattoon: 1040 mm<\/li>\n<\/ul>\n<p>Suljettu kivikori:<\/p>\n<ul>\n<li>Kiukaan sivuilta: 50 mm<\/li>\n<li>Edest\u00e4: 50 mm<\/li>\n<li>Kivist\u00e4 kattoon: 1040 mm<\/li>\n<\/ul>\n<p><strong>Toimitussis\u00e4lt\u00f6:<\/strong><\/p>\n<ul>\n<li>S\u00e4hk\u00f6kiuas<\/li>\n<li>Integroitu sis\u00e4ilmalaite<\/li>\n<li>Himalajan suolapallot (7 kpl)<\/li>\n<\/ul>\n<p>Huomio: saunakivet, s\u00e4hk\u00f6kaapelit ja ohjausyksikk\u00f6 eiv\u00e4t sis\u00e4lly toimitukseen.<\/p>\n<p><strong>Ohjaus ja lis\u00e4varusteet:<\/strong><\/p>\n<ul>\n<li>Yhteensopiva Saunum Leil -ohjauspaneelin kanssa<\/li>\n<li>Yhteensopiva Saunum Leil -mobiilisovelluksen kanssa<\/li>\n<li>Lis\u00e4varusteena aromij\u00e4rjestelm\u00e4 aromisaunaa varten<\/li>\n<\/ul>\n<p><strong>Saatavilla olevat vaihtoehdot:<\/strong><\/p>\n<ul>\n<li>4745090018509 \u2013 musta runko, ruostumattomasta ter\u00e4ksest\u00e4 valmistettu avoin kivikori<\/li>\n<li>4745090017960 \u2013 musta runko, suljettu kivikori<\/li>\n<\/ul>\n<p>&nbsp;<\/p>\n<div class=\"video-wrapper \"><iframe loading=\"lazy\" title=\"Saunum - Revolution in Sauna Technology (Europe version)\" width=\"500\" height=\"281\" src=\"https:\/\/www.youtube.com\/embed\/3fux1klBUp8?feature=oembed\" frameborder=\"0\" allow=\"accelerometer; autoplay; clipboard-write; encrypted-media; gyroscope; picture-in-picture; web-share\" referrerpolicy=\"strict-origin-when-cross-origin\" allowfullscreen><\/iframe><\/div>\n","protected":false},"excerpt":{"rendered":"<p>Saunum Pro Experience 12 kW on ammattik\u00e4ytt\u00f6\u00f6n suunniteltu s\u00e4hk\u00f6kiuas ja sis\u00e4ilmalaite yhdess\u00e4, joka tuottaa pehme\u00e4t, tasaiset ja pitk\u00e4kestoiset l\u00f6ylyt my\u00f6s kovassa k\u00e4yt\u00f6ss\u00e4. Patentoitu ilmansekoitusteknologia, suuri kivim\u00e4\u00e4r\u00e4 ja suolaioneilla rikastettu ilma luovat korkeatasoisen, spa-henkisen saunael\u00e4myksen.<\/p>\n","protected":false},"featured_media":135079,"comment_status":"open","ping_status":"closed","template":"","meta":{"_acf_changed":false},"factory":[],"free-shipment":[],"product_brand":[4827],"product_cat":[4877,1121,484,2292],"product_tag":[3162,866,2106],"class_list":{"0":"post-135188","1":"product","2":"type-product","3":"status-publish","4":"has-post-thumbnail","6":"product_brand-saunum","7":"product_cat-ilmankiertotuotteet","8":"product_cat-saniteetti","9":"product_cat-saunan-kiukaat","10":"product_cat-saunum-fi","11":"product_tag-electric-heater-fi","12":"product_tag-electric-sauna-heater-fi","13":"product_tag-sauna-fi","15":"first","16":"instock","17":"sale","18":"taxable","19":"shipping-taxable","20":"purchasable","21":"product-type-simple"},"acf":[],"_links":{"self":[{"href":"https:\/\/factory.sale\/fi\/wp-json\/wp\/v2\/product\/135188","targetHints":{"allow":["GET"]}}],"collection":[{"href":"https:\/\/factory.sale\/fi\/wp-json\/wp\/v2\/product"}],"about":[{"href":"https:\/\/factory.sale\/fi\/wp-json\/wp\/v2\/types\/product"}],"replies":[{"embeddable":true,"href":"https:\/\/factory.sale\/fi\/wp-json\/wp\/v2\/comments?post=135188"}],"wp:featuredmedia":[{"embeddable":true,"href":"https:\/\/factory.sale\/fi\/wp-json\/wp\/v2\/media\/135079"}],"wp:attachment":[{"href":"https:\/\/factory.sale\/fi\/wp-json\/wp\/v2\/media?parent=135188"}],"wp:term":[{"taxonomy":"factory","embeddable":true,"href":"https:\/\/factory.sale\/fi\/wp-json\/wp\/v2\/factory?post=135188"},{"taxonomy":"free-shipment","embeddable":true,"href":"https:\/\/factory.sale\/fi\/wp-json\/wp\/v2\/free-shipment?post=135188"},{"taxonomy":"product_brand","embeddable":true,"href":"https:\/\/factory.sale\/fi\/wp-json\/wp\/v2\/product_brand?post=135188"},{"taxonomy":"product_cat","embeddable":true,"href":"https:\/\/factory.sale\/fi\/wp-json\/wp\/v2\/product_cat?post=135188"},{"taxonomy":"product_tag","embeddable":true,"href":"https:\/\/factory.sale\/fi\/wp-json\/wp\/v2\/product_tag?post=135188"}],"curies":[{"name":"wp","href":"https:\/\/api.w.org\/{rel}","templated":true}]}}