{"id":135047,"date":"2025-12-22T15:45:24","date_gmt":"2026-01-14T07:02:22","guid":{"rendered":"https:\/\/factory.sale\/?post_type=product&#038;p=135047"},"modified":"2026-01-16T16:59:24","modified_gmt":"2026-01-16T13:59:24","slug":"saunum-experience-sahkokiuas-sisailmastointijarjestelmalla-3-6-kw","status":"publish","type":"product","link":"https:\/\/factory.sale\/fi\/tuote\/saunum-experience-sahkokiuas-sisailmastointijarjestelmalla-3-6-kw\/","title":{"rendered":"Saunum Experience s\u00e4hk\u00f6kiuas sis\u00e4ilmastointij\u00e4rjestelm\u00e4ll\u00e4 3.6 kW"},"content":{"rendered":"<p>Saunum Experience -kiuas 3.6 kW on innovatiivinen saunakiuas ja sis\u00e4ilmalaite yhdess\u00e4, joka on suunniteltu asuntoihin ja omakotitaloihin, joissa halutaan ensiluokkainen saunael\u00e4mys. Toisin kuin perinteiset kiukaat, Saunum Experience k\u00e4ytt\u00e4\u00e4 patentoitua ilmansekoitusj\u00e4rjestelm\u00e4\u00e4, joka ker\u00e4\u00e4 katon alle nousseen kuumimman h\u00f6yryn, sekoittaa sen lattian l\u00e4helt\u00e4 tulevaan viile\u00e4mp\u00e4\u00e4n ilmaan ja ohjaa pehmennetyn h\u00f6yryn tasaisesti takaisin l\u00f6ylyhuoneeseen.<\/p>\n<p>Suuren kivim\u00e4\u00e4r\u00e4n ja \u00e4lykk\u00e4\u00e4n ilmankierron ansiosta l\u00f6yly on selv\u00e4sti pehme\u00e4mp\u00e4\u00e4, kosteampaa ja tasaisemmin jakautunutta koko saunassa. T\u00e4m\u00e4 helpottaa hengitt\u00e4mist\u00e4, v\u00e4hent\u00e4\u00e4 l\u00e4mp\u00f6tilaeroja p\u00e4\u00e4n ja jalkojen v\u00e4lill\u00e4 sek\u00e4 mahdollistaa pidemm\u00e4t ja rentouttavammat saunomiskerrat ilman v\u00e4symyst\u00e4 tai p\u00e4\u00e4ns\u00e4rky\u00e4.<\/p>\n<p>Kun Himalajan suolapallot asetetaan sis\u00e4ilmalaiteen sis\u00e4\u00e4n, h\u00f6yryyn vapautuu suolaioneja. Ne kiert\u00e4v\u00e4t l\u00e4mpim\u00e4n ilman mukana, ulottuen iholle ja hengitysteihin ja luoden rauhoittavan, spa-henkisen ymp\u00e4rist\u00f6n. Aromilis\u00e4varusteiden avulla laitetta voidaan k\u00e4ytt\u00e4\u00e4 my\u00f6s aromisaunana, joka on terveellisempi vaihtoehto eteeristen \u00f6ljyjen polttamiselle suoraan kiukaan kivill\u00e4.<\/p>\n<p>Saunum Experience on saatavana kahdella kivikorivaihtoehdolla.<br \/>\nAvoin kivikori mahdollistaa veden heitt\u00e4misen suoraan kiville ja tarjoaa klassisen pohjoismaisen l\u00f6ylykokemuksen sek\u00e4 kevyemm\u00e4n, modernin ulkon\u00e4\u00f6n.<br \/>\nSuljettu (covered) kivikori luo minimalistisemman ja suljetumman ilmeen s\u00e4ilytt\u00e4en kuitenkin saman kehittyneen ilmansekoitusteknologian ja l\u00f6ylyn laadun.<\/p>\n<p>Yhdess\u00e4 Saunum Leil -ohjauspaneelin tai mobiilisovelluksen kanssa kiukaan k\u00e4ytt\u00f6 on helppoa ja tarjolla on useita esiasetettuja saunatiloja. T\u00e4m\u00e4 muuttaa perinteisen saunan monipuoliseksi 5-in-1 kotikylpyl\u00e4ratkaisuksi, joka sopii koko perheelle.<\/p>\n<p><strong>3.6 kW malli on saatavana seuraavissa rakenteellisissa versioissa:<\/strong><\/p>\n<ul>\n<li>Avoin kivikori<\/li>\n<li>Suljettu (covered) kivikori<\/li>\n<\/ul>\n<p><strong>Tekniset tiedot:<\/strong><\/p>\n<ul>\n<li>Kiukaan teho: 3.6 kW<\/li>\n<li>Suositeltu l\u00f6ylyhuoneen tilavuus: 2\u20135 m\u00b3<\/li>\n<li>L\u00f6ylyhuoneen v\u00e4himm\u00e4iskorkeus: 1850 mm<\/li>\n<li>Saunakivet: \u00d8 5\u201310 cm, noin 55 kg<\/li>\n<li>Virta: 5.65 A<\/li>\n<\/ul>\n<p><strong>S\u00e4hk\u00f6liit\u00e4nn\u00e4t:<\/strong><\/p>\n<ul>\n<li>Sy\u00f6tt\u00f6kaapeli (kiuas): 3-vaiheinen H07RN-F-kaapeli tai vastaava<\/li>\n<li>Sy\u00f6tt\u00f6kaapeli (sis\u00e4ilmalaite): 5 \u00d7 1,5 mm\u00b2, 1 vaihe<\/li>\n<\/ul>\n<p><strong>Sis\u00e4ilmalaite:<\/strong><\/p>\n<ul>\n<li>3 nopeustasoa<\/li>\n<li>S\u00e4\u00e4dett\u00e4v\u00e4 ilmaventtiili<\/li>\n<\/ul>\n<p><strong>Mitat:<\/strong><\/p>\n<ul>\n<li>Leveys: 469 mm<\/li>\n<li>Syvyys: avoin kivikori: 310 mm<\/li>\n<li>Syvyys: suljettu kivikori: 315 mm<\/li>\n<li>S\u00e4\u00e4dett\u00e4v\u00e4 korkeus: 1850\u20132400 mm<\/li>\n<li>Paino: noin 40 kg<\/li>\n<\/ul>\n<p><strong>Turvaet\u00e4isyydet:<\/strong><\/p>\n<p>Avoin kivikori:<\/p>\n<ul>\n<li>Kiukaan sivuilta: 150 mm<\/li>\n<li>Edest\u00e4: 150 mm<\/li>\n<li>Kivist\u00e4 kattoon: 1040 mm<\/li>\n<\/ul>\n<p>Suljettu (covered) kivikori:<\/p>\n<ul>\n<li>Kiukaan sivuilta: 50 mm<\/li>\n<li>Edest\u00e4: 50 mm<\/li>\n<li>Kivist\u00e4 kattoon: 1040 mm<\/li>\n<\/ul>\n<p><strong>Pakkauksen sis\u00e4lt\u00f6:<\/strong><\/p>\n<ul>\n<li>Saunakiuas<\/li>\n<li>Integroitu sis\u00e4ilmalaite<\/li>\n<li>Himalajan suolapallot (7 kpl)<\/li>\n<\/ul>\n<p>Huom! Saunakivet, s\u00e4hk\u00f6kaapelit ja ohjausyksikk\u00f6 eiv\u00e4t sis\u00e4lly toimitukseen.<\/p>\n<p><strong>Ohjaus ja lis\u00e4varusteet:<\/strong><\/p>\n<ul>\n<li>Yhteensopiva Saunum Leil -ohjauspaneelin kanssa<\/li>\n<li>Yhteensopiva Saunum Leil -mobiilisovelluksen kanssa<\/li>\n<li>Lis\u00e4varusteena aromij\u00e4rjestelm\u00e4 aromisaunaa varten<\/li>\n<\/ul>\n<p><strong>Saatavilla olevat vaihtoehdot:<\/strong><\/p>\n<ul>\n<li>4745090018363 \u2013 musta runko, avoin kivikori<\/li>\n<li>4745090018370 \u2013 musta runko, suljettu kivikori<\/li>\n<\/ul>\n<p>&nbsp;<\/p>\n<div class=\"video-wrapper \"><iframe loading=\"lazy\" title=\"Saunum - Revolution in Sauna Technology (Europe version)\" width=\"500\" height=\"281\" src=\"https:\/\/www.youtube.com\/embed\/3fux1klBUp8?feature=oembed\" frameborder=\"0\" allow=\"accelerometer; autoplay; clipboard-write; encrypted-media; gyroscope; picture-in-picture; web-share\" referrerpolicy=\"strict-origin-when-cross-origin\" allowfullscreen><\/iframe><\/div>\n","protected":false},"excerpt":{"rendered":"<p>Saunum Experience -kiuas 3.6 kW on innovatiivinen saunakiuas ja sis\u00e4ilmalaite yhdess\u00e4, joka tuottaa pehme\u00e4t, tasaiset ja helposti hengitett\u00e4v\u00e4t l\u00f6ylyt. Patentoitu ilmansekoitusj\u00e4rjestelm\u00e4 ja suuri kivim\u00e4\u00e4r\u00e4 takaavat korkeatasoisen saunael\u00e4myksen asuntoihin ja omakotitaloihin.<\/p>\n","protected":false},"featured_media":134942,"comment_status":"open","ping_status":"closed","template":"","meta":{"_acf_changed":false},"factory":[],"free-shipment":[],"product_brand":[4827],"product_cat":[4877,1121],"product_tag":[3162,876],"class_list":{"0":"post-135047","1":"product","2":"type-product","3":"status-publish","4":"has-post-thumbnail","6":"product_brand-saunum","7":"product_cat-ilmankiertotuotteet","8":"product_cat-saniteetti","9":"product_tag-electric-heater-fi","10":"product_tag-home-spa-fi","12":"first","13":"instock","14":"sale","15":"taxable","16":"shipping-taxable","17":"purchasable","18":"product-type-simple"},"acf":[],"_links":{"self":[{"href":"https:\/\/factory.sale\/fi\/wp-json\/wp\/v2\/product\/135047","targetHints":{"allow":["GET"]}}],"collection":[{"href":"https:\/\/factory.sale\/fi\/wp-json\/wp\/v2\/product"}],"about":[{"href":"https:\/\/factory.sale\/fi\/wp-json\/wp\/v2\/types\/product"}],"replies":[{"embeddable":true,"href":"https:\/\/factory.sale\/fi\/wp-json\/wp\/v2\/comments?post=135047"}],"wp:featuredmedia":[{"embeddable":true,"href":"https:\/\/factory.sale\/fi\/wp-json\/wp\/v2\/media\/134942"}],"wp:attachment":[{"href":"https:\/\/factory.sale\/fi\/wp-json\/wp\/v2\/media?parent=135047"}],"wp:term":[{"taxonomy":"factory","embeddable":true,"href":"https:\/\/factory.sale\/fi\/wp-json\/wp\/v2\/factory?post=135047"},{"taxonomy":"free-shipment","embeddable":true,"href":"https:\/\/factory.sale\/fi\/wp-json\/wp\/v2\/free-shipment?post=135047"},{"taxonomy":"product_brand","embeddable":true,"href":"https:\/\/factory.sale\/fi\/wp-json\/wp\/v2\/product_brand?post=135047"},{"taxonomy":"product_cat","embeddable":true,"href":"https:\/\/factory.sale\/fi\/wp-json\/wp\/v2\/product_cat?post=135047"},{"taxonomy":"product_tag","embeddable":true,"href":"https:\/\/factory.sale\/fi\/wp-json\/wp\/v2\/product_tag?post=135047"}],"curies":[{"name":"wp","href":"https:\/\/api.w.org\/{rel}","templated":true}]}}