{"id":134897,"date":"2025-12-22T04:10:21","date_gmt":"2025-12-22T01:38:47","guid":{"rendered":"https:\/\/factory.sale\/?post_type=product&#038;p=134897"},"modified":"2026-02-03T17:37:55","modified_gmt":"2026-02-03T14:37:55","slug":"taika-kotimainen-ylellinen-kylpytynnyri-8-10-hlo","status":"publish","type":"product","link":"https:\/\/factory.sale\/fi\/tuote\/taika-kotimainen-ylellinen-kylpytynnyri-8-10-hlo\/","title":{"rendered":"TAIKA \u2013 kotimainen ylellinen kylpytynnyri 8-10 hl\u00f6"},"content":{"rendered":"<p><video style=\"max-width: 100%; height: auto; display: block;\" preload=\"auto\" autoplay=\"autoplay\" loop=\"loop\" muted=\"\" controls=\"controls\" width=\"1500\" height=\"3750\"><source src=\"https:\/\/fispars.fi\/wp-content\/uploads\/2024\/10\/video-8lle-palju-quattro-2.0\u00d71.7-1400l.mp4?_=1\" \/>Your browser does not support the video tag.<\/video><\/p>\n<p>&nbsp;<\/p>\n<p><strong>Miksi valita Taika-kylpytynnyri?<\/strong><\/p>\n<p>Taika on valikoimamme tilavin ja ylellisin puul\u00e4mmitteinen kylpytynnyri. T\u00e4m\u00e4 neli\u00f6nmuotoinen mestariteos on suunniteltu erityisesti Pohjoismaiseen ilmastoon ja niille, jotka arvostavat laatua, tilaa ja helppohoitoisuutta.<\/p>\n<ul>\n<li>Tilaa isommallekin porukalle: Suunniteltu 8\u201310 henkil\u00f6lle (1400 l)<\/li>\n<li>Aito tunnelma: Nauti aidosta Pohjoismaisesta m\u00f6kkitunnelmasta puul\u00e4mmityksen avulla<\/li>\n<li>Ymp\u00e4rivuotinen k\u00e4ytt\u00f6: Suunniteltu kest\u00e4m\u00e4\u00e4n pakkaset ja talvikylvyt.<\/li>\n<\/ul>\n<p>&nbsp;<\/p>\n<p><strong>Ensiluokkaiset materiaalit ja muotoilu<\/strong><\/p>\n<ol>\n<li>Suomalainen l\u00e4mp\u00f6puu: Ulkoverhoilu on valmistettu kest\u00e4v\u00e4st\u00e4 18 mm paksusta l\u00e4mp\u00f6k\u00e4siteltyst\u00e4 kuusesta, joka antaa paljulle kauniin luonnollisen ulkon\u00e4\u00f6n ja kest\u00e4\u00e4 s\u00e4\u00e4vaihtelut vuodesta toiseen.<\/li>\n<li>Hygieeninen lasikuituallas: Sis\u00e4osa on tyylik\u00e4st\u00e4 Beige (RAL1013) -s\u00e4vyist\u00e4 lasikuitua, jossa on helppohoitoinen Gelcoat-pinnoite.<\/li>\n<li>Ergonominen neli\u00f6muoto: Patentoitu \u00ae muotoilu (2,0 x 1,7 m) takaa maksimaalisen mukavuuden ja energiatehokkaan l\u00e4mmityksen pienemm\u00e4ll\u00e4 vesim\u00e4\u00e4r\u00e4ll\u00e4.<\/li>\n<\/ol>\n<p>&nbsp;<\/p>\n<p><strong>Hintaan kuuluu:<\/strong><\/p>\n<ul>\n<li>18 mm Suomalaisesta l\u00e4mp\u00f6puusta p\u00e4\u00e4llystetty Beige (RAL1013) lasikuitutynnyri \u201dTaika\u201d 1,7x2m Gelcoat-pinnoitteella<\/li>\n<li>35 kW ulkoinen merialumiinista kamiina<\/li>\n<li>2m savupiippu kuumasuojalla ja sadesuojalla<\/li>\n<li>Mustat l\u00e4piviennit (asennettuna)<\/li>\n<li>Kamiinan liitt\u00e4miseen tarvittavat osat<\/li>\n<li>LED-valo 1 lampulla<\/li>\n<li>L\u00e4mp\u00f6eristetty termokansi 70mm paksu EPS<\/li>\n<li>Porej\u00e4rjestelm\u00e4 8-suuttimella<\/li>\n<li>Juomahylly 1 kpl<\/li>\n<li>LUX portaat (l\u00e4mp\u00f6puusta)<\/li>\n<li>Runko ja pohjalevy<\/li>\n<li>4 integroitua pehme\u00e4\u00e4 p\u00e4\u00e4ntukea<\/li>\n<li>Vedenpoisto hanalla<\/li>\n<\/ul>\n<p>&nbsp;<\/p>\n<p>&nbsp;<\/p>\n<p><strong>Tuotetiedot:<\/strong><\/p>\n<table style=\"height: 602px;\" width=\"567\">\n<tbody>\n<tr>\n<td><span style=\"font-weight: 400;\">Tilavuus (henkil\u00f6\u00e4)<\/span><\/td>\n<td><span style=\"font-weight: 400;\">8<\/span><\/td>\n<\/tr>\n<tr>\n<td><span style=\"font-weight: 400;\">Tilavuus<\/span><\/td>\n<td><span style=\"font-weight: 400;\">1400 l<\/span><\/td>\n<\/tr>\n<tr>\n<td><span style=\"font-weight: 400;\">Paino<\/span><\/td>\n<td><span style=\"font-weight: 400;\">240 kg<\/span><\/td>\n<\/tr>\n<tr>\n<td><span style=\"font-weight: 400;\">Tynnyrin korkeus<\/span><\/td>\n<td><span style=\"font-weight: 400;\">1.1 m<\/span><\/td>\n<\/tr>\n<tr>\n<td><span style=\"font-weight: 400;\">Tynnyrin syvyys<\/span><\/td>\n<td><span style=\"font-weight: 400;\">0.96 m<\/span><\/td>\n<\/tr>\n<tr>\n<td><span style=\"font-weight: 400;\">Istuinpenkkien korkeus<\/span><\/td>\n<td><span style=\"font-weight: 400;\">290 mm<\/span><\/td>\n<\/tr>\n<tr>\n<td><span style=\"font-weight: 400;\">Istuinpenkkien leveys<\/span><\/td>\n<td><span style=\"font-weight: 400;\">460 mm<\/span><\/td>\n<\/tr>\n<tr>\n<td><span style=\"font-weight: 400;\">L\u00e4mp\u00f6puu verhoilu (pysty laudoitus, paksuus)<\/span><\/td>\n<td><span style=\"font-weight: 400;\">18 mm<\/span><\/td>\n<\/tr>\n<tr>\n<td><span style=\"font-weight: 400;\">Vedenkest\u00e4v\u00e4 pohjalevy<\/span><\/td>\n<td><span style=\"font-weight: 400;\">9 mm<\/span><\/td>\n<\/tr>\n<tr>\n<td><span style=\"font-weight: 400;\">Integroidut niskatuet<\/span><\/td>\n<td><span style=\"font-weight: 400;\">4 kpl<\/span><\/td>\n<\/tr>\n<\/tbody>\n<\/table>\n<p>&nbsp;<\/p>\n<p>&nbsp;<\/p>\n<p><strong>1400 litran veden l\u00e4mmitykseen 14\u00b0alkaen 40\u00b0 asteeseen 35kW:n kamiinalla menee n 1,5 tuntia:<\/strong><\/p>\n<p><img loading=\"lazy\" decoding=\"async\" class=\"alignnone wp-image-134898\" src=\"https:\/\/factory.sale\/wp-content\/uploads\/2025\/12\/Taika-info-fin-factory-sale-300x166.png\" alt=\"\" width=\"551\" height=\"305\" srcset=\"https:\/\/factory.sale\/wp-content\/uploads\/2025\/12\/Taika-info-fin-factory-sale-300x166.png 300w, https:\/\/factory.sale\/wp-content\/uploads\/2025\/12\/Taika-info-fin-factory-sale-1024x568.png 1024w, https:\/\/factory.sale\/wp-content\/uploads\/2025\/12\/Taika-info-fin-factory-sale-150x83.png 150w, https:\/\/factory.sale\/wp-content\/uploads\/2025\/12\/Taika-info-fin-factory-sale-768x426.png 768w, https:\/\/factory.sale\/wp-content\/uploads\/2025\/12\/Taika-info-fin-factory-sale-1536x852.png 1536w, https:\/\/factory.sale\/wp-content\/uploads\/2025\/12\/Taika-info-fin-factory-sale-600x333.png 600w, https:\/\/factory.sale\/wp-content\/uploads\/2025\/12\/Taika-info-fin-factory-sale.png 1896w\" sizes=\"auto, (max-width: 551px) 100vw, 551px\" \/><\/p>\n<p>&nbsp;<\/p>\n<p>&nbsp;<\/p>\n<p><strong>Lis\u00e4maksusta saatavilla (hinnat alv 0):<\/strong><\/p>\n<ul>\n<li>6-15kW:n S\u00e4hk\u00f6l\u00e4mmitin suodattimella (400V) \u2013 769-1322 EUR<\/li>\n<li>2kW:n Yll\u00e4pitol\u00e4mmitin (230V) \u2013 475 EUR<\/li>\n<li>Suodatinj\u00e4rjestelm\u00e4 \u2013 317 EUR<\/li>\n<li>PU-eristys \u2013 305,10 EUR<\/li>\n<li>Tulpat kamiinan l\u00e4pivienteihin 2 kpl \u2013 15 EUR<\/li>\n<li>Kipin\u00e4pelti \u2013 26 EUR<\/li>\n<li>K\u00e4\u00e4nt\u00f6palat 90 astetta, 2kpl \u2013 40 EUR<\/li>\n<li>Tuhkalapio \u2013 26 EUR<\/li>\n<li>Jalkojen pesuvati \u2013 97 EUR<\/li>\n<li>Kylpytynnyrin kaide \u2013 110 EUR<\/li>\n<li>Veden sekoitusmela \u2013 46 EUR<\/li>\n<li>Savupiipun lis\u00e4osa 1m \u2013 34 EUR<\/li>\n<li>L\u00e4mp\u00f6mittari \u2013 8 EUR<\/li>\n<\/ul>\n<p>&nbsp;<\/p>\n<p>&nbsp;<\/p>\n","protected":false},"excerpt":{"rendered":"<p><strong>L\u00f6yd\u00e4 arjen Taika &#8211; Kun hetki on t\u00e4ydellinen.<\/strong><\/p>\n<p>Ty\u00f6p\u00e4iv\u00e4n j\u00e4tt\u00e4minen taakse ei ole aina helppoa. Mutta kun astut kotiin tai m\u00f6kille, Taika-kylpytynnyri odottaa. Ilta-aurinko v\u00e4rj\u00e4\u00e4 terassin, koivuista kuuluu kevyt tuulen suhina, ja puukamiinan ensiliekki lupaa pian l\u00e4mp\u00f6\u00e4. T\u00e4ss\u00e4 1400-litraisessa, 8 hengen paljussa on tilaa niin perheen naurulle kuin yst\u00e4vien hiljaisille tarinoille.<br \/>\nUnohda s\u00e4hk\u00f6posti ja kiire. Anna l\u00e4mpim\u00e4n veden ja puul\u00e4mmityksen rauhoittavan r\u00e4tin\u00e4n vied\u00e4 arjen huolet. T\u00e4m\u00e4 on se tunne \u2013 l\u00f6yd\u00e4 arjen Taika.<\/p>\n<div><\/div>\n","protected":false},"featured_media":134871,"comment_status":"open","ping_status":"closed","template":"","meta":{"_acf_changed":false},"factory":[],"free-shipment":[],"product_brand":[],"product_cat":[2210,2588],"product_tag":[2846],"class_list":{"0":"post-134897","1":"product","2":"type-product","3":"status-publish","4":"has-post-thumbnail","6":"product_cat-kylpytynnyrit","7":"product_cat-lasikuituiset-kylpytynnyrit","8":"product_tag-hot-tub-fi","10":"first","11":"instock","12":"sale","13":"taxable","14":"shipping-taxable","15":"purchasable","16":"product-type-simple"},"acf":[],"_links":{"self":[{"href":"https:\/\/factory.sale\/fi\/wp-json\/wp\/v2\/product\/134897","targetHints":{"allow":["GET"]}}],"collection":[{"href":"https:\/\/factory.sale\/fi\/wp-json\/wp\/v2\/product"}],"about":[{"href":"https:\/\/factory.sale\/fi\/wp-json\/wp\/v2\/types\/product"}],"replies":[{"embeddable":true,"href":"https:\/\/factory.sale\/fi\/wp-json\/wp\/v2\/comments?post=134897"}],"wp:featuredmedia":[{"embeddable":true,"href":"https:\/\/factory.sale\/fi\/wp-json\/wp\/v2\/media\/134871"}],"wp:attachment":[{"href":"https:\/\/factory.sale\/fi\/wp-json\/wp\/v2\/media?parent=134897"}],"wp:term":[{"taxonomy":"factory","embeddable":true,"href":"https:\/\/factory.sale\/fi\/wp-json\/wp\/v2\/factory?post=134897"},{"taxonomy":"free-shipment","embeddable":true,"href":"https:\/\/factory.sale\/fi\/wp-json\/wp\/v2\/free-shipment?post=134897"},{"taxonomy":"product_brand","embeddable":true,"href":"https:\/\/factory.sale\/fi\/wp-json\/wp\/v2\/product_brand?post=134897"},{"taxonomy":"product_cat","embeddable":true,"href":"https:\/\/factory.sale\/fi\/wp-json\/wp\/v2\/product_cat?post=134897"},{"taxonomy":"product_tag","embeddable":true,"href":"https:\/\/factory.sale\/fi\/wp-json\/wp\/v2\/product_tag?post=134897"}],"curies":[{"name":"wp","href":"https:\/\/api.w.org\/{rel}","templated":true}]}}