{"id":134359,"date":"2025-12-14T15:08:14","date_gmt":"2025-12-14T12:15:09","guid":{"rendered":"https:\/\/factory.sale\/?post_type=product&#038;p=134359"},"modified":"2025-12-14T15:31:49","modified_gmt":"2025-12-14T12:31:49","slug":"kiinnityslaasti-superjoustava-weber-flex-fix-s2-15-kg","status":"publish","type":"product","link":"https:\/\/factory.sale\/fi\/tuote\/kiinnityslaasti-superjoustava-weber-flex-fix-s2-15-kg\/","title":{"rendered":"Kiinnityslaasti superjoustava Weber Flex Fix S2 15 kg"},"content":{"rendered":"<div class=\"TyagGW_tableContainer\">\n<div class=\"group TyagGW_tableWrapper flex w-fit flex-col-reverse\" tabindex=\"-1\">\n<p>Weber flex fix S2 on erikoisjoustava, kuituvahvistettu, S2-luokiteltu kiinnityslaasti keraamisten laattojen kiinnitykseen kohteissa, joissa kiinnityslaastilta edellytet\u00e4\u00e4n suurta muodonmuutoskyky\u00e4. Superjoustavan kiinnityslaastin elastisuusluokka on S2 (EN 12002). Kuituvahvistettu kevytlaasti sopii alustoille, joissa on muodonmuutoksia.<\/p>\n<p>Laasti sopii hyvin uuden betonilattian laatoitukseen, eritt\u00e4in suurten laattojen kiinnityksiin, saunan seiniin ja kuorellisiin tulisijoihin sek\u00e4 levylattiaan. Kiinnityslaastia voidaan k\u00e4ytt\u00e4\u00e4 my\u00f6s lattial\u00e4mmityksen kanssa. Laastilla on erinomainen tartunta. Tuotteella on sertifioitu EPD-ymp\u00e4rist\u00f6seloste.<\/p>\n<p>Menekki on 2\u20135 kg\/m\u00b2 laattatyypist\u00e4 riippuen.<\/p>\n<p>Laastijauhe sekoitetaan puhtaaseen, juomakelpoiseen, korkeintaan +30 \u00b0C veteen porakoneeseen kiinnitetyll\u00e4 vispil\u00e4ll\u00e4 kunnes tuote on tasainen. Laasti levitet\u00e4\u00e4n k\u00e4sin. Katso tarkemmat ty\u00f6ohjeet tuotekortilta.<\/p>\n<p>&nbsp;<\/p>\n<p><strong>Tekniset tiedot:<\/strong><\/p>\n<table class=\"w-fit min-w-(--thread-content-width)\" data-start=\"134\" data-end=\"1187\">\n<thead data-start=\"134\" data-end=\"155\">\n<tr data-start=\"134\" data-end=\"155\">\n<th data-start=\"134\" data-end=\"147\" data-col-size=\"sm\"><\/th>\n<th data-start=\"147\" data-end=\"155\" data-col-size=\"md\"><\/th>\n<\/tr>\n<\/thead>\n<tbody data-start=\"179\" data-end=\"1187\">\n<tr data-start=\"179\" data-end=\"205\">\n<td data-start=\"179\" data-end=\"196\" data-col-size=\"sm\">Tuotteen paino<\/td>\n<td data-start=\"196\" data-end=\"205\" data-col-size=\"md\">15 kg<\/td>\n<\/tr>\n<tr data-start=\"206\" data-end=\"236\">\n<td data-start=\"206\" data-end=\"225\" data-col-size=\"sm\">Pakkauksen paino<\/td>\n<td data-start=\"225\" data-end=\"236\" data-col-size=\"md\">15,4 kg<\/td>\n<\/tr>\n<tr data-start=\"237\" data-end=\"266\">\n<td data-start=\"237\" data-end=\"251\" data-col-size=\"sm\">Pakkauskoko<\/td>\n<td data-start=\"251\" data-end=\"266\" data-col-size=\"md\">15 kg s\u00e4kki<\/td>\n<\/tr>\n<tr data-start=\"267\" data-end=\"291\">\n<td data-start=\"267\" data-end=\"282\" data-col-size=\"sm\">Valmistusmaa<\/td>\n<td data-start=\"282\" data-end=\"291\" data-col-size=\"md\">Suomi<\/td>\n<\/tr>\n<tr data-start=\"292\" data-end=\"313\">\n<td data-start=\"292\" data-end=\"303\" data-col-size=\"sm\">Luokitus<\/td>\n<td data-start=\"303\" data-end=\"313\" data-col-size=\"md\">C2TES2<\/td>\n<\/tr>\n<tr data-start=\"314\" data-end=\"337\">\n<td data-start=\"314\" data-end=\"325\" data-col-size=\"sm\">Sideaine<\/td>\n<td data-start=\"325\" data-end=\"337\" data-col-size=\"md\">Sementti<\/td>\n<\/tr>\n<tr data-start=\"338\" data-end=\"359\">\n<td data-start=\"338\" data-end=\"349\" data-col-size=\"sm\">V\u00e4ris\u00e4vy<\/td>\n<td data-start=\"349\" data-end=\"359\" data-col-size=\"md\">Vaalea<\/td>\n<\/tr>\n<tr data-start=\"360\" data-end=\"393\">\n<td data-start=\"360\" data-end=\"384\" data-col-size=\"sm\">Enimm\u00e4iskerrospaksuus<\/td>\n<td data-start=\"384\" data-end=\"393\" data-col-size=\"md\">10 mm<\/td>\n<\/tr>\n<tr data-start=\"394\" data-end=\"427\">\n<td data-start=\"394\" data-end=\"419\" data-col-size=\"sm\">V\u00e4himm\u00e4iskerrospaksuus<\/td>\n<td data-start=\"419\" data-end=\"427\" data-col-size=\"md\">0 mm<\/td>\n<\/tr>\n<tr data-start=\"428\" data-end=\"515\">\n<td data-start=\"428\" data-end=\"438\" data-col-size=\"sm\">Menekki<\/td>\n<td data-start=\"438\" data-end=\"515\" data-col-size=\"md\">2,5 kg\/m\u00b2 (9\u00d76\u00d76 mm kampalastalla); jopa 5 kg\/m\u00b2 (R15\/20 kamman k\u00e4yt\u00f6ll\u00e4)<\/td>\n<\/tr>\n<tr data-start=\"516\" data-end=\"550\">\n<td data-start=\"516\" data-end=\"543\" data-col-size=\"sm\">Menekki (kg\/m\u00b2 per 1 mm)<\/td>\n<td data-start=\"543\" data-end=\"550\" data-col-size=\"md\">2,5<\/td>\n<\/tr>\n<tr data-start=\"551\" data-end=\"602\">\n<td data-start=\"551\" data-end=\"564\" data-col-size=\"sm\">Vedentarve<\/td>\n<td data-start=\"564\" data-end=\"602\" data-col-size=\"md\">3,3\u20134,2 L \/ 15 kg (0,22\u20130,28 L\/kg)<\/td>\n<\/tr>\n<tr data-start=\"603\" data-end=\"712\">\n<td data-start=\"603\" data-end=\"621\" data-col-size=\"sm\">K\u00e4ytt\u00f6l\u00e4mp\u00f6tila<\/td>\n<td data-start=\"621\" data-end=\"712\" data-col-size=\"md\">Alustan, laastin ja laattojen l\u00e4mp\u00f6tila \u2265 +10 \u00b0C asennuksen aikana ja 2 vrk sen j\u00e4lkeen<\/td>\n<\/tr>\n<tr data-start=\"713\" data-end=\"756\">\n<td data-start=\"713\" data-end=\"726\" data-col-size=\"sm\">K\u00e4ytt\u00f6aika<\/td>\n<td data-start=\"726\" data-end=\"756\" data-col-size=\"md\">2 tuntia veden lis\u00e4yksest\u00e4<\/td>\n<\/tr>\n<tr data-start=\"757\" data-end=\"783\">\n<td data-start=\"757\" data-end=\"770\" data-col-size=\"sm\">Avoin aika<\/td>\n<td data-start=\"770\" data-end=\"783\" data-col-size=\"md\">n. 20 min<\/td>\n<\/tr>\n<tr data-start=\"784\" data-end=\"831\">\n<td data-start=\"784\" data-end=\"800\" data-col-size=\"sm\">Saumattavissa<\/td>\n<td data-start=\"800\" data-end=\"831\" data-col-size=\"md\">24 tunnin kuluttua (+23 \u00b0C)<\/td>\n<\/tr>\n<tr data-start=\"832\" data-end=\"923\">\n<td data-start=\"832\" data-end=\"849\" data-col-size=\"sm\">Kovettumisaika<\/td>\n<td data-start=\"849\" data-end=\"923\" data-col-size=\"md\">Kevyt k\u00e4ytt\u00f6: 2 vrk (+23 \u00b0C); T\u00e4ysi k\u00e4ytt\u00f6: 2 viikkoa (23 \u00b0C, RH 50 %)<\/td>\n<\/tr>\n<tr data-start=\"924\" data-end=\"972\">\n<td data-start=\"924\" data-end=\"948\" data-col-size=\"sm\">Tartuntalujuus 28 vrk<\/td>\n<td data-start=\"948\" data-end=\"972\" data-col-size=\"md\">&gt;1,0 N\/mm\u00b2 (EN 1348)<\/td>\n<\/tr>\n<tr data-start=\"973\" data-end=\"1001\">\n<td data-start=\"973\" data-end=\"987\" data-col-size=\"sm\">K\u00e4ytt\u00f6kohde<\/td>\n<td data-start=\"987\" data-end=\"1001\" data-col-size=\"md\">Sis\u00e4k\u00e4ytt\u00f6<\/td>\n<\/tr>\n<tr data-start=\"1002\" data-end=\"1072\">\n<td data-start=\"1002\" data-end=\"1018\" data-col-size=\"sm\">S\u00e4ilyvyysaika<\/td>\n<td data-start=\"1018\" data-end=\"1072\" data-col-size=\"md\">n. 24 kk valmistusp\u00e4iv\u00e4st\u00e4 (avaamaton, kuiva tila)<\/td>\n<\/tr>\n<tr data-start=\"1073\" data-end=\"1108\">\n<td data-start=\"1073\" data-end=\"1099\" data-col-size=\"sm\">Pakkauksen nettosis\u00e4lt\u00f6<\/td>\n<td data-start=\"1099\" data-end=\"1108\" data-col-size=\"md\">15 kg<\/td>\n<\/tr>\n<tr data-start=\"1109\" data-end=\"1187\">\n<td data-start=\"1109\" data-end=\"1128\" data-col-size=\"sm\">Pakkauksen mitat<\/td>\n<td data-start=\"1128\" data-end=\"1187\" data-col-size=\"md\">10,4 cm (korkeus) \u00d7 51,9 cm (pituus) \u00d7 25,8 cm (leveys)<\/td>\n<\/tr>\n<\/tbody>\n<\/table>\n<\/div>\n<\/div>\n<p>&nbsp;<\/p>\n<p>&nbsp;<\/p>\n<p><strong>Vaaralausekkeet:<\/strong><\/p>\n<ul>\n<li>H315 \u00c4rsytt\u00e4\u00e4 ihoa.<\/li>\n<li>H318 Vaurioittaa vakavasti silmi\u00e4.<\/li>\n<li>H335 Saattaa aiheuttaa hengitysteiden \u00e4rsytyst\u00e4.<\/li>\n<\/ul>\n<p>Tuote sis\u00e4lt\u00e4\u00e4 hiekkaa, jossa alveolijakeisen kvartsin pitoisuus on alle 1%, eik\u00e4 sit\u00e4 t\u00e4ten luokitella vaaralliseksi; huomioi kuitenkin turvallisen k\u00e4yt\u00f6n ohjeistukset ja tarvittavat suojavarusteet. Tuote reagoi veden kanssa muodostaen alkalisen liuoksen; t\u00e4st\u00e4 syyst\u00e4 iho ja silm\u00e4t on suojattava.<\/p>\n<p><img loading=\"lazy\" decoding=\"async\" class=\"wp-image-134360 alignnone\" src=\"https:\/\/factory.sale\/wp-content\/uploads\/2025\/12\/Hazard-300x148.png\" alt=\"\" width=\"341\" height=\"168\" srcset=\"https:\/\/factory.sale\/wp-content\/uploads\/2025\/12\/Hazard-300x148.png 300w, https:\/\/factory.sale\/wp-content\/uploads\/2025\/12\/Hazard-150x74.png 150w, https:\/\/factory.sale\/wp-content\/uploads\/2025\/12\/Hazard-600x295.png 600w, https:\/\/factory.sale\/wp-content\/uploads\/2025\/12\/Hazard.png 630w\" sizes=\"auto, (max-width: 341px) 100vw, 341px\" \/><\/p>\n<p>&nbsp;<\/p>\n<p><strong>PBT- ja vPvB-arvioinnin tulokset PBT:<\/strong><\/p>\n<ul>\n<li>Ei sis\u00e4ll\u00e4 PBT-aineita.<\/li>\n<li>vPvB: Ei sis\u00e4ll\u00e4 vPvB-aineita.<\/li>\n<\/ul>\n<p>&nbsp;<\/p>\n<p><img loading=\"lazy\" decoding=\"async\" class=\"wp-image-134363 alignnone\" src=\"https:\/\/factory.sale\/wp-content\/uploads\/2025\/12\/Weber-flex-fix-cert-factory-sale-220x300.png\" alt=\"\" width=\"254\" height=\"346\" srcset=\"https:\/\/factory.sale\/wp-content\/uploads\/2025\/12\/Weber-flex-fix-cert-factory-sale-220x300.png 220w, https:\/\/factory.sale\/wp-content\/uploads\/2025\/12\/Weber-flex-fix-cert-factory-sale-110x150.png 110w, https:\/\/factory.sale\/wp-content\/uploads\/2025\/12\/Weber-flex-fix-cert-factory-sale-600x820.png 600w, https:\/\/factory.sale\/wp-content\/uploads\/2025\/12\/Weber-flex-fix-cert-factory-sale.png 622w\" sizes=\"auto, (max-width: 254px) 100vw, 254px\" \/><\/p>\n<p>&nbsp;<\/p>\n<p>&nbsp;<\/p>\n<p><a href=\"https:\/\/factory.sale\/wp-content\/uploads\/2025\/12\/ASSET_PDF_40851150-1.pdf\" target=\"_blank\" rel=\"noopener\">Suoritustasoilmoitus<\/a><\/p>\n<p><a href=\"https:\/\/factory.sale\/wp-content\/uploads\/2025\/12\/ASSET_PDF_40869674-2.pdf\" target=\"_blank\" rel=\"noopener\">K\u00e4ytt\u00f6turvallisuustiedote<\/a><\/p>\n<p><a href=\"https:\/\/factory.sale\/wp-content\/uploads\/2025\/12\/ASSET_PDF_45587451-3.pdf\" target=\"_blank\" rel=\"noopener\">Avainlippu-sertifikaatti<\/a><\/p>\n<p><a href=\"https:\/\/factory.sale\/wp-content\/uploads\/2025\/12\/ASSET_MISC_37639903-4.pdf\" target=\"_blank\" rel=\"noopener\">Ymp\u00e4rist\u00f6seloste<\/a><\/p>\n<p><a href=\"https:\/\/factory.sale\/wp-content\/uploads\/2025\/12\/ASSET_PDF_40851147-5.pdf\" target=\"_blank\" rel=\"noopener\">Tuotekortti<\/a><\/p>\n<p>&nbsp;<\/p>\n<p>&nbsp;<\/p>\n<p><iframe loading=\"lazy\" title=\"YouTube video\" src=\"\/\/www.youtube.com\/embed\/6D5r-84eHlA?autoplay=1&amp;mute=1\" width=\"1120\" height=\"628\" frameborder=\"0\" allowfullscreen=\"allowfullscreen\"><\/iframe><\/p>\n<p><iframe loading=\"lazy\" src=\"\/\/www.youtube.com\/embed\/qnQ1S04JFEg?autoplay=1&amp;mute=1&amp;playsinline=1&amp;loop=1&amp;playlist=qnQ1S04JFEg\" width=\"1120\" height=\"628\" frameborder=\"0\" allowfullscreen=\"allowfullscreen\"><\/iframe><\/p>\n","protected":false},"excerpt":{"rendered":"<p>Eritt\u00e4in suurten laattojen kiinnityksiin, uuden betonilattian, saunan seinien, palomuurien, kuorellisen tulisijan ja levylattioiden laatoituksiin.<\/p>\n<ul>\n<li>erikoisjoustava<\/li>\n<li>kuituvahvistettu<\/li>\n<\/ul>\n<p><img loading=\"lazy\" decoding=\"async\" class=\"alignnone size-medium wp-image-74008\" src=\"https:\/\/factory.sale\/wp-content\/uploads\/2024\/02\/fin-CE-300x172.png\" alt=\"\" width=\"300\" height=\"172\" srcset=\"https:\/\/factory.sale\/wp-content\/uploads\/2024\/02\/fin-CE-300x172.png 300w, https:\/\/factory.sale\/wp-content\/uploads\/2024\/02\/fin-CE-150x86.png 150w, https:\/\/factory.sale\/wp-content\/uploads\/2024\/02\/fin-CE-600x345.png 600w, https:\/\/factory.sale\/wp-content\/uploads\/2024\/02\/fin-CE.png 616w\" sizes=\"auto, (max-width: 300px) 100vw, 300px\" \/><img loading=\"lazy\" decoding=\"async\" class=\"alignnone wp-image-134280\" src=\"https:\/\/factory.sale\/wp-content\/uploads\/2025\/12\/Jackoboard-M1-factory-sale-300x239.png\" alt=\"\" width=\"237\" height=\"189\" srcset=\"https:\/\/factory.sale\/wp-content\/uploads\/2025\/12\/Jackoboard-M1-factory-sale-300x239.png 300w, https:\/\/factory.sale\/wp-content\/uploads\/2025\/12\/Jackoboard-M1-factory-sale-150x120.png 150w, https:\/\/factory.sale\/wp-content\/uploads\/2025\/12\/Jackoboard-M1-factory-sale-600x479.png 600w, https:\/\/factory.sale\/wp-content\/uploads\/2025\/12\/Jackoboard-M1-factory-sale.png 712w\" sizes=\"auto, (max-width: 237px) 100vw, 237px\" \/><\/p>\n","protected":false},"featured_media":134345,"comment_status":"open","ping_status":"closed","template":"","meta":{"_acf_changed":false},"factory":[],"free-shipment":[],"product_brand":[],"product_cat":[1759,1321],"product_tag":[],"class_list":{"0":"post-134359","1":"product","2":"type-product","3":"status-publish","4":"has-post-thumbnail","6":"product_cat-viimeistely","7":"product_cat-yleinen-rakentaminen","9":"first","10":"instock","11":"sale","12":"taxable","13":"shipping-taxable","14":"purchasable","15":"product-type-simple"},"acf":[],"_links":{"self":[{"href":"https:\/\/factory.sale\/fi\/wp-json\/wp\/v2\/product\/134359","targetHints":{"allow":["GET"]}}],"collection":[{"href":"https:\/\/factory.sale\/fi\/wp-json\/wp\/v2\/product"}],"about":[{"href":"https:\/\/factory.sale\/fi\/wp-json\/wp\/v2\/types\/product"}],"replies":[{"embeddable":true,"href":"https:\/\/factory.sale\/fi\/wp-json\/wp\/v2\/comments?post=134359"}],"wp:featuredmedia":[{"embeddable":true,"href":"https:\/\/factory.sale\/fi\/wp-json\/wp\/v2\/media\/134345"}],"wp:attachment":[{"href":"https:\/\/factory.sale\/fi\/wp-json\/wp\/v2\/media?parent=134359"}],"wp:term":[{"taxonomy":"factory","embeddable":true,"href":"https:\/\/factory.sale\/fi\/wp-json\/wp\/v2\/factory?post=134359"},{"taxonomy":"free-shipment","embeddable":true,"href":"https:\/\/factory.sale\/fi\/wp-json\/wp\/v2\/free-shipment?post=134359"},{"taxonomy":"product_brand","embeddable":true,"href":"https:\/\/factory.sale\/fi\/wp-json\/wp\/v2\/product_brand?post=134359"},{"taxonomy":"product_cat","embeddable":true,"href":"https:\/\/factory.sale\/fi\/wp-json\/wp\/v2\/product_cat?post=134359"},{"taxonomy":"product_tag","embeddable":true,"href":"https:\/\/factory.sale\/fi\/wp-json\/wp\/v2\/product_tag?post=134359"}],"curies":[{"name":"wp","href":"https:\/\/api.w.org\/{rel}","templated":true}]}}