{"id":134332,"date":"2025-12-13T13:22:10","date_gmt":"2025-12-13T10:32:10","guid":{"rendered":"https:\/\/factory.sale\/?post_type=product&#038;p=134332"},"modified":"2025-12-14T15:33:19","modified_gmt":"2025-12-14T12:33:19","slug":"dispersio-weber-md-16-10l","status":"publish","type":"product","link":"https:\/\/factory.sale\/fi\/tuote\/dispersio-weber-md-16-10l\/","title":{"rendered":"Dispersio Weber MD 16 10l"},"content":{"rendered":"<p>Weber MD 16 on tasoitteiden pohjustusaine, joka parantaa tasoitteen tartuntaa alustaan. Dispersio soveltuu my\u00f6s kiinnityslaastin pohjusteeksi. Weber MD 16 on tarkoitettu tasoitettavan alustan pohjustukseen ennen tasoitteen levityst\u00e4. Tuote soveltuu k\u00e4ytett\u00e4v\u00e4ksi weber WP Vedeneristysmassan pohjusteena erillisen ty\u00f6ohjeen mukaisesti.<\/p>\n<p>Dispersiok\u00e4sittely parantaa tasoitteen tartuntaa alustaan, est\u00e4\u00e4 ilmakuplien syntymist\u00e4 ja tasoitteessa olevan veden imeytymist\u00e4 alustaan liian nopeasti. Tuotteen teht\u00e4v\u00e4n\u00e4 on my\u00f6s tasoitteen tartunnan parantaminen seiniss\u00e4 ja katoissa esim. maalipinnoille tasoitettaessa sek\u00e4 sein\u00e4tasoitteen kulutuskest\u00e4vyyden parantaminen korvaamalla osa sekoitusvedest\u00e4 MD 16 Dispersiolla.<\/p>\n<p>Tuotetta voidaan my\u00f6s k\u00e4ytt\u00e4\u00e4 ulkotiloissa ennen tasoitusta (esim. parvekkeet, terassit). T\u00e4ll\u00f6in tulee varmistua, ett\u00e4 alustan ja ilman l\u00e4mp\u00f6tila on tekohetkell\u00e4 v\u00e4hint\u00e4\u00e4n +10 \u00b0C, jotta tuote toimii oikein. Tuote s\u00e4ilyy n. 12 kk valmistusp\u00e4iv\u00e4m\u00e4\u00e4r\u00e4st\u00e4 (avaamaton pakkaus, l\u00e4mmin tila). Tuote ei kest\u00e4 j\u00e4\u00e4tymist\u00e4, joten varastoi ja kuljeteta tuote l\u00e4mpim\u00e4ss\u00e4.<\/p>\n<p>Seossuhde on 1 osa dispersiota\/3 osaa vett\u00e4, ellei tuotekohtaisessa ohjeessa toisin neuvota. Menekki em. seossuhteella n. 0,1 l\/m\u00b2. Seos harjataan pehme\u00e4ll\u00e4 harjalla tai ruiskutetaan alustaan. Lue ty\u00f6ohjeet tuotekortilta.<\/p>\n<p>&nbsp;<\/p>\n<p><strong>Tekniset tiedot:<\/strong><\/p>\n<div class=\"TyagGW_tableContainer\">\n<div class=\"group TyagGW_tableWrapper flex w-fit flex-col-reverse\" tabindex=\"-1\">\n<table class=\"w-fit min-w-(--thread-content-width)\" style=\"height: 210px;\" width=\"367\" data-start=\"48\" data-end=\"199\">\n<thead data-start=\"48\" data-end=\"69\">\n<tr data-start=\"48\" data-end=\"69\">\n<th data-start=\"48\" data-end=\"61\" data-col-size=\"sm\"><\/th>\n<th data-start=\"61\" data-end=\"69\" data-col-size=\"sm\"><\/th>\n<\/tr>\n<\/thead>\n<tbody data-start=\"93\" data-end=\"199\">\n<tr data-start=\"93\" data-end=\"113\">\n<td data-start=\"93\" data-end=\"101\" data-col-size=\"sm\">Paino<\/td>\n<td data-col-size=\"sm\" data-start=\"101\" data-end=\"113\">10,96 kg<\/td>\n<\/tr>\n<tr data-start=\"114\" data-end=\"137\">\n<td data-start=\"114\" data-end=\"129\" data-col-size=\"sm\">Nettosis\u00e4lt\u00f6<\/td>\n<td data-col-size=\"sm\" data-start=\"129\" data-end=\"137\">10 L<\/td>\n<\/tr>\n<tr data-start=\"138\" data-end=\"157\">\n<td data-start=\"138\" data-end=\"148\" data-col-size=\"sm\">Korkeus<\/td>\n<td data-col-size=\"sm\" data-start=\"148\" data-end=\"157\">33 cm<\/td>\n<\/tr>\n<tr data-start=\"158\" data-end=\"178\">\n<td data-start=\"158\" data-end=\"167\" data-col-size=\"sm\">Pituus<\/td>\n<td data-col-size=\"sm\" data-start=\"167\" data-end=\"178\">22,5 cm<\/td>\n<\/tr>\n<tr data-start=\"179\" data-end=\"199\">\n<td data-start=\"179\" data-end=\"188\" data-col-size=\"sm\">Leveys<\/td>\n<td data-col-size=\"sm\" data-start=\"188\" data-end=\"199\">19,5 cm<\/td>\n<\/tr>\n<\/tbody>\n<\/table>\n<\/div>\n<\/div>\n<p>&nbsp;<\/p>\n<p>&nbsp;<\/p>\n<p><a href=\"https:\/\/factory.sale\/wp-content\/uploads\/2025\/12\/ASSET_PDF_24476407.pdf\" target=\"_blank\" rel=\"noopener\">Tuotekortti<\/a><\/p>\n<p><a href=\"https:\/\/factory.sale\/wp-content\/uploads\/2025\/12\/ASSET_PDF_28341659.pdf\" target=\"_blank\" rel=\"noopener\">K\u00e4ytt\u00f6turvallisuustiedote<\/a><\/p>\n<p>&nbsp;<\/p>\n<p><iframe loading=\"lazy\" title=\"YouTube video\" src=\"\/\/www.youtube.com\/embed\/cH3T-dAdKMA?autoplay=1&amp;mute=1\" width=\"1120\" height=\"628\" frameborder=\"0\" allowfullscreen=\"allowfullscreen\"><\/iframe><\/p>\n<p>&nbsp;<\/p>\n<p><iframe loading=\"lazy\" title=\"YouTube video\" src=\"\/\/www.youtube.com\/embed\/KQa5VmFk8QI?autoplay=1&amp;mute=1\" width=\"1120\" height=\"628\" frameborder=\"0\" allowfullscreen=\"allowfullscreen\"><\/iframe><\/p>\n<p>&nbsp;<\/p>\n<p>&nbsp;<\/p>\n","protected":false},"excerpt":{"rendered":"<p>Pohjustusaine tasoitettavan alustan pohjustukseen ennen tasoitteen levityst\u00e4. Parantaa tasoitteen tartuntaa alustaan. Soveltuu my\u00f6s kiinnityslaastin pohjusteeksi. Voidaan k\u00e4ytt\u00e4\u00e4 my\u00f6s ulkotiloissa.<\/p>\n<ul>\n<li>parantaa tasoitteen tartuntaa alustaan<\/li>\n<li>my\u00f6s kiinnityslaastin pohjusteeksi<\/li>\n<\/ul>\n<p><img loading=\"lazy\" decoding=\"async\" class=\"alignnone wp-image-134280\" src=\"https:\/\/factory.sale\/wp-content\/uploads\/2025\/12\/Jackoboard-M1-factory-sale-300x239.png\" alt=\"\" width=\"203\" height=\"162\" srcset=\"https:\/\/factory.sale\/wp-content\/uploads\/2025\/12\/Jackoboard-M1-factory-sale-300x239.png 300w, https:\/\/factory.sale\/wp-content\/uploads\/2025\/12\/Jackoboard-M1-factory-sale-150x120.png 150w, https:\/\/factory.sale\/wp-content\/uploads\/2025\/12\/Jackoboard-M1-factory-sale-600x479.png 600w, https:\/\/factory.sale\/wp-content\/uploads\/2025\/12\/Jackoboard-M1-factory-sale.png 712w\" sizes=\"auto, (max-width: 203px) 100vw, 203px\" \/><\/p>\n","protected":false},"featured_media":134324,"comment_status":"open","ping_status":"closed","template":"","meta":{"_acf_changed":false},"factory":[],"free-shipment":[],"product_brand":[],"product_cat":[1759,1321],"product_tag":[523],"class_list":{"0":"post-134332","1":"product","2":"type-product","3":"status-publish","4":"has-post-thumbnail","6":"product_cat-viimeistely","7":"product_cat-yleinen-rakentaminen","8":"product_tag-primer-fi","10":"first","11":"instock","12":"sale","13":"taxable","14":"shipping-taxable","15":"purchasable","16":"product-type-simple"},"acf":[],"_links":{"self":[{"href":"https:\/\/factory.sale\/fi\/wp-json\/wp\/v2\/product\/134332","targetHints":{"allow":["GET"]}}],"collection":[{"href":"https:\/\/factory.sale\/fi\/wp-json\/wp\/v2\/product"}],"about":[{"href":"https:\/\/factory.sale\/fi\/wp-json\/wp\/v2\/types\/product"}],"replies":[{"embeddable":true,"href":"https:\/\/factory.sale\/fi\/wp-json\/wp\/v2\/comments?post=134332"}],"wp:featuredmedia":[{"embeddable":true,"href":"https:\/\/factory.sale\/fi\/wp-json\/wp\/v2\/media\/134324"}],"wp:attachment":[{"href":"https:\/\/factory.sale\/fi\/wp-json\/wp\/v2\/media?parent=134332"}],"wp:term":[{"taxonomy":"factory","embeddable":true,"href":"https:\/\/factory.sale\/fi\/wp-json\/wp\/v2\/factory?post=134332"},{"taxonomy":"free-shipment","embeddable":true,"href":"https:\/\/factory.sale\/fi\/wp-json\/wp\/v2\/free-shipment?post=134332"},{"taxonomy":"product_brand","embeddable":true,"href":"https:\/\/factory.sale\/fi\/wp-json\/wp\/v2\/product_brand?post=134332"},{"taxonomy":"product_cat","embeddable":true,"href":"https:\/\/factory.sale\/fi\/wp-json\/wp\/v2\/product_cat?post=134332"},{"taxonomy":"product_tag","embeddable":true,"href":"https:\/\/factory.sale\/fi\/wp-json\/wp\/v2\/product_tag?post=134332"}],"curies":[{"name":"wp","href":"https:\/\/api.w.org\/{rel}","templated":true}]}}