{"id":134320,"date":"2025-12-13T13:05:10","date_gmt":"2025-12-13T10:08:10","guid":{"rendered":"https:\/\/factory.sale\/?post_type=product&#038;p=134320"},"modified":"2025-12-13T13:08:11","modified_gmt":"2025-12-13T10:08:11","slug":"markatilalevy-jackoboard-80x600x2600mm","status":"publish","type":"product","link":"https:\/\/factory.sale\/fi\/tuote\/markatilalevy-jackoboard-80x600x2600mm\/","title":{"rendered":"M\u00e4rk\u00e4tilalevy Jackoboard 80x600x2600mm"},"content":{"rendered":"<p>Jackoboard\u00ae M\u00e4rk\u00e4tilalevy erist\u00e4\u00e4 kosteutta sek\u00e4 l\u00e4mp\u00f6\u00e4 ja on sellaisenaan valmis alusta laatoitukselle. M\u00e4rk\u00e4tilalevy taipuu my\u00f6s koteloiksi sek\u00e4 huonekaluiksi. Jackoboard\u00ae-m\u00e4rk\u00e4tilalevyn ytimen\u00e4 on kosteuden- ja vedeneristysominaisuuksiltaan erinomainen Jackofoam\u00ae XPS -eriste. Levy on p\u00e4\u00e4llystetty molemmin puolin lasikuituverkolla vahvistetulla laastilla, mik\u00e4 tekee siit\u00e4 tukevan ja kest\u00e4v\u00e4n.<\/p>\n<p>M\u00e4rk\u00e4tilalevy\u00e4 voi k\u00e4ytt\u00e4\u00e4 l\u00e4mpimiss\u00e4 kohteissa, mutta saunan seiniin se ei sovellu.<\/p>\n<p>Jackoboard\u00ae-m\u00e4rk\u00e4tilalevyt voidaan kiinnitt\u00e4\u00e4 suoraan kivi- tai betonisein\u00e4\u00e4n ja puu- tai metallirungon p\u00e4\u00e4lle. Levyt ovat kevyit\u00e4 nostaa ja kantaa. Vain levyjen saumat ja kiinnikkeiden kohdat vesieristet\u00e4\u00e4n.<\/p>\n<p>Tuotteella on VTT-tuotesertifikaatti sek\u00e4 sis\u00e4ilman M1-p\u00e4\u00e4st\u00f6luokitus.<\/p>\n<p>&nbsp;<\/p>\n<p>&nbsp;<\/p>\n<p><strong>Tekniset tiedot:<\/strong><\/p>\n<div class=\"TyagGW_tableContainer\">\n<div class=\"group TyagGW_tableWrapper flex w-fit flex-col-reverse\" tabindex=\"-1\">\n<table class=\"w-fit min-w-(--thread-content-width)\" style=\"height: 588px;\" width=\"824\" data-start=\"152\" data-end=\"845\">\n<thead data-start=\"152\" data-end=\"173\">\n<tr data-start=\"152\" data-end=\"173\">\n<th data-start=\"152\" data-end=\"165\" data-col-size=\"md\"><\/th>\n<th data-start=\"165\" data-end=\"173\" data-col-size=\"md\"><\/th>\n<\/tr>\n<\/thead>\n<tbody data-start=\"197\" data-end=\"845\">\n<tr data-start=\"197\" data-end=\"221\">\n<td data-start=\"197\" data-end=\"211\" data-col-size=\"md\">Levyn paino<\/td>\n<td data-start=\"211\" data-end=\"221\" data-col-size=\"md\">5,8 kg<\/td>\n<\/tr>\n<tr data-start=\"222\" data-end=\"252\">\n<td data-start=\"222\" data-end=\"241\" data-col-size=\"md\">Pakkauksen paino<\/td>\n<td data-start=\"241\" data-end=\"252\" data-col-size=\"md\">9,05 kg<\/td>\n<\/tr>\n<tr data-start=\"253\" data-end=\"279\">\n<td data-start=\"253\" data-end=\"263\" data-col-size=\"md\">Paksuus<\/td>\n<td data-start=\"263\" data-end=\"279\" data-col-size=\"md\">80 mm (8 cm)<\/td>\n<\/tr>\n<tr data-start=\"280\" data-end=\"307\">\n<td data-start=\"280\" data-end=\"289\" data-col-size=\"md\">Leveys<\/td>\n<td data-start=\"289\" data-end=\"307\" data-col-size=\"md\">600 mm (60 cm)<\/td>\n<\/tr>\n<tr data-start=\"308\" data-end=\"337\">\n<td data-start=\"308\" data-end=\"317\" data-col-size=\"md\">Pituus<\/td>\n<td data-start=\"317\" data-end=\"337\" data-col-size=\"md\">2600 mm (260 cm)<\/td>\n<\/tr>\n<tr data-start=\"338\" data-end=\"376\">\n<td data-start=\"338\" data-end=\"359\" data-col-size=\"md\">L\u00e4mm\u00f6njohtavuus \u03bbd<\/td>\n<td data-start=\"359\" data-end=\"376\" data-col-size=\"md\">0,034 W\/(m\u00b7K)<\/td>\n<\/tr>\n<tr data-start=\"377\" data-end=\"428\">\n<td data-start=\"377\" data-end=\"417\" data-col-size=\"md\">Puristuslujuus 10 % muodonmuutoksella<\/td>\n<td data-start=\"417\" data-end=\"428\" data-col-size=\"md\">200 kPa<\/td>\n<\/tr>\n<tr data-start=\"429\" data-end=\"477\">\n<td data-start=\"429\" data-end=\"467\" data-col-size=\"md\">Vesih\u00f6yryn diffuusiovastuskerroin \u03bc<\/td>\n<td data-start=\"467\" data-end=\"477\" data-col-size=\"md\">200\u201360<\/td>\n<\/tr>\n<tr data-start=\"478\" data-end=\"534\">\n<td data-start=\"478\" data-end=\"521\" data-col-size=\"md\">Vedenimukyky pitk\u00e4aikaisessa upotuksessa<\/td>\n<td data-start=\"521\" data-end=\"534\" data-col-size=\"md\">\u2264 1 til-%<\/td>\n<\/tr>\n<tr data-start=\"535\" data-end=\"602\">\n<td data-start=\"535\" data-end=\"591\" data-col-size=\"md\">Laastin ja ydinmateriaalin v\u00e4linen tartuntavetolujuus<\/td>\n<td data-start=\"591\" data-end=\"602\" data-col-size=\"md\">200 kPa<\/td>\n<\/tr>\n<tr data-start=\"603\" data-end=\"629\">\n<td data-start=\"603\" data-end=\"624\" data-col-size=\"md\">Palok\u00e4ytt\u00e4ytyminen<\/td>\n<td data-start=\"624\" data-end=\"629\" data-col-size=\"md\">E<\/td>\n<\/tr>\n<tr data-start=\"630\" data-end=\"667\">\n<td data-start=\"630\" data-end=\"653\" data-col-size=\"md\">Ty\u00f6skentelyl\u00e4mp\u00f6tila<\/td>\n<td data-start=\"653\" data-end=\"667\" data-col-size=\"md\">\u201350\u2026+75 \u00b0C<\/td>\n<\/tr>\n<tr data-start=\"668\" data-end=\"730\">\n<td data-start=\"668\" data-end=\"717\" data-col-size=\"md\">Suurin sallittu laattojen aiheuttama kuormitus<\/td>\n<td data-start=\"717\" data-end=\"730\" data-col-size=\"md\">100 kg\/m\u00b2<\/td>\n<\/tr>\n<tr data-start=\"731\" data-end=\"770\">\n<td data-start=\"731\" data-end=\"759\" data-col-size=\"md\">Pakkauksen nettopinta-ala<\/td>\n<td data-start=\"759\" data-end=\"770\" data-col-size=\"md\">1,56 m\u00b2<\/td>\n<\/tr>\n<tr data-start=\"771\" data-end=\"845\">\n<td data-start=\"771\" data-end=\"790\" data-col-size=\"md\">Pakkauksen mitat<\/td>\n<td data-start=\"790\" data-end=\"845\" data-col-size=\"md\">74 cm (korkeus) \u00d7 120 cm (pituus) \u00d7 260 cm (leveys)<\/td>\n<\/tr>\n<\/tbody>\n<\/table>\n<\/div>\n<\/div>\n<p>&nbsp;<\/p>\n<p>&nbsp;<\/p>\n<p>&nbsp;<\/p>\n<p><a href=\"https:\/\/factory.sale\/wp-content\/uploads\/2025\/12\/ASSET_PDF_29116141-2.pdf\" target=\"_blank\" rel=\"noopener\">Esite<\/a><\/p>\n<p><a href=\"https:\/\/factory.sale\/wp-content\/uploads\/2025\/12\/ASSET_PDF_29116190-1.pdf\" target=\"_blank\" rel=\"noopener\">Asennusohje<\/a><\/p>\n<p><a href=\"https:\/\/factory.sale\/wp-content\/uploads\/2025\/12\/ASSET_PDF_29116153-1.pdf\" target=\"_blank\" rel=\"noopener\">K\u00e4ytt\u00f6turvallisuustiedote<\/a><\/p>\n<p><a href=\"https:\/\/factory.sale\/wp-content\/uploads\/2025\/12\/ASSET_PDF_33917026.pdf\" target=\"_blank\" rel=\"noopener\">Ymp\u00e4rist\u00f6seloste<\/a><\/p>\n<p><a href=\"https:\/\/factory.sale\/wp-content\/uploads\/2025\/12\/ASSET_PDF_29116173.pdf\" target=\"_blank\" rel=\"noopener\">Asennusohje<\/a><\/p>\n","protected":false},"excerpt":{"rendered":"<div class=\"product-description\" data-cy=\"product-description\">\n<p>Jackoboard\u00ae-m\u00e4rk\u00e4tilalevy erist\u00e4\u00e4 kosteutta sek\u00e4 l\u00e4mp\u00f6\u00e4 ja on sellaisenaan valmis alusta laatoitukselle. J\u00e4rkev\u00e4 ja nopea ratkaisu kylpyhuoneeseen. M\u00e4rk\u00e4tilalevy taipuu my\u00f6s koteloiksi ja huonekaluiksi.<\/p>\n<p><img loading=\"lazy\" decoding=\"async\" class=\"alignnone  wp-image-134280\" src=\"https:\/\/factory.sale\/wp-content\/uploads\/2025\/12\/Jackoboard-M1-factory-sale-300x239.png\" alt=\"\" width=\"220\" height=\"175\" srcset=\"https:\/\/factory.sale\/wp-content\/uploads\/2025\/12\/Jackoboard-M1-factory-sale-300x239.png 300w, https:\/\/factory.sale\/wp-content\/uploads\/2025\/12\/Jackoboard-M1-factory-sale-150x120.png 150w, https:\/\/factory.sale\/wp-content\/uploads\/2025\/12\/Jackoboard-M1-factory-sale-600x479.png 600w, https:\/\/factory.sale\/wp-content\/uploads\/2025\/12\/Jackoboard-M1-factory-sale.png 712w\" sizes=\"auto, (max-width: 220px) 100vw, 220px\" \/><\/p>\n<\/div>\n","protected":false},"featured_media":134283,"comment_status":"open","ping_status":"closed","template":"","meta":{"_acf_changed":false},"factory":[],"free-shipment":[],"product_brand":[],"product_cat":[768,1755],"product_tag":[],"class_list":{"0":"post-134320","1":"product","2":"type-product","3":"status-publish","4":"has-post-thumbnail","6":"product_cat-general-construction","7":"product_cat-finishing-materials","9":"first","10":"instock","11":"sale","12":"taxable","13":"shipping-taxable","14":"purchasable","15":"product-type-simple"},"acf":[],"_links":{"self":[{"href":"https:\/\/factory.sale\/fi\/wp-json\/wp\/v2\/product\/134320","targetHints":{"allow":["GET"]}}],"collection":[{"href":"https:\/\/factory.sale\/fi\/wp-json\/wp\/v2\/product"}],"about":[{"href":"https:\/\/factory.sale\/fi\/wp-json\/wp\/v2\/types\/product"}],"replies":[{"embeddable":true,"href":"https:\/\/factory.sale\/fi\/wp-json\/wp\/v2\/comments?post=134320"}],"wp:featuredmedia":[{"embeddable":true,"href":"https:\/\/factory.sale\/fi\/wp-json\/wp\/v2\/media\/134283"}],"wp:attachment":[{"href":"https:\/\/factory.sale\/fi\/wp-json\/wp\/v2\/media?parent=134320"}],"wp:term":[{"taxonomy":"factory","embeddable":true,"href":"https:\/\/factory.sale\/fi\/wp-json\/wp\/v2\/factory?post=134320"},{"taxonomy":"free-shipment","embeddable":true,"href":"https:\/\/factory.sale\/fi\/wp-json\/wp\/v2\/free-shipment?post=134320"},{"taxonomy":"product_brand","embeddable":true,"href":"https:\/\/factory.sale\/fi\/wp-json\/wp\/v2\/product_brand?post=134320"},{"taxonomy":"product_cat","embeddable":true,"href":"https:\/\/factory.sale\/fi\/wp-json\/wp\/v2\/product_cat?post=134320"},{"taxonomy":"product_tag","embeddable":true,"href":"https:\/\/factory.sale\/fi\/wp-json\/wp\/v2\/product_tag?post=134320"}],"curies":[{"name":"wp","href":"https:\/\/api.w.org\/{rel}","templated":true}]}}