{"id":134317,"date":"2025-12-13T12:37:18","date_gmt":"2025-12-13T09:40:04","guid":{"rendered":"https:\/\/factory.sale\/?post_type=product&#038;p=134317"},"modified":"2025-12-13T12:40:04","modified_gmt":"2025-12-13T09:40:04","slug":"markatilalevy-jackoboard-50x600x2600mm","status":"publish","type":"product","link":"https:\/\/factory.sale\/fi\/tuote\/markatilalevy-jackoboard-50x600x2600mm\/","title":{"rendered":"M\u00e4rk\u00e4tilalevy Jackoboard 50x600x2600mm"},"content":{"rendered":"<p>Jackoboard\u00ae M\u00e4rk\u00e4tilalevy erist\u00e4\u00e4 kosteutta sek\u00e4 l\u00e4mp\u00f6\u00e4 ja on sellaisenaan valmis alusta laatoitukselle. M\u00e4rk\u00e4tilalevy taipuu my\u00f6s koteloiksi sek\u00e4 huonekaluiksi. Jackoboard\u00ae-m\u00e4rk\u00e4tilalevyn ytimen\u00e4 on kosteuden- ja vedeneristysominaisuuksiltaan erinomainen Jackofoam\u00ae XPS -eriste. Levy on p\u00e4\u00e4llystetty molemmin puolin lasikuituverkolla vahvistetulla laastilla, mik\u00e4 tekee siit\u00e4 tukevan ja kest\u00e4v\u00e4n.<\/p>\n<p>M\u00e4rk\u00e4tilalevy\u00e4 voi k\u00e4ytt\u00e4\u00e4 l\u00e4mpimiss\u00e4 kohteissa, mutta saunan seiniin se ei sovellu.<\/p>\n<p>&nbsp;<\/p>\n<p>Jackoboard\u00ae-m\u00e4rk\u00e4tilalevyt voidaan kiinnitt\u00e4\u00e4 suoraan kivi- tai betonisein\u00e4\u00e4n ja puu- tai metallirungon p\u00e4\u00e4lle. Levyt ovat kevyit\u00e4 nostaa ja kantaa. Vain levyjen saumat ja kiinnikkeiden kohdat vesieristet\u00e4\u00e4n.<\/p>\n<p>Tuotteella on VTT-tuotesertifikaatti sek\u00e4 sis\u00e4ilman M1-p\u00e4\u00e4st\u00f6luokitus.<\/p>\n<p>&nbsp;<\/p>\n<div class=\"product-symbols\">\n<p><strong>Tuote tiedot:<\/strong><\/p>\n<\/div>\n<div class=\"TyagGW_tableContainer\">\n<div class=\"group TyagGW_tableWrapper flex w-fit flex-col-reverse\" tabindex=\"-1\">\n<table class=\"w-fit min-w-(--thread-content-width)\" style=\"height: 623px;\" width=\"848\" data-start=\"104\" data-end=\"797\">\n<thead data-start=\"104\" data-end=\"125\">\n<tr data-start=\"104\" data-end=\"125\">\n<th data-start=\"104\" data-end=\"117\" data-col-size=\"md\"><\/th>\n<th data-start=\"117\" data-end=\"125\" data-col-size=\"md\"><\/th>\n<\/tr>\n<\/thead>\n<tbody data-start=\"149\" data-end=\"797\">\n<tr data-start=\"149\" data-end=\"173\">\n<td data-start=\"149\" data-end=\"163\" data-col-size=\"md\">Levyn paino<\/td>\n<td data-col-size=\"md\" data-start=\"163\" data-end=\"173\">4,6 kg<\/td>\n<\/tr>\n<tr data-start=\"174\" data-end=\"204\">\n<td data-start=\"174\" data-end=\"193\" data-col-size=\"md\">Pakkauksen paino<\/td>\n<td data-col-size=\"md\" data-start=\"193\" data-end=\"204\">7,18 kg<\/td>\n<\/tr>\n<tr data-start=\"205\" data-end=\"231\">\n<td data-start=\"205\" data-end=\"215\" data-col-size=\"md\">Paksuus<\/td>\n<td data-col-size=\"md\" data-start=\"215\" data-end=\"231\">50 mm (5 cm)<\/td>\n<\/tr>\n<tr data-start=\"232\" data-end=\"259\">\n<td data-start=\"232\" data-end=\"241\" data-col-size=\"md\">Leveys<\/td>\n<td data-col-size=\"md\" data-start=\"241\" data-end=\"259\">600 mm (60 cm)<\/td>\n<\/tr>\n<tr data-start=\"260\" data-end=\"289\">\n<td data-start=\"260\" data-end=\"269\" data-col-size=\"md\">Pituus<\/td>\n<td data-col-size=\"md\" data-start=\"269\" data-end=\"289\">2600 mm (260 cm)<\/td>\n<\/tr>\n<tr data-start=\"290\" data-end=\"328\">\n<td data-start=\"290\" data-end=\"311\" data-col-size=\"md\">L\u00e4mm\u00f6njohtavuus \u03bbd<\/td>\n<td data-col-size=\"md\" data-start=\"311\" data-end=\"328\">0,034 W\/(m\u00b7K)<\/td>\n<\/tr>\n<tr data-start=\"329\" data-end=\"380\">\n<td data-start=\"329\" data-end=\"369\" data-col-size=\"md\">Puristuslujuus 10 % muodonmuutoksella<\/td>\n<td data-col-size=\"md\" data-start=\"369\" data-end=\"380\">200 kPa<\/td>\n<\/tr>\n<tr data-start=\"381\" data-end=\"429\">\n<td data-start=\"381\" data-end=\"419\" data-col-size=\"md\">Vesih\u00f6yryn diffuusiovastuskerroin \u03bc<\/td>\n<td data-col-size=\"md\" data-start=\"419\" data-end=\"429\">200\u201360<\/td>\n<\/tr>\n<tr data-start=\"430\" data-end=\"486\">\n<td data-start=\"430\" data-end=\"473\" data-col-size=\"md\">Vedenimukyky pitk\u00e4aikaisessa upotuksessa<\/td>\n<td data-col-size=\"md\" data-start=\"473\" data-end=\"486\">\u2264 1 til-%<\/td>\n<\/tr>\n<tr data-start=\"487\" data-end=\"554\">\n<td data-start=\"487\" data-end=\"543\" data-col-size=\"md\">Laastin ja ydinmateriaalin v\u00e4linen tartuntavetolujuus<\/td>\n<td data-col-size=\"md\" data-start=\"543\" data-end=\"554\">200 kPa<\/td>\n<\/tr>\n<tr data-start=\"555\" data-end=\"581\">\n<td data-start=\"555\" data-end=\"576\" data-col-size=\"md\">Palok\u00e4ytt\u00e4ytyminen<\/td>\n<td data-col-size=\"md\" data-start=\"576\" data-end=\"581\">E<\/td>\n<\/tr>\n<tr data-start=\"582\" data-end=\"619\">\n<td data-start=\"582\" data-end=\"605\" data-col-size=\"md\">Ty\u00f6skentelyl\u00e4mp\u00f6tila<\/td>\n<td data-col-size=\"md\" data-start=\"605\" data-end=\"619\">\u201350\u2026+75 \u00b0C<\/td>\n<\/tr>\n<tr data-start=\"620\" data-end=\"682\">\n<td data-start=\"620\" data-end=\"669\" data-col-size=\"md\">Suurin sallittu laattojen aiheuttama kuormitus<\/td>\n<td data-col-size=\"md\" data-start=\"669\" data-end=\"682\">100 kg\/m\u00b2<\/td>\n<\/tr>\n<tr data-start=\"683\" data-end=\"722\">\n<td data-start=\"683\" data-end=\"711\" data-col-size=\"md\">Pakkauksen nettopinta-ala<\/td>\n<td data-col-size=\"md\" data-start=\"711\" data-end=\"722\">1,56 m\u00b2<\/td>\n<\/tr>\n<tr data-start=\"723\" data-end=\"797\">\n<td data-start=\"723\" data-end=\"742\" data-col-size=\"md\">Pakkauksen mitat<\/td>\n<td data-col-size=\"md\" data-start=\"742\" data-end=\"797\">75 cm (korkeus) \u00d7 120 cm (pituus) \u00d7 260 cm (leveys)<\/td>\n<\/tr>\n<\/tbody>\n<\/table>\n<\/div>\n<\/div>\n<p>&nbsp;<\/p>\n<p>&nbsp;<\/p>\n<p>&nbsp;<\/p>\n<p>&nbsp;<\/p>\n<p><a href=\"https:\/\/factory.sale\/wp-content\/uploads\/2025\/12\/ASSET_PDF_29116141-2.pdf\" target=\"_blank\" rel=\"noopener\">Esite<\/a><\/p>\n<p><a href=\"https:\/\/factory.sale\/wp-content\/uploads\/2025\/12\/ASSET_PDF_29116190-1.pdf\" target=\"_blank\" rel=\"noopener\">Asennusohje<\/a><\/p>\n<p><a href=\"https:\/\/factory.sale\/wp-content\/uploads\/2025\/12\/ASSET_PDF_29116153-1.pdf\" target=\"_blank\" rel=\"noopener\">K\u00e4ytt\u00f6turvallisuustiedote<\/a><\/p>\n<p><a href=\"https:\/\/factory.sale\/wp-content\/uploads\/2025\/12\/ASSET_PDF_33917026.pdf\" target=\"_blank\" rel=\"noopener\">Ymp\u00e4rist\u00f6seloste<\/a><\/p>\n<p><a href=\"https:\/\/factory.sale\/wp-content\/uploads\/2025\/12\/ASSET_PDF_29116173.pdf\" target=\"_blank\" rel=\"noopener\">Asennusohje<\/a><\/p>\n","protected":false},"excerpt":{"rendered":"<p>Jackoboard\u00ae-m\u00e4rk\u00e4tilalevy erist\u00e4\u00e4 kosteutta sek\u00e4 l\u00e4mp\u00f6\u00e4 ja on sellaisenaan valmis alusta laatoitukselle. J\u00e4rkev\u00e4 ja nopea ratkaisu kylpyhuoneeseen. M\u00e4rk\u00e4tilalevy taipuu my\u00f6s koteloiksi ja huonekaluiksi.<\/p>\n<p><strong><em>Hinta per m\u00b2<\/em><\/strong><\/p>\n<p><img loading=\"lazy\" decoding=\"async\" class=\"alignnone wp-image-134280\" src=\"https:\/\/factory.sale\/wp-content\/uploads\/2025\/12\/Jackoboard-M1-factory-sale-300x239.png\" alt=\"\" width=\"208\" height=\"166\" srcset=\"https:\/\/factory.sale\/wp-content\/uploads\/2025\/12\/Jackoboard-M1-factory-sale-300x239.png 300w, https:\/\/factory.sale\/wp-content\/uploads\/2025\/12\/Jackoboard-M1-factory-sale-150x120.png 150w, https:\/\/factory.sale\/wp-content\/uploads\/2025\/12\/Jackoboard-M1-factory-sale-600x479.png 600w, https:\/\/factory.sale\/wp-content\/uploads\/2025\/12\/Jackoboard-M1-factory-sale.png 712w\" sizes=\"auto, (max-width: 208px) 100vw, 208px\" \/><\/p>\n","protected":false},"featured_media":134283,"comment_status":"open","ping_status":"closed","template":"","meta":{"_acf_changed":false},"factory":[],"free-shipment":[],"product_brand":[],"product_cat":[768,1755],"product_tag":[],"class_list":{"0":"post-134317","1":"product","2":"type-product","3":"status-publish","4":"has-post-thumbnail","6":"product_cat-general-construction","7":"product_cat-finishing-materials","9":"first","10":"instock","11":"sale","12":"taxable","13":"shipping-taxable","14":"purchasable","15":"product-type-simple"},"acf":[],"_links":{"self":[{"href":"https:\/\/factory.sale\/fi\/wp-json\/wp\/v2\/product\/134317","targetHints":{"allow":["GET"]}}],"collection":[{"href":"https:\/\/factory.sale\/fi\/wp-json\/wp\/v2\/product"}],"about":[{"href":"https:\/\/factory.sale\/fi\/wp-json\/wp\/v2\/types\/product"}],"replies":[{"embeddable":true,"href":"https:\/\/factory.sale\/fi\/wp-json\/wp\/v2\/comments?post=134317"}],"wp:featuredmedia":[{"embeddable":true,"href":"https:\/\/factory.sale\/fi\/wp-json\/wp\/v2\/media\/134283"}],"wp:attachment":[{"href":"https:\/\/factory.sale\/fi\/wp-json\/wp\/v2\/media?parent=134317"}],"wp:term":[{"taxonomy":"factory","embeddable":true,"href":"https:\/\/factory.sale\/fi\/wp-json\/wp\/v2\/factory?post=134317"},{"taxonomy":"free-shipment","embeddable":true,"href":"https:\/\/factory.sale\/fi\/wp-json\/wp\/v2\/free-shipment?post=134317"},{"taxonomy":"product_brand","embeddable":true,"href":"https:\/\/factory.sale\/fi\/wp-json\/wp\/v2\/product_brand?post=134317"},{"taxonomy":"product_cat","embeddable":true,"href":"https:\/\/factory.sale\/fi\/wp-json\/wp\/v2\/product_cat?post=134317"},{"taxonomy":"product_tag","embeddable":true,"href":"https:\/\/factory.sale\/fi\/wp-json\/wp\/v2\/product_tag?post=134317"}],"curies":[{"name":"wp","href":"https:\/\/api.w.org\/{rel}","templated":true}]}}