{"id":134313,"date":"2025-12-13T01:59:39","date_gmt":"2025-12-12T23:21:31","guid":{"rendered":"https:\/\/factory.sale\/?post_type=product&#038;p=134313"},"modified":"2025-12-14T15:35:43","modified_gmt":"2025-12-14T12:35:43","slug":"markatilalevy-jackoboard-20x600x2600mm","status":"publish","type":"product","link":"https:\/\/factory.sale\/fi\/tuote\/markatilalevy-jackoboard-20x600x2600mm\/","title":{"rendered":"M\u00e4rk\u00e4tilalevy Jackoboard 20x600x2600mm"},"content":{"rendered":"<div id=\"triggerbee-widget-product-page-2\" class=\"triggerbee-widget\">\n<p>Jackoboard\u00ae M\u00e4rk\u00e4tilalevy erist\u00e4\u00e4 kosteutta sek\u00e4 l\u00e4mp\u00f6\u00e4 ja on sellaisenaan valmis alusta laatoitukselle. M\u00e4rk\u00e4tilalevy taipuu my\u00f6s koteloiksi sek\u00e4 huonekaluiksi. Jackoboard\u00ae-m\u00e4rk\u00e4tilalevyn ytimen\u00e4 on kosteuden- ja vedeneristysominaisuuksiltaan erinomainen Jackofoam\u00ae XPS -eriste. Levy on p\u00e4\u00e4llystetty molemmin puolin lasikuituverkolla vahvistetulla laastilla, mik\u00e4 tekee siit\u00e4 tukevan ja kest\u00e4v\u00e4n.<\/p>\n<p>M\u00e4rk\u00e4tilalevy\u00e4 voi k\u00e4ytt\u00e4\u00e4 l\u00e4mpimiss\u00e4 kohteissa, mutta saunan seiniin se ei sovellu.<\/p>\n<p>&nbsp;<\/p>\n<p>Jackoboard\u00ae-m\u00e4rk\u00e4tilalevyt voidaan kiinnitt\u00e4\u00e4 suoraan kivi- tai betonisein\u00e4\u00e4n ja puu- tai metallirungon p\u00e4\u00e4lle. Levyt ovat kevyit\u00e4 nostaa ja kantaa. Vain levyjen saumat ja kiinnikkeiden kohdat vesieristet\u00e4\u00e4n.<\/p>\n<p>Tuotteella on VTT-tuotesertifikaatti sek\u00e4 sis\u00e4ilman M1-p\u00e4\u00e4st\u00f6luokitus.<\/p>\n<\/div>\n<p>&nbsp;<\/p>\n<p>&nbsp;<\/p>\n<p>&nbsp;<\/p>\n<p>&nbsp;<\/p>\n<div id=\"triggerbee-widget-product-page-2\" class=\"triggerbee-widget\">\n<div class=\"product-symbols\">\n<p><strong>Tuote tiedot:<\/strong><\/p>\n<div class=\"TyagGW_tableContainer\">\n<div class=\"group TyagGW_tableWrapper flex w-fit flex-col-reverse\" tabindex=\"-1\">\n<table class=\"w-fit min-w-(--thread-content-width)\" style=\"height: 583px;\" width=\"816\" data-start=\"142\" data-end=\"827\">\n<thead data-start=\"142\" data-end=\"163\">\n<tr data-start=\"142\" data-end=\"163\">\n<th data-start=\"142\" data-end=\"155\" data-col-size=\"md\"><\/th>\n<th data-start=\"155\" data-end=\"163\" data-col-size=\"md\"><\/th>\n<\/tr>\n<\/thead>\n<tbody data-start=\"187\" data-end=\"827\">\n<tr data-start=\"187\" data-end=\"211\">\n<td data-start=\"187\" data-end=\"201\" data-col-size=\"md\">Levyn paino<\/td>\n<td data-col-size=\"md\" data-start=\"201\" data-end=\"211\">3,5 kg<\/td>\n<\/tr>\n<tr data-start=\"212\" data-end=\"241\">\n<td data-start=\"212\" data-end=\"231\" data-col-size=\"md\">Pakkauksen paino<\/td>\n<td data-col-size=\"md\" data-start=\"231\" data-end=\"241\">5,3 kg<\/td>\n<\/tr>\n<tr data-start=\"242\" data-end=\"268\">\n<td data-start=\"242\" data-end=\"252\" data-col-size=\"md\">Paksuus<\/td>\n<td data-col-size=\"md\" data-start=\"252\" data-end=\"268\">20 mm (2 cm)<\/td>\n<\/tr>\n<tr data-start=\"269\" data-end=\"296\">\n<td data-start=\"269\" data-end=\"278\" data-col-size=\"md\">Leveys<\/td>\n<td data-col-size=\"md\" data-start=\"278\" data-end=\"296\">600 mm (60 cm)<\/td>\n<\/tr>\n<tr data-start=\"297\" data-end=\"326\">\n<td data-start=\"297\" data-end=\"306\" data-col-size=\"md\">Pituus<\/td>\n<td data-col-size=\"md\" data-start=\"306\" data-end=\"326\">2600 mm (260 cm)<\/td>\n<\/tr>\n<tr data-start=\"327\" data-end=\"395\">\n<td data-start=\"327\" data-end=\"348\" data-col-size=\"md\">L\u00e4mm\u00f6njohtavuus \u03bbd<\/td>\n<td data-col-size=\"md\" data-start=\"348\" data-end=\"395\">0,034 W\/(m\u00b7K) <em data-start=\"364\" data-end=\"393\">(vastaa lambda-arvoa 31\u201334)<\/em><\/td>\n<\/tr>\n<tr data-start=\"396\" data-end=\"447\">\n<td data-start=\"396\" data-end=\"436\" data-col-size=\"md\">Puristuslujuus 10 % muodonmuutoksella<\/td>\n<td data-col-size=\"md\" data-start=\"436\" data-end=\"447\">200 kPa<\/td>\n<\/tr>\n<tr data-start=\"448\" data-end=\"496\">\n<td data-start=\"448\" data-end=\"486\" data-col-size=\"md\">Vesih\u00f6yryn diffuusiovastuskerroin \u03bc<\/td>\n<td data-col-size=\"md\" data-start=\"486\" data-end=\"496\">200\u201360<\/td>\n<\/tr>\n<tr data-start=\"497\" data-end=\"553\">\n<td data-start=\"497\" data-end=\"540\" data-col-size=\"md\">Vedenimukyky pitk\u00e4aikaisessa upotuksessa<\/td>\n<td data-col-size=\"md\" data-start=\"540\" data-end=\"553\">\u2264 1 til-%<\/td>\n<\/tr>\n<tr data-start=\"554\" data-end=\"621\">\n<td data-start=\"554\" data-end=\"610\" data-col-size=\"md\">Laastin ja ydinmateriaalin v\u00e4linen tartuntavetolujuus<\/td>\n<td data-col-size=\"md\" data-start=\"610\" data-end=\"621\">200 kPa<\/td>\n<\/tr>\n<tr data-start=\"622\" data-end=\"648\">\n<td data-start=\"622\" data-end=\"643\" data-col-size=\"md\">Palok\u00e4ytt\u00e4ytyminen<\/td>\n<td data-col-size=\"md\" data-start=\"643\" data-end=\"648\">E<\/td>\n<\/tr>\n<tr data-start=\"649\" data-end=\"686\">\n<td data-start=\"649\" data-end=\"672\" data-col-size=\"md\">Ty\u00f6skentelyl\u00e4mp\u00f6tila<\/td>\n<td data-col-size=\"md\" data-start=\"672\" data-end=\"686\">\u201350\u2026+75 \u00b0C<\/td>\n<\/tr>\n<tr data-start=\"687\" data-end=\"749\">\n<td data-start=\"687\" data-end=\"736\" data-col-size=\"md\">Suurin sallittu laattojen aiheuttama kuormitus<\/td>\n<td data-col-size=\"md\" data-start=\"736\" data-end=\"749\">100 kg\/m\u00b2<\/td>\n<\/tr>\n<tr data-start=\"750\" data-end=\"789\">\n<td data-start=\"750\" data-end=\"778\" data-col-size=\"md\">Pakkauksen nettopinta-ala<\/td>\n<td data-col-size=\"md\" data-start=\"778\" data-end=\"789\">1,56 m\u00b2<\/td>\n<\/tr>\n<tr data-start=\"790\" data-end=\"827\">\n<td data-start=\"790\" data-end=\"811\" data-col-size=\"md\">Pakkauksen korkeus<\/td>\n<td data-col-size=\"md\" data-start=\"811\" data-end=\"827\">20 mm (2 cm)<\/td>\n<\/tr>\n<\/tbody>\n<\/table>\n<\/div>\n<\/div>\n<p>&nbsp;<\/p>\n<p>&nbsp;<\/p>\n<p><a href=\"https:\/\/factory.sale\/wp-content\/uploads\/2025\/12\/ASSET_PDF_29116141-2.pdf\" target=\"_blank\" rel=\"noopener\">Esite<\/a><\/p>\n<p><a href=\"https:\/\/factory.sale\/wp-content\/uploads\/2025\/12\/ASSET_PDF_29116190-1.pdf\" target=\"_blank\" rel=\"noopener\">Asennusohje<\/a><\/p>\n<p><a href=\"https:\/\/factory.sale\/wp-content\/uploads\/2025\/12\/ASSET_PDF_29116153-1.pdf\" target=\"_blank\" rel=\"noopener\">K\u00e4ytt\u00f6turvallisuustiedote<\/a><\/p>\n<p><a href=\"https:\/\/factory.sale\/wp-content\/uploads\/2025\/12\/ASSET_PDF_33917026.pdf\" target=\"_blank\" rel=\"noopener\">Ymp\u00e4rist\u00f6seloste<\/a><\/p>\n<p><a href=\"https:\/\/factory.sale\/wp-content\/uploads\/2025\/12\/ASSET_PDF_29116173.pdf\" target=\"_blank\" rel=\"noopener\">Asennusohje<\/a><\/p>\n<\/div>\n<\/div>\n","protected":false},"excerpt":{"rendered":"<div class=\"product-description\" data-cy=\"product-description\">\n<p>Jackoboard\u00ae-m\u00e4rk\u00e4tilalevy erist\u00e4\u00e4 kosteutta sek\u00e4 l\u00e4mp\u00f6\u00e4 ja on sellaisenaan valmis alusta laatoitukselle. J\u00e4rkev\u00e4 ja nopea ratkaisu kylpyhuoneeseen. M\u00e4rk\u00e4tilalevy taipuu my\u00f6s koteloiksi ja huonekaluiksi.<\/p>\n<p><strong><em>Hinta per m\u00b2<\/em><\/strong><\/p>\n<p><img loading=\"lazy\" decoding=\"async\" class=\"alignnone wp-image-134280\" src=\"https:\/\/factory.sale\/wp-content\/uploads\/2025\/12\/Jackoboard-M1-factory-sale-300x239.png\" alt=\"\" width=\"208\" height=\"166\" srcset=\"https:\/\/factory.sale\/wp-content\/uploads\/2025\/12\/Jackoboard-M1-factory-sale-300x239.png 300w, https:\/\/factory.sale\/wp-content\/uploads\/2025\/12\/Jackoboard-M1-factory-sale-150x120.png 150w, https:\/\/factory.sale\/wp-content\/uploads\/2025\/12\/Jackoboard-M1-factory-sale-600x479.png 600w, https:\/\/factory.sale\/wp-content\/uploads\/2025\/12\/Jackoboard-M1-factory-sale.png 712w\" sizes=\"auto, (max-width: 208px) 100vw, 208px\" \/><\/p>\n<\/div>\n","protected":false},"featured_media":134283,"comment_status":"open","ping_status":"closed","template":"","meta":{"_acf_changed":false},"factory":[],"free-shipment":[],"product_brand":[],"product_cat":[1759,1321],"product_tag":[],"class_list":{"0":"post-134313","1":"product","2":"type-product","3":"status-publish","4":"has-post-thumbnail","6":"product_cat-viimeistely","7":"product_cat-yleinen-rakentaminen","9":"first","10":"instock","11":"sale","12":"taxable","13":"shipping-taxable","14":"purchasable","15":"product-type-simple"},"acf":[],"_links":{"self":[{"href":"https:\/\/factory.sale\/fi\/wp-json\/wp\/v2\/product\/134313","targetHints":{"allow":["GET"]}}],"collection":[{"href":"https:\/\/factory.sale\/fi\/wp-json\/wp\/v2\/product"}],"about":[{"href":"https:\/\/factory.sale\/fi\/wp-json\/wp\/v2\/types\/product"}],"replies":[{"embeddable":true,"href":"https:\/\/factory.sale\/fi\/wp-json\/wp\/v2\/comments?post=134313"}],"wp:featuredmedia":[{"embeddable":true,"href":"https:\/\/factory.sale\/fi\/wp-json\/wp\/v2\/media\/134283"}],"wp:attachment":[{"href":"https:\/\/factory.sale\/fi\/wp-json\/wp\/v2\/media?parent=134313"}],"wp:term":[{"taxonomy":"factory","embeddable":true,"href":"https:\/\/factory.sale\/fi\/wp-json\/wp\/v2\/factory?post=134313"},{"taxonomy":"free-shipment","embeddable":true,"href":"https:\/\/factory.sale\/fi\/wp-json\/wp\/v2\/free-shipment?post=134313"},{"taxonomy":"product_brand","embeddable":true,"href":"https:\/\/factory.sale\/fi\/wp-json\/wp\/v2\/product_brand?post=134313"},{"taxonomy":"product_cat","embeddable":true,"href":"https:\/\/factory.sale\/fi\/wp-json\/wp\/v2\/product_cat?post=134313"},{"taxonomy":"product_tag","embeddable":true,"href":"https:\/\/factory.sale\/fi\/wp-json\/wp\/v2\/product_tag?post=134313"}],"curies":[{"name":"wp","href":"https:\/\/api.w.org\/{rel}","templated":true}]}}