{"id":134286,"date":"2025-12-12T23:13:20","date_gmt":"2025-12-12T20:35:38","guid":{"rendered":"https:\/\/factory.sale\/?post_type=product&#038;p=134286"},"modified":"2025-12-13T02:32:40","modified_gmt":"2025-12-12T23:32:40","slug":"markatilalevy-jackoboard-125x600x2600mm","status":"publish","type":"product","link":"https:\/\/factory.sale\/fi\/tuote\/markatilalevy-jackoboard-125x600x2600mm\/","title":{"rendered":"M\u00e4rk\u00e4tilalevy Jackoboard 12,5x600x2600mm"},"content":{"rendered":"<p>Jackoboard\u00ae M\u00e4rk\u00e4tilalevy erist\u00e4\u00e4 kosteutta sek\u00e4 l\u00e4mp\u00f6\u00e4 ja on sellaisenaan valmis alusta laatoitukselle. M\u00e4rk\u00e4tilalevy taipuu my\u00f6s koteloiksi sek\u00e4 huonekaluiksi. Jackoboard\u00ae-m\u00e4rk\u00e4tilalevyn ytimen\u00e4 on kosteuden- ja vedeneristysominaisuuksiltaan erinomainen Jackofoam\u00ae XPS -eriste. Levy on p\u00e4\u00e4llystetty molemmin puolin lasikuituverkolla vahvistetulla laastilla, mik\u00e4 tekee siit\u00e4 tukevan ja kest\u00e4v\u00e4n.<\/p>\n<p>&nbsp;<\/p>\n<p>M\u00e4rk\u00e4tilalevy\u00e4 voi k\u00e4ytt\u00e4\u00e4 l\u00e4mpimiss\u00e4 kohteissa, mutta saunan seiniin se ei sovellu.<\/p>\n<p>&nbsp;<\/p>\n<p><strong>Tekniset tiedot:<\/strong><\/p>\n<div class=\"TyagGW_tableContainer\">\n<div class=\"group TyagGW_tableWrapper flex w-fit flex-col-reverse\" tabindex=\"-1\">\n<table class=\"w-fit min-w-(--thread-content-width)\" style=\"height: 499px;\" width=\"766\" data-start=\"55\" data-end=\"576\">\n<thead data-start=\"55\" data-end=\"76\">\n<tr data-start=\"55\" data-end=\"76\">\n<th data-start=\"55\" data-end=\"68\" data-col-size=\"md\"><\/th>\n<th data-start=\"68\" data-end=\"76\" data-col-size=\"sm\"><\/th>\n<\/tr>\n<\/thead>\n<tbody data-start=\"100\" data-end=\"576\">\n<tr data-start=\"100\" data-end=\"121\">\n<td data-start=\"100\" data-end=\"110\" data-col-size=\"md\">Paksuus<\/td>\n<td data-col-size=\"sm\" data-start=\"110\" data-end=\"121\">12,5 mm<\/td>\n<\/tr>\n<tr data-start=\"122\" data-end=\"141\">\n<td data-start=\"122\" data-end=\"131\" data-col-size=\"md\">Leveys<\/td>\n<td data-col-size=\"sm\" data-start=\"131\" data-end=\"141\">600 mm<\/td>\n<\/tr>\n<tr data-start=\"142\" data-end=\"162\">\n<td data-start=\"142\" data-end=\"151\" data-col-size=\"md\">Pituus<\/td>\n<td data-col-size=\"sm\" data-start=\"151\" data-end=\"162\">2600 mm<\/td>\n<\/tr>\n<tr data-start=\"163\" data-end=\"181\">\n<td data-start=\"163\" data-end=\"171\" data-col-size=\"md\">Paino<\/td>\n<td data-col-size=\"sm\" data-start=\"171\" data-end=\"181\">3,4 kg<\/td>\n<\/tr>\n<tr data-start=\"182\" data-end=\"220\">\n<td data-start=\"182\" data-end=\"203\" data-col-size=\"md\">L\u00e4mm\u00f6njohtavuus \u03bbd<\/td>\n<td data-col-size=\"sm\" data-start=\"203\" data-end=\"220\">0,034 W\/(m\u00b7K)<\/td>\n<\/tr>\n<tr data-start=\"221\" data-end=\"272\">\n<td data-start=\"221\" data-end=\"261\" data-col-size=\"md\">Puristuslujuus 10 % muodonmuutoksella<\/td>\n<td data-col-size=\"sm\" data-start=\"261\" data-end=\"272\">200 kPa<\/td>\n<\/tr>\n<tr data-start=\"273\" data-end=\"321\">\n<td data-start=\"273\" data-end=\"311\" data-col-size=\"md\">Vesih\u00f6yryn diffuusiovastuskerroin \u03bc<\/td>\n<td data-col-size=\"sm\" data-start=\"311\" data-end=\"321\">200\u201360<\/td>\n<\/tr>\n<tr data-start=\"322\" data-end=\"378\">\n<td data-start=\"322\" data-end=\"365\" data-col-size=\"md\">Vedenimukyky pitk\u00e4aikaisessa upotuksessa<\/td>\n<td data-col-size=\"sm\" data-start=\"365\" data-end=\"378\">\u2264 1 til-%<\/td>\n<\/tr>\n<tr data-start=\"379\" data-end=\"446\">\n<td data-start=\"379\" data-end=\"435\" data-col-size=\"md\">Laastin ja ydinmateriaalin v\u00e4linen tartuntavetolujuus<\/td>\n<td data-col-size=\"sm\" data-start=\"435\" data-end=\"446\">200 kPa<\/td>\n<\/tr>\n<tr data-start=\"447\" data-end=\"473\">\n<td data-start=\"447\" data-end=\"468\" data-col-size=\"md\">Palok\u00e4ytt\u00e4ytyminen<\/td>\n<td data-col-size=\"sm\" data-start=\"468\" data-end=\"473\">E<\/td>\n<\/tr>\n<tr data-start=\"474\" data-end=\"513\">\n<td data-start=\"474\" data-end=\"497\" data-col-size=\"md\">Ty\u00f6skentelyl\u00e4mp\u00f6tila<\/td>\n<td data-col-size=\"sm\" data-start=\"497\" data-end=\"513\">\u201350&#8230;+75 \u00b0C<\/td>\n<\/tr>\n<tr data-start=\"514\" data-end=\"576\">\n<td data-start=\"514\" data-end=\"563\" data-col-size=\"md\">Suurin sallittu laattojen aiheuttama kuormitus<\/td>\n<td data-col-size=\"sm\" data-start=\"563\" data-end=\"576\">100 kg\/m\u00b2<\/td>\n<\/tr>\n<\/tbody>\n<\/table>\n<\/div>\n<\/div>\n<p>&nbsp;<\/p>\n<p>&nbsp;<\/p>\n<p>&nbsp;<\/p>\n<p><a href=\"https:\/\/factory.sale\/wp-content\/uploads\/2025\/12\/ASSET_PDF_29116190.pdf\" target=\"_blank\" rel=\"noopener\">Asennusohje<\/a><\/p>\n<p><a href=\"https:\/\/factory.sale\/wp-content\/uploads\/2025\/12\/ASSET_PDF_29116153.pdf\" target=\"_blank\" rel=\"noopener\">K\u00e4ytt\u00f6turvallisuustiedote<\/a><\/p>\n<p><a href=\"https:\/\/factory.sale\/wp-content\/uploads\/2025\/12\/ASSET_PDF_29116141.pdf\" target=\"_blank\" rel=\"noopener\">Esite<\/a><\/p>\n","protected":false},"excerpt":{"rendered":"<p>Jackoboard\u00ae-m\u00e4rk\u00e4tilalevy erist\u00e4\u00e4 kosteutta sek\u00e4 l\u00e4mp\u00f6\u00e4 ja on sellaisenaan valmis alusta laatoitukselle. J\u00e4rkev\u00e4 ja nopea ratkaisu kylpyhuoneeseen. M\u00e4rk\u00e4tilalevy taipuu my\u00f6s koteloiksi ja huonekaluiksi.<\/p>\n<p><strong><em>Hinta per m\u00b2<\/em><\/strong><\/p>\n<p><img loading=\"lazy\" decoding=\"async\" class=\"alignnone wp-image-134280\" src=\"https:\/\/factory.sale\/wp-content\/uploads\/2025\/12\/Jackoboard-M1-factory-sale-300x239.png\" alt=\"\" width=\"222\" height=\"177\" srcset=\"https:\/\/factory.sale\/wp-content\/uploads\/2025\/12\/Jackoboard-M1-factory-sale-300x239.png 300w, https:\/\/factory.sale\/wp-content\/uploads\/2025\/12\/Jackoboard-M1-factory-sale-150x120.png 150w, https:\/\/factory.sale\/wp-content\/uploads\/2025\/12\/Jackoboard-M1-factory-sale-600x479.png 600w, https:\/\/factory.sale\/wp-content\/uploads\/2025\/12\/Jackoboard-M1-factory-sale.png 712w\" sizes=\"auto, (max-width: 222px) 100vw, 222px\" \/><\/p>\n","protected":false},"featured_media":134283,"comment_status":"open","ping_status":"closed","template":"","meta":{"_acf_changed":false},"factory":[],"free-shipment":[],"product_brand":[],"product_cat":[1759,1321],"product_tag":[],"class_list":{"0":"post-134286","1":"product","2":"type-product","3":"status-publish","4":"has-post-thumbnail","6":"product_cat-viimeistely","7":"product_cat-yleinen-rakentaminen","9":"first","10":"instock","11":"sale","12":"taxable","13":"shipping-taxable","14":"purchasable","15":"product-type-simple"},"acf":[],"_links":{"self":[{"href":"https:\/\/factory.sale\/fi\/wp-json\/wp\/v2\/product\/134286","targetHints":{"allow":["GET"]}}],"collection":[{"href":"https:\/\/factory.sale\/fi\/wp-json\/wp\/v2\/product"}],"about":[{"href":"https:\/\/factory.sale\/fi\/wp-json\/wp\/v2\/types\/product"}],"replies":[{"embeddable":true,"href":"https:\/\/factory.sale\/fi\/wp-json\/wp\/v2\/comments?post=134286"}],"wp:featuredmedia":[{"embeddable":true,"href":"https:\/\/factory.sale\/fi\/wp-json\/wp\/v2\/media\/134283"}],"wp:attachment":[{"href":"https:\/\/factory.sale\/fi\/wp-json\/wp\/v2\/media?parent=134286"}],"wp:term":[{"taxonomy":"factory","embeddable":true,"href":"https:\/\/factory.sale\/fi\/wp-json\/wp\/v2\/factory?post=134286"},{"taxonomy":"free-shipment","embeddable":true,"href":"https:\/\/factory.sale\/fi\/wp-json\/wp\/v2\/free-shipment?post=134286"},{"taxonomy":"product_brand","embeddable":true,"href":"https:\/\/factory.sale\/fi\/wp-json\/wp\/v2\/product_brand?post=134286"},{"taxonomy":"product_cat","embeddable":true,"href":"https:\/\/factory.sale\/fi\/wp-json\/wp\/v2\/product_cat?post=134286"},{"taxonomy":"product_tag","embeddable":true,"href":"https:\/\/factory.sale\/fi\/wp-json\/wp\/v2\/product_tag?post=134286"}],"curies":[{"name":"wp","href":"https:\/\/api.w.org\/{rel}","templated":true}]}}